{"id":3751,"date":"2025-01-31T11:32:14","date_gmt":"2025-01-31T11:32:14","guid":{"rendered":"https:\/\/snoeck.process-vision.de\/shop\/andreas-schulze-on-stage\/"},"modified":"2025-03-30T12:47:53","modified_gmt":"2025-03-30T12:47:53","slug":"andreas-schulze-on-stage","status":"publish","type":"product","link":"https:\/\/snoeck.de\/es\/shop\/andreas-schulze-on-stage\/","title":{"rendered":"Andreas Schulze: en escena"},"content":{"rendered":"<h3>\"Schulze es uno de este pu\u00f1ado de grandes nombres\"<\/h3>\n<p>As\u00ed lo resume Daniel Schreiber en su texto. ON STAGE es el t\u00edtulo de la exposici\u00f3n de Andreas Schulze, en la que convierte la Kunsthalle N\u00fcrnberg en escenario de sus surrealistas mundos visuales. Una y otra vez, el deslumbrante mundo del espect\u00e1culo se encuentra con la trivial est\u00e9tica cotidiana, las referencias hist\u00f3ricas del arte chocan con ornamentos banales y baratijas. Parachoques tras parachoques, im\u00e1genes de gran formato de carrocer\u00edas de coches aparentemente bien llevadas se empujan unas a otras para formar una foto para un panel desplegable con un atasco que llena el espacio. Pero Andreas Schulze nos lleva de la nariz, sus im\u00e1genes de movilidad, progreso, dinamismo y estatus parecen casi infantiles. El artista siempre ha tenido un ojo especial para los absurdos de nuestra vida cotidiana. En 1989 dijo que la vanguardia se mov\u00eda entre dos extremos: La intelectualidad y la burda banalidad. \u00c9l, en cambio, siempre hab\u00eda buscado la mediocridad burguesa. Desde entonces, lo cita con un divertido encogimiento de hombros: tubos amorfos, objetos abultados, ondas estilizadas, puntos de luz, superficies neblinosas y nubes de escape forman paisajes peculiares. Paredes de ladrillo, alfombras de terciopelo, l\u00e1mparas de pie, \u00e1rboles de caucho y todo tipo de objetos cotidianos son el escenario de cosas familiares que de repente aparecen extra\u00f1as y se combinan con humor y abismalidad. Porque muchas cosas que en principio parecen despreocupadas no representan la zona de confort visual. El concepto pict\u00f3rico de Andreas Schulze es banal y enigm\u00e1tico, peculiar, pero con toda su familiaridad crea una sensaci\u00f3n subliminal de inquietud.<\/p>\n<p>Exposiciones:<br \/>\nKunsthalle de N\u00faremberg, 5\/11\/2022 - 12\/2\/2023<br \/>\nThe Perimeter, Londres, 17\/3 - 1\/7\/2023<\/p>","protected":false},"excerpt":{"rendered":"<p>Cat\u00e1logo de la exposici\u00f3n, Kunsthalle N\u00fcrnberg, The Perimeter London, editado por Harriet Zilch, Alexander V. Petalas<br \/>\nTextos (alem\u00e1n\/ingl\u00e9s) de Alexander V. Petalas, Daniel Schreiber, Harriet Zilch<br \/>\n144 p. con 105 ilustraciones en color<br \/>\nFormato 29,5 x 21 cm, tapa dura<\/p>","protected":false},"featured_media":5166,"template":"","meta":[],"product_brand":[],"product_cat":[86,76],"product_tag":[],"class_list":{"0":"post-3751","1":"product","2":"type-product","3":"status-publish","4":"has-post-thumbnail","6":"product_cat-86","7":"product_cat-s","9":"first","10":"instock","11":"taxable","12":"shipping-taxable","13":"purchasable","14":"product-type-simple"},"aioseo_notices":[],"_wp_attached_file":null,"_wp_attachment_metadata":null,"_wc_attachment_source":null,"_elementor_inline_svg":null,"_elementor_is_screenshot":null,"_elementor_source_image_hash":null,"_source_url":null,"_wp_attachment_context":null,"_menu_item_type":null,"_menu_item_menu_item_parent":null,"_menu_item_object_id":null,"_menu_item_object":null,"_menu_item_target":null,"_menu_item_classes":null,"_menu_item_xfn":null,"_menu_item_url":null,"__elementor_forms_snapshot":null,"_unit":"","_unit_base":"","_unit_product":"","_unit_price_auto":"no","_unit_price_regular":"","_unit_price":"","_unit_price_sale":"","_sale_price_label":"","_sale_price_regular_label":"","_manufacturer_slug":"","_mini_desc":"","_defect_description":"","_safety_instructions":"","_allergen_ids":[],"_warranty_attachment_id":"","_safety_attachment_ids":[],"_min_age":"","_ts_gtin":"","_ts_mpn":"","_delivery_time_countries":[],"_free_shipping":"no","_service":"no","_photovoltaic_system":"no","_used_good":"no","_defective_copy":"no","_wireless_electronic_device":"no","_device_contains_power_supply":"no","_device_charging_supports_usb_pd":"no","_device_charging_watt_min":"0","_device_charging_watt_max":"0","_is_food":"no","_differential_taxation":"no","_gzd_version":"3.18.7","_hs_code":"","_customs_description":"","_manufacture_country":"0","_is_non_returnable":"no","_shipping_length":"","_shipping_width":"","_shipping_height":"","_sku":"ISBN 978-3-86442-406-9","_global_unique_id":"978-3-86442-406-9","_regular_price":"39.8","total_sales":"0","_tax_status":"taxable","_tax_class":"","_manage_stock":"no","_backorders":"no","_sold_individually":"no","_weight":"1","_virtual":"no","_downloadable":"no","_download_limit":"-1","_download_expiry":"-1","_stock":"","_stock_status":"instock","_wc_average_rating":"0","_wc_review_count":"0","_product_version":"9.7.1","_price":"39.8","shopengine_product_views_count":"3687","_thumbnail_id":"5166","_product_attributes":{"erscheinungsdatum":{"name":"Fecha de publicaci\u00f3n","value":"04.11.2022","position":0,"is_visible":1,"is_variation":0,"is_taxonomy":0,"checkout_visible":0}},"_nutrient_ids":[],"_upsell_ids":null,"pswc_subtitle":null,"_default_delivery_time":null,"_wp_desired_post_slug":null,"_isbn":null,"pageType":null,"isExternalUrl":null,"pageId":null,"externalUrl":null,"hideCookieBanner":null,"isTargetBlank":null,"isProviderCurrentWebsite":null,"isEmbeddingOnlyExternalResources":null,"legalBasis":null,"dataProcessingInCountries":null,"dataProcessingInCountriesSpecialTreatments":null,"technicalDefinitions":null,"googleConsentModeConsentTypes":null,"executePriority":null,"executeCodeOptInWhenNoTagManagerConsentIsGiven":null,"executeCodeOptOutWhenNoTagManagerConsentIsGiven":null,"deleteTechnicalDefinitionsAfterOptOut":null,"presetId":null,"presetVersion":null,"provider":null,"providerContactPhone":null,"providerContactEmail":null,"providerContactLink":null,"uniqueName":null,"providerPrivacyPolicyUrl":null,"providerLegalNoticeUrl":null,"codeOptIn":null,"codeOptOut":null,"codeOnPageLoad":null,"language_code":null,"shopengine_template__post_meta__type":null,"shopengine_template__post_meta":null,"shopengine_template__post_meta__edit_with":null,"origin":null,"_enabled":null,"_filters":null,"_layout":null,"_elementor_import_session_id":null,"_wp_trash_meta_status":null,"_wp_trash_meta_time":null,"_edit_lock":"1743338734:2","_elementor_floating_elements_type":null,"_elementor_edit_mode":null,"_elementor_template_type":null,"tc-thumb-fld":{"_thumb_id":5166,"_thumb_type":"thumb"},"_wp_page_template":"default","_elementor_version":null,"_elementor_pro_version":null,"_elementor_page_settings":null,"_elementor_data":null,"_elementor_conditions":null,"_elementor_popup_display_settings":null,"_edit_last":"2","_elementor_template_sub_type":null,"_elementor_controls_usage":null,"_elementor_screenshot":null,"_elementor_css":null,"_elementor_page_assets":[],"_elementor_element_cache":null,"_elementor_screenshot_failed":null,"_elementor_source":null,"_wp_old_date":null,"layout_key":"","post_slider_check_key":"0","_links":{"self":[{"href":"https:\/\/snoeck.de\/es\/wp-json\/wp\/v2\/product\/3751","targetHints":{"allow":["GET"]}}],"collection":[{"href":"https:\/\/snoeck.de\/es\/wp-json\/wp\/v2\/product"}],"about":[{"href":"https:\/\/snoeck.de\/es\/wp-json\/wp\/v2\/types\/product"}],"wp:featuredmedia":[{"embeddable":true,"href":"https:\/\/snoeck.de\/es\/wp-json\/wp\/v2\/media\/5166"}],"wp:attachment":[{"href":"https:\/\/snoeck.de\/es\/wp-json\/wp\/v2\/media?parent=3751"}],"wp:term":[{"taxonomy":"product_brand","embeddable":true,"href":"https:\/\/snoeck.de\/es\/wp-json\/wp\/v2\/product_brand?post=3751"},{"taxonomy":"product_cat","embeddable":true,"href":"https:\/\/snoeck.de\/es\/wp-json\/wp\/v2\/product_cat?post=3751"},{"taxonomy":"product_tag","embeddable":true,"href":"https:\/\/snoeck.de\/es\/wp-json\/wp\/v2\/product_tag?post=3751"}],"curies":[{"name":"wp","href":"https:\/\/api.w.org\/{rel}","templated":true}]}}