{"id":3752,"date":"2025-01-31T11:32:14","date_gmt":"2025-01-31T11:32:14","guid":{"rendered":"https:\/\/snoeck.process-vision.de\/shop\/andreas-karl-schulze-p-sysypp-s-yp-p\/"},"modified":"2025-03-30T12:46:29","modified_gmt":"2025-03-30T12:46:29","slug":"andreas-karl-schulze-p-sysypp-s-yp-p","status":"publish","type":"product","link":"https:\/\/snoeck.de\/es\/shop\/andreas-karl-schulze-p-sysypp-s-yp-p\/","title":{"rendered":"Andreas Karl Schulze: P SYSYPP S YP P"},"content":{"rendered":"<h3>\u00a1Realmente grande!<\/h3>\n<p>El friso mural P SYSYPP S YP P de la Biblioteca de Psicolog\u00eda de la Westf\u00e4lische Wilhelms-Universit\u00e4t M\u00fcnster mide 60 metros de largo y 40 cent\u00edmetros de alto y cubre tres lados de la sala. Los cuadrados de algod\u00f3n de colores pegados a la pared tienen un borde de cinco cent\u00edmetros de longitud, a partir del cual se forman las letras, aunque en algunos lugares est\u00e1n al rev\u00e9s. De este modo, ver se convierte r\u00e1pidamente en leer, que falla, y as\u00ed leer se convierte de nuevo en ver, porque las letras tienden a desintegrarse una y otra vez en los campos de color independientes de los que est\u00e1n compuestas. El espectador experimenta as\u00ed la constante decadencia y el constante surgimiento de una forma. Nada puede fijarse: el azar y la referencia espacial son los factores met\u00f3dicos de un principio de instalaci\u00f3n que contrarresta los modos habituales de acceso: lectura, l\u00f3gica, explicaci\u00f3n y pron\u00f3stico. Esto permite contrarrestar la estructura espacial est\u00e1tica y visualmente pesada de la biblioteca, con sus hileras de estanter\u00edas y lomos de libros de colores, con un ligero deambular que juega con variaciones de significado, desliz\u00e1ndose desde el puro pensamiento hasta un movimiento emocional interior en un alto nivel de complejidad din\u00e1mica. Y esto sucede casi casualmente, sin que uno se d\u00e9 cuenta.<\/p>","protected":false},"excerpt":{"rendered":"<p>Textos (alem\u00e1n\/ingl\u00e9s) de G\u00fcnther Kebeck, Kristina Scepanski<br \/>\n16 p. con 11 ilustraciones en color<br \/>\nFormato 24 x 16,5 cm, folleto grapado<\/p>","protected":false},"featured_media":5167,"template":"","meta":[],"product_brand":[],"product_cat":[104,76],"product_tag":[],"class_list":{"0":"post-3752","1":"product","2":"type-product","3":"status-publish","4":"has-post-thumbnail","6":"product_cat-104","7":"product_cat-s","9":"first","10":"instock","11":"taxable","12":"shipping-taxable","13":"purchasable","14":"product-type-simple"},"aioseo_notices":[],"_wp_attached_file":null,"_wp_attachment_metadata":null,"_wc_attachment_source":null,"_elementor_inline_svg":null,"_elementor_is_screenshot":null,"_elementor_source_image_hash":null,"_source_url":null,"_wp_attachment_context":null,"_menu_item_type":null,"_menu_item_menu_item_parent":null,"_menu_item_object_id":null,"_menu_item_object":null,"_menu_item_target":null,"_menu_item_classes":null,"_menu_item_xfn":null,"_menu_item_url":null,"__elementor_forms_snapshot":null,"_unit":"","_unit_base":"","_unit_product":"","_unit_price_auto":"no","_unit_price_regular":"","_unit_price":"","_unit_price_sale":"","_sale_price_label":"","_sale_price_regular_label":"","_manufacturer_slug":"","_mini_desc":"","_defect_description":"","_safety_instructions":"","_allergen_ids":[],"_warranty_attachment_id":"","_safety_attachment_ids":[],"_min_age":"","_ts_gtin":"","_ts_mpn":"","_delivery_time_countries":[],"_free_shipping":"no","_service":"no","_photovoltaic_system":"no","_used_good":"no","_defective_copy":"no","_wireless_electronic_device":"no","_device_contains_power_supply":"no","_device_charging_supports_usb_pd":"no","_device_charging_watt_min":"0","_device_charging_watt_max":"0","_is_food":"no","_differential_taxation":"no","_gzd_version":"3.18.7","_hs_code":"","_customs_description":"","_manufacture_country":"0","_is_non_returnable":"no","_shipping_length":"","_shipping_width":"","_shipping_height":"","_sku":"ISBN 978-3-86442-111-2","_global_unique_id":"978-3-86442-111-2","_regular_price":"9.8","total_sales":"1","_tax_status":"taxable","_tax_class":"","_manage_stock":"no","_backorders":"no","_sold_individually":"no","_weight":"1","_virtual":"no","_downloadable":"no","_download_limit":"-1","_download_expiry":"-1","_stock":"","_stock_status":"instock","_wc_average_rating":"0","_wc_review_count":"0","_product_version":"9.7.1","_price":"9.8","shopengine_product_views_count":"3853","_thumbnail_id":"5167","_product_attributes":{"erscheinungsdatum":{"name":"Fecha de publicaci\u00f3n","value":"08.12.2014","position":0,"is_visible":1,"is_variation":0,"is_taxonomy":0,"checkout_visible":0}},"_nutrient_ids":[],"_upsell_ids":null,"pswc_subtitle":null,"_default_delivery_time":null,"_wp_desired_post_slug":null,"_isbn":null,"pageType":null,"isExternalUrl":null,"pageId":null,"externalUrl":null,"hideCookieBanner":null,"isTargetBlank":null,"isProviderCurrentWebsite":null,"isEmbeddingOnlyExternalResources":null,"legalBasis":null,"dataProcessingInCountries":null,"dataProcessingInCountriesSpecialTreatments":null,"technicalDefinitions":null,"googleConsentModeConsentTypes":null,"executePriority":null,"executeCodeOptInWhenNoTagManagerConsentIsGiven":null,"executeCodeOptOutWhenNoTagManagerConsentIsGiven":null,"deleteTechnicalDefinitionsAfterOptOut":null,"presetId":null,"presetVersion":null,"provider":null,"providerContactPhone":null,"providerContactEmail":null,"providerContactLink":null,"uniqueName":null,"providerPrivacyPolicyUrl":null,"providerLegalNoticeUrl":null,"codeOptIn":null,"codeOptOut":null,"codeOnPageLoad":null,"language_code":null,"shopengine_template__post_meta__type":null,"shopengine_template__post_meta":null,"shopengine_template__post_meta__edit_with":null,"origin":null,"_enabled":null,"_filters":null,"_layout":null,"_elementor_import_session_id":null,"_wp_trash_meta_status":null,"_wp_trash_meta_time":null,"_edit_lock":"1743338652:2","_elementor_floating_elements_type":null,"_elementor_edit_mode":null,"_elementor_template_type":null,"tc-thumb-fld":{"_thumb_id":5167,"_thumb_type":"thumb"},"_wp_page_template":"default","_elementor_version":null,"_elementor_pro_version":null,"_elementor_page_settings":null,"_elementor_data":null,"_elementor_conditions":null,"_elementor_popup_display_settings":null,"_edit_last":"2","_elementor_template_sub_type":null,"_elementor_controls_usage":null,"_elementor_screenshot":null,"_elementor_css":null,"_elementor_page_assets":[],"_elementor_element_cache":null,"_elementor_screenshot_failed":null,"_elementor_source":null,"_wp_old_date":null,"layout_key":"","post_slider_check_key":"0","_links":{"self":[{"href":"https:\/\/snoeck.de\/es\/wp-json\/wp\/v2\/product\/3752","targetHints":{"allow":["GET"]}}],"collection":[{"href":"https:\/\/snoeck.de\/es\/wp-json\/wp\/v2\/product"}],"about":[{"href":"https:\/\/snoeck.de\/es\/wp-json\/wp\/v2\/types\/product"}],"wp:featuredmedia":[{"embeddable":true,"href":"https:\/\/snoeck.de\/es\/wp-json\/wp\/v2\/media\/5167"}],"wp:attachment":[{"href":"https:\/\/snoeck.de\/es\/wp-json\/wp\/v2\/media?parent=3752"}],"wp:term":[{"taxonomy":"product_brand","embeddable":true,"href":"https:\/\/snoeck.de\/es\/wp-json\/wp\/v2\/product_brand?post=3752"},{"taxonomy":"product_cat","embeddable":true,"href":"https:\/\/snoeck.de\/es\/wp-json\/wp\/v2\/product_cat?post=3752"},{"taxonomy":"product_tag","embeddable":true,"href":"https:\/\/snoeck.de\/es\/wp-json\/wp\/v2\/product_tag?post=3752"}],"curies":[{"name":"wp","href":"https:\/\/api.w.org\/{rel}","templated":true}]}}