{"id":3753,"date":"2025-01-31T11:32:15","date_gmt":"2025-01-31T11:32:15","guid":{"rendered":"https:\/\/snoeck.process-vision.de\/shop\/thomas-schuette\/"},"modified":"2025-03-30T12:41:07","modified_gmt":"2025-03-30T12:41:07","slug":"thomas-schuette","status":"publish","type":"product","link":"https:\/\/snoeck.de\/es\/shop\/thomas-schuette\/","title":{"rendered":"Thomas Sch\u00fctte"},"content":{"rendered":"<h3>Thomas Sch\u00fctte - Dibujos<\/h3>\n<p>No s\u00f3lo desde 2005, a\u00f1o en que fue galardonado con el Le\u00f3n de Oro de la Bienal de Venecia, Thomas Sch\u00fctte ha sido reconocido como uno de los artistas alemanes contempor\u00e1neos m\u00e1s importantes. De hecho, su obra de m\u00faltiples capas ha sido objeto de gran inter\u00e9s en todo el mundo desde su graduaci\u00f3n en la clase de la academia de Gerhard Richter en D\u00fcsseldorf. Esto puede deberse a la sorprendente forma en que utiliza, aplica y combina los diferentes medios de la escultura, la instalaci\u00f3n, la fotograf\u00eda, el dibujo, la acuarela e incluso el grabado, pero tambi\u00e9n podr\u00eda tener algo que ver con su enfoque art\u00edstico. Como dice en una entrevista sobre los motivos florales en acuarela: \"Pintar flores, \u00a1hay que haberlo hecho! Es un placer. Es especialmente divertido cuando est\u00e1s solo con ellas, es como un solo de guitarra. Mam\u00e1 est\u00e1 contenta, los ni\u00f1os est\u00e1n contentos, todo el mundo est\u00e1 contento. Puedes escribir algo en \u00e9l como \"r\u00edndete\". \u00bfQui\u00e9n se rinde ahora? \u00bfLa flor o yo o yo frente a la flor o yo frente al dibujo? Son preguntas realmente apasionantes. Despu\u00e9s de tres horas, tienes quince acuarelas ah\u00ed tiradas, y una vez m\u00e1s no has vomitado, te has superado. Las flores son totalmente agradecidas porque siempre te dicen algo. Puedes decir mucho a trav\u00e9s de una flor. Son sobre todo canciones de amor. Tiene estructura de canci\u00f3n porque dura exactamente tres minutos. Eso no carece de importancia. Tiene que ser fresca y tiene que llegar\".<\/p>\n<p>Exposiciones:<br \/>\nStaatliche Kunsthalle Baden-Baden, 11\/3-30\/4\/2006<br \/>\nDe Pont Stichting voor Hedendaagse Kunst, Tillburg, 20\/5-10\/9\/2006<br \/>\nNeues Museum, N\u00faremberg, 20\/10\/2006-21\/1\/2007<\/p>","protected":false},"excerpt":{"rendered":"<p>Cat\u00e1logo de la exposici\u00f3n, Kunsthalle Baden-Baden, editado por Matthias Winzen<br \/>\nTextos (alem\u00e1n\/ingl\u00e9s) de Melitta Kliege, Barbara Wagner y Matthias Winzen<br \/>\n240 p. con 180 ilustraciones en color<br \/>\nFormato 27 x 20 cm, tapa dura<\/p>","protected":false},"featured_media":5168,"template":"","meta":[],"product_brand":[],"product_cat":[109,76],"product_tag":[],"class_list":{"0":"post-3753","1":"product","2":"type-product","3":"status-publish","4":"has-post-thumbnail","6":"product_cat-109","7":"product_cat-s","9":"first","10":"instock","11":"taxable","12":"shipping-taxable","13":"purchasable","14":"product-type-simple"},"aioseo_notices":[],"_wp_attached_file":null,"_wp_attachment_metadata":null,"_wc_attachment_source":null,"_elementor_inline_svg":null,"_elementor_is_screenshot":null,"_elementor_source_image_hash":null,"_source_url":null,"_wp_attachment_context":null,"_menu_item_type":null,"_menu_item_menu_item_parent":null,"_menu_item_object_id":null,"_menu_item_object":null,"_menu_item_target":null,"_menu_item_classes":null,"_menu_item_xfn":null,"_menu_item_url":null,"__elementor_forms_snapshot":null,"_unit":"","_unit_base":"","_unit_product":"","_unit_price_auto":"no","_unit_price_regular":"","_unit_price":"","_unit_price_sale":"","_sale_price_label":"","_sale_price_regular_label":"","_manufacturer_slug":"","_mini_desc":"","_defect_description":"","_safety_instructions":"","_allergen_ids":[],"_warranty_attachment_id":"","_safety_attachment_ids":[],"_min_age":"","_ts_gtin":"","_ts_mpn":"","_delivery_time_countries":[],"_free_shipping":"no","_service":"no","_photovoltaic_system":"no","_used_good":"no","_defective_copy":"no","_wireless_electronic_device":"no","_device_contains_power_supply":"no","_device_charging_supports_usb_pd":"no","_device_charging_watt_min":"0","_device_charging_watt_max":"0","_is_food":"no","_differential_taxation":"no","_gzd_version":"3.18.7","_hs_code":"","_customs_description":"","_manufacture_country":"0","_is_non_returnable":"no","_shipping_length":"","_shipping_width":"","_shipping_height":"","_sku":"ISBN 978-3-936859-36-2","_global_unique_id":"978-3-936859-36-2","_regular_price":"48","total_sales":"0","_tax_status":"taxable","_tax_class":"","_manage_stock":"no","_backorders":"no","_sold_individually":"no","_weight":"2","_virtual":"no","_downloadable":"no","_download_limit":"-1","_download_expiry":"-1","_stock":"","_stock_status":"instock","_wc_average_rating":"0","_wc_review_count":"0","_product_version":"9.7.1","_price":"48","shopengine_product_views_count":"2466","_thumbnail_id":"5168","_product_attributes":{"erscheinungsdatum":{"name":"Erscheinungsdatum","value":"11.03.2006","position":0,"is_visible":1,"is_variation":0,"is_taxonomy":0,"checkout_visible":0}},"_nutrient_ids":[],"_upsell_ids":null,"pswc_subtitle":null,"_default_delivery_time":null,"_wp_desired_post_slug":null,"_isbn":null,"pageType":null,"isExternalUrl":null,"pageId":null,"externalUrl":null,"hideCookieBanner":null,"isTargetBlank":null,"isProviderCurrentWebsite":null,"isEmbeddingOnlyExternalResources":null,"legalBasis":null,"dataProcessingInCountries":null,"dataProcessingInCountriesSpecialTreatments":null,"technicalDefinitions":null,"googleConsentModeConsentTypes":null,"executePriority":null,"executeCodeOptInWhenNoTagManagerConsentIsGiven":null,"executeCodeOptOutWhenNoTagManagerConsentIsGiven":null,"deleteTechnicalDefinitionsAfterOptOut":null,"presetId":null,"presetVersion":null,"provider":null,"providerContactPhone":null,"providerContactEmail":null,"providerContactLink":null,"uniqueName":null,"providerPrivacyPolicyUrl":null,"providerLegalNoticeUrl":null,"codeOptIn":null,"codeOptOut":null,"codeOnPageLoad":null,"language_code":null,"shopengine_template__post_meta__type":null,"shopengine_template__post_meta":null,"shopengine_template__post_meta__edit_with":null,"origin":null,"_enabled":null,"_filters":null,"_layout":null,"_elementor_import_session_id":null,"_wp_trash_meta_status":null,"_wp_trash_meta_time":null,"_edit_lock":"1743338328:2","_elementor_floating_elements_type":null,"_elementor_edit_mode":null,"_elementor_template_type":null,"tc-thumb-fld":{"_thumb_id":5168,"_thumb_type":"thumb"},"_wp_page_template":"default","_elementor_version":null,"_elementor_pro_version":null,"_elementor_page_settings":null,"_elementor_data":null,"_elementor_conditions":null,"_elementor_popup_display_settings":null,"_edit_last":"2","_elementor_template_sub_type":null,"_elementor_controls_usage":null,"_elementor_screenshot":null,"_elementor_css":null,"_elementor_page_assets":[],"_elementor_element_cache":null,"_elementor_screenshot_failed":null,"_elementor_source":null,"_wp_old_date":null,"layout_key":"","post_slider_check_key":"0","_links":{"self":[{"href":"https:\/\/snoeck.de\/es\/wp-json\/wp\/v2\/product\/3753","targetHints":{"allow":["GET"]}}],"collection":[{"href":"https:\/\/snoeck.de\/es\/wp-json\/wp\/v2\/product"}],"about":[{"href":"https:\/\/snoeck.de\/es\/wp-json\/wp\/v2\/types\/product"}],"wp:featuredmedia":[{"embeddable":true,"href":"https:\/\/snoeck.de\/es\/wp-json\/wp\/v2\/media\/5168"}],"wp:attachment":[{"href":"https:\/\/snoeck.de\/es\/wp-json\/wp\/v2\/media?parent=3753"}],"wp:term":[{"taxonomy":"product_brand","embeddable":true,"href":"https:\/\/snoeck.de\/es\/wp-json\/wp\/v2\/product_brand?post=3753"},{"taxonomy":"product_cat","embeddable":true,"href":"https:\/\/snoeck.de\/es\/wp-json\/wp\/v2\/product_cat?post=3753"},{"taxonomy":"product_tag","embeddable":true,"href":"https:\/\/snoeck.de\/es\/wp-json\/wp\/v2\/product_tag?post=3753"}],"curies":[{"name":"wp","href":"https:\/\/api.w.org\/{rel}","templated":true}]}}