{"id":3754,"date":"2025-01-31T11:32:15","date_gmt":"2025-01-31T11:32:15","guid":{"rendered":"https:\/\/snoeck.process-vision.de\/shop\/thomas-schuette-big-buildings\/"},"modified":"2025-03-30T12:45:08","modified_gmt":"2025-03-30T12:45:08","slug":"thomas-schuette-big-buildings","status":"publish","type":"product","link":"https:\/\/snoeck.de\/es\/shop\/thomas-schuette-big-buildings\/","title":{"rendered":"Thomas Sch\u00fctte: Grandes edificios"},"content":{"rendered":"<h3>Cat\u00e1logo de las obras<\/h3>\n<p>Desde principios de la d\u00e9cada de 1980, Thomas Sch\u00fctte -tres veces participante en la documenta de Kassel, ganador del Premio de Arte de D\u00fcsseldorf 2010 y del Le\u00f3n de Oro de la Bienal de Venecia 2005 como mejor artista individual- ha trabajado sobre maquetas arquitect\u00f3nicas, vistas y escenas figurativas. Provistas de indicaciones de escala o acompa\u00f1adas de peque\u00f1as figuras, se ponen en relaci\u00f3n con una realizaci\u00f3n en dimensiones mayores, por lo que a lo largo de los a\u00f1os muchos peque\u00f1os modelos originales se han trasladado a gran escala. La interacci\u00f3n entre lo peque\u00f1o y lo grande, entre el modelo y la realizaci\u00f3n, entre el arte como modelo y el modelo como arte atraviesa toda la obra. Por ello, este voluminoso volumen sobre la exposici\u00f3n de Bonn se inspira en el propio Thomas Sch\u00fctte y ha sido definido hasta el \u00faltimo detalle. Apenas hay un grupo importante de obras que falte como modelo o instalaci\u00f3n en esta visi\u00f3n cronol\u00f3gica de treinta a\u00f1os de trabajo. Aqu\u00ed, la maqueta no s\u00f3lo es el n\u00facleo de una obra fant\u00e1stica y exuberante, sino que tambi\u00e9n adquiere una funci\u00f3n sismogr\u00e1fica y redescubre el arte de construir para las artes visuales.<\/p>\n<p>Exposici\u00f3n:<br \/>\nSala de Arte y Exposiciones de la Rep\u00fablica Federal de Alemania, Bonn, 15\/07 - 01\/11\/2010<\/p>","protected":false},"excerpt":{"rendered":"<p>Cat\u00e1logo de la exposici\u00f3n, Bundeskunsthalle Bonn, editado por Robert Fleck<br \/>\nTexto (alem\u00e1n\/ingl\u00e9s) de Rainald Schumacher<br \/>\n272 p. con 412 ilustraciones en color<br \/>\nFormato 30 x 24,5 cm, media tela gofrada, con sobrecubierta de doble pliegue<\/p>","protected":false},"featured_media":5169,"template":"","meta":[],"product_brand":[],"product_cat":[105,90,76],"product_tag":[],"class_list":{"0":"post-3754","1":"product","2":"type-product","3":"status-publish","4":"has-post-thumbnail","6":"product_cat-105","7":"product_cat-rare-books","8":"product_cat-s","10":"first","11":"instock","12":"taxable","13":"shipping-taxable","14":"purchasable","15":"product-type-simple"},"aioseo_notices":[],"_wp_attached_file":null,"_wp_attachment_metadata":null,"_wc_attachment_source":null,"_elementor_inline_svg":null,"_elementor_is_screenshot":null,"_elementor_source_image_hash":null,"_source_url":null,"_wp_attachment_context":null,"_menu_item_type":null,"_menu_item_menu_item_parent":null,"_menu_item_object_id":null,"_menu_item_object":null,"_menu_item_target":null,"_menu_item_classes":null,"_menu_item_xfn":null,"_menu_item_url":null,"__elementor_forms_snapshot":null,"_unit":"","_unit_base":"","_unit_product":"","_unit_price_auto":"no","_unit_price_regular":"","_unit_price":"","_unit_price_sale":"","_sale_price_label":"","_sale_price_regular_label":"","_manufacturer_slug":"","_mini_desc":"","_defect_description":"","_safety_instructions":"","_allergen_ids":[],"_warranty_attachment_id":"","_safety_attachment_ids":[],"_min_age":"","_ts_gtin":"","_ts_mpn":"","_delivery_time_countries":[],"_free_shipping":"no","_service":"no","_photovoltaic_system":"no","_used_good":"no","_defective_copy":"no","_wireless_electronic_device":"no","_device_contains_power_supply":"no","_device_charging_supports_usb_pd":"no","_device_charging_watt_min":"0","_device_charging_watt_max":"0","_is_food":"no","_differential_taxation":"no","_gzd_version":"3.18.7","_hs_code":"","_customs_description":"","_manufacture_country":"0","_is_non_returnable":"no","_shipping_length":"","_shipping_width":"","_shipping_height":"","_sku":"ISBN 978-3-940953-54-4","_global_unique_id":"978-3-940953-54-4","_regular_price":"98","total_sales":"0","_tax_status":"taxable","_tax_class":"","_manage_stock":"no","_backorders":"no","_sold_individually":"no","_weight":"3","_virtual":"no","_downloadable":"no","_download_limit":"-1","_download_expiry":"-1","_stock":"","_stock_status":"instock","_wc_average_rating":"0","_wc_review_count":"0","_product_version":"9.7.1","_price":"98","shopengine_product_views_count":"2694","_thumbnail_id":"5169","_product_attributes":{"erscheinungsdatum":{"name":"Fecha de publicaci\u00f3n","value":"15.07.2010","position":0,"is_visible":1,"is_variation":0,"is_taxonomy":0,"checkout_visible":0}},"_nutrient_ids":[],"_upsell_ids":null,"pswc_subtitle":null,"_default_delivery_time":"","_wp_desired_post_slug":null,"_isbn":null,"pageType":null,"isExternalUrl":null,"pageId":null,"externalUrl":null,"hideCookieBanner":null,"isTargetBlank":null,"isProviderCurrentWebsite":null,"isEmbeddingOnlyExternalResources":null,"legalBasis":null,"dataProcessingInCountries":null,"dataProcessingInCountriesSpecialTreatments":null,"technicalDefinitions":null,"googleConsentModeConsentTypes":null,"executePriority":null,"executeCodeOptInWhenNoTagManagerConsentIsGiven":null,"executeCodeOptOutWhenNoTagManagerConsentIsGiven":null,"deleteTechnicalDefinitionsAfterOptOut":null,"presetId":null,"presetVersion":null,"provider":null,"providerContactPhone":null,"providerContactEmail":null,"providerContactLink":null,"uniqueName":null,"providerPrivacyPolicyUrl":null,"providerLegalNoticeUrl":null,"codeOptIn":null,"codeOptOut":null,"codeOnPageLoad":null,"language_code":null,"shopengine_template__post_meta__type":null,"shopengine_template__post_meta":null,"shopengine_template__post_meta__edit_with":null,"origin":null,"_enabled":null,"_filters":null,"_layout":null,"_elementor_import_session_id":null,"_wp_trash_meta_status":null,"_wp_trash_meta_time":null,"_edit_lock":"1743338569:2","_elementor_floating_elements_type":null,"_elementor_edit_mode":null,"_elementor_template_type":null,"tc-thumb-fld":{"_thumb_id":5169,"_thumb_type":"thumb"},"_wp_page_template":"default","_elementor_version":null,"_elementor_pro_version":null,"_elementor_page_settings":null,"_elementor_data":null,"_elementor_conditions":null,"_elementor_popup_display_settings":null,"_edit_last":"2","_elementor_template_sub_type":null,"_elementor_controls_usage":null,"_elementor_screenshot":null,"_elementor_css":null,"_elementor_page_assets":[],"_elementor_element_cache":null,"_elementor_screenshot_failed":null,"_elementor_source":null,"_wp_old_date":null,"layout_key":"","post_slider_check_key":"0","_links":{"self":[{"href":"https:\/\/snoeck.de\/es\/wp-json\/wp\/v2\/product\/3754","targetHints":{"allow":["GET"]}}],"collection":[{"href":"https:\/\/snoeck.de\/es\/wp-json\/wp\/v2\/product"}],"about":[{"href":"https:\/\/snoeck.de\/es\/wp-json\/wp\/v2\/types\/product"}],"wp:featuredmedia":[{"embeddable":true,"href":"https:\/\/snoeck.de\/es\/wp-json\/wp\/v2\/media\/5169"}],"wp:attachment":[{"href":"https:\/\/snoeck.de\/es\/wp-json\/wp\/v2\/media?parent=3754"}],"wp:term":[{"taxonomy":"product_brand","embeddable":true,"href":"https:\/\/snoeck.de\/es\/wp-json\/wp\/v2\/product_brand?post=3754"},{"taxonomy":"product_cat","embeddable":true,"href":"https:\/\/snoeck.de\/es\/wp-json\/wp\/v2\/product_cat?post=3754"},{"taxonomy":"product_tag","embeddable":true,"href":"https:\/\/snoeck.de\/es\/wp-json\/wp\/v2\/product_tag?post=3754"}],"curies":[{"name":"wp","href":"https:\/\/api.w.org\/{rel}","templated":true}]}}