{"id":3761,"date":"2025-01-31T11:32:20","date_gmt":"2025-01-31T11:32:20","guid":{"rendered":"https:\/\/snoeck.process-vision.de\/shop\/andreas-slominski-das-ue-des-tuerhueters\/"},"modified":"2025-03-29T14:13:43","modified_gmt":"2025-03-29T14:13:43","slug":"andreas-slominski-das-ue-des-tuerhueters","status":"publish","type":"product","link":"https:\/\/snoeck.de\/es\/shop\/andreas-slominski-das-ue-des-tuerhueters\/","title":{"rendered":"Andreas Slominski: El \u00dc del portero"},"content":{"rendered":"<h3>As\u00ed que ahora los aseos<\/h3>\n<p>Las obras de Andreas Slominski (*1959 en Meppen), de quien la revista de arte Monopol juzg\u00f3 una vez alegremente que era \"un verdadero seductor\", se exponen en innumerables museos de arte contempor\u00e1neo desde principios de los a\u00f1os noventa. Durante muchos a\u00f1os, sus bicicletas repletas de pertenencias fueron apoyadas contra la pared por indigentes en las amplias salas de los museos, y varias marcas de trampas para animales, desde peque\u00f1as para ratones hasta grandes para jabal\u00edes, se ganaron el respeto de los visitantes. En 1996, Andreas Slominski coloc\u00f3 una c\u00e1mara de bicicleta alrededor del poste de una farola ordinaria para Skulptur.Projekte M\u00fcnster: \"Sin embargo, no lo hizo lanzando el neum\u00e1tico hacia arriba y enroll\u00e1ndolo alrededor del poste de la farola, como es habitual en el conocido juego infantil. En lugar de eso, Slominski hizo que los obreros de la construcci\u00f3n desenterraran la farola, coloc\u00f3 la manguera alrededor del poste desde abajo y mand\u00f3 sustituir la farola\". Esta forma de \"acci\u00f3n torpe\" ha caracterizado durante mucho tiempo su pr\u00e1ctica art\u00edstica, en la que el beneficio pr\u00e1ctico era desproporcionado en relaci\u00f3n con el esfuerzo que supon\u00eda. As\u00ed, en la p\u00e1gina web de Skulptur.Projekte se afirma que \"el asombro y la diversi\u00f3n ante la traviesa torpeza fueron el verdadero beneficio de la acci\u00f3n\". Andreas Slominski estudi\u00f3 arte en la HFBK de Hamburgo de 1983 a 1986 y, tras una c\u00e1tedra en Karlsruhe, es el sucesor de Franz Erhard Walther all\u00ed desde 2004. Especialmente para las Deichtorhallen, ha desarrollado ahora una instalaci\u00f3n que llena las salas con cub\u00edculos de aseos p\u00fablicos - \"el ser humano en la urna\" (Andreas Slominski)- que simbolizan el car\u00e1cter de reconstrucci\u00f3n de nuestras ciudades. En la exposici\u00f3n, el artista presentar\u00e1 alrededor de 100 de estos aseos m\u00f3viles de pl\u00e1stico y, en una extra\u00f1a inversi\u00f3n, partes de los cub\u00edculos se expondr\u00e1n en la pared como objetos pict\u00f3ricos. Los elementos interiores de estos inodoros m\u00f3viles -urinario, asiento de inodoro, portarrollos de papel o tubo de ventilaci\u00f3n- tambi\u00e9n se dispondr\u00e1n en las paredes como cuadros de paneles de colores o en la sala. Andreas Slominiski ha sido invitado a exposiciones individuales por numerosas instituciones de renombre de todo el mundo, como la Kunsthaus Z\u00fcrich, la Fondazione Prada de Mil\u00e1n, el Museum Boijmans van Beuningen de Rotterdam y el Bonnefanten Museum de Maastricht. En 1997 particip\u00f3 en la Bienal de Venecia, y a partir de mayo, el encanto de sus objetos de cosmovisi\u00f3n mefistof\u00e9lica se extender\u00e1 por el Deichtorhallen de Hamburgo.<\/p>\n<p>Exposici\u00f3n:<br \/>\nDeichtorhallen Hamburgo, 14\/5 - 21\/8\/2016<\/p>","protected":false},"excerpt":{"rendered":"<p>Cat\u00e1logo de la exposici\u00f3n, Deichtorhallen Hamburg, editado por Dirk Luckow<br \/>\nTextos (alem\u00e1n\/ingl\u00e9s) de Dirk Luckow, Sa\u0161a Stani\u0161ic y D\u00f6rte Zbikowski<br \/>\n208 p. con 180 ilustraciones en color<br \/>\nFormato 32,5 x 22,5 cm, folleto desplegable<\/p>","protected":false},"featured_media":5176,"template":"","meta":[],"product_brand":[],"product_cat":[108,76],"product_tag":[],"class_list":{"0":"post-3761","1":"product","2":"type-product","3":"status-publish","4":"has-post-thumbnail","6":"product_cat-108","7":"product_cat-s","9":"first","10":"instock","11":"taxable","12":"shipping-taxable","13":"purchasable","14":"product-type-simple"},"aioseo_notices":[],"_wp_attached_file":null,"_wp_attachment_metadata":null,"_wc_attachment_source":null,"_elementor_inline_svg":null,"_elementor_is_screenshot":null,"_elementor_source_image_hash":null,"_source_url":null,"_wp_attachment_context":null,"_menu_item_type":null,"_menu_item_menu_item_parent":null,"_menu_item_object_id":null,"_menu_item_object":null,"_menu_item_target":null,"_menu_item_classes":null,"_menu_item_xfn":null,"_menu_item_url":null,"__elementor_forms_snapshot":null,"_unit":"","_unit_base":"","_unit_product":"","_unit_price_auto":"no","_unit_price_regular":"","_unit_price":"","_unit_price_sale":"","_sale_price_label":"","_sale_price_regular_label":"","_manufacturer_slug":"","_mini_desc":"","_defect_description":"","_safety_instructions":"","_allergen_ids":[],"_warranty_attachment_id":"","_safety_attachment_ids":[],"_min_age":"","_ts_gtin":"","_ts_mpn":"","_delivery_time_countries":[],"_free_shipping":"no","_service":"no","_photovoltaic_system":"no","_used_good":"no","_defective_copy":"no","_wireless_electronic_device":"no","_device_contains_power_supply":"no","_device_charging_supports_usb_pd":"no","_device_charging_watt_min":"0","_device_charging_watt_max":"0","_is_food":"no","_differential_taxation":"no","_gzd_version":"3.18.7","_hs_code":"","_customs_description":"","_manufacture_country":"0","_is_non_returnable":"no","_shipping_length":"","_shipping_width":"","_shipping_height":"","_sku":"ISBN 978-3-86442-181-5","_global_unique_id":"978-3-86442-181-5","_regular_price":"39.8","total_sales":"0","_tax_status":"taxable","_tax_class":"","_manage_stock":"no","_backorders":"no","_sold_individually":"no","_weight":"2","_virtual":"no","_downloadable":"no","_download_limit":"-1","_download_expiry":"-1","_stock":"","_stock_status":"instock","_wc_average_rating":"0","_wc_review_count":"0","_product_version":"9.7.1","_price":"39.8","shopengine_product_views_count":"2796","_thumbnail_id":"5176","_product_attributes":{"erscheinungsdatum":{"name":"Erscheinungsdatum","value":"20.07.2016","position":0,"is_visible":1,"is_variation":0,"is_taxonomy":0,"checkout_visible":0}},"_nutrient_ids":[],"_upsell_ids":null,"pswc_subtitle":null,"_default_delivery_time":null,"_wp_desired_post_slug":null,"_isbn":null,"pageType":null,"isExternalUrl":null,"pageId":null,"externalUrl":null,"hideCookieBanner":null,"isTargetBlank":null,"isProviderCurrentWebsite":null,"isEmbeddingOnlyExternalResources":null,"legalBasis":null,"dataProcessingInCountries":null,"dataProcessingInCountriesSpecialTreatments":null,"technicalDefinitions":null,"googleConsentModeConsentTypes":null,"executePriority":null,"executeCodeOptInWhenNoTagManagerConsentIsGiven":null,"executeCodeOptOutWhenNoTagManagerConsentIsGiven":null,"deleteTechnicalDefinitionsAfterOptOut":null,"presetId":null,"presetVersion":null,"provider":null,"providerContactPhone":null,"providerContactEmail":null,"providerContactLink":null,"uniqueName":null,"providerPrivacyPolicyUrl":null,"providerLegalNoticeUrl":null,"codeOptIn":null,"codeOptOut":null,"codeOnPageLoad":null,"language_code":null,"shopengine_template__post_meta__type":null,"shopengine_template__post_meta":null,"shopengine_template__post_meta__edit_with":null,"origin":null,"_enabled":null,"_filters":null,"_layout":null,"_elementor_import_session_id":null,"_wp_trash_meta_status":null,"_wp_trash_meta_time":null,"_edit_lock":"1743257486:2","_elementor_floating_elements_type":null,"_elementor_edit_mode":null,"_elementor_template_type":null,"tc-thumb-fld":{"_thumb_id":5176,"_thumb_type":"thumb"},"_wp_page_template":"default","_elementor_version":null,"_elementor_pro_version":null,"_elementor_page_settings":null,"_elementor_data":null,"_elementor_conditions":null,"_elementor_popup_display_settings":null,"_edit_last":"2","_elementor_template_sub_type":null,"_elementor_controls_usage":null,"_elementor_screenshot":null,"_elementor_css":null,"_elementor_page_assets":[],"_elementor_element_cache":null,"_elementor_screenshot_failed":null,"_elementor_source":null,"_wp_old_date":null,"layout_key":"","post_slider_check_key":"0","_links":{"self":[{"href":"https:\/\/snoeck.de\/es\/wp-json\/wp\/v2\/product\/3761","targetHints":{"allow":["GET"]}}],"collection":[{"href":"https:\/\/snoeck.de\/es\/wp-json\/wp\/v2\/product"}],"about":[{"href":"https:\/\/snoeck.de\/es\/wp-json\/wp\/v2\/types\/product"}],"wp:featuredmedia":[{"embeddable":true,"href":"https:\/\/snoeck.de\/es\/wp-json\/wp\/v2\/media\/5176"}],"wp:attachment":[{"href":"https:\/\/snoeck.de\/es\/wp-json\/wp\/v2\/media?parent=3761"}],"wp:term":[{"taxonomy":"product_brand","embeddable":true,"href":"https:\/\/snoeck.de\/es\/wp-json\/wp\/v2\/product_brand?post=3761"},{"taxonomy":"product_cat","embeddable":true,"href":"https:\/\/snoeck.de\/es\/wp-json\/wp\/v2\/product_cat?post=3761"},{"taxonomy":"product_tag","embeddable":true,"href":"https:\/\/snoeck.de\/es\/wp-json\/wp\/v2\/product_tag?post=3761"}],"curies":[{"name":"wp","href":"https:\/\/api.w.org\/{rel}","templated":true}]}}