{"id":3762,"date":"2025-01-31T11:32:20","date_gmt":"2025-01-31T11:32:20","guid":{"rendered":"https:\/\/snoeck.process-vision.de\/shop\/david-smith-form-in-color\/"},"modified":"2026-04-08T15:10:01","modified_gmt":"2026-04-08T14:10:01","slug":"david-smith-form-in-color","status":"publish","type":"product","link":"https:\/\/snoeck.de\/es\/shop\/david-smith-form-in-color\/","title":{"rendered":"David Smith: Forma en color"},"content":{"rendered":"<h3>\"Los coloreo\"<\/h3>\n<p>David Smith (1906-1965) es uno de los artistas m\u00e1s destacados del siglo XX. Conceptualmente, la distinci\u00f3n entre escultura, pintura y dibujo dej\u00f3 de ser una opci\u00f3n para \u00e9l. Sus obras derivan gran parte de su fuerza de este enfoque radicalmente abierto. Aunque la pura fisicidad de las esculturas de acero soldado tiene una apariencia fuertemente industrial, sus superficies se caracterizan siempre por apariencias gestuales y h\u00e1pticas, que se crean aplicando pintura a mano. El impacto de su obra radica, entre otras cosas, en su insistencia en que la escultura tiene el mismo significado visual que la pintura y el dibujo, y que la pintura y el dibujo tienen el mismo efecto espacial. Este cat\u00e1logo abarca 21 obras, desde finales de los a\u00f1os 50 hasta 1965, y documenta as\u00ed su evoluci\u00f3n con la ayuda de un rico material visual, que incluye fotograf\u00edas hist\u00f3ricas procedentes del archivo del patrimonio de David Smith. David Smith, nacido en 1906 en Decatur, Indiana, curs\u00f3 estudios universitarios en la Universidad de Ohio, entre otras, y se traslad\u00f3 a Nueva York en 1926, donde comenz\u00f3 a estudiar en la Art Students League. A principios de la d\u00e9cada de 1930, se centr\u00f3 por completo en la escultura, soldando construcciones a partir de objetos encontrados y metal forjado. En 1940, se traslad\u00f3 a Bolton Landing, a las afueras de Nueva York, donde instal\u00f3 un estudio en una nave industrial, ricamente equipada con materiales y herramientas industriales. A partir de finales de la d\u00e9cada de 1950, cre\u00f3 obras monumentales en el paisaje de colinas que rodeaba su estudio. En 1965, David Smith muri\u00f3 en un accidente de coche cerca de Bennington (Vermont). David Smith allan\u00f3 el camino a artistas como John Chamberlain, Mark di Suvero, Donald Judd y Richard Serra, ya que fue \u00e9l quien liber\u00f3 el lugar de producci\u00f3n de esculturas de las restricciones del estudio del artista del siglo XIX y de las fundiciones de arte y lo vincul\u00f3 al contexto industrial del siglo XX.<\/p>\n<p>Exposici\u00f3n:<br \/>\nHauser &amp; Wirth Z\u00farich, 12\/6-18\/9\/2016<\/p>","protected":false},"excerpt":{"rendered":"<p>Cat\u00e1logo de la exposici\u00f3n, publicado por Hauser &amp; Wirth<br \/>\nTextos (ing.) de Peter Stevens, Michelle White, Neil Wenman<br \/>\n144 p. con 80 ilustraciones en color y 50 ilustraciones en duotono<br \/>\nFormato 30 x 20,5 cm, lino con sobrecubierta<\/p>","protected":false},"featured_media":5177,"template":"","meta":[],"product_brand":[],"product_cat":[95],"product_tag":[],"class_list":{"0":"post-3762","1":"product","2":"type-product","3":"status-publish","4":"has-post-thumbnail","6":"product_cat-vergriffen","8":"first","9":"outofstock","10":"taxable","11":"shipping-taxable","12":"product-type-simple"},"aioseo_notices":[],"_wp_attached_file":null,"_wp_attachment_metadata":null,"_wc_attachment_source":null,"_elementor_inline_svg":null,"_elementor_is_screenshot":null,"_elementor_source_image_hash":null,"_source_url":null,"_wp_attachment_context":null,"_menu_item_type":null,"_menu_item_menu_item_parent":null,"_menu_item_object_id":null,"_menu_item_object":null,"_menu_item_target":null,"_menu_item_classes":null,"_menu_item_xfn":null,"_menu_item_url":null,"__elementor_forms_snapshot":null,"_unit":"","_unit_base":"","_unit_product":"","_unit_price_auto":"no","_unit_price_regular":"","_unit_price":"","_unit_price_sale":"","_sale_price_label":"","_sale_price_regular_label":"","_manufacturer_slug":"","_mini_desc":"","_defect_description":"","_safety_instructions":"","_allergen_ids":[],"_warranty_attachment_id":"","_safety_attachment_ids":[],"_min_age":"","_ts_gtin":"","_ts_mpn":"","_delivery_time_countries":[],"_free_shipping":"no","_service":"no","_photovoltaic_system":"no","_used_good":"no","_defective_copy":"no","_wireless_electronic_device":"no","_device_contains_power_supply":"no","_device_charging_supports_usb_pd":"no","_device_charging_watt_min":"0","_device_charging_watt_max":"0","_is_food":"no","_differential_taxation":"no","_gzd_version":"3.18.7","_hs_code":"","_customs_description":"","_manufacture_country":"0","_is_non_returnable":"no","_shipping_length":"","_shipping_width":"","_shipping_height":"","_sku":"ISBN 978-3-86442-183-9","_global_unique_id":"978-3-86442-183-9","_regular_price":null,"total_sales":"0","_tax_status":"taxable","_tax_class":"","_manage_stock":"no","_backorders":"no","_sold_individually":"no","_weight":"2","_virtual":"no","_downloadable":"no","_download_limit":"-1","_download_expiry":"-1","_stock":"","_stock_status":"outofstock","_wc_average_rating":"0","_wc_review_count":"0","_product_version":"10.1.4","_price":"","shopengine_product_views_count":"2711","_thumbnail_id":"5177","_product_attributes":{"erscheinungsdatum":{"name":"Fecha de publicaci\u00f3n","value":"03.08.2016","position":0,"is_visible":1,"is_variation":0,"is_taxonomy":0,"checkout_visible":0}},"_nutrient_ids":[],"_upsell_ids":null,"pswc_subtitle":null,"_default_delivery_time":null,"_wp_desired_post_slug":null,"_isbn":null,"pageType":null,"isExternalUrl":null,"pageId":null,"externalUrl":null,"hideCookieBanner":null,"isTargetBlank":null,"isProviderCurrentWebsite":null,"isEmbeddingOnlyExternalResources":null,"legalBasis":null,"dataProcessingInCountries":null,"dataProcessingInCountriesSpecialTreatments":null,"technicalDefinitions":null,"googleConsentModeConsentTypes":null,"executePriority":null,"executeCodeOptInWhenNoTagManagerConsentIsGiven":null,"executeCodeOptOutWhenNoTagManagerConsentIsGiven":null,"deleteTechnicalDefinitionsAfterOptOut":null,"presetId":null,"presetVersion":null,"provider":null,"providerContactPhone":null,"providerContactEmail":null,"providerContactLink":null,"uniqueName":null,"providerPrivacyPolicyUrl":null,"providerLegalNoticeUrl":null,"codeOptIn":null,"codeOptOut":null,"codeOnPageLoad":null,"language_code":null,"shopengine_template__post_meta__type":null,"shopengine_template__post_meta":null,"shopengine_template__post_meta__edit_with":null,"origin":null,"_enabled":null,"_filters":null,"_layout":null,"_elementor_import_session_id":null,"_wp_trash_meta_status":null,"_wp_trash_meta_time":null,"_edit_lock":"1743257564:2","_elementor_floating_elements_type":null,"_elementor_edit_mode":null,"_elementor_template_type":null,"tc-thumb-fld":{"_thumb_id":5177,"_thumb_type":"thumb"},"_wp_page_template":"default","_elementor_version":null,"_elementor_pro_version":null,"_elementor_page_settings":null,"_elementor_data":null,"_elementor_conditions":null,"_elementor_popup_display_settings":null,"_edit_last":"2","_elementor_template_sub_type":null,"_elementor_controls_usage":null,"_elementor_screenshot":null,"_elementor_css":null,"_elementor_page_assets":[],"_elementor_element_cache":null,"_elementor_screenshot_failed":null,"_elementor_source":null,"_wp_old_date":null,"layout_key":"","post_slider_check_key":"0","_links":{"self":[{"href":"https:\/\/snoeck.de\/es\/wp-json\/wp\/v2\/product\/3762","targetHints":{"allow":["GET"]}}],"collection":[{"href":"https:\/\/snoeck.de\/es\/wp-json\/wp\/v2\/product"}],"about":[{"href":"https:\/\/snoeck.de\/es\/wp-json\/wp\/v2\/types\/product"}],"wp:featuredmedia":[{"embeddable":true,"href":"https:\/\/snoeck.de\/es\/wp-json\/wp\/v2\/media\/5177"}],"wp:attachment":[{"href":"https:\/\/snoeck.de\/es\/wp-json\/wp\/v2\/media?parent=3762"}],"wp:term":[{"taxonomy":"product_brand","embeddable":true,"href":"https:\/\/snoeck.de\/es\/wp-json\/wp\/v2\/product_brand?post=3762"},{"taxonomy":"product_cat","embeddable":true,"href":"https:\/\/snoeck.de\/es\/wp-json\/wp\/v2\/product_cat?post=3762"},{"taxonomy":"product_tag","embeddable":true,"href":"https:\/\/snoeck.de\/es\/wp-json\/wp\/v2\/product_tag?post=3762"}],"curies":[{"name":"wp","href":"https:\/\/api.w.org\/{rel}","templated":true}]}}