{"id":3765,"date":"2025-01-31T11:32:22","date_gmt":"2025-01-31T11:32:22","guid":{"rendered":"https:\/\/snoeck.process-vision.de\/shop\/natalia-stachon\/"},"modified":"2026-04-08T14:21:12","modified_gmt":"2026-04-08T13:21:12","slug":"natalia-stachon","status":"publish","type":"product","link":"https:\/\/snoeck.de\/es\/shop\/natalia-stachon\/","title":{"rendered":"Natalia Stachon"},"content":{"rendered":"<h3>Salas - Etapas - Grietas<\/h3>\n<p>Las obras de Natalia Stachon no pueden negar ni negar\u00e1n su afinidad con el modernismo temprano o el arte minimalista, ya que tambi\u00e9n abordan el despliegue escult\u00f3rico del espacio como sensaci\u00f3n, como espacio intermedio y volumen atmosf\u00e9rico. Estas im\u00e1genes espaciales escult\u00f3ricas de la artista, nacida en 1976 en Katowice, Polonia, y que actualmente vive en Berl\u00edn, son inmediatamente comprensibles si uno se imagina un volumen escult\u00f3rico t\u00e1ctil y geom\u00e9tricamente construido que se funde en la densidad de un medio sin materialidad por su opuesto, la luminosidad sin l\u00edmites, es decir, la luz inmaterial, como escribe la editora Renate Wiehager. As\u00ed, la obra de Natalia Stachon se basa en un an\u00e1lisis preciso de las construcciones espaciales y las minimalizaciones escult\u00f3ricas de las vanguardias abstractas, desde los conceptos espaciales visionarios de las vanguardias rusas y polacas de los a\u00f1os veinte hasta el Arte Concreto y el Arte M\u00ednimo. Sin embargo, ha transformado los entornos escult\u00f3ricos y de trabajo de sus predecesores en constelaciones espaciales abiertas con dimensiones arquitect\u00f3nicas. Materiales transparentes que gu\u00edan la l\u00ednea de visi\u00f3n, as\u00ed como cuerpos tridimensionales, todo ello le permite crear vol\u00famenes intelectuales y ef\u00edmeros en una combinaci\u00f3n de lenguaje, dibujo y escultura. Walter Benjamin acu\u00f1\u00f3 el t\u00e9rmino \"imagen dial\u00e9ctica\" para una transformaci\u00f3n de este tipo, en la que el pasado se entrelaza con el presente. La transparencia extrema como caracter\u00edstica de dise\u00f1o tambi\u00e9n atrajo a Natalia Stachon en este libro. Ha optado por utilizar papel fino en la secci\u00f3n de im\u00e1genes, lo que permite la interpenetraci\u00f3n de im\u00e1genes y pensamientos de Robert Morris, Carl Andre, Gordon Matta-Clark, Adam Caruso, John Hejduck, Robert Graves, Maurice Blanchot y Nickel van Duijvenboden que corresponden a sus obras.<\/p>","protected":false},"excerpt":{"rendered":"<p>Editado por Renate Wiehager, Christian Ganzenberg para la Colecci\u00f3n de Arte Daimler<br \/>\nTexto (alem\u00e1n\/ingl\u00e9s) de Renate Wiehager, glosario (alem\u00e1n\/ingl\u00e9s) de Christian Ganzenberg<br \/>\n164 p. con 100 ilustraciones en color<br \/>\nFormato 24,5 x 16 cm, tapa dura<\/p>","protected":false},"featured_media":5180,"template":"","meta":[],"product_brand":[],"product_cat":[95],"product_tag":[],"class_list":{"0":"post-3765","1":"product","2":"type-product","3":"status-publish","4":"has-post-thumbnail","6":"product_cat-vergriffen","8":"first","9":"outofstock","10":"taxable","11":"shipping-taxable","12":"product-type-simple"},"aioseo_notices":[],"_wp_attached_file":null,"_wp_attachment_metadata":null,"_wc_attachment_source":null,"_elementor_inline_svg":null,"_elementor_is_screenshot":null,"_elementor_source_image_hash":null,"_source_url":null,"_wp_attachment_context":null,"_menu_item_type":null,"_menu_item_menu_item_parent":null,"_menu_item_object_id":null,"_menu_item_object":null,"_menu_item_target":null,"_menu_item_classes":null,"_menu_item_xfn":null,"_menu_item_url":null,"__elementor_forms_snapshot":null,"_unit":"","_unit_base":"","_unit_product":"","_unit_price_auto":"no","_unit_price_regular":"","_unit_price":"","_unit_price_sale":"","_sale_price_label":"","_sale_price_regular_label":"","_manufacturer_slug":"","_mini_desc":"","_defect_description":"","_safety_instructions":"","_allergen_ids":[],"_warranty_attachment_id":"","_safety_attachment_ids":[],"_min_age":"","_ts_gtin":"","_ts_mpn":"","_delivery_time_countries":[],"_free_shipping":"no","_service":"no","_photovoltaic_system":"no","_used_good":"no","_defective_copy":"no","_wireless_electronic_device":"no","_device_contains_power_supply":"no","_device_charging_supports_usb_pd":"no","_device_charging_watt_min":"0","_device_charging_watt_max":"0","_is_food":"no","_differential_taxation":"no","_gzd_version":"3.18.7","_hs_code":"","_customs_description":"","_manufacture_country":"0","_is_non_returnable":"no","_shipping_length":"","_shipping_width":"","_shipping_height":"","_sku":"ISBN 978-3-86442-036-8","_global_unique_id":"978-3-86442-036-8","_regular_price":null,"total_sales":"0","_tax_status":"taxable","_tax_class":"","_manage_stock":"no","_backorders":"no","_sold_individually":"no","_weight":"1","_virtual":"no","_downloadable":"no","_download_limit":"-1","_download_expiry":"-1","_stock":"","_stock_status":"outofstock","_wc_average_rating":"0","_wc_review_count":"0","_product_version":"10.1.4","_price":"","shopengine_product_views_count":"3486","_thumbnail_id":"5180","_product_attributes":{"erscheinungsdatum":{"name":"Erscheinungsdatum","value":"11.02.2013","position":0,"is_visible":1,"is_variation":0,"is_taxonomy":0,"checkout_visible":0}},"_nutrient_ids":[],"_upsell_ids":null,"pswc_subtitle":null,"_default_delivery_time":null,"_wp_desired_post_slug":null,"_isbn":null,"pageType":null,"isExternalUrl":null,"pageId":null,"externalUrl":null,"hideCookieBanner":null,"isTargetBlank":null,"isProviderCurrentWebsite":null,"isEmbeddingOnlyExternalResources":null,"legalBasis":null,"dataProcessingInCountries":null,"dataProcessingInCountriesSpecialTreatments":null,"technicalDefinitions":null,"googleConsentModeConsentTypes":null,"executePriority":null,"executeCodeOptInWhenNoTagManagerConsentIsGiven":null,"executeCodeOptOutWhenNoTagManagerConsentIsGiven":null,"deleteTechnicalDefinitionsAfterOptOut":null,"presetId":null,"presetVersion":null,"provider":null,"providerContactPhone":null,"providerContactEmail":null,"providerContactLink":null,"uniqueName":null,"providerPrivacyPolicyUrl":null,"providerLegalNoticeUrl":null,"codeOptIn":null,"codeOptOut":null,"codeOnPageLoad":null,"language_code":null,"shopengine_template__post_meta__type":null,"shopengine_template__post_meta":null,"shopengine_template__post_meta__edit_with":null,"origin":null,"_enabled":null,"_filters":null,"_layout":null,"_elementor_import_session_id":null,"_wp_trash_meta_status":null,"_wp_trash_meta_time":null,"_edit_lock":"1743256759:2","_elementor_floating_elements_type":null,"_elementor_edit_mode":null,"_elementor_template_type":null,"tc-thumb-fld":{"_thumb_id":5180,"_thumb_type":"thumb"},"_wp_page_template":"default","_elementor_version":null,"_elementor_pro_version":null,"_elementor_page_settings":null,"_elementor_data":null,"_elementor_conditions":null,"_elementor_popup_display_settings":null,"_edit_last":"2","_elementor_template_sub_type":null,"_elementor_controls_usage":null,"_elementor_screenshot":null,"_elementor_css":null,"_elementor_page_assets":[],"_elementor_element_cache":null,"_elementor_screenshot_failed":null,"_elementor_source":null,"_wp_old_date":null,"layout_key":"","post_slider_check_key":"0","_links":{"self":[{"href":"https:\/\/snoeck.de\/es\/wp-json\/wp\/v2\/product\/3765","targetHints":{"allow":["GET"]}}],"collection":[{"href":"https:\/\/snoeck.de\/es\/wp-json\/wp\/v2\/product"}],"about":[{"href":"https:\/\/snoeck.de\/es\/wp-json\/wp\/v2\/types\/product"}],"wp:featuredmedia":[{"embeddable":true,"href":"https:\/\/snoeck.de\/es\/wp-json\/wp\/v2\/media\/5180"}],"wp:attachment":[{"href":"https:\/\/snoeck.de\/es\/wp-json\/wp\/v2\/media?parent=3765"}],"wp:term":[{"taxonomy":"product_brand","embeddable":true,"href":"https:\/\/snoeck.de\/es\/wp-json\/wp\/v2\/product_brand?post=3765"},{"taxonomy":"product_cat","embeddable":true,"href":"https:\/\/snoeck.de\/es\/wp-json\/wp\/v2\/product_cat?post=3765"},{"taxonomy":"product_tag","embeddable":true,"href":"https:\/\/snoeck.de\/es\/wp-json\/wp\/v2\/product_tag?post=3765"}],"curies":[{"name":"wp","href":"https:\/\/api.w.org\/{rel}","templated":true}]}}