{"id":3768,"date":"2025-01-31T11:32:24","date_gmt":"2025-01-31T11:32:24","guid":{"rendered":"https:\/\/snoeck.process-vision.de\/shop\/henning-strassburger-die-unschuldigen\/"},"modified":"2025-03-29T13:26:54","modified_gmt":"2025-03-29T13:26:54","slug":"henning-strassburger-die-unschuldigen","status":"publish","type":"product","link":"https:\/\/snoeck.de\/es\/shop\/henning-strassburger-die-unschuldigen\/","title":{"rendered":"Henning Strassburger: Los inocentes"},"content":{"rendered":"<h3>Qu\u00e9 pasa...<\/h3>\n<p>Henning Strassburger, que estudi\u00f3 en la Kunstakademie D\u00fcsseldorf de 2006 a 2009, explora nuevas perspectivas, nuevas cuestiones relativas al habitus y nuevas reglas del lenguaje formal en la era de las redes sociales. Adem\u00e1s de la fuerte influencia que la cultura pop tiene obviamente en su obra, me viene inmediatamente a la mente la sentencia de Jasper Johns (1965) de que la pintura ilusionista ya no requiere ilusionismo pict\u00f3rico, puesto que ahora se ha convertido en un objeto en s\u00ed misma; al fin y al cabo, la representaci\u00f3n ilusionista de un objeto, un objeto pict\u00f3rico real, hab\u00eda quedado obsoleta con el arte pop. Esto sigue siendo cierto hoy en d\u00eda bajo condiciones cambiadas, por lo que el organizador de exposiciones Max Dax presenta las obras de Henning Strassburger en la exposici\u00f3n HYPER de Hamburgo y su variante m\u00e1s reciente titulada BLACK ALBUM WHITE CUBE, que podr\u00e1 verse a partir del 20 de junio en la Kunsthalle Rotterdam, tambi\u00e9n bajo el aspecto de que la avalancha de im\u00e1genes de la WWW que pretenden ser realismo proporciona una fuente inagotable de obras objetuales en el sentido de Johns. As\u00ed, Henning Strassburger utiliza las fantas\u00edas adolescentes encarnadas por los \u00eddolos de la red como superficies de proyecci\u00f3n para motivos pict\u00f3ricos abstractos: el beso de dos estrellas femeninas del pop en el gran escenario, as\u00ed como la autoinvenci\u00f3n de una estrella adolescente como rapero macho y duro.<\/p>\n<p>Exposici\u00f3n:<br \/>\nCFA Bellas Artes Contempor\u00e1neas de Berl\u00edn, 25\/6 - 25\/7\/2020<br \/>\n\"Black Ablum White Cube\", Kunsthal Rotterdam, 20\/6\/2020 - 10\/1\/2021<\/p>","protected":false},"excerpt":{"rendered":"<p>Cat\u00e1logo de la exposici\u00f3n, Contemporary Fine Arts CFA Berl\u00edn, editado por Bruno Brunnet y Nicole Hackert<br \/>\nTexto (alem\u00e1n\/ingl\u00e9s) de Christian Malycha<br \/>\n32 p. con 24 ilustraciones en color<br \/>\nFormato 28 x 20 cm, folleto grapado<\/p>","protected":false},"featured_media":5183,"template":"","meta":[],"product_brand":[],"product_cat":[84,76],"product_tag":[],"class_list":{"0":"post-3768","1":"product","2":"type-product","3":"status-publish","4":"has-post-thumbnail","6":"product_cat-84","7":"product_cat-s","9":"first","10":"instock","11":"taxable","12":"shipping-taxable","13":"purchasable","14":"product-type-simple"},"aioseo_notices":[],"_wp_attached_file":null,"_wp_attachment_metadata":null,"_wc_attachment_source":null,"_elementor_inline_svg":null,"_elementor_is_screenshot":null,"_elementor_source_image_hash":null,"_source_url":null,"_wp_attachment_context":null,"_menu_item_type":null,"_menu_item_menu_item_parent":null,"_menu_item_object_id":null,"_menu_item_object":null,"_menu_item_target":null,"_menu_item_classes":null,"_menu_item_xfn":null,"_menu_item_url":null,"__elementor_forms_snapshot":null,"_unit":"","_unit_base":"","_unit_product":"","_unit_price_auto":"no","_unit_price_regular":"","_unit_price":"","_unit_price_sale":"","_sale_price_label":"","_sale_price_regular_label":"","_manufacturer_slug":"","_mini_desc":"","_defect_description":"","_safety_instructions":"","_allergen_ids":[],"_warranty_attachment_id":"","_safety_attachment_ids":[],"_min_age":"","_ts_gtin":"","_ts_mpn":"","_delivery_time_countries":[],"_free_shipping":"no","_service":"no","_photovoltaic_system":"no","_used_good":"no","_defective_copy":"no","_wireless_electronic_device":"no","_device_contains_power_supply":"no","_device_charging_supports_usb_pd":"no","_device_charging_watt_min":"0","_device_charging_watt_max":"0","_is_food":"no","_differential_taxation":"no","_gzd_version":"3.18.7","_hs_code":"","_customs_description":"","_manufacture_country":"0","_is_non_returnable":"no","_shipping_length":"","_shipping_width":"","_shipping_height":"","_sku":"ISBN 978-3-86442-327-7","_global_unique_id":"978-3-86442-327-7","_regular_price":"19.8","total_sales":"0","_tax_status":"taxable","_tax_class":"","_manage_stock":"no","_backorders":"no","_sold_individually":"no","_weight":"1","_virtual":"no","_downloadable":"no","_download_limit":"-1","_download_expiry":"-1","_stock":"","_stock_status":"instock","_wc_average_rating":"0","_wc_review_count":"0","_product_version":"9.7.1","_price":"19.8","shopengine_product_views_count":"2655","_thumbnail_id":"5183","_product_attributes":{"erscheinungsdatum":{"name":"Erscheinungsdatum","value":"25.06.2020","position":0,"is_visible":1,"is_variation":0,"is_taxonomy":0,"checkout_visible":0}},"_nutrient_ids":[],"_upsell_ids":null,"pswc_subtitle":null,"_default_delivery_time":null,"_wp_desired_post_slug":null,"_isbn":null,"pageType":null,"isExternalUrl":null,"pageId":null,"externalUrl":null,"hideCookieBanner":null,"isTargetBlank":null,"isProviderCurrentWebsite":null,"isEmbeddingOnlyExternalResources":null,"legalBasis":null,"dataProcessingInCountries":null,"dataProcessingInCountriesSpecialTreatments":null,"technicalDefinitions":null,"googleConsentModeConsentTypes":null,"executePriority":null,"executeCodeOptInWhenNoTagManagerConsentIsGiven":null,"executeCodeOptOutWhenNoTagManagerConsentIsGiven":null,"deleteTechnicalDefinitionsAfterOptOut":null,"presetId":null,"presetVersion":null,"provider":null,"providerContactPhone":null,"providerContactEmail":null,"providerContactLink":null,"uniqueName":null,"providerPrivacyPolicyUrl":null,"providerLegalNoticeUrl":null,"codeOptIn":null,"codeOptOut":null,"codeOnPageLoad":null,"language_code":null,"shopengine_template__post_meta__type":null,"shopengine_template__post_meta":null,"shopengine_template__post_meta__edit_with":null,"origin":null,"_enabled":null,"_filters":null,"_layout":null,"_elementor_import_session_id":null,"_wp_trash_meta_status":null,"_wp_trash_meta_time":null,"_edit_lock":"1743254675:2","_elementor_floating_elements_type":null,"_elementor_edit_mode":null,"_elementor_template_type":null,"tc-thumb-fld":{"_thumb_id":5183,"_thumb_type":"thumb"},"_wp_page_template":"default","_elementor_version":null,"_elementor_pro_version":null,"_elementor_page_settings":null,"_elementor_data":null,"_elementor_conditions":null,"_elementor_popup_display_settings":null,"_edit_last":"2","_elementor_template_sub_type":null,"_elementor_controls_usage":null,"_elementor_screenshot":null,"_elementor_css":null,"_elementor_page_assets":[],"_elementor_element_cache":null,"_elementor_screenshot_failed":null,"_elementor_source":null,"_wp_old_date":null,"layout_key":"","post_slider_check_key":"0","_links":{"self":[{"href":"https:\/\/snoeck.de\/es\/wp-json\/wp\/v2\/product\/3768","targetHints":{"allow":["GET"]}}],"collection":[{"href":"https:\/\/snoeck.de\/es\/wp-json\/wp\/v2\/product"}],"about":[{"href":"https:\/\/snoeck.de\/es\/wp-json\/wp\/v2\/types\/product"}],"wp:featuredmedia":[{"embeddable":true,"href":"https:\/\/snoeck.de\/es\/wp-json\/wp\/v2\/media\/5183"}],"wp:attachment":[{"href":"https:\/\/snoeck.de\/es\/wp-json\/wp\/v2\/media?parent=3768"}],"wp:term":[{"taxonomy":"product_brand","embeddable":true,"href":"https:\/\/snoeck.de\/es\/wp-json\/wp\/v2\/product_brand?post=3768"},{"taxonomy":"product_cat","embeddable":true,"href":"https:\/\/snoeck.de\/es\/wp-json\/wp\/v2\/product_cat?post=3768"},{"taxonomy":"product_tag","embeddable":true,"href":"https:\/\/snoeck.de\/es\/wp-json\/wp\/v2\/product_tag?post=3768"}],"curies":[{"name":"wp","href":"https:\/\/api.w.org\/{rel}","templated":true}]}}