{"id":3769,"date":"2025-01-31T11:32:24","date_gmt":"2025-01-31T11:32:24","guid":{"rendered":"https:\/\/snoeck.process-vision.de\/shop\/henning-strassburger-mai-2023\/"},"modified":"2025-03-30T13:48:17","modified_gmt":"2025-03-30T13:48:17","slug":"henning-strassburger-mai-2023","status":"publish","type":"product","link":"https:\/\/snoeck.de\/es\/shop\/henning-strassburger-mai-2023\/","title":{"rendered":"Henning Strassburger: mayo de 2023"},"content":{"rendered":"<p>FEEL GOODDana \u017daja: Para preparar esta entrevista, hab\u00eda le\u00eddo textos sobre sus cuadros y encontr\u00e9 esta frase del cat\u00e1logo de su primera exposici\u00f3n con nosotros: \"Strassburger integra material encontrado de la realidad como parte de un momento presente espec\u00edfico. Todo queda registrado, se combinan cosas dispares y se escribe sobre ellas: Angustia existencial, cultura de la diversi\u00f3n y satisfacci\u00f3n de la lujuria\". Cuando pens\u00e9 en esto, la primera pregunta que me hice fue: \u00bfqu\u00e9 significa realmente la realidad para ti?<br \/>\nHenning Strassburger: Me gusta bastante \"angustia existencial, cultura de la diversi\u00f3n y satisfacci\u00f3n de la lujuria\". M\u00e1s realidad es dif\u00edcilmente posible. Pero no me considero precisamente un experto en interpretar la realidad.<br \/>\nDZ: En sus notas sobre pintura, escribe sobre la abstracci\u00f3n: \"El cuadro abstracto perfecto se consigue cuando se ha convertido en papel pintado\". \u00bfLo ve como algo negativo? Entonces, \u00bfpor qu\u00e9 pint\u00f3 abstracto durante tanto tiempo? \u00bfY por qu\u00e9 no ahora?<br \/>\nHS: El a\u00f1o pasado consegu\u00ed el estatus de papel pintado, y estoy bastante contento de poder decirlo. Misi\u00f3n cumplida. Sin embargo, no me apetec\u00eda mucho seguir haci\u00e9ndolo como marca comercial y fuente segura de ingresos. Tengo colegas que pueden hacerlo mejor y llevarlo como un gran negocio. Pero quer\u00eda volver a la aventura. Puse todo lo que ten\u00eda en el \u00faltimo cuadro abstracto por el momento y luego me cerr\u00e9 la puerta. No me apetece pintar todos los d\u00edas el mismo cuadro.<br \/>\nDZ: Tu obsesi\u00f3n por los charcos y las salpicaduras adquiere ahora un toque melanc\u00f3lico en su instancia figurativa, que a su vez se rompe con tu t\u00edpica paleta de colores.<br \/>\nHS: Me gusta trabajar sobre el tema, tiene mucho que ver. Ahora a\u00f1ado la figura como problema. Tengo la sensaci\u00f3n de que ella mira cr\u00edticamente mi cuadro al mismo tiempo que yo la pinto a ella. Quiz\u00e1 con un movimiento de cabeza, no lo s\u00e9. Puedo confrontar a las figuras con un cuadro ante el que tienen que posicionarse. Tal vez se doblen un poco ante \u00e9l o se sientan abrumadas por \u00e9l. En cualquier caso, me da un margen de maniobra en el que puedo abrir este barril. Lo hab\u00eda agotado para m\u00ed con los cuadros abstractos.<br \/>\nDZ: \"Mientras la humanidad pueda ver, habr\u00e1 pintura\". Por un lado, parece como si quisiera que el espectador se viera en sus cuadros o se sumergiera en ellos. Por otro lado, a menudo mezcla sus colores con blanco para que los cuadros queden planos. \u00bfEs importante para usted que un cuadro se perciba en su median\u00eda? \u00bfO m\u00e1s bien deber\u00edan provocar la autorreflexi\u00f3n del espectador?<br \/>\nHS: Eso suena muy esot\u00e9rico. Pero, por supuesto, el objetivo de la pintura debe ser que alguien la mire. Y la planitud es el dominio de la pintura porque, conservadoramente hablando, tiene lugar sobre una superficie. Tambi\u00e9n puedes sumergirte en algo en una videoinstalaci\u00f3n o en el arte de entretenimiento participativo. Pero cuando te pones delante de la pintura, siempre se activa la sinapsis cerebral que te dice: \u00a1Imagen! Esto podr\u00eda verse como una falta de complejidad, pero es esta insuficiencia lo que realmente hace que funcione.<br \/>\n(Extractos de la entrevista)Exposici\u00f3n:<br \/>\nCFA Bellas Artes Contempor\u00e1neas de Berl\u00edn: 28\/4 - 17\/6\/2023<\/p>","protected":false},"excerpt":{"rendered":"<p>Cat\u00e1logo de la exposici\u00f3n, editado por Bruno Brunnet y Nicole Hackert<br \/>\nEntrevista (alem\u00e1n\/ingl\u00e9s) de Dana \u017daja con Henning Strassburger<br \/>\n40 p. con 34 ilustraciones col. ilustraciones<br \/>\nFormato 28 x 20 cm, folleto<\/p>","protected":false},"featured_media":5184,"template":"","meta":[],"product_brand":[],"product_cat":[87,76],"product_tag":[],"class_list":{"0":"post-3769","1":"product","2":"type-product","3":"status-publish","4":"has-post-thumbnail","6":"product_cat-87","7":"product_cat-s","9":"first","10":"instock","11":"taxable","12":"shipping-taxable","13":"purchasable","14":"product-type-simple"},"aioseo_notices":[],"_wp_attached_file":null,"_wp_attachment_metadata":null,"_wc_attachment_source":null,"_elementor_inline_svg":null,"_elementor_is_screenshot":null,"_elementor_source_image_hash":null,"_source_url":null,"_wp_attachment_context":null,"_menu_item_type":null,"_menu_item_menu_item_parent":null,"_menu_item_object_id":null,"_menu_item_object":null,"_menu_item_target":null,"_menu_item_classes":null,"_menu_item_xfn":null,"_menu_item_url":null,"__elementor_forms_snapshot":null,"_unit":"","_unit_base":"","_unit_product":"","_unit_price_auto":"no","_unit_price_regular":"","_unit_price":"","_unit_price_sale":"","_sale_price_label":"","_sale_price_regular_label":"","_manufacturer_slug":"","_mini_desc":"","_defect_description":"","_safety_instructions":"","_allergen_ids":[],"_warranty_attachment_id":"","_safety_attachment_ids":[],"_min_age":"","_ts_gtin":"","_ts_mpn":"","_delivery_time_countries":[],"_free_shipping":"no","_service":"no","_photovoltaic_system":"no","_used_good":"no","_defective_copy":"no","_wireless_electronic_device":"no","_device_contains_power_supply":"no","_device_charging_supports_usb_pd":"no","_device_charging_watt_min":"0","_device_charging_watt_max":"0","_is_food":"no","_differential_taxation":"no","_gzd_version":"3.18.7","_hs_code":"","_customs_description":"","_manufacture_country":"0","_is_non_returnable":"no","_shipping_length":"","_shipping_width":"","_shipping_height":"","_sku":"ISBN 978-3-86442-417-5","_global_unique_id":"978-3-86442-417-5","_regular_price":"24.8","total_sales":"0","_tax_status":"taxable","_tax_class":"","_manage_stock":"no","_backorders":"no","_sold_individually":"no","_weight":"1","_virtual":"no","_downloadable":"no","_download_limit":"-1","_download_expiry":"-1","_stock":"","_stock_status":"instock","_wc_average_rating":"0","_wc_review_count":"0","_product_version":"9.7.1","_price":"24.8","shopengine_product_views_count":"2596","_thumbnail_id":"5184","_product_attributes":{"erscheinungsdatum":{"name":"Erscheinungsdatum","value":"05.02.2023","position":0,"is_visible":1,"is_variation":0,"is_taxonomy":0,"checkout_visible":0}},"_nutrient_ids":[],"_upsell_ids":null,"pswc_subtitle":null,"_default_delivery_time":null,"_wp_desired_post_slug":null,"_isbn":null,"pageType":null,"isExternalUrl":null,"pageId":null,"externalUrl":null,"hideCookieBanner":null,"isTargetBlank":null,"isProviderCurrentWebsite":null,"isEmbeddingOnlyExternalResources":null,"legalBasis":null,"dataProcessingInCountries":null,"dataProcessingInCountriesSpecialTreatments":null,"technicalDefinitions":null,"googleConsentModeConsentTypes":null,"executePriority":null,"executeCodeOptInWhenNoTagManagerConsentIsGiven":null,"executeCodeOptOutWhenNoTagManagerConsentIsGiven":null,"deleteTechnicalDefinitionsAfterOptOut":null,"presetId":null,"presetVersion":null,"provider":null,"providerContactPhone":null,"providerContactEmail":null,"providerContactLink":null,"uniqueName":null,"providerPrivacyPolicyUrl":null,"providerLegalNoticeUrl":null,"codeOptIn":null,"codeOptOut":null,"codeOnPageLoad":null,"language_code":null,"shopengine_template__post_meta__type":null,"shopengine_template__post_meta":null,"shopengine_template__post_meta__edit_with":null,"origin":null,"_enabled":null,"_filters":null,"_layout":null,"_elementor_import_session_id":null,"_wp_trash_meta_status":null,"_wp_trash_meta_time":null,"_edit_lock":"1743342358:2","_elementor_floating_elements_type":null,"_elementor_edit_mode":null,"_elementor_template_type":null,"tc-thumb-fld":{"_thumb_id":5184,"_thumb_type":"thumb"},"_wp_page_template":"default","_elementor_version":null,"_elementor_pro_version":null,"_elementor_page_settings":null,"_elementor_data":null,"_elementor_conditions":null,"_elementor_popup_display_settings":null,"_edit_last":"2","_elementor_template_sub_type":null,"_elementor_controls_usage":null,"_elementor_screenshot":null,"_elementor_css":null,"_elementor_page_assets":[],"_elementor_element_cache":null,"_elementor_screenshot_failed":null,"_elementor_source":null,"_wp_old_date":null,"layout_key":"","post_slider_check_key":"0","_links":{"self":[{"href":"https:\/\/snoeck.de\/es\/wp-json\/wp\/v2\/product\/3769","targetHints":{"allow":["GET"]}}],"collection":[{"href":"https:\/\/snoeck.de\/es\/wp-json\/wp\/v2\/product"}],"about":[{"href":"https:\/\/snoeck.de\/es\/wp-json\/wp\/v2\/types\/product"}],"wp:featuredmedia":[{"embeddable":true,"href":"https:\/\/snoeck.de\/es\/wp-json\/wp\/v2\/media\/5184"}],"wp:attachment":[{"href":"https:\/\/snoeck.de\/es\/wp-json\/wp\/v2\/media?parent=3769"}],"wp:term":[{"taxonomy":"product_brand","embeddable":true,"href":"https:\/\/snoeck.de\/es\/wp-json\/wp\/v2\/product_brand?post=3769"},{"taxonomy":"product_cat","embeddable":true,"href":"https:\/\/snoeck.de\/es\/wp-json\/wp\/v2\/product_cat?post=3769"},{"taxonomy":"product_tag","embeddable":true,"href":"https:\/\/snoeck.de\/es\/wp-json\/wp\/v2\/product_tag?post=3769"}],"curies":[{"name":"wp","href":"https:\/\/api.w.org\/{rel}","templated":true}]}}