{"id":3778,"date":"2025-01-31T11:32:29","date_gmt":"2025-01-31T11:32:29","guid":{"rendered":"https:\/\/snoeck.process-vision.de\/shop\/sung-tieu-one-thousand-times\/"},"modified":"2025-03-29T09:30:05","modified_gmt":"2025-03-29T09:30:05","slug":"sung-tieu-one-thousand-times","status":"publish","type":"product","link":"https:\/\/snoeck.de\/es\/shop\/sung-tieu-one-thousand-times\/","title":{"rendered":"Sung Tieu: Mil veces"},"content":{"rendered":"<h3>La forma al servicio del contenido<\/h3>\n<p>Las instalaciones de la artista berlinesa Sung Tieu (*1987 Hai Duong, Vietnam) abordan la relaci\u00f3n rec\u00edproca (coercitiva) entre burocracia e identidad. El punto de partida de sus obras es su investigaci\u00f3n sobre el acuerdo de contrataci\u00f3n de trabajadores vietnamitas en la antigua RDA. Con el trasfondo de su propia biograf\u00eda, comenz\u00f3 a examinar el complejo trasfondo sociopol\u00edtico de este contexto migratorio espec\u00edfico. Se superponen aspectos del r\u00e9gimen laboral, la regulaci\u00f3n del espacio vital y el control de la esfera privada. Sung Tieu rastrea sistem\u00e1ticamente estos contextos migratorios, pol\u00edticos y econ\u00f3micos en su trabajo de archivo y condensa los resultados de su investigaci\u00f3n en narrativas audiovisuales atmosf\u00e9ricamente impresionantes en instalaciones espaciales que combinan objetos, intervenciones arquitect\u00f3nicas, documentos, dibujos, v\u00eddeos y grabaciones sonoras. En t\u00e9rminos de est\u00e9tica formal, sus obras se basan en el arte minimalista y el arte conceptual. Sin embargo, lo que en un principio parece contradecir el enfoque pol\u00edtico-narrativo de la artista, representa una forma de compromiso cr\u00edtico que pone a prueba la creencia convencional en la autonom\u00eda del arte y su interpretaci\u00f3n. Para Tieu, la forma est\u00e1 al servicio del contenido. Esto tambi\u00e9n es evidente en el dise\u00f1o de esta publicaci\u00f3n, que reproduce parte del material de investigaci\u00f3n y de archivo de Tieu, as\u00ed como toda su serie de documentos burocr\u00e1ticos en una estricta estructura cuadriculada. Ensayos sobre historia del arte y una entrevista con la artista aportan informaci\u00f3n adicional sobre otras influencias y referencias importantes en su obra art\u00edstica.<\/p>\n<p>Exposiciones:<br \/>\nMuseo de Arte de Winterthur, 16\/9 - 19\/11\/2023<br \/>\nKunsthalle de N\u00faremberg, 9\/3 - 9\/6\/2024<\/p>","protected":false},"excerpt":{"rendered":"<p>Cat\u00e1logo de la exposici\u00f3n, Kunst Museum Winterthur, editado por Lynn Kost<br \/>\nTextos (alem\u00e1n\/ingl\u00e9s) de Eva Bentcheva, Kito Nedo, Christina Schwenkel<br \/>\n232 pp. con 72 ilustraciones en color y 125 en blanco y negro<br \/>\nFormato 29,7 x 21 cm, tapa blanda<\/p>","protected":false},"featured_media":5193,"template":"","meta":[],"product_brand":[],"product_cat":[87,76,77],"product_tag":[],"class_list":{"0":"post-3778","1":"product","2":"type-product","3":"status-publish","4":"has-post-thumbnail","6":"product_cat-87","7":"product_cat-s","8":"product_cat-t","10":"first","11":"instock","12":"taxable","13":"shipping-taxable","14":"purchasable","15":"product-type-simple"},"aioseo_notices":[],"_wp_attached_file":null,"_wp_attachment_metadata":null,"_wc_attachment_source":null,"_elementor_inline_svg":null,"_elementor_is_screenshot":null,"_elementor_source_image_hash":null,"_source_url":null,"_wp_attachment_context":null,"_menu_item_type":null,"_menu_item_menu_item_parent":null,"_menu_item_object_id":null,"_menu_item_object":null,"_menu_item_target":null,"_menu_item_classes":null,"_menu_item_xfn":null,"_menu_item_url":null,"__elementor_forms_snapshot":null,"_unit":"","_unit_base":"","_unit_product":"","_unit_price_auto":"no","_unit_price_regular":"","_unit_price":"","_unit_price_sale":"","_sale_price_label":"","_sale_price_regular_label":"","_manufacturer_slug":"","_mini_desc":"","_defect_description":"","_safety_instructions":"","_allergen_ids":[],"_warranty_attachment_id":"","_safety_attachment_ids":[],"_min_age":"","_ts_gtin":"","_ts_mpn":"","_delivery_time_countries":[],"_free_shipping":"no","_service":"no","_photovoltaic_system":"no","_used_good":"no","_defective_copy":"no","_wireless_electronic_device":"no","_device_contains_power_supply":"no","_device_charging_supports_usb_pd":"no","_device_charging_watt_min":"0","_device_charging_watt_max":"0","_is_food":"no","_differential_taxation":"no","_gzd_version":"3.18.7","_hs_code":"","_customs_description":"","_manufacture_country":"0","_is_non_returnable":"no","_shipping_length":"","_shipping_width":"","_shipping_height":"","_sku":"ISBN 978-3-86442-426-7","_global_unique_id":"978-3-86442-426-7","_regular_price":"48","total_sales":"0","_tax_status":"taxable","_tax_class":"","_manage_stock":"no","_backorders":"no","_sold_individually":"no","_weight":"1","_virtual":"no","_downloadable":"no","_download_limit":"-1","_download_expiry":"-1","_stock":"","_stock_status":"instock","_wc_average_rating":"0","_wc_review_count":"0","_product_version":"9.7.1","_price":"48","shopengine_product_views_count":"3127","_thumbnail_id":"5193","_product_attributes":{"erscheinungsdatum":{"name":"Fecha de publicaci\u00f3n","value":"20.11.2023","position":0,"is_visible":1,"is_variation":0,"is_taxonomy":0,"checkout_visible":0}},"_nutrient_ids":[],"_upsell_ids":null,"pswc_subtitle":null,"_default_delivery_time":null,"_wp_desired_post_slug":null,"_isbn":null,"pageType":null,"isExternalUrl":null,"pageId":null,"externalUrl":null,"hideCookieBanner":null,"isTargetBlank":null,"isProviderCurrentWebsite":null,"isEmbeddingOnlyExternalResources":null,"legalBasis":null,"dataProcessingInCountries":null,"dataProcessingInCountriesSpecialTreatments":null,"technicalDefinitions":null,"googleConsentModeConsentTypes":null,"executePriority":null,"executeCodeOptInWhenNoTagManagerConsentIsGiven":null,"executeCodeOptOutWhenNoTagManagerConsentIsGiven":null,"deleteTechnicalDefinitionsAfterOptOut":null,"presetId":null,"presetVersion":null,"provider":null,"providerContactPhone":null,"providerContactEmail":null,"providerContactLink":null,"uniqueName":null,"providerPrivacyPolicyUrl":null,"providerLegalNoticeUrl":null,"codeOptIn":null,"codeOptOut":null,"codeOnPageLoad":null,"language_code":null,"shopengine_template__post_meta__type":null,"shopengine_template__post_meta":null,"shopengine_template__post_meta__edit_with":null,"origin":null,"_enabled":null,"_filters":null,"_layout":null,"_elementor_import_session_id":null,"_wp_trash_meta_status":null,"_wp_trash_meta_time":null,"_edit_lock":"1743240523:2","_elementor_floating_elements_type":null,"_elementor_edit_mode":null,"_elementor_template_type":null,"tc-thumb-fld":{"_thumb_id":5193,"_thumb_type":"thumb"},"_wp_page_template":"default","_elementor_version":null,"_elementor_pro_version":null,"_elementor_page_settings":null,"_elementor_data":null,"_elementor_conditions":null,"_elementor_popup_display_settings":null,"_edit_last":"2","_elementor_template_sub_type":null,"_elementor_controls_usage":null,"_elementor_screenshot":null,"_elementor_css":null,"_elementor_page_assets":[],"_elementor_element_cache":null,"_elementor_screenshot_failed":null,"_elementor_source":null,"_wp_old_date":null,"layout_key":"","post_slider_check_key":"0","_links":{"self":[{"href":"https:\/\/snoeck.de\/es\/wp-json\/wp\/v2\/product\/3778","targetHints":{"allow":["GET"]}}],"collection":[{"href":"https:\/\/snoeck.de\/es\/wp-json\/wp\/v2\/product"}],"about":[{"href":"https:\/\/snoeck.de\/es\/wp-json\/wp\/v2\/types\/product"}],"wp:featuredmedia":[{"embeddable":true,"href":"https:\/\/snoeck.de\/es\/wp-json\/wp\/v2\/media\/5193"}],"wp:attachment":[{"href":"https:\/\/snoeck.de\/es\/wp-json\/wp\/v2\/media?parent=3778"}],"wp:term":[{"taxonomy":"product_brand","embeddable":true,"href":"https:\/\/snoeck.de\/es\/wp-json\/wp\/v2\/product_brand?post=3778"},{"taxonomy":"product_cat","embeddable":true,"href":"https:\/\/snoeck.de\/es\/wp-json\/wp\/v2\/product_cat?post=3778"},{"taxonomy":"product_tag","embeddable":true,"href":"https:\/\/snoeck.de\/es\/wp-json\/wp\/v2\/product_tag?post=3778"}],"curies":[{"name":"wp","href":"https:\/\/api.w.org\/{rel}","templated":true}]}}