{"id":3779,"date":"2025-01-31T11:32:30","date_gmt":"2025-01-31T11:32:30","guid":{"rendered":"https:\/\/snoeck.process-vision.de\/shop\/barthelemy-toguo-faith-can-move-mountains\/"},"modified":"2026-04-08T15:31:08","modified_gmt":"2026-04-08T14:31:08","slug":"barthelemy-toguo-faith-can-move-mountains","status":"publish","type":"product","link":"https:\/\/snoeck.de\/es\/shop\/barthelemy-toguo-faith-can-move-mountains\/","title":{"rendered":"Barth\u00e9l\u00e9my Toguo: la fe puede mover monta\u00f1as"},"content":{"rendered":"<h3>SI NO ES AHORA \u00bfCU\u00c1NDO?<\/h3>\n<p>En su pr\u00e1ctica art\u00edstica, Barth\u00e9l\u00e9my Toguo (*1967) plantea cuestiones de gran actualidad sobre la identidad y la pertenencia social y tematiza la migraci\u00f3n, la huida, el desplazamiento y las restricciones derivadas de las fronteras territoriales y las pol\u00edticas de soberan\u00eda. Con su doble nacionalidad camerunesa y francesa como tel\u00f3n de fondo, adopta una postura expl\u00edcitamente antieuroc\u00e9ntrica. Su atenci\u00f3n se centra en las causas de los trastornos ecol\u00f3gicos y sus consecuencias sociales. Las palabras clave en este contexto son La falta de agua potable e industrial, la evoluci\u00f3n indeseable de la agricultura, los efectos del cambio clim\u00e1tico, la corrupci\u00f3n, la guerra, la falta de perspectivas de desarrollo econ\u00f3mico, etc. En sus obras, ya sean pinturas, dibujos, esculturas, performances o instalaciones, combina lo humano con la naturaleza: \"Lo que me gu\u00eda es una est\u00e9tica en constante evoluci\u00f3n, pero tambi\u00e9n un sentido de la \u00e9tica que marca la diferencia y estructura todo mi enfoque\". El libro muestra obras nuevas creadas especialmente para la exposici\u00f3n de Esslingen, remakes e instalaciones adaptadas y presenta una peque\u00f1a retrospectiva de la obra del artista.<\/p>\n<p>Exposici\u00f3n:<br \/>\nGaler\u00eda Villa Merkel de la ciudad de Esslingen, 7\/8 - 23\/10\/2022<\/p>","protected":false},"excerpt":{"rendered":"<p>Cat\u00e1logo de la exposici\u00f3n, Villa Merkel Esslingen, editado por Andreas Baur<br \/>\nTexto (alem\u00e1n\/ingl\u00e9s\/franc\u00e9s) de Andreas Baur y entrevista con Barth\u00e9lemy Toguo por Hans Ulrich Obrist<br \/>\n128 p. con 100 ilustraciones en color<br \/>\nFormato 28 x 21 cm, tapa blanda gofrada<\/p>","protected":false},"featured_media":5194,"template":"","meta":[],"product_brand":[],"product_cat":[95],"product_tag":[],"class_list":{"0":"post-3779","1":"product","2":"type-product","3":"status-publish","4":"has-post-thumbnail","6":"product_cat-vergriffen","8":"first","9":"outofstock","10":"taxable","11":"shipping-taxable","12":"product-type-simple"},"aioseo_notices":[],"_wp_attached_file":null,"_wp_attachment_metadata":null,"_wc_attachment_source":null,"_elementor_inline_svg":null,"_elementor_is_screenshot":null,"_elementor_source_image_hash":null,"_source_url":null,"_wp_attachment_context":null,"_menu_item_type":null,"_menu_item_menu_item_parent":null,"_menu_item_object_id":null,"_menu_item_object":null,"_menu_item_target":null,"_menu_item_classes":null,"_menu_item_xfn":null,"_menu_item_url":null,"__elementor_forms_snapshot":null,"_unit":"","_unit_base":"","_unit_product":"","_unit_price_auto":"no","_unit_price_regular":"","_unit_price":"","_unit_price_sale":"","_sale_price_label":"","_sale_price_regular_label":"","_manufacturer_slug":"","_mini_desc":"","_defect_description":"","_safety_instructions":"","_allergen_ids":[],"_warranty_attachment_id":"","_safety_attachment_ids":[],"_min_age":"","_ts_gtin":"","_ts_mpn":"","_delivery_time_countries":[],"_free_shipping":"no","_service":"no","_photovoltaic_system":"no","_used_good":"no","_defective_copy":"no","_wireless_electronic_device":"no","_device_contains_power_supply":"no","_device_charging_supports_usb_pd":"no","_device_charging_watt_min":"0","_device_charging_watt_max":"0","_is_food":"no","_differential_taxation":"no","_gzd_version":"3.18.7","_hs_code":"","_customs_description":"","_manufacture_country":"0","_is_non_returnable":"no","_shipping_length":"","_shipping_width":"","_shipping_height":"","_sku":"ISBN 978-3-86442-402-1","_global_unique_id":"978-3-86442-402-1","_regular_price":null,"total_sales":"0","_tax_status":"taxable","_tax_class":"","_manage_stock":"no","_backorders":"no","_sold_individually":"no","_weight":"1","_virtual":"no","_downloadable":"no","_download_limit":"-1","_download_expiry":"-1","_stock":"","_stock_status":"outofstock","_wc_average_rating":"0","_wc_review_count":"0","_product_version":"10.1.4","_price":"","shopengine_product_views_count":"3098","_thumbnail_id":"5194","_product_attributes":{"erscheinungsdatum":{"name":"Erscheinungsdatum","value":"14.07.2023","position":0,"is_visible":1,"is_variation":0,"is_taxonomy":0,"checkout_visible":0}},"_nutrient_ids":[],"_upsell_ids":null,"pswc_subtitle":null,"_default_delivery_time":null,"_wp_desired_post_slug":null,"_isbn":null,"pageType":null,"isExternalUrl":null,"pageId":null,"externalUrl":null,"hideCookieBanner":null,"isTargetBlank":null,"isProviderCurrentWebsite":null,"isEmbeddingOnlyExternalResources":null,"legalBasis":null,"dataProcessingInCountries":null,"dataProcessingInCountriesSpecialTreatments":null,"technicalDefinitions":null,"googleConsentModeConsentTypes":null,"executePriority":null,"executeCodeOptInWhenNoTagManagerConsentIsGiven":null,"executeCodeOptOutWhenNoTagManagerConsentIsGiven":null,"deleteTechnicalDefinitionsAfterOptOut":null,"presetId":null,"presetVersion":null,"provider":null,"providerContactPhone":null,"providerContactEmail":null,"providerContactLink":null,"uniqueName":null,"providerPrivacyPolicyUrl":null,"providerLegalNoticeUrl":null,"codeOptIn":null,"codeOptOut":null,"codeOnPageLoad":null,"language_code":null,"shopengine_template__post_meta__type":null,"shopengine_template__post_meta":null,"shopengine_template__post_meta__edit_with":null,"origin":null,"_enabled":null,"_filters":null,"_layout":null,"_elementor_import_session_id":null,"_wp_trash_meta_status":null,"_wp_trash_meta_time":null,"_edit_lock":"1743240310:2","_elementor_floating_elements_type":null,"_elementor_edit_mode":null,"_elementor_template_type":null,"tc-thumb-fld":{"_thumb_id":5194,"_thumb_type":"thumb"},"_wp_page_template":"default","_elementor_version":null,"_elementor_pro_version":null,"_elementor_page_settings":null,"_elementor_data":null,"_elementor_conditions":null,"_elementor_popup_display_settings":null,"_edit_last":"2","_elementor_template_sub_type":null,"_elementor_controls_usage":null,"_elementor_screenshot":null,"_elementor_css":null,"_elementor_page_assets":[],"_elementor_element_cache":null,"_elementor_screenshot_failed":null,"_elementor_source":null,"_wp_old_date":null,"layout_key":"","post_slider_check_key":"0","_links":{"self":[{"href":"https:\/\/snoeck.de\/es\/wp-json\/wp\/v2\/product\/3779","targetHints":{"allow":["GET"]}}],"collection":[{"href":"https:\/\/snoeck.de\/es\/wp-json\/wp\/v2\/product"}],"about":[{"href":"https:\/\/snoeck.de\/es\/wp-json\/wp\/v2\/types\/product"}],"wp:featuredmedia":[{"embeddable":true,"href":"https:\/\/snoeck.de\/es\/wp-json\/wp\/v2\/media\/5194"}],"wp:attachment":[{"href":"https:\/\/snoeck.de\/es\/wp-json\/wp\/v2\/media?parent=3779"}],"wp:term":[{"taxonomy":"product_brand","embeddable":true,"href":"https:\/\/snoeck.de\/es\/wp-json\/wp\/v2\/product_brand?post=3779"},{"taxonomy":"product_cat","embeddable":true,"href":"https:\/\/snoeck.de\/es\/wp-json\/wp\/v2\/product_cat?post=3779"},{"taxonomy":"product_tag","embeddable":true,"href":"https:\/\/snoeck.de\/es\/wp-json\/wp\/v2\/product_tag?post=3779"}],"curies":[{"name":"wp","href":"https:\/\/api.w.org\/{rel}","templated":true}]}}