{"id":3780,"date":"2025-01-31T11:32:31","date_gmt":"2025-01-31T11:32:31","guid":{"rendered":"https:\/\/snoeck.process-vision.de\/shop\/klaus-martin-treder-yes-what\/"},"modified":"2025-03-29T09:26:08","modified_gmt":"2025-03-29T09:26:08","slug":"klaus-martin-treder-yes-what","status":"publish","type":"product","link":"https:\/\/snoeck.de\/es\/shop\/klaus-martin-treder-yes-what\/","title":{"rendered":"Klaus-Martin Treder: S\u00cd-QU\u00c9"},"content":{"rendered":"<h3>Fotos - Objetos - Carteles<\/h3>\n<p>Klaus-Martin Treder (*1961) llama a una serie de sus pinturas acr\u00edlicas \"P\u00e9rdida de orientaci\u00f3n y est\u00e9tica\". Sin embargo, su obra se estructura en tres formatos claramente diferenciables, de modo que la p\u00e9rdida de orientaci\u00f3n puede entenderse m\u00e1s como el motivo de las obras y menos como la base operativa de su creaci\u00f3n. En primer lugar, est\u00e1n las pinturas y obras sobre papel resumidas como \"cuadros\" en series y grupos de obras, despu\u00e9s los \"objetos\" y, por \u00faltimo, los \"carteles\". Su obra est\u00e1 llena de referencias t\u00e9cnicas y discursivas autorreferenciales y externas. Combinando libremente los distintos pasos de producci\u00f3n, el artista utiliza el montaje para reunir pieles de color, esbeltas cascadas de gotas o incluso torpes guirnaldas con fondos de color goteados y vertidos. Los elementos del cuadro sobresalen precariamente de la superficie, sobresalen o cuelgan libremente m\u00e1s all\u00e1 del per\u00edmetro, para empezar a moverse suavemente con una corriente de aire o amenazar con caerse incluso cuando se manipulan con delicadeza. Esto pone de relieve el car\u00e1cter objetual que inevitablemente tienen los cuadros pintados y, al mismo tiempo, plantea la cuesti\u00f3n del espacio en el que un cuadro se presenta y puede entenderse como cuadro. La cuesti\u00f3n del efecto y el significado de los cuadros tambi\u00e9n se intensifica por los elementos aplicados a la superficie del cuadro: un colorido arsenal de cosas familiares de la vida cotidiana: Caramelos y golosinas, pintalabios y champ\u00fa, granos de caf\u00e9 y corbatas, spray para el asma y tubos de pintura, incluso vello corporal y de la cabeza. Tambi\u00e9n llama la atenci\u00f3n el desenfrenado colorido, que no es ni expresivo ni formalista. En la materializaci\u00f3n conceptual de la pintura del tubo -\u00a1\"ready made\", por as\u00ed decirlo! - la pintura se redefine aqu\u00ed como instituci\u00f3n del arte en su estatuto ontol\u00f3gico. En cuanto al dise\u00f1o, el libro sigue el concepto del artista de colocar una secci\u00f3n de cuatro p\u00e1ginas, de diferente color, pero sin imprimir, alrededor de cada dos hojas impresas, creando as\u00ed una especie de \"pausa\" contemplativa. De este modo, este volumen transmite el verdadero placer del arte del libro, es decir, tener algo en las manos para hojearlo, moverlo y detenerse un momento.<\/p>","protected":false},"excerpt":{"rendered":"<p>Texto (alem\u00e1n\/ingl\u00e9s) de Hans-J\u00fcrgen Hafner<br \/>\n280 p. con 160 ilustraciones en color<br \/>\nFormato 28 x 21 cm, r\u00fastica con sobrecubierta<\/p>","protected":false},"featured_media":5195,"template":"","meta":[],"product_brand":[],"product_cat":[111,77],"product_tag":[],"class_list":{"0":"post-3780","1":"product","2":"type-product","3":"status-publish","4":"has-post-thumbnail","6":"product_cat-111","7":"product_cat-t","9":"first","10":"instock","11":"taxable","12":"shipping-taxable","13":"purchasable","14":"product-type-simple"},"aioseo_notices":[],"_wp_attached_file":null,"_wp_attachment_metadata":null,"_wc_attachment_source":null,"_elementor_inline_svg":null,"_elementor_is_screenshot":null,"_elementor_source_image_hash":null,"_source_url":null,"_wp_attachment_context":null,"_menu_item_type":null,"_menu_item_menu_item_parent":null,"_menu_item_object_id":null,"_menu_item_object":null,"_menu_item_target":null,"_menu_item_classes":null,"_menu_item_xfn":null,"_menu_item_url":null,"__elementor_forms_snapshot":null,"_unit":"","_unit_base":"","_unit_product":"","_unit_price_auto":"no","_unit_price_regular":"","_unit_price":"","_unit_price_sale":"","_sale_price_label":"","_sale_price_regular_label":"","_manufacturer_slug":"","_mini_desc":"","_defect_description":"","_safety_instructions":"","_allergen_ids":[],"_warranty_attachment_id":"","_safety_attachment_ids":[],"_min_age":"","_ts_gtin":"","_ts_mpn":"","_delivery_time_countries":[],"_free_shipping":"no","_service":"no","_photovoltaic_system":"no","_used_good":"no","_defective_copy":"no","_wireless_electronic_device":"no","_device_contains_power_supply":"no","_device_charging_supports_usb_pd":"no","_device_charging_watt_min":"0","_device_charging_watt_max":"0","_is_food":"no","_differential_taxation":"no","_gzd_version":"3.18.7","_hs_code":"","_customs_description":"","_manufacture_country":"0","_is_non_returnable":"no","_shipping_length":"","_shipping_width":"","_shipping_height":"","_sku":"ISBN 978-3-86442-268-3","_global_unique_id":"978-3-86442-268-3","_regular_price":"48","total_sales":"0","_tax_status":"taxable","_tax_class":"","_manage_stock":"no","_backorders":"no","_sold_individually":"no","_weight":"2","_virtual":"no","_downloadable":"no","_download_limit":"-1","_download_expiry":"-1","_stock":"","_stock_status":"instock","_wc_average_rating":"0","_wc_review_count":"0","_product_version":"9.7.1","_price":"48","shopengine_product_views_count":"2909","_thumbnail_id":"5195","_product_attributes":{"erscheinungsdatum":{"name":"Erscheinungsdatum","value":"01.10.2018","position":0,"is_visible":1,"is_variation":0,"is_taxonomy":0,"checkout_visible":0}},"_nutrient_ids":[],"_upsell_ids":null,"pswc_subtitle":null,"_default_delivery_time":null,"_wp_desired_post_slug":null,"_isbn":null,"pageType":null,"isExternalUrl":null,"pageId":null,"externalUrl":null,"hideCookieBanner":null,"isTargetBlank":null,"isProviderCurrentWebsite":null,"isEmbeddingOnlyExternalResources":null,"legalBasis":null,"dataProcessingInCountries":null,"dataProcessingInCountriesSpecialTreatments":null,"technicalDefinitions":null,"googleConsentModeConsentTypes":null,"executePriority":null,"executeCodeOptInWhenNoTagManagerConsentIsGiven":null,"executeCodeOptOutWhenNoTagManagerConsentIsGiven":null,"deleteTechnicalDefinitionsAfterOptOut":null,"presetId":null,"presetVersion":null,"provider":null,"providerContactPhone":null,"providerContactEmail":null,"providerContactLink":null,"uniqueName":null,"providerPrivacyPolicyUrl":null,"providerLegalNoticeUrl":null,"codeOptIn":null,"codeOptOut":null,"codeOnPageLoad":null,"language_code":null,"shopengine_template__post_meta__type":null,"shopengine_template__post_meta":null,"shopengine_template__post_meta__edit_with":null,"origin":null,"_enabled":null,"_filters":null,"_layout":null,"_elementor_import_session_id":null,"_wp_trash_meta_status":null,"_wp_trash_meta_time":null,"_edit_lock":"1743240232:2","_elementor_floating_elements_type":null,"_elementor_edit_mode":null,"_elementor_template_type":null,"tc-thumb-fld":{"_thumb_id":5195,"_thumb_type":"thumb"},"_wp_page_template":"default","_elementor_version":null,"_elementor_pro_version":null,"_elementor_page_settings":null,"_elementor_data":null,"_elementor_conditions":null,"_elementor_popup_display_settings":null,"_edit_last":"2","_elementor_template_sub_type":null,"_elementor_controls_usage":null,"_elementor_screenshot":null,"_elementor_css":null,"_elementor_page_assets":[],"_elementor_element_cache":null,"_elementor_screenshot_failed":null,"_elementor_source":null,"_wp_old_date":null,"layout_key":"","post_slider_check_key":"0","_links":{"self":[{"href":"https:\/\/snoeck.de\/es\/wp-json\/wp\/v2\/product\/3780","targetHints":{"allow":["GET"]}}],"collection":[{"href":"https:\/\/snoeck.de\/es\/wp-json\/wp\/v2\/product"}],"about":[{"href":"https:\/\/snoeck.de\/es\/wp-json\/wp\/v2\/types\/product"}],"wp:featuredmedia":[{"embeddable":true,"href":"https:\/\/snoeck.de\/es\/wp-json\/wp\/v2\/media\/5195"}],"wp:attachment":[{"href":"https:\/\/snoeck.de\/es\/wp-json\/wp\/v2\/media?parent=3780"}],"wp:term":[{"taxonomy":"product_brand","embeddable":true,"href":"https:\/\/snoeck.de\/es\/wp-json\/wp\/v2\/product_brand?post=3780"},{"taxonomy":"product_cat","embeddable":true,"href":"https:\/\/snoeck.de\/es\/wp-json\/wp\/v2\/product_cat?post=3780"},{"taxonomy":"product_tag","embeddable":true,"href":"https:\/\/snoeck.de\/es\/wp-json\/wp\/v2\/product_tag?post=3780"}],"curies":[{"name":"wp","href":"https:\/\/api.w.org\/{rel}","templated":true}]}}