{"id":3782,"date":"2025-01-31T11:32:32","date_gmt":"2025-01-31T11:32:32","guid":{"rendered":"https:\/\/snoeck.process-vision.de\/shop\/elmar-trenkwalder\/"},"modified":"2025-03-29T09:21:14","modified_gmt":"2025-03-29T09:21:14","slug":"elmar-trenkwalder","status":"publish","type":"product","link":"https:\/\/snoeck.de\/es\/shop\/elmar-trenkwalder\/","title":{"rendered":"Elmar Trenkwalder"},"content":{"rendered":"<h3>Ornamento y obsesi\u00f3n<\/h3>\n<p>Cualquiera que se enfrente por primera vez al arte de Elmar Trenkwalder, ya sea con sus dibujos, sus primeras pinturas o las esculturas de arcilla de los \u00faltimos a\u00f1os, no dejar\u00e1 de sorprenderse. El teatro arquitect\u00f3nico antropom\u00f3rfico de Elmar Trenkwalder re\u00fane una obra \u00fanica en su g\u00e9nero. Afincado en Colonia desde mediados de la d\u00e9cada de 1980, el artista, nacido en 1959 y residente en Innsbruck, cosech\u00f3 inicialmente un \u00e9xito menor con dibujos y pinturas simbolistas en los que marcos de moqueta, pero luego de arcilla, desplazan y expanden el contenido pict\u00f3rico hacia la periferia. Sus primeras obras en arcilla vidriada coloreada destacan por su singular expresi\u00f3n f\u00edsica del cuerpo masculino, que Elmar Trenkwalder ve formando una unidad imposible con el cuerpo femenino en una cierta tradici\u00f3n austriaca de la transgresi\u00f3n de los l\u00edmites sexuales en su funci\u00f3n de eyaculaci\u00f3n y excreci\u00f3n como parte de un todo ideal.<br \/>\nA las representaciones figurativas individuales siguen pronto las esculturas de conjuntos arquitect\u00f3nicos de varias partes, que, sin embargo, no propagan un nuevo Kamasutra, sino que recuerdan m\u00e1s bien los templos hind\u00faes o las catedrales g\u00f3ticas y rom\u00e1nicas, as\u00ed como las fachadas barrocas. Pero tambi\u00e9n en este caso, los fragmentos corporales y genitales de formas variadas act\u00faan como una carga sensual, aunque la arquitectura atrae inicialmente la mirada hacia el conjunto, su disposici\u00f3n, y s\u00f3lo m\u00e1s tarde hacia el detalle, las figuraciones est\u00e1n estrictamente esquematizadas y no ejecutadas con precisi\u00f3n en detalle. Peter Weiermair calific\u00f3 en una ocasi\u00f3n de \"agridulce\" este enfoque de su obra, que ve en la particular tensi\u00f3n transformadora entre el programa visual y el material, atribuida en particular a la \"decoraci\u00f3n\" por su tradici\u00f3n y aura artesanal.<br \/>\nPor primera vez, este volumen presenta una panor\u00e1mica completa de la obra de Elmar Trenkwalder con motivo de una cooperaci\u00f3n europea que abarca varias estaciones.<\/p>\n<p>Exposiciones:<br \/>\nMuseo de Arte de Turgovia, Cartuja de Ittingen, 1\/4 - 10\/7\/2012<br \/>\nKunsthalle Krems, 15\/7 - 14\/10\/2012<br \/>\nCasa Gerhard Marcks, Bremen, 28\/10\/2012 - 17\/2\/2013<br \/>\nMUba Eug\u00e8ne Leroy Tourcoing, 17\/4 - 24\/11\/2014<\/p>","protected":false},"excerpt":{"rendered":"<p>Cat\u00e1logo de la exposici\u00f3n, Kunstmuseum Thurgau \/ Kartause Ittingen, Kunsthalle Krems, Gerhard Marcks Haus Bremen, MUba Eug\u00e8ne Leroy Tourcoing, editado por Evelyne-Doroth\u00e9e Allemand, Arie Hartog, Markus Landert, Hans-Peter Wipplinger<br \/>\nTextos (alem\u00e1n\/ingl\u00e9s\/franc\u00e9s) de Karim Ghaddab, Yannick Courb\u00e8s, Arie Hartog, Veronika Wiegartz, Peter Weiermair, Hans-Peter Wipplinger y entrevista de Dorothee Messmer con el artista.<br \/>\n272 p. con 250 ilustraciones en color<br \/>\nFormato 30 x 24 cm, folleto desplegable<\/p>","protected":false},"featured_media":5197,"template":"","meta":[],"product_brand":[],"product_cat":[103,77],"product_tag":[],"class_list":{"0":"post-3782","1":"product","2":"type-product","3":"status-publish","4":"has-post-thumbnail","6":"product_cat-103","7":"product_cat-t","9":"first","10":"instock","11":"taxable","12":"shipping-taxable","13":"purchasable","14":"product-type-simple"},"aioseo_notices":[],"_wp_attached_file":null,"_wp_attachment_metadata":null,"_wc_attachment_source":null,"_elementor_inline_svg":null,"_elementor_is_screenshot":null,"_elementor_source_image_hash":null,"_source_url":null,"_wp_attachment_context":null,"_menu_item_type":null,"_menu_item_menu_item_parent":null,"_menu_item_object_id":null,"_menu_item_object":null,"_menu_item_target":null,"_menu_item_classes":null,"_menu_item_xfn":null,"_menu_item_url":null,"__elementor_forms_snapshot":null,"_unit":"","_unit_base":"","_unit_product":"","_unit_price_auto":"no","_unit_price_regular":"","_unit_price":"","_unit_price_sale":"","_sale_price_label":"","_sale_price_regular_label":"","_manufacturer_slug":"","_mini_desc":"","_defect_description":"","_safety_instructions":"","_allergen_ids":[],"_warranty_attachment_id":"","_safety_attachment_ids":[],"_min_age":"","_ts_gtin":"","_ts_mpn":"","_delivery_time_countries":[],"_free_shipping":"no","_service":"no","_photovoltaic_system":"no","_used_good":"no","_defective_copy":"no","_wireless_electronic_device":"no","_device_contains_power_supply":"no","_device_charging_supports_usb_pd":"no","_device_charging_watt_min":"0","_device_charging_watt_max":"0","_is_food":"no","_differential_taxation":"no","_gzd_version":"3.18.7","_hs_code":"","_customs_description":"","_manufacture_country":"0","_is_non_returnable":"no","_shipping_length":"","_shipping_width":"","_shipping_height":"","_sku":"ISBN 978-3-86442-009-2","_global_unique_id":"978-3-86442-009-2","_regular_price":"39.8","total_sales":"0","_tax_status":"taxable","_tax_class":"","_manage_stock":"no","_backorders":"no","_sold_individually":"no","_weight":"1","_virtual":"no","_downloadable":"no","_download_limit":"-1","_download_expiry":"-1","_stock":"","_stock_status":"instock","_wc_average_rating":"0","_wc_review_count":"0","_product_version":"9.7.1","_price":"39.8","shopengine_product_views_count":"3278","_thumbnail_id":"5197","_product_attributes":{"erscheinungsdatum":{"name":"Fecha de publicaci\u00f3n","value":"03.04.2012","position":0,"is_visible":1,"is_variation":0,"is_taxonomy":0,"checkout_visible":0}},"_nutrient_ids":[],"_upsell_ids":null,"pswc_subtitle":null,"_default_delivery_time":null,"_wp_desired_post_slug":null,"_isbn":null,"pageType":null,"isExternalUrl":null,"pageId":null,"externalUrl":null,"hideCookieBanner":null,"isTargetBlank":null,"isProviderCurrentWebsite":null,"isEmbeddingOnlyExternalResources":null,"legalBasis":null,"dataProcessingInCountries":null,"dataProcessingInCountriesSpecialTreatments":null,"technicalDefinitions":null,"googleConsentModeConsentTypes":null,"executePriority":null,"executeCodeOptInWhenNoTagManagerConsentIsGiven":null,"executeCodeOptOutWhenNoTagManagerConsentIsGiven":null,"deleteTechnicalDefinitionsAfterOptOut":null,"presetId":null,"presetVersion":null,"provider":null,"providerContactPhone":null,"providerContactEmail":null,"providerContactLink":null,"uniqueName":null,"providerPrivacyPolicyUrl":null,"providerLegalNoticeUrl":null,"codeOptIn":null,"codeOptOut":null,"codeOnPageLoad":null,"language_code":null,"shopengine_template__post_meta__type":null,"shopengine_template__post_meta":null,"shopengine_template__post_meta__edit_with":null,"origin":null,"_enabled":null,"_filters":null,"_layout":null,"_elementor_import_session_id":null,"_wp_trash_meta_status":null,"_wp_trash_meta_time":null,"_edit_lock":"1743239940:2","_elementor_floating_elements_type":null,"_elementor_edit_mode":null,"_elementor_template_type":null,"tc-thumb-fld":{"_thumb_id":5197,"_thumb_type":"thumb"},"_wp_page_template":"default","_elementor_version":null,"_elementor_pro_version":null,"_elementor_page_settings":null,"_elementor_data":null,"_elementor_conditions":null,"_elementor_popup_display_settings":null,"_edit_last":"2","_elementor_template_sub_type":null,"_elementor_controls_usage":null,"_elementor_screenshot":null,"_elementor_css":null,"_elementor_page_assets":[],"_elementor_element_cache":null,"_elementor_screenshot_failed":null,"_elementor_source":null,"_wp_old_date":null,"layout_key":"","post_slider_check_key":"0","_links":{"self":[{"href":"https:\/\/snoeck.de\/es\/wp-json\/wp\/v2\/product\/3782","targetHints":{"allow":["GET"]}}],"collection":[{"href":"https:\/\/snoeck.de\/es\/wp-json\/wp\/v2\/product"}],"about":[{"href":"https:\/\/snoeck.de\/es\/wp-json\/wp\/v2\/types\/product"}],"wp:featuredmedia":[{"embeddable":true,"href":"https:\/\/snoeck.de\/es\/wp-json\/wp\/v2\/media\/5197"}],"wp:attachment":[{"href":"https:\/\/snoeck.de\/es\/wp-json\/wp\/v2\/media?parent=3782"}],"wp:term":[{"taxonomy":"product_brand","embeddable":true,"href":"https:\/\/snoeck.de\/es\/wp-json\/wp\/v2\/product_brand?post=3782"},{"taxonomy":"product_cat","embeddable":true,"href":"https:\/\/snoeck.de\/es\/wp-json\/wp\/v2\/product_cat?post=3782"},{"taxonomy":"product_tag","embeddable":true,"href":"https:\/\/snoeck.de\/es\/wp-json\/wp\/v2\/product_tag?post=3782"}],"curies":[{"name":"wp","href":"https:\/\/api.w.org\/{rel}","templated":true}]}}