{"id":3783,"date":"2025-01-31T11:32:32","date_gmt":"2025-01-31T11:32:32","guid":{"rendered":"https:\/\/snoeck.process-vision.de\/shop\/luca-trevisani\/"},"modified":"2026-04-08T15:01:58","modified_gmt":"2026-04-08T14:01:58","slug":"luca-trevisani","status":"publish","type":"product","link":"https:\/\/snoeck.de\/es\/shop\/luca-trevisani\/","title":{"rendered":"Luca Trevisani"},"content":{"rendered":"<h3>El objeto ambiguo. La obra de arte como proceso<\/h3>\n<p>Renate Wiehager proporciona la referencia central para el m\u00e9todo de trabajo de Luca Trevisani al poner en juego a Le Corbusier, quien se inspir\u00f3 para su arquitectura amorfa en objetos encontrados en la frontera entre la naturaleza y la cultura. Sin embargo, el mundo de formas recopiladas asociativamente de Luca Trevisani se nutre de un fondo m\u00e1s amplio, multimedia y completamente contempor\u00e1neo: dise\u00f1o gr\u00e1fico y de producto, procesos de cultivo, material cartogr\u00e1fico cient\u00edfico, literatura, t\u00e9cnicas artesanales, historia del arte, tejidos y elementos de la naturaleza, fotos y materiales del mundo de la moda. Luca Trevisani somete este material a un proceso continuo de lectura y relectura, traducci\u00f3n, deconstrucci\u00f3n y construcci\u00f3n, a partir del cual se desarrollan modelos y objetos art\u00edsticos, que tambi\u00e9n pueden reflejarse en su material de origen, quiz\u00e1 para ser reinterpretados en una direcci\u00f3n diferente. Los cristales azules producidos artificialmente, resultado de ciertas reacciones qu\u00edmicas, dominan uno de los grupos de obras actuales. Plantas secas, como mazorcas de ma\u00edz, parcialmente recubiertas de cristales reflectantes de la luz en azul Yves Klein, se convierten en formas h\u00e1ptica y visualmente atractivas, espantosamente bellas, inventadas e inventadas en el reino intermedio entre la naturaleza y el arte. Seg\u00fan Nicolas Bourriaud, esto se alimenta como una \"fluidez de cuerpos y signos\", resultado de nuestro \"vagabundeo cultural\" y \"un modo de resistencia contra el formateo generalmente extendido y una especie de guerrilla formal\". El bello volumen, dise\u00f1ado seg\u00fan las especificaciones del artista, ofrece una visi\u00f3n completa de su obra. Luca Trevisani, nacido en Verona en 1979, vive actualmente en Berl\u00edn y recientemente ha celebrado importantes exposiciones individuales en el Museo Marino Marini de Florencia y el MACRO de Roma.<\/p>","protected":false},"excerpt":{"rendered":"<p>Editado por Renate Wiehager para la Colecci\u00f3n de Arte Daimler<br \/>\nTexto (alem\u00e1n\/ingl\u00e9s) de Renate Wiehager, con una entrevista de Luca Lo Pinto con el artista<br \/>\nTextos (en ingl\u00e9s) de Andrea Cortellessa y Luca Trevisani<br \/>\n320 p. con 30 ilustraciones en b\/n y 390 en color<br \/>\nFormato 28 x 22,5 cm, tapa dura<\/p>","protected":false},"featured_media":5198,"template":"","meta":[],"product_brand":[],"product_cat":[95],"product_tag":[],"class_list":{"0":"post-3783","1":"product","2":"type-product","3":"status-publish","4":"has-post-thumbnail","6":"product_cat-vergriffen","8":"first","9":"outofstock","10":"taxable","11":"shipping-taxable","12":"product-type-simple"},"aioseo_notices":[],"_wp_attached_file":null,"_wp_attachment_metadata":null,"_wc_attachment_source":null,"_elementor_inline_svg":null,"_elementor_is_screenshot":null,"_elementor_source_image_hash":null,"_source_url":null,"_wp_attachment_context":null,"_menu_item_type":null,"_menu_item_menu_item_parent":null,"_menu_item_object_id":null,"_menu_item_object":null,"_menu_item_target":null,"_menu_item_classes":null,"_menu_item_xfn":null,"_menu_item_url":null,"__elementor_forms_snapshot":null,"_unit":"","_unit_base":"","_unit_product":"","_unit_price_auto":"no","_unit_price_regular":"","_unit_price":"","_unit_price_sale":"","_sale_price_label":"","_sale_price_regular_label":"","_manufacturer_slug":"","_mini_desc":"","_defect_description":"","_safety_instructions":"","_allergen_ids":[],"_warranty_attachment_id":"","_safety_attachment_ids":[],"_min_age":"","_ts_gtin":"","_ts_mpn":"","_delivery_time_countries":[],"_free_shipping":"no","_service":"no","_photovoltaic_system":"no","_used_good":"no","_defective_copy":"no","_wireless_electronic_device":"no","_device_contains_power_supply":"no","_device_charging_supports_usb_pd":"no","_device_charging_watt_min":"0","_device_charging_watt_max":"0","_is_food":"no","_differential_taxation":"no","_gzd_version":"3.18.7","_hs_code":"","_customs_description":"","_manufacture_country":"0","_is_non_returnable":"no","_shipping_length":"","_shipping_width":"","_shipping_height":"","_sku":"ISBN 978-3-86442-106-8","_global_unique_id":"978-3-86442-106-8","_regular_price":null,"total_sales":"0","_tax_status":"taxable","_tax_class":"","_manage_stock":"no","_backorders":"no","_sold_individually":"no","_weight":"2","_virtual":"no","_downloadable":"no","_download_limit":"-1","_download_expiry":"-1","_stock":"","_stock_status":"outofstock","_wc_average_rating":"0","_wc_review_count":"0","_product_version":"10.1.4","_price":"","shopengine_product_views_count":"2869","_thumbnail_id":"5198","_product_attributes":{"erscheinungsdatum":{"name":"Fecha de publicaci\u00f3n","value":"31.10.2014","position":0,"is_visible":1,"is_variation":0,"is_taxonomy":0,"checkout_visible":0}},"_nutrient_ids":[],"_upsell_ids":null,"pswc_subtitle":null,"_default_delivery_time":null,"_wp_desired_post_slug":null,"_isbn":null,"pageType":null,"isExternalUrl":null,"pageId":null,"externalUrl":null,"hideCookieBanner":null,"isTargetBlank":null,"isProviderCurrentWebsite":null,"isEmbeddingOnlyExternalResources":null,"legalBasis":null,"dataProcessingInCountries":null,"dataProcessingInCountriesSpecialTreatments":null,"technicalDefinitions":null,"googleConsentModeConsentTypes":null,"executePriority":null,"executeCodeOptInWhenNoTagManagerConsentIsGiven":null,"executeCodeOptOutWhenNoTagManagerConsentIsGiven":null,"deleteTechnicalDefinitionsAfterOptOut":null,"presetId":null,"presetVersion":null,"provider":null,"providerContactPhone":null,"providerContactEmail":null,"providerContactLink":null,"uniqueName":null,"providerPrivacyPolicyUrl":null,"providerLegalNoticeUrl":null,"codeOptIn":null,"codeOptOut":null,"codeOnPageLoad":null,"language_code":null,"shopengine_template__post_meta__type":null,"shopengine_template__post_meta":null,"shopengine_template__post_meta__edit_with":null,"origin":null,"_enabled":null,"_filters":null,"_layout":null,"_elementor_import_session_id":null,"_wp_trash_meta_status":null,"_wp_trash_meta_time":null,"_edit_lock":"1743239589:2","_elementor_floating_elements_type":null,"_elementor_edit_mode":null,"_elementor_template_type":null,"tc-thumb-fld":{"_thumb_id":5198,"_thumb_type":"thumb"},"_wp_page_template":"default","_elementor_version":null,"_elementor_pro_version":null,"_elementor_page_settings":null,"_elementor_data":null,"_elementor_conditions":null,"_elementor_popup_display_settings":null,"_edit_last":"2","_elementor_template_sub_type":null,"_elementor_controls_usage":null,"_elementor_screenshot":null,"_elementor_css":null,"_elementor_page_assets":[],"_elementor_element_cache":null,"_elementor_screenshot_failed":null,"_elementor_source":null,"_wp_old_date":null,"layout_key":"","post_slider_check_key":"0","_links":{"self":[{"href":"https:\/\/snoeck.de\/es\/wp-json\/wp\/v2\/product\/3783","targetHints":{"allow":["GET"]}}],"collection":[{"href":"https:\/\/snoeck.de\/es\/wp-json\/wp\/v2\/product"}],"about":[{"href":"https:\/\/snoeck.de\/es\/wp-json\/wp\/v2\/types\/product"}],"wp:featuredmedia":[{"embeddable":true,"href":"https:\/\/snoeck.de\/es\/wp-json\/wp\/v2\/media\/5198"}],"wp:attachment":[{"href":"https:\/\/snoeck.de\/es\/wp-json\/wp\/v2\/media?parent=3783"}],"wp:term":[{"taxonomy":"product_brand","embeddable":true,"href":"https:\/\/snoeck.de\/es\/wp-json\/wp\/v2\/product_brand?post=3783"},{"taxonomy":"product_cat","embeddable":true,"href":"https:\/\/snoeck.de\/es\/wp-json\/wp\/v2\/product_cat?post=3783"},{"taxonomy":"product_tag","embeddable":true,"href":"https:\/\/snoeck.de\/es\/wp-json\/wp\/v2\/product_tag?post=3783"}],"curies":[{"name":"wp","href":"https:\/\/api.w.org\/{rel}","templated":true}]}}