{"id":3785,"date":"2025-01-31T11:32:33","date_gmt":"2025-01-31T11:32:33","guid":{"rendered":"https:\/\/snoeck.process-vision.de\/shop\/umbo-fotograf\/"},"modified":"2025-03-29T09:11:33","modified_gmt":"2025-03-29T09:11:33","slug":"umbo-fotograf","status":"publish","type":"product","link":"https:\/\/snoeck.de\/es\/shop\/umbo-fotograf\/","title":{"rendered":"UMBO. FOT\u00d3GRAFO."},"content":{"rendered":"<h3>UMBO: el \"big bang\" de la fotograf\u00eda moderna<\/h3>\n<p>UMBO - este nombre ha sido sin\u00f3nimo de una especie de \"big bang\" de la fotograf\u00eda moderna a mediados de la d\u00e9cada de 1920, a m\u00e1s tardar desde la retrospectiva de este artista organizada por Herbert Molderings en 1995: UMBO, nacido Otto Maximilian Umbehr en D\u00fcsseldorf en 1902, el segundo de diez hijos de un ingeniero civil y una maestra, est\u00e1 considerado como el inventor de la imagen de la Nueva Mujer, la nueva imagen de la calle, el reportaje fotogr\u00e1fico por excelencia. Su nombre representa la salida juvenil de los p\u00e1jaros viajeros de la era Wilhelmine a principios de la Bauhaus. Tambi\u00e9n es sin\u00f3nimo de la metr\u00f3polis medi\u00e1tica de Berl\u00edn, que en los a\u00f1os veinte se inspiraba sobre todo en los inmigrantes de Europa del Este, de una escena cinematogr\u00e1fica, musical, teatral y de cabaret en r\u00e1pido desarrollo, de atisbos en los patios traseros y las cocinas de los desbordados conventillos. UMBO: Este es el joven artista inseguro de s\u00ed mismo que, gracias a los impulsos que recibi\u00f3 de su profesor de la Bauhaus Johannes Itten y de su amigo artista Paul Citroen, se hace famoso como fot\u00f3grafo pr\u00e1cticamente de la noche a la ma\u00f1ana y participa en todas las exposiciones vanguardistas importantes de su \u00e9poca; que, seg\u00fan la historia, sobrevive al nacionalsocialismo como \"anti\", cuyo estudio y archivo de Berl\u00edn son completamente destruidos por las bombas en 1943 y cuyos intentos de volver a conectar con su antigua existencia como fot\u00f3grafo vanguardista en el milagro econ\u00f3mico de la Alemania Occidental de posguerra en Hannover fracasan; cuya expresiva obra temprana y luego neo-objetiva fue redescubierta en la d\u00e9cada de 1970; y que en 1979, poco antes de su muerte, tuvo su primera exposici\u00f3n individual en un contexto muse\u00edstico en la Spectrum Photogalerie del \"Kunstmuseum Hannover mit Sammlung Sprengel\". Esta publicaci\u00f3n, que presenta una selecci\u00f3n de 200 obras y numerosos documentos, se basa en gran medida en el patrimonio de UMBO. Protegido y trasladado durante d\u00e9cadas por Phyllis Umbehr, hija del artista, y el galerista Rudolf Kicken, el patrimonio de UMBO fue adquirido conjuntamente por la Fundaci\u00f3n Bauhaus Dessau, la Berlinische Galerie y el Sprengel Museum Hannover en 2016 gracias al compromiso de numerosos socios. M\u00e1s de 600 fotograf\u00edas y un amplio material de origen, complementado con adquisiciones anteriores de las instituciones asociadas Berlinische Galerie y Bauhaus Dessau Foundation, y en el caso del Sprengel Museum Hannover del archivo de posguerra REPORT\/ Simon Guttmann, Londres, forman el fondo. Y, sin embargo, la pregunta de c\u00f3mo se entreteji\u00f3 este fot\u00f3grafo en los complicados procesos hist\u00f3ricos de su \u00e9poca s\u00f3lo puede responderse vagamente: s\u00f3lo han sobrevivido las primeras fotograf\u00edas que UMBO pas\u00f3 a sus amigos como sus mejores o regal\u00f3 a unos pocos coleccionistas. En el curso de la digitalizaci\u00f3n de colecciones de im\u00e1genes, tambi\u00e9n han salido a la superficie en repetidas ocasiones fotograf\u00edas que circularon -no siempre bajo el nombre de UMBO- en agencias de prensa y editoriales de aquellos a\u00f1os. No obstante, el material, complementado con publicaciones de prensa seleccionadas, ofrece una imagen extremadamente multicapa y colorista, una biograf\u00eda del artista del siglo XX llena de discontinuidades, rupturas y preguntas sin respuesta. Se trata de una biograf\u00eda art\u00edstica del siglo XX llena de discontinuidades, rupturas y preguntas sin respuesta, que giran en torno al fracaso de las vanguardias y a la dificultad de aprovechar sus \u00e9xitos despu\u00e9s de la Segunda Guerra Mundial. La publicaci\u00f3n UMBO. FOTOGRAF. ofrece por tanto la oportunidad de reexaminar las numerosas proyecciones asociadas al nombre UMBO m\u00e1s de dos d\u00e9cadas despu\u00e9s de la primera retrospectiva.<\/p>\n<p>Exposiciones:<br \/>\nMuseo Sprengel de Hannover, 8\/2-12\/5\/2019<br \/>\nBerlinische Galerie, Berl\u00edn, 21\/2-25\/5\/2020<\/p>","protected":false},"excerpt":{"rendered":"<p>Cat\u00e1logo de la exposici\u00f3n, Sprengel Museum Hannover, editado por Inka Schube<br \/>\nTextos (alem\u00e1n) de Inka Kristina Blaschke-Walther, Ute El Nahawi y Maria Bortfeldt, Michael Glasmeier, Stella Jaeger, Anthea Kennedy e Ian Wiblin, Angela Lammert, Annelie L\u00fctgens, Sabrina Mandanici, Patrick R\u00f6ssler, Bernd Stiegler, Christoph Wagner, Georg Wiesing-Brandes, Inka Schube<br \/>\n336 p. con 320 ilustraciones en duotono<br \/>\nFormato 27 x 23 cm, lino con sobrecubierta<\/p>","protected":false},"featured_media":5200,"template":"","meta":[],"product_brand":[],"product_cat":[110,90,78],"product_tag":[],"class_list":{"0":"post-3785","1":"product","2":"type-product","3":"status-publish","4":"has-post-thumbnail","6":"product_cat-110","7":"product_cat-rare-books","8":"product_cat-u","10":"first","11":"instock","12":"taxable","13":"shipping-taxable","14":"purchasable","15":"product-type-simple"},"aioseo_notices":[],"_wp_attached_file":null,"_wp_attachment_metadata":null,"_wc_attachment_source":null,"_elementor_inline_svg":null,"_elementor_is_screenshot":null,"_elementor_source_image_hash":null,"_source_url":null,"_wp_attachment_context":null,"_menu_item_type":null,"_menu_item_menu_item_parent":null,"_menu_item_object_id":null,"_menu_item_object":null,"_menu_item_target":null,"_menu_item_classes":null,"_menu_item_xfn":null,"_menu_item_url":null,"__elementor_forms_snapshot":null,"_unit":"","_unit_base":"","_unit_product":"","_unit_price_auto":"no","_unit_price_regular":"","_unit_price":"","_unit_price_sale":"","_sale_price_label":"","_sale_price_regular_label":"","_manufacturer_slug":"","_mini_desc":"","_defect_description":"","_safety_instructions":"","_allergen_ids":[],"_warranty_attachment_id":"","_safety_attachment_ids":[],"_min_age":"","_ts_gtin":"","_ts_mpn":"","_delivery_time_countries":[],"_free_shipping":"no","_service":"no","_photovoltaic_system":"no","_used_good":"no","_defective_copy":"no","_wireless_electronic_device":"no","_device_contains_power_supply":"no","_device_charging_supports_usb_pd":"no","_device_charging_watt_min":"0","_device_charging_watt_max":"0","_is_food":"no","_differential_taxation":"no","_gzd_version":"3.18.7","_hs_code":"","_customs_description":"","_manufacture_country":"0","_is_non_returnable":"no","_shipping_length":"","_shipping_width":"","_shipping_height":"","_sku":"ISBN 978-3-86442-280-5","_global_unique_id":"978-3-86442-280-5","_regular_price":"98","total_sales":"0","_tax_status":"taxable","_tax_class":"","_manage_stock":"no","_backorders":"no","_sold_individually":"no","_weight":"2","_virtual":"no","_downloadable":"no","_download_limit":"-1","_download_expiry":"-1","_stock":"","_stock_status":"instock","_wc_average_rating":"0","_wc_review_count":"0","_product_version":"9.7.1","_price":"98","shopengine_product_views_count":"3560","_thumbnail_id":"5200","_product_attributes":{"erscheinungsdatum":{"name":"Fecha de publicaci\u00f3n","value":"08.02.2019","position":0,"is_visible":1,"is_variation":0,"is_taxonomy":0,"checkout_visible":0}},"_nutrient_ids":[],"_upsell_ids":null,"pswc_subtitle":null,"_default_delivery_time":"","_wp_desired_post_slug":null,"_isbn":null,"pageType":null,"isExternalUrl":null,"pageId":null,"externalUrl":null,"hideCookieBanner":null,"isTargetBlank":null,"isProviderCurrentWebsite":null,"isEmbeddingOnlyExternalResources":null,"legalBasis":null,"dataProcessingInCountries":null,"dataProcessingInCountriesSpecialTreatments":null,"technicalDefinitions":null,"googleConsentModeConsentTypes":null,"executePriority":null,"executeCodeOptInWhenNoTagManagerConsentIsGiven":null,"executeCodeOptOutWhenNoTagManagerConsentIsGiven":null,"deleteTechnicalDefinitionsAfterOptOut":null,"presetId":null,"presetVersion":null,"provider":null,"providerContactPhone":null,"providerContactEmail":null,"providerContactLink":null,"uniqueName":null,"providerPrivacyPolicyUrl":null,"providerLegalNoticeUrl":null,"codeOptIn":null,"codeOptOut":null,"codeOnPageLoad":null,"language_code":null,"shopengine_template__post_meta__type":null,"shopengine_template__post_meta":null,"shopengine_template__post_meta__edit_with":null,"origin":null,"_enabled":null,"_filters":null,"_layout":null,"_elementor_import_session_id":null,"_wp_trash_meta_status":null,"_wp_trash_meta_time":null,"_edit_lock":"1743239362:2","_elementor_floating_elements_type":null,"_elementor_edit_mode":null,"_elementor_template_type":null,"tc-thumb-fld":{"_thumb_id":5200,"_thumb_type":"thumb"},"_wp_page_template":"default","_elementor_version":null,"_elementor_pro_version":null,"_elementor_page_settings":null,"_elementor_data":null,"_elementor_conditions":null,"_elementor_popup_display_settings":null,"_edit_last":"2","_elementor_template_sub_type":null,"_elementor_controls_usage":null,"_elementor_screenshot":null,"_elementor_css":null,"_elementor_page_assets":[],"_elementor_element_cache":null,"_elementor_screenshot_failed":null,"_elementor_source":null,"_wp_old_date":null,"layout_key":"","post_slider_check_key":"0","_links":{"self":[{"href":"https:\/\/snoeck.de\/es\/wp-json\/wp\/v2\/product\/3785","targetHints":{"allow":["GET"]}}],"collection":[{"href":"https:\/\/snoeck.de\/es\/wp-json\/wp\/v2\/product"}],"about":[{"href":"https:\/\/snoeck.de\/es\/wp-json\/wp\/v2\/types\/product"}],"wp:featuredmedia":[{"embeddable":true,"href":"https:\/\/snoeck.de\/es\/wp-json\/wp\/v2\/media\/5200"}],"wp:attachment":[{"href":"https:\/\/snoeck.de\/es\/wp-json\/wp\/v2\/media?parent=3785"}],"wp:term":[{"taxonomy":"product_brand","embeddable":true,"href":"https:\/\/snoeck.de\/es\/wp-json\/wp\/v2\/product_brand?post=3785"},{"taxonomy":"product_cat","embeddable":true,"href":"https:\/\/snoeck.de\/es\/wp-json\/wp\/v2\/product_cat?post=3785"},{"taxonomy":"product_tag","embeddable":true,"href":"https:\/\/snoeck.de\/es\/wp-json\/wp\/v2\/product_tag?post=3785"}],"curies":[{"name":"wp","href":"https:\/\/api.w.org\/{rel}","templated":true}]}}