{"id":3786,"date":"2025-01-31T11:32:34","date_gmt":"2025-01-31T11:32:34","guid":{"rendered":"https:\/\/snoeck.process-vision.de\/shop\/umbo-photographer\/"},"modified":"2025-03-29T09:04:17","modified_gmt":"2025-03-29T09:04:17","slug":"umbo-photographer","status":"publish","type":"product","link":"https:\/\/snoeck.de\/es\/shop\/umbo-photographer\/","title":{"rendered":"UMBO. FOT\u00d3GRAFO"},"content":{"rendered":"<h3>UMBO: el \"big bang\" de la fotograf\u00eda moderna<\/h3>\n<p>UMBO - a m\u00e1s tardar desde la retrospectiva que Herbert Molderings dedic\u00f3 al artista en 1995, este nombre representa una especie de \"big bang\" de la fotograf\u00eda moderna a mediados de la d\u00e9cada de 1920: UMBO, nacido en 1902 en D\u00fcsseldorf como Otto Maximilian Umbehr, el segundo de diez hijos de un ingeniero civil y una maestra, est\u00e1 considerado el inventor de la imagen de la Nueva Mujer, la nueva imagen de la calle y el reportaje fotogr\u00e1fico per se. Su nombre representa la salida del movimiento juvenil alem\u00e1n del Wandervogel de la \u00e9poca guillermina a la Bauhaus temprana.Tambi\u00e9n representa la metr\u00f3polis medi\u00e1tica del Berl\u00edn de los a\u00f1os veinte, espoleada sobre todo por los inmigrantes de Europa del Este, por una escena cinematogr\u00e1fica, musical, teatral y de cabaret en r\u00e1pido desarrollo, por los atisbos en los patios traseros y las cocinas de las casas de vecindad desbordadas. UMBO: Este es el joven artista plagado de dudas sobre s\u00ed mismo que se hace famoso como fot\u00f3grafo casi de la noche a la ma\u00f1ana gracias a los impulsos recibidos por su profesor de la Bauhaus Johannes Itten y su amigo artista Paul Citroen y que, por tanto, participa en todas las exposiciones vanguardistas importantes de su \u00e9poca; y que, seg\u00fan la narraci\u00f3n, vive el nacionalsocialismo como un \"anti\" cuyo estudio y archivo berlineses son completamente destruidos por las bombas en 1943, y cuyo intento de revivir su antigua existencia como fot\u00f3grafo de vanguardia fracasa durante el milagro econ\u00f3mico de la posguerra alemana occidental en Hannover; cuya expresiva obra temprana, y luego nueva, es redescubierta en la d\u00e9cada de 1970; y que, en 1979, poco antes de su muerte, tiene su primera exposici\u00f3n individual en un contexto muse\u00edstico en la galer\u00eda fotogr\u00e1fica Spectrum del \"Kunstmuseum Hannover y Colecci\u00f3n Sprengel\". La publicaci\u00f3n, que presenta una selecci\u00f3n de 200 obras y numerosos documentos, se basa esencialmente en el patrimonio de UMBO. Protegido y trasladado durante d\u00e9cadas por Phyllis Umbehr, hija del artista, y el galerista Rudolf Kicken, el patrimonio de UMBO fue adquirido en 2016 gracias al compromiso de numerosos socios por la Fundaci\u00f3n Bauhaus Dessau, la Berlinische Galerie y el Sprengel Museum Hannover. M\u00e1s de 600 fotograf\u00edas y amplio material de origen, complementado por adquisiciones anteriores de las instituciones asociadas Berlinische Galerie y Bauhaus Dessau Foundation, y, en el caso del Sprengel Museum Hannover, del archivo de posguerra REPORT \/ Simon Guttmann, Londres, forman el fondo. Sin embargo, la pregunta de c\u00f3mo se relacionaba este fot\u00f3grafo con las complejas historias de su \u00e9poca s\u00f3lo puede responderse de forma bastante vaga: s\u00f3lo se han conservado las primeras fotograf\u00edas que UMBO pas\u00f3 como sus mejores a amigos, o que present\u00f3 a unos pocos coleccionistas. Adem\u00e1s, en el curso de la digitalizaci\u00f3n de los fondos de im\u00e1genes, suelen resurgir im\u00e1genes que circulaban -no siempre con el nombre de UMBO- en agencias de prensa y editoriales de aquellos a\u00f1os. No obstante, el material, completado con una selecci\u00f3n de comunicados de prensa, arroja una imagen deslumbrante y de gran complejidad, una biograf\u00eda del artista del siglo XX llena de discontinuidades, fracturas y preguntas sin respuesta. No menos importante, gira en torno al fracaso de las vanguardias y a la dificultad de dar continuidad a sus \u00e9xitos despu\u00e9s de la Segunda Guerra Mundial. La publicaci\u00f3n UMBO. PHOTOGRAPHER ofrece por tanto la oportunidad de reexaminar las numerosas proyecciones asociadas al nombre UMBO, m\u00e1s de dos d\u00e9cadas despu\u00e9s de la primera retrospectiva.<\/p>","protected":false},"excerpt":{"rendered":"<p>Cat. Sprengel Museum Hannover en cooperaci\u00f3n con la Berlinische Galerie y con el apoyo amistoso de la Stiftung Bauhaus Dessau; beneficiada por la Kulturstiftung des Bundes y el Estado de Baja Sajonia, ed. por Inka Schube<br \/>\nTextos (en ingl\u00e9s) de Inka Kristina Blaschke-Walther, Ute El Nahawi y Maria Bortfeldt, Michael Glasmeier, Stella Jaeger, Anthea Kennedy e Ian Wiblin, Angela Lammert, Annelie L\u00fctgens, Sabrina Mandanici, Patrick R\u00f6ssler, Bernd Stiegler, Christoph Wagner, Georg Wiesing-Brandes, Inka Schube et al.<br \/>\n336 p con 320 ilustraciones en duotono<br \/>\n280 x 230 mm, tela con sobrecubierta<\/p>","protected":false},"featured_media":5201,"template":"","meta":[],"product_brand":[],"product_cat":[110,90,78],"product_tag":[],"class_list":{"0":"post-3786","1":"product","2":"type-product","3":"status-publish","4":"has-post-thumbnail","6":"product_cat-110","7":"product_cat-rare-books","8":"product_cat-u","10":"first","11":"instock","12":"taxable","13":"shipping-taxable","14":"purchasable","15":"product-type-simple"},"aioseo_notices":[],"_wp_attached_file":null,"_wp_attachment_metadata":null,"_wc_attachment_source":null,"_elementor_inline_svg":null,"_elementor_is_screenshot":null,"_elementor_source_image_hash":null,"_source_url":null,"_wp_attachment_context":null,"_menu_item_type":null,"_menu_item_menu_item_parent":null,"_menu_item_object_id":null,"_menu_item_object":null,"_menu_item_target":null,"_menu_item_classes":null,"_menu_item_xfn":null,"_menu_item_url":null,"__elementor_forms_snapshot":null,"_unit":"","_unit_base":"","_unit_product":"","_unit_price_auto":"no","_unit_price_regular":"","_unit_price":"","_unit_price_sale":"","_sale_price_label":"","_sale_price_regular_label":"","_manufacturer_slug":"","_mini_desc":"","_defect_description":"","_safety_instructions":"","_allergen_ids":[],"_warranty_attachment_id":"","_safety_attachment_ids":[],"_min_age":"","_ts_gtin":"","_ts_mpn":"","_delivery_time_countries":[],"_free_shipping":"no","_service":"no","_photovoltaic_system":"no","_used_good":"no","_defective_copy":"no","_wireless_electronic_device":"no","_device_contains_power_supply":"no","_device_charging_supports_usb_pd":"no","_device_charging_watt_min":"0","_device_charging_watt_max":"0","_is_food":"no","_differential_taxation":"no","_gzd_version":"3.18.7","_hs_code":"","_customs_description":"","_manufacture_country":"0","_is_non_returnable":"no","_shipping_length":"","_shipping_width":"","_shipping_height":"","_sku":"ISBN 978-3-86442-288-1","_global_unique_id":"978-3-86442-288-1","_regular_price":"128","total_sales":"0","_tax_status":"taxable","_tax_class":"","_manage_stock":"no","_backorders":"no","_sold_individually":"no","_weight":"2","_virtual":"no","_downloadable":"no","_download_limit":"-1","_download_expiry":"-1","_stock":"","_stock_status":"instock","_wc_average_rating":"0","_wc_review_count":"0","_product_version":"9.7.1","_price":"128","shopengine_product_views_count":"3511","_thumbnail_id":"5201","_product_attributes":{"erscheinungsdatum":{"name":"Fecha de publicaci\u00f3n","value":"18.11.2019","position":0,"is_visible":1,"is_variation":0,"is_taxonomy":0,"checkout_visible":0}},"_nutrient_ids":[],"_upsell_ids":null,"pswc_subtitle":null,"_default_delivery_time":"","_wp_desired_post_slug":null,"_isbn":null,"pageType":null,"isExternalUrl":null,"pageId":null,"externalUrl":null,"hideCookieBanner":null,"isTargetBlank":null,"isProviderCurrentWebsite":null,"isEmbeddingOnlyExternalResources":null,"legalBasis":null,"dataProcessingInCountries":null,"dataProcessingInCountriesSpecialTreatments":null,"technicalDefinitions":null,"googleConsentModeConsentTypes":null,"executePriority":null,"executeCodeOptInWhenNoTagManagerConsentIsGiven":null,"executeCodeOptOutWhenNoTagManagerConsentIsGiven":null,"deleteTechnicalDefinitionsAfterOptOut":null,"presetId":null,"presetVersion":null,"provider":null,"providerContactPhone":null,"providerContactEmail":null,"providerContactLink":null,"uniqueName":null,"providerPrivacyPolicyUrl":null,"providerLegalNoticeUrl":null,"codeOptIn":null,"codeOptOut":null,"codeOnPageLoad":null,"language_code":null,"shopengine_template__post_meta__type":null,"shopengine_template__post_meta":null,"shopengine_template__post_meta__edit_with":null,"origin":null,"_enabled":null,"_filters":null,"_layout":null,"_elementor_import_session_id":null,"_wp_trash_meta_status":null,"_wp_trash_meta_time":null,"_edit_lock":"1743239404:2","_elementor_floating_elements_type":null,"_elementor_edit_mode":null,"_elementor_template_type":null,"tc-thumb-fld":{"_thumb_id":5201,"_thumb_type":"thumb"},"_wp_page_template":"default","_elementor_version":null,"_elementor_pro_version":null,"_elementor_page_settings":null,"_elementor_data":null,"_elementor_conditions":null,"_elementor_popup_display_settings":null,"_edit_last":"2","_elementor_template_sub_type":null,"_elementor_controls_usage":null,"_elementor_screenshot":null,"_elementor_css":null,"_elementor_page_assets":[],"_elementor_element_cache":null,"_elementor_screenshot_failed":null,"_elementor_source":null,"_wp_old_date":null,"layout_key":"","post_slider_check_key":"0","_links":{"self":[{"href":"https:\/\/snoeck.de\/es\/wp-json\/wp\/v2\/product\/3786","targetHints":{"allow":["GET"]}}],"collection":[{"href":"https:\/\/snoeck.de\/es\/wp-json\/wp\/v2\/product"}],"about":[{"href":"https:\/\/snoeck.de\/es\/wp-json\/wp\/v2\/types\/product"}],"wp:featuredmedia":[{"embeddable":true,"href":"https:\/\/snoeck.de\/es\/wp-json\/wp\/v2\/media\/5201"}],"wp:attachment":[{"href":"https:\/\/snoeck.de\/es\/wp-json\/wp\/v2\/media?parent=3786"}],"wp:term":[{"taxonomy":"product_brand","embeddable":true,"href":"https:\/\/snoeck.de\/es\/wp-json\/wp\/v2\/product_brand?post=3786"},{"taxonomy":"product_cat","embeddable":true,"href":"https:\/\/snoeck.de\/es\/wp-json\/wp\/v2\/product_cat?post=3786"},{"taxonomy":"product_tag","embeddable":true,"href":"https:\/\/snoeck.de\/es\/wp-json\/wp\/v2\/product_tag?post=3786"}],"curies":[{"name":"wp","href":"https:\/\/api.w.org\/{rel}","templated":true}]}}