{"id":3788,"date":"2025-01-31T11:32:35","date_gmt":"2025-01-31T11:32:35","guid":{"rendered":"https:\/\/snoeck.process-vision.de\/shop\/stefanie-unruh-works\/"},"modified":"2025-03-29T09:01:15","modified_gmt":"2025-03-29T09:01:15","slug":"stefanie-unruh-works","status":"publish","type":"product","link":"https:\/\/snoeck.de\/es\/shop\/stefanie-unruh-works\/","title":{"rendered":"Stefanie Unruh: Obras"},"content":{"rendered":"<h3>C\u00f3mo una marquesina de tranv\u00eda se convierte en un sal\u00f3n de baile<\/h3>\n<p>En su nuevo libro, Stefanie Unruh hace balance de su obra desde el a\u00f1o 2000 hasta la actualidad. Carla Schulz-Hoffmann ha descrito as\u00ed el n\u00facleo de la obra de la artista muniquesa: \"En grandes complejos de obras tem\u00e1ticamente coherentes, aborda una cuesti\u00f3n cl\u00e1sica de la existencia art\u00edstica, su posici\u00f3n dentro de su respectiva historia\". As\u00ed, Unruh aborda cuestiones de identidad, trata de huellas y recuerdos, de acciones y situaciones cotidianas, pero sit\u00faa la realidad bajo una luz surrealista. Su examen de los mitos de la vida cotidiana est\u00e1 muy influido por su inter\u00e9s por los fen\u00f3menos medi\u00e1ticos. En 2005\/2006, por ejemplo, Stefanie Unruh a\u00f1adi\u00f3 tan h\u00e1bilmente retratos dibujados a una sutil serie de papeles pintados con motivos florales en blanco y negro que los originales fotogr\u00e1ficos s\u00f3lo se recuerdan al mirarlos de cerca: Mohammed Atta y sus c\u00f3mplices y la famosa imagen de Ramzi Binalshibh con turbante, que actualmente se encuentra en Guant\u00e1namo a la espera del comienzo de su juicio por su implicaci\u00f3n en los atentados del 11-S, anunciado para 2021, emergen de un zarcillo de flores. En 2010, Stefanie Unruh retoma la combinaci\u00f3n de motivos florales con motivos referidos al islamismo en dibujos a tinta sencillos pero eficaces: El burka \"uniforme\" emerge de la hermosa ornamentaci\u00f3n, que se corresponde con la prohibici\u00f3n isl\u00e1mica de las im\u00e1genes, como un cuerpo extra\u00f1o, y una de las mujeres sostiene adem\u00e1s una pistola en la mano. Sin embargo, el dibujo como punto de partida recurrente en la obra de Stefanie Unruh es s\u00f3lo una de sus habilidades medi\u00e1ticas: trabaja con igual destreza con objetos e instalaciones de v\u00eddeo, con las que realiza su a menudo solicitada contribuci\u00f3n a los debates actuales sobre la ocupaci\u00f3n de los espacios p\u00fablicos. A menudo invierte sus connotaciones formales: Un prestigioso vest\u00edbulo se convierte en una cueva oscura, una antigua parada de tranv\u00eda se transforma en un sal\u00f3n de baile.<\/p>","protected":false},"excerpt":{"rendered":"<p>Textos (alem\u00e1n\/ingl\u00e9s) de Detlef Hoffmann, Rasmus Kleine, Karl Borrom\u00e4us Murr, Sophie Charlotte Opitz, Carla Schulz-Hoffmann, entrevista con el artista por Stefanie Rosenthal<br \/>\n160 p. con 126 ilustraciones en color<br \/>\nFormato 27 x 20,5 cm, tapa blanda con sobrecubierta<\/p>","protected":false},"featured_media":5203,"template":"","meta":[],"product_brand":[],"product_cat":[85,78],"product_tag":[],"class_list":{"0":"post-3788","1":"product","2":"type-product","3":"status-publish","4":"has-post-thumbnail","6":"product_cat-85","7":"product_cat-u","9":"first","10":"instock","11":"taxable","12":"shipping-taxable","13":"purchasable","14":"product-type-simple"},"aioseo_notices":[],"_wp_attached_file":null,"_wp_attachment_metadata":null,"_wc_attachment_source":null,"_elementor_inline_svg":null,"_elementor_is_screenshot":null,"_elementor_source_image_hash":null,"_source_url":null,"_wp_attachment_context":null,"_menu_item_type":null,"_menu_item_menu_item_parent":null,"_menu_item_object_id":null,"_menu_item_object":null,"_menu_item_target":null,"_menu_item_classes":null,"_menu_item_xfn":null,"_menu_item_url":null,"__elementor_forms_snapshot":null,"_unit":"","_unit_base":"","_unit_product":"","_unit_price_auto":"no","_unit_price_regular":"","_unit_price":"","_unit_price_sale":"","_sale_price_label":"","_sale_price_regular_label":"","_manufacturer_slug":"","_mini_desc":"","_defect_description":"","_safety_instructions":"","_allergen_ids":[],"_warranty_attachment_id":"","_safety_attachment_ids":[],"_min_age":"","_ts_gtin":"","_ts_mpn":"","_delivery_time_countries":[],"_free_shipping":"no","_service":"no","_photovoltaic_system":"no","_used_good":"no","_defective_copy":"no","_wireless_electronic_device":"no","_device_contains_power_supply":"no","_device_charging_supports_usb_pd":"no","_device_charging_watt_min":"0","_device_charging_watt_max":"0","_is_food":"no","_differential_taxation":"no","_gzd_version":"3.18.7","_hs_code":"","_customs_description":"","_manufacture_country":"0","_is_non_returnable":"no","_shipping_length":"","_shipping_width":"","_shipping_height":"","_sku":"ISBN 978-3-86442-329-1","_global_unique_id":"978-3-86442-329-1","_regular_price":"29.8","total_sales":"0","_tax_status":"taxable","_tax_class":"","_manage_stock":"no","_backorders":"no","_sold_individually":"no","_weight":"1","_virtual":"no","_downloadable":"no","_download_limit":"-1","_download_expiry":"-1","_stock":"","_stock_status":"instock","_wc_average_rating":"0","_wc_review_count":"0","_product_version":"9.7.1","_price":"29.8","shopengine_product_views_count":"2906","_thumbnail_id":"5203","_product_attributes":{"erscheinungsdatum":{"name":"Erscheinungsdatum","value":"05.01.2021","position":0,"is_visible":1,"is_variation":0,"is_taxonomy":0,"checkout_visible":0}},"_nutrient_ids":[],"_upsell_ids":null,"pswc_subtitle":null,"_default_delivery_time":null,"_wp_desired_post_slug":null,"_isbn":null,"pageType":null,"isExternalUrl":null,"pageId":null,"externalUrl":null,"hideCookieBanner":null,"isTargetBlank":null,"isProviderCurrentWebsite":null,"isEmbeddingOnlyExternalResources":null,"legalBasis":null,"dataProcessingInCountries":null,"dataProcessingInCountriesSpecialTreatments":null,"technicalDefinitions":null,"googleConsentModeConsentTypes":null,"executePriority":null,"executeCodeOptInWhenNoTagManagerConsentIsGiven":null,"executeCodeOptOutWhenNoTagManagerConsentIsGiven":null,"deleteTechnicalDefinitionsAfterOptOut":null,"presetId":null,"presetVersion":null,"provider":null,"providerContactPhone":null,"providerContactEmail":null,"providerContactLink":null,"uniqueName":null,"providerPrivacyPolicyUrl":null,"providerLegalNoticeUrl":null,"codeOptIn":null,"codeOptOut":null,"codeOnPageLoad":null,"language_code":null,"shopengine_template__post_meta__type":null,"shopengine_template__post_meta":null,"shopengine_template__post_meta__edit_with":null,"origin":null,"_enabled":null,"_filters":null,"_layout":null,"_elementor_import_session_id":null,"_wp_trash_meta_status":null,"_wp_trash_meta_time":null,"_edit_lock":"1743238736:2","_elementor_floating_elements_type":null,"_elementor_edit_mode":null,"_elementor_template_type":null,"tc-thumb-fld":{"_thumb_id":5203,"_thumb_type":"thumb"},"_wp_page_template":"default","_elementor_version":null,"_elementor_pro_version":null,"_elementor_page_settings":null,"_elementor_data":null,"_elementor_conditions":null,"_elementor_popup_display_settings":null,"_edit_last":"2","_elementor_template_sub_type":null,"_elementor_controls_usage":null,"_elementor_screenshot":null,"_elementor_css":null,"_elementor_page_assets":[],"_elementor_element_cache":null,"_elementor_screenshot_failed":null,"_elementor_source":null,"_wp_old_date":null,"layout_key":"","post_slider_check_key":"0","_links":{"self":[{"href":"https:\/\/snoeck.de\/es\/wp-json\/wp\/v2\/product\/3788","targetHints":{"allow":["GET"]}}],"collection":[{"href":"https:\/\/snoeck.de\/es\/wp-json\/wp\/v2\/product"}],"about":[{"href":"https:\/\/snoeck.de\/es\/wp-json\/wp\/v2\/types\/product"}],"wp:featuredmedia":[{"embeddable":true,"href":"https:\/\/snoeck.de\/es\/wp-json\/wp\/v2\/media\/5203"}],"wp:attachment":[{"href":"https:\/\/snoeck.de\/es\/wp-json\/wp\/v2\/media?parent=3788"}],"wp:term":[{"taxonomy":"product_brand","embeddable":true,"href":"https:\/\/snoeck.de\/es\/wp-json\/wp\/v2\/product_brand?post=3788"},{"taxonomy":"product_cat","embeddable":true,"href":"https:\/\/snoeck.de\/es\/wp-json\/wp\/v2\/product_cat?post=3788"},{"taxonomy":"product_tag","embeddable":true,"href":"https:\/\/snoeck.de\/es\/wp-json\/wp\/v2\/product_tag?post=3788"}],"curies":[{"name":"wp","href":"https:\/\/api.w.org\/{rel}","templated":true}]}}