{"id":3789,"date":"2025-01-31T11:32:35","date_gmt":"2025-01-31T11:32:35","guid":{"rendered":"https:\/\/snoeck.process-vision.de\/shop\/oliver-van-den-berg-werke-works\/"},"modified":"2025-03-29T09:02:44","modified_gmt":"2025-03-29T09:02:44","slug":"oliver-van-den-berg-werke-works","status":"publish","type":"product","link":"https:\/\/snoeck.de\/es\/shop\/oliver-van-den-berg-werke-works\/","title":{"rendered":"Oliver van den Berg: Werke \/ Obras"},"content":{"rendered":"<h3>\"El \u00fanico criterio de trabajo es el precio\"<\/h3>\n<p>\"La tesis inicial de Oliver van den Berg, que se dio a conocer por sus objetos basados en dispositivos t\u00e9cnicos como radares, registradores de vuelo o proyectores de estrellas, es que podemos aprender mucho sobre la naturaleza de las personas a partir de sus productos\", escribe Hilke Wagner. El resultado son esculturas perfectamente formadas, de aspecto futurista y tecnoide, reducidas a su superficie perfecta, despojadas de su funci\u00f3n y reducidas a su apariencia protot\u00edpica. Oliver van den Berg las crea sobre todo con madera, el material escult\u00f3rico por excelencia. Al confrontar este material con la funci\u00f3n de modelos t\u00e9cnicos de alto brillo, lleva al absurdo las utop\u00edas del progreso y plantea al mismo tiempo la cuesti\u00f3n del original y la copia. \"Esta apropiaci\u00f3n art\u00edstica, la reducci\u00f3n a la calidad est\u00e9tica, abre la posibilidad de una reflexi\u00f3n desinteresada, porque toda invenci\u00f3n t\u00e9cnica es al mismo tiempo una proyecci\u00f3n de los sue\u00f1os y las insuficiencias humanas. En este sentido, su obra puede situarse en la tradici\u00f3n hist\u00f3rico-cultural de las analog\u00edas hombre-m\u00e1quina\". El panorama de obras desde 1990 que se presenta en este volumen est\u00e1 organizado por el propio artista en categor\u00edas como maniqu\u00ed, documentaci\u00f3n, duplicaci\u00f3n, memoria, narraci\u00f3n, modelo, imitaci\u00f3n, parodia, r\u00e9plica, enga\u00f1o, traducci\u00f3n, tentativa, desarrollo posterior, repetici\u00f3n y cita. Su lema: \"Haces lo que haces\".<\/p>","protected":false},"excerpt":{"rendered":"<p>Textos (alem\u00e1n\/ingl\u00e9s) de Catherine Nichols, Nils R\u00f6ller<br \/>\n376 pp. con 200 ilustraciones en color y 300 en blanco y negro<br \/>\nFormato 30 x 23,5 cm, cubierta de lino impreso<\/p>","protected":false},"featured_media":5204,"template":"","meta":[],"product_brand":[],"product_cat":[86,59,79],"product_tag":[],"class_list":{"0":"post-3789","1":"product","2":"type-product","3":"status-publish","4":"has-post-thumbnail","6":"product_cat-86","7":"product_cat-b","8":"product_cat-v","10":"first","11":"instock","12":"taxable","13":"shipping-taxable","14":"purchasable","15":"product-type-simple"},"aioseo_notices":[],"_wp_attached_file":null,"_wp_attachment_metadata":null,"_wc_attachment_source":null,"_elementor_inline_svg":null,"_elementor_is_screenshot":null,"_elementor_source_image_hash":null,"_source_url":null,"_wp_attachment_context":null,"_menu_item_type":null,"_menu_item_menu_item_parent":null,"_menu_item_object_id":null,"_menu_item_object":null,"_menu_item_target":null,"_menu_item_classes":null,"_menu_item_xfn":null,"_menu_item_url":null,"__elementor_forms_snapshot":null,"_unit":"","_unit_base":"","_unit_product":"","_unit_price_auto":"no","_unit_price_regular":"","_unit_price":"","_unit_price_sale":"","_sale_price_label":"","_sale_price_regular_label":"","_manufacturer_slug":"","_mini_desc":"","_defect_description":"","_safety_instructions":"","_allergen_ids":[],"_warranty_attachment_id":"","_safety_attachment_ids":[],"_min_age":"","_ts_gtin":"","_ts_mpn":"","_delivery_time_countries":[],"_free_shipping":"no","_service":"no","_photovoltaic_system":"no","_used_good":"no","_defective_copy":"no","_wireless_electronic_device":"no","_device_contains_power_supply":"no","_device_charging_supports_usb_pd":"no","_device_charging_watt_min":"0","_device_charging_watt_max":"0","_is_food":"no","_differential_taxation":"no","_gzd_version":"3.18.7","_hs_code":"","_customs_description":"","_manufacture_country":"0","_is_non_returnable":"no","_shipping_length":"","_shipping_width":"","_shipping_height":"","_sku":"ISBN 978-3-86442-382-6","_global_unique_id":"978-3-86442-382-6","_regular_price":"78","total_sales":"0","_tax_status":"taxable","_tax_class":"","_manage_stock":"no","_backorders":"no","_sold_individually":"no","_weight":"3","_virtual":"no","_downloadable":"no","_download_limit":"-1","_download_expiry":"-1","_stock":"","_stock_status":"instock","_wc_average_rating":"0","_wc_review_count":"0","_product_version":"9.7.1","_price":"78","shopengine_product_views_count":"3038","_thumbnail_id":"5204","_product_attributes":{"erscheinungsdatum":{"name":"Fecha de publicaci\u00f3n","value":"17.03.2022","position":0,"is_visible":1,"is_variation":0,"is_taxonomy":0,"checkout_visible":0}},"_nutrient_ids":[],"_upsell_ids":null,"pswc_subtitle":null,"_default_delivery_time":null,"_wp_desired_post_slug":null,"_isbn":null,"pageType":null,"isExternalUrl":null,"pageId":null,"externalUrl":null,"hideCookieBanner":null,"isTargetBlank":null,"isProviderCurrentWebsite":null,"isEmbeddingOnlyExternalResources":null,"legalBasis":null,"dataProcessingInCountries":null,"dataProcessingInCountriesSpecialTreatments":null,"technicalDefinitions":null,"googleConsentModeConsentTypes":null,"executePriority":null,"executeCodeOptInWhenNoTagManagerConsentIsGiven":null,"executeCodeOptOutWhenNoTagManagerConsentIsGiven":null,"deleteTechnicalDefinitionsAfterOptOut":null,"presetId":null,"presetVersion":null,"provider":null,"providerContactPhone":null,"providerContactEmail":null,"providerContactLink":null,"uniqueName":null,"providerPrivacyPolicyUrl":null,"providerLegalNoticeUrl":null,"codeOptIn":null,"codeOptOut":null,"codeOnPageLoad":null,"language_code":null,"shopengine_template__post_meta__type":null,"shopengine_template__post_meta":null,"shopengine_template__post_meta__edit_with":null,"origin":null,"_enabled":null,"_filters":null,"_layout":null,"_elementor_import_session_id":null,"_wp_trash_meta_status":null,"_wp_trash_meta_time":null,"_edit_lock":"1743238824:2","_elementor_floating_elements_type":null,"_elementor_edit_mode":null,"_elementor_template_type":null,"tc-thumb-fld":{"_thumb_id":5204,"_thumb_type":"thumb"},"_wp_page_template":"default","_elementor_version":null,"_elementor_pro_version":null,"_elementor_page_settings":null,"_elementor_data":null,"_elementor_conditions":null,"_elementor_popup_display_settings":null,"_edit_last":"2","_elementor_template_sub_type":null,"_elementor_controls_usage":null,"_elementor_screenshot":null,"_elementor_css":null,"_elementor_page_assets":[],"_elementor_element_cache":null,"_elementor_screenshot_failed":null,"_elementor_source":null,"_wp_old_date":null,"layout_key":"","post_slider_check_key":"0","_links":{"self":[{"href":"https:\/\/snoeck.de\/es\/wp-json\/wp\/v2\/product\/3789","targetHints":{"allow":["GET"]}}],"collection":[{"href":"https:\/\/snoeck.de\/es\/wp-json\/wp\/v2\/product"}],"about":[{"href":"https:\/\/snoeck.de\/es\/wp-json\/wp\/v2\/types\/product"}],"wp:featuredmedia":[{"embeddable":true,"href":"https:\/\/snoeck.de\/es\/wp-json\/wp\/v2\/media\/5204"}],"wp:attachment":[{"href":"https:\/\/snoeck.de\/es\/wp-json\/wp\/v2\/media?parent=3789"}],"wp:term":[{"taxonomy":"product_brand","embeddable":true,"href":"https:\/\/snoeck.de\/es\/wp-json\/wp\/v2\/product_brand?post=3789"},{"taxonomy":"product_cat","embeddable":true,"href":"https:\/\/snoeck.de\/es\/wp-json\/wp\/v2\/product_cat?post=3789"},{"taxonomy":"product_tag","embeddable":true,"href":"https:\/\/snoeck.de\/es\/wp-json\/wp\/v2\/product_tag?post=3789"}],"curies":[{"name":"wp","href":"https:\/\/api.w.org\/{rel}","templated":true}]}}