{"id":3790,"date":"2025-01-31T11:32:36","date_gmt":"2025-01-31T11:32:36","guid":{"rendered":"https:\/\/snoeck.process-vision.de\/shop\/dagmar-varady-expanded-studio\/"},"modified":"2025-03-29T09:00:13","modified_gmt":"2025-03-29T09:00:13","slug":"dagmar-varady-expanded-studio","status":"publish","type":"product","link":"https:\/\/snoeck.de\/es\/shop\/dagmar-varady-expanded-studio\/","title":{"rendered":"Dagmar Varady: Estudio ampliado"},"content":{"rendered":"<h3>\"Ombligo del mundo\"<\/h3>\n<p>Tras la Segunda Guerra Mundial, el cubo blanco adquiri\u00f3 el estatus de convenci\u00f3n est\u00e9tica. En cambio, el estudio de Dagmar Varady, impresionantemente presentado en el libro, transmite la impresi\u00f3n de estar en un lugar donde se produce arte, adem\u00e1s de en un \"espacio de exposici\u00f3n\". Sus obras no se ven como obras o cuadros terminados, sino que est\u00e1n \"en permanente movimiento\", como subraya la artista. De este modo, en el estudio surge un orden personal (de conocimiento) en el contexto del arte, algo as\u00ed como \"principios en el caos\", en el que tambi\u00e9n entra en juego el azar controlado (serendipia), como puede observarse claramente en las estructuras, pliegues y degradados de su serie de cuadros \"Brilliant Blue\". Con todas las rupturas, desviaciones, intuiciones, excepciones y ambig\u00fcedades que aparecen en su arte, Dagmar Varady se ha embarcado en el \"camino de la falta de prop\u00f3sito\" (Ernst Bloch) - una falta de prop\u00f3sito que promueve la naturaleza procesual del arte, que a su vez no se producir\u00eda sin un lugar permanente de producci\u00f3n, el estudio. Y as\u00ed, los motivos serpentean de cuadro en cuadro en un proceso de producci\u00f3n indeterminado, dialogan entre s\u00ed y se transforman proteicamente en variaciones siempre nuevas. En este sentido, el estudio de Dagmar Varady no es simplemente un lugar de trabajo sino, como la propia artista lo denomina, su \"ombligo hacia el mundo\" y, como tal, una especie de laboratorio en el que los procesos intr\u00ednsecos desempe\u00f1an un papel significativo a la hora de determinar la actitud y el programa art\u00edsticos.<\/p>\n<p>Exposici\u00f3n:<br \/>\nGaler\u00eda Pamme-Vogelsang, Colonia, 30\/6 - 26\/8\/2023<\/p>","protected":false},"excerpt":{"rendered":"<p>Ensayo (alem\u00e1n\/ingl\u00e9s) de Paolo Bianchi<br \/>\nTexto (alem\u00e1n) de Gudrun Pamme-Vogelsang<br \/>\n106 p. con 130 ilustraciones en color, l\u00e1mina plegable<br \/>\nFormato 30 x 22,8 cm, folleto desplegable<\/p>","protected":false},"featured_media":5205,"template":"","meta":[],"product_brand":[],"product_cat":[87,79],"product_tag":[],"class_list":{"0":"post-3790","1":"product","2":"type-product","3":"status-publish","4":"has-post-thumbnail","6":"product_cat-87","7":"product_cat-v","9":"first","10":"instock","11":"taxable","12":"shipping-taxable","13":"purchasable","14":"product-type-simple"},"aioseo_notices":[],"_wp_attached_file":null,"_wp_attachment_metadata":null,"_wc_attachment_source":null,"_elementor_inline_svg":null,"_elementor_is_screenshot":null,"_elementor_source_image_hash":null,"_source_url":null,"_wp_attachment_context":null,"_menu_item_type":null,"_menu_item_menu_item_parent":null,"_menu_item_object_id":null,"_menu_item_object":null,"_menu_item_target":null,"_menu_item_classes":null,"_menu_item_xfn":null,"_menu_item_url":null,"__elementor_forms_snapshot":null,"_unit":"","_unit_base":"","_unit_product":"","_unit_price_auto":"no","_unit_price_regular":"","_unit_price":"","_unit_price_sale":"","_sale_price_label":"","_sale_price_regular_label":"","_manufacturer_slug":"","_mini_desc":"","_defect_description":"","_safety_instructions":"","_allergen_ids":[],"_warranty_attachment_id":"","_safety_attachment_ids":[],"_min_age":"","_ts_gtin":"","_ts_mpn":"","_delivery_time_countries":[],"_free_shipping":"no","_service":"no","_photovoltaic_system":"no","_used_good":"no","_defective_copy":"no","_wireless_electronic_device":"no","_device_contains_power_supply":"no","_device_charging_supports_usb_pd":"no","_device_charging_watt_min":"0","_device_charging_watt_max":"0","_is_food":"no","_differential_taxation":"no","_gzd_version":"3.18.7","_hs_code":"","_customs_description":"","_manufacture_country":"0","_is_non_returnable":"no","_shipping_length":"","_shipping_width":"","_shipping_height":"","_sku":"ISBN 978-3-86442-414-4","_global_unique_id":"978-3-86442-414-4","_regular_price":"48","total_sales":"0","_tax_status":"taxable","_tax_class":"","_manage_stock":"no","_backorders":"no","_sold_individually":"no","_weight":"1","_virtual":"no","_downloadable":"no","_download_limit":"-1","_download_expiry":"-1","_stock":"","_stock_status":"instock","_wc_average_rating":"0","_wc_review_count":"0","_product_version":"9.7.1","_price":"48","shopengine_product_views_count":"2695","_thumbnail_id":"5205","_product_attributes":{"erscheinungsdatum":{"name":"Erscheinungsdatum","value":"21.04.2023","position":0,"is_visible":1,"is_variation":0,"is_taxonomy":0,"checkout_visible":0}},"_nutrient_ids":[],"_upsell_ids":null,"pswc_subtitle":null,"_default_delivery_time":null,"_wp_desired_post_slug":null,"_isbn":null,"pageType":null,"isExternalUrl":null,"pageId":null,"externalUrl":null,"hideCookieBanner":null,"isTargetBlank":null,"isProviderCurrentWebsite":null,"isEmbeddingOnlyExternalResources":null,"legalBasis":null,"dataProcessingInCountries":null,"dataProcessingInCountriesSpecialTreatments":null,"technicalDefinitions":null,"googleConsentModeConsentTypes":null,"executePriority":null,"executeCodeOptInWhenNoTagManagerConsentIsGiven":null,"executeCodeOptOutWhenNoTagManagerConsentIsGiven":null,"deleteTechnicalDefinitionsAfterOptOut":null,"presetId":null,"presetVersion":null,"provider":null,"providerContactPhone":null,"providerContactEmail":null,"providerContactLink":null,"uniqueName":null,"providerPrivacyPolicyUrl":null,"providerLegalNoticeUrl":null,"codeOptIn":null,"codeOptOut":null,"codeOnPageLoad":null,"language_code":null,"shopengine_template__post_meta__type":null,"shopengine_template__post_meta":null,"shopengine_template__post_meta__edit_with":null,"origin":null,"_enabled":null,"_filters":null,"_layout":null,"_elementor_import_session_id":null,"_wp_trash_meta_status":null,"_wp_trash_meta_time":null,"_edit_lock":"1743238675:2","_elementor_floating_elements_type":null,"_elementor_edit_mode":null,"_elementor_template_type":null,"tc-thumb-fld":{"_thumb_id":5205,"_thumb_type":"thumb"},"_wp_page_template":"default","_elementor_version":null,"_elementor_pro_version":null,"_elementor_page_settings":null,"_elementor_data":null,"_elementor_conditions":null,"_elementor_popup_display_settings":null,"_edit_last":"2","_elementor_template_sub_type":null,"_elementor_controls_usage":null,"_elementor_screenshot":null,"_elementor_css":null,"_elementor_page_assets":[],"_elementor_element_cache":null,"_elementor_screenshot_failed":null,"_elementor_source":null,"_wp_old_date":null,"layout_key":"","post_slider_check_key":"0","_links":{"self":[{"href":"https:\/\/snoeck.de\/es\/wp-json\/wp\/v2\/product\/3790","targetHints":{"allow":["GET"]}}],"collection":[{"href":"https:\/\/snoeck.de\/es\/wp-json\/wp\/v2\/product"}],"about":[{"href":"https:\/\/snoeck.de\/es\/wp-json\/wp\/v2\/types\/product"}],"wp:featuredmedia":[{"embeddable":true,"href":"https:\/\/snoeck.de\/es\/wp-json\/wp\/v2\/media\/5205"}],"wp:attachment":[{"href":"https:\/\/snoeck.de\/es\/wp-json\/wp\/v2\/media?parent=3790"}],"wp:term":[{"taxonomy":"product_brand","embeddable":true,"href":"https:\/\/snoeck.de\/es\/wp-json\/wp\/v2\/product_brand?post=3790"},{"taxonomy":"product_cat","embeddable":true,"href":"https:\/\/snoeck.de\/es\/wp-json\/wp\/v2\/product_cat?post=3790"},{"taxonomy":"product_tag","embeddable":true,"href":"https:\/\/snoeck.de\/es\/wp-json\/wp\/v2\/product_tag?post=3790"}],"curies":[{"name":"wp","href":"https:\/\/api.w.org\/{rel}","templated":true}]}}