{"id":3792,"date":"2025-01-31T11:32:38","date_gmt":"2025-01-31T11:32:38","guid":{"rendered":"https:\/\/snoeck.process-vision.de\/shop\/marianne-vitale-oh-dont-ask-why\/"},"modified":"2025-03-29T08:55:19","modified_gmt":"2025-03-29T08:55:19","slug":"marianne-vitale-oh-dont-ask-why","status":"publish","type":"product","link":"https:\/\/snoeck.de\/es\/shop\/marianne-vitale-oh-dont-ask-why\/","title":{"rendered":"Marianne Vitale: No preguntes por qu\u00e9"},"content":{"rendered":"<h3>\u00bfPor qu\u00e9?<\/h3>\n<p>Marianne Vitale (*1973 East Rockaway, EE.UU.) presenta esculturas de acero de gran tama\u00f1o, cuyos or\u00edgenes en el transporte ferroviario son evidentes, en combinaci\u00f3n con instalaciones expansivas, como un bar de madera del Salvaje Oeste cuya base a\u00fan muestra las se\u00f1ales de uso por parte de los visitantes. En la parte trasera del bar, sobre un fondo negro, se colocan extra\u00f1as m\u00e1scaras de escayola cuyas formas van del horror a la risa. Su tercer grupo de obras est\u00e1 dedicado a las superficies, como los viejos tejados de alquitr\u00e1n remendados, que denomina Pinturas de tejados o tejas. Esta enigm\u00e1tica obra vuelve a poner de relieve la gran narrativa americana y su fracaso. La artista resuelve el aspecto extra\u00f1o de \u00e9sta en su texto \"Rituales de transformaci\u00f3n en la gran frontera\", donde recuerda que a las mujeres de la Am\u00e9rica de la expansi\u00f3n hacia el oeste se les prohib\u00eda pasar tiempo en los hornos de fundici\u00f3n durante su menstruaci\u00f3n; en Wisconsin tambi\u00e9n existe el dicho de que durante la fundici\u00f3n \"la escoria corre como la menstruaci\u00f3n de una mujer\".<\/p>\n<p>Exposici\u00f3n:<br \/>\nCFA Contemporary Fine Arts Berl\u00edn, 1\/5-6\/6\/2015<\/p>","protected":false},"excerpt":{"rendered":"<p>Cat\u00e1logo de la exposici\u00f3n, Contemporary Fine Arts CFA Berl\u00edn, editado por Bruno Brunnen y Nicole Hackert<br \/>\nEntrevista (alem\u00e1n\/ingl\u00e9s) de Maurizio Cattelan y con un texto de Marianne Vitale<br \/>\n64 p. con 40 ilustraciones en color<br \/>\nFormato 32,5 x 23,5 cm, tapa dura<\/p>","protected":false},"featured_media":5207,"template":"","meta":[],"product_brand":[],"product_cat":[102,79],"product_tag":[],"class_list":{"0":"post-3792","1":"product","2":"type-product","3":"status-publish","4":"has-post-thumbnail","6":"product_cat-102","7":"product_cat-v","9":"first","10":"instock","11":"taxable","12":"shipping-taxable","13":"purchasable","14":"product-type-simple"},"aioseo_notices":[],"_wp_attached_file":null,"_wp_attachment_metadata":null,"_wc_attachment_source":null,"_elementor_inline_svg":null,"_elementor_is_screenshot":null,"_elementor_source_image_hash":null,"_source_url":null,"_wp_attachment_context":null,"_menu_item_type":null,"_menu_item_menu_item_parent":null,"_menu_item_object_id":null,"_menu_item_object":null,"_menu_item_target":null,"_menu_item_classes":null,"_menu_item_xfn":null,"_menu_item_url":null,"__elementor_forms_snapshot":null,"_unit":"","_unit_base":"","_unit_product":"","_unit_price_auto":"no","_unit_price_regular":"","_unit_price":"","_unit_price_sale":"","_sale_price_label":"","_sale_price_regular_label":"","_manufacturer_slug":"","_mini_desc":"","_defect_description":"","_safety_instructions":"","_allergen_ids":[],"_warranty_attachment_id":"","_safety_attachment_ids":[],"_min_age":"","_ts_gtin":"","_ts_mpn":"","_delivery_time_countries":[],"_free_shipping":"no","_service":"no","_photovoltaic_system":"no","_used_good":"no","_defective_copy":"no","_wireless_electronic_device":"no","_device_contains_power_supply":"no","_device_charging_supports_usb_pd":"no","_device_charging_watt_min":"0","_device_charging_watt_max":"0","_is_food":"no","_differential_taxation":"no","_gzd_version":"3.18.7","_hs_code":"","_customs_description":"","_manufacture_country":"0","_is_non_returnable":"no","_shipping_length":"","_shipping_width":"","_shipping_height":"","_sku":"ISBN 978-3-86442-127-3","_global_unique_id":"978-3-86442-127-3","_regular_price":"29.8","total_sales":"0","_tax_status":"taxable","_tax_class":"","_manage_stock":"no","_backorders":"no","_sold_individually":"no","_weight":"1","_virtual":"no","_downloadable":"no","_download_limit":"-1","_download_expiry":"-1","_stock":"","_stock_status":"instock","_wc_average_rating":"0","_wc_review_count":"0","_product_version":"9.7.1","_price":"29.8","shopengine_product_views_count":"2752","_thumbnail_id":"5207","_product_attributes":{"erscheinungsdatum":{"name":"Fecha de publicaci\u00f3n","value":"20.04.2015","position":0,"is_visible":1,"is_variation":0,"is_taxonomy":0,"checkout_visible":0}},"_nutrient_ids":[],"_upsell_ids":null,"pswc_subtitle":null,"_default_delivery_time":null,"_wp_desired_post_slug":null,"_isbn":null,"pageType":null,"isExternalUrl":null,"pageId":null,"externalUrl":null,"hideCookieBanner":null,"isTargetBlank":null,"isProviderCurrentWebsite":null,"isEmbeddingOnlyExternalResources":null,"legalBasis":null,"dataProcessingInCountries":null,"dataProcessingInCountriesSpecialTreatments":null,"technicalDefinitions":null,"googleConsentModeConsentTypes":null,"executePriority":null,"executeCodeOptInWhenNoTagManagerConsentIsGiven":null,"executeCodeOptOutWhenNoTagManagerConsentIsGiven":null,"deleteTechnicalDefinitionsAfterOptOut":null,"presetId":null,"presetVersion":null,"provider":null,"providerContactPhone":null,"providerContactEmail":null,"providerContactLink":null,"uniqueName":null,"providerPrivacyPolicyUrl":null,"providerLegalNoticeUrl":null,"codeOptIn":null,"codeOptOut":null,"codeOnPageLoad":null,"language_code":null,"shopengine_template__post_meta__type":null,"shopengine_template__post_meta":null,"shopengine_template__post_meta__edit_with":null,"origin":null,"_enabled":null,"_filters":null,"_layout":null,"_elementor_import_session_id":null,"_wp_trash_meta_status":null,"_wp_trash_meta_time":null,"_edit_lock":"1743238381:2","_elementor_floating_elements_type":null,"_elementor_edit_mode":null,"_elementor_template_type":null,"tc-thumb-fld":{"_thumb_id":5207,"_thumb_type":"thumb"},"_wp_page_template":"default","_elementor_version":null,"_elementor_pro_version":null,"_elementor_page_settings":null,"_elementor_data":null,"_elementor_conditions":null,"_elementor_popup_display_settings":null,"_edit_last":"2","_elementor_template_sub_type":null,"_elementor_controls_usage":null,"_elementor_screenshot":null,"_elementor_css":null,"_elementor_page_assets":[],"_elementor_element_cache":null,"_elementor_screenshot_failed":null,"_elementor_source":null,"_wp_old_date":null,"layout_key":"","post_slider_check_key":"0","_links":{"self":[{"href":"https:\/\/snoeck.de\/es\/wp-json\/wp\/v2\/product\/3792","targetHints":{"allow":["GET"]}}],"collection":[{"href":"https:\/\/snoeck.de\/es\/wp-json\/wp\/v2\/product"}],"about":[{"href":"https:\/\/snoeck.de\/es\/wp-json\/wp\/v2\/types\/product"}],"wp:featuredmedia":[{"embeddable":true,"href":"https:\/\/snoeck.de\/es\/wp-json\/wp\/v2\/media\/5207"}],"wp:attachment":[{"href":"https:\/\/snoeck.de\/es\/wp-json\/wp\/v2\/media?parent=3792"}],"wp:term":[{"taxonomy":"product_brand","embeddable":true,"href":"https:\/\/snoeck.de\/es\/wp-json\/wp\/v2\/product_brand?post=3792"},{"taxonomy":"product_cat","embeddable":true,"href":"https:\/\/snoeck.de\/es\/wp-json\/wp\/v2\/product_cat?post=3792"},{"taxonomy":"product_tag","embeddable":true,"href":"https:\/\/snoeck.de\/es\/wp-json\/wp\/v2\/product_tag?post=3792"}],"curies":[{"name":"wp","href":"https:\/\/api.w.org\/{rel}","templated":true}]}}