{"id":3793,"date":"2025-01-31T11:32:38","date_gmt":"2025-01-31T11:32:38","guid":{"rendered":"https:\/\/snoeck.process-vision.de\/shop\/vogelschau-und-froschperspektive-fotografie-fuer-kinder\/"},"modified":"2026-04-08T15:30:11","modified_gmt":"2026-04-08T14:30:11","slug":"vogelschau-und-froschperspektive-fotografie-fuer-kinder","status":"publish","type":"product","link":"https:\/\/snoeck.de\/es\/shop\/vogelschau-und-froschperspektive-fotografie-fuer-kinder\/","title":{"rendered":"A vista de p\u00e1jaro y a vista de rana - fotograf\u00eda para ni\u00f1os"},"content":{"rendered":"<h3>Escuela de la vista para ni\u00f1os<\/h3>\n<p>Por primera vez, el Museo de la Fotograf\u00eda abre sus puertas expl\u00edcitamente a los ni\u00f1os: alrededor de 160 obras ilustran los usos, formas de dise\u00f1o y expresi\u00f3n de la fotograf\u00eda desde sus inicios hasta nuestros d\u00edas. Incluso artistas como Lyonel Feininger y Hannah H\u00f6ch tendieron un puente entre la infancia y la percepci\u00f3n imaginativa en algunas de sus obras. Por ello, los diez cap\u00edtulos asociativos del libro, dirigido a ni\u00f1os y j\u00f3venes (as\u00ed como a sus padres), ofrecen una colorida riqueza de im\u00e1genes e historias. Tocan temas como encontrar, coleccionar y contar im\u00e1genes; leer n\u00fameros, letras o nubes; descubrimientos en la vida cotidiana, en la escuela y en los viajes; fen\u00f3menos naturales en la ciudad y en el campo; v\u00ednculos familiares y\/o retratos de aut\u00f3matas. Entran en juego juegos de colores, luces, espejos o materiales, as\u00ed como rompecabezas, la diversi\u00f3n alterna con la seriedad. Una selecci\u00f3n de grabados, dibujos y representaciones escult\u00f3ricas de objetos complementan la publicaci\u00f3n, que se centra en la materialidad concreta y sensual de las fotograf\u00edas originales y pretende ofrecer una escuela de la mirada.<\/p>\n<p>Exposici\u00f3n especial de la biblioteca de arte<br \/>\nMuseos Estatales de Berl\u00edn<br \/>\nMuseo de la Fotograf\u00eda, Berl\u00edn, 9\/10\/2022 - 19\/2\/2023<\/p>","protected":false},"excerpt":{"rendered":"<p>Cat\u00e1logo de la exposici\u00f3n, Kunstbibliothek | Staatliche Museen zu Berlin | Museum f\u00fcr Fotografie, editado por Christine K\u00fchn<br \/>\nTexto (alem\u00e1n) de Christine K\u00fchn, glosario de Katja B\u00f6hlau<br \/>\n352 pp. con 210 ilustraciones en color y 80 en blanco y negro<br \/>\nFormato 24 x 20 cm, tapa dura<\/p>","protected":false},"featured_media":5208,"template":"","meta":[],"product_brand":[],"product_cat":[95],"product_tag":[],"class_list":{"0":"post-3793","1":"product","2":"type-product","3":"status-publish","4":"has-post-thumbnail","6":"product_cat-vergriffen","8":"first","9":"outofstock","10":"taxable","11":"shipping-taxable","12":"product-type-simple"},"aioseo_notices":[],"_wp_attached_file":null,"_wp_attachment_metadata":null,"_wc_attachment_source":null,"_elementor_inline_svg":null,"_elementor_is_screenshot":null,"_elementor_source_image_hash":null,"_source_url":null,"_wp_attachment_context":null,"_menu_item_type":null,"_menu_item_menu_item_parent":null,"_menu_item_object_id":null,"_menu_item_object":null,"_menu_item_target":null,"_menu_item_classes":null,"_menu_item_xfn":null,"_menu_item_url":null,"__elementor_forms_snapshot":null,"_unit":"","_unit_base":"","_unit_product":"","_unit_price_auto":"no","_unit_price_regular":"","_unit_price":"","_unit_price_sale":"","_sale_price_label":"","_sale_price_regular_label":"","_manufacturer_slug":"","_mini_desc":"","_defect_description":"","_safety_instructions":"","_allergen_ids":[],"_warranty_attachment_id":"","_safety_attachment_ids":[],"_min_age":"","_ts_gtin":"","_ts_mpn":"","_delivery_time_countries":[],"_free_shipping":"no","_service":"no","_photovoltaic_system":"no","_used_good":"no","_defective_copy":"no","_wireless_electronic_device":"no","_device_contains_power_supply":"no","_device_charging_supports_usb_pd":"no","_device_charging_watt_min":"0","_device_charging_watt_max":"0","_is_food":"no","_differential_taxation":"no","_gzd_version":"3.18.7","_hs_code":"","_customs_description":"","_manufacture_country":"0","_is_non_returnable":"no","_shipping_length":"","_shipping_width":"","_shipping_height":"","_sku":"ISBN 978-3-86442-391-8","_global_unique_id":"978-3-86442-391-8","_regular_price":null,"total_sales":"0","_tax_status":"taxable","_tax_class":"","_manage_stock":"no","_backorders":"no","_sold_individually":"no","_weight":"1","_virtual":"no","_downloadable":"no","_download_limit":"-1","_download_expiry":"-1","_stock":"","_stock_status":"outofstock","_wc_average_rating":"0","_wc_review_count":"0","_product_version":"10.1.4","_price":"","shopengine_product_views_count":"2749","_thumbnail_id":"5208","_product_attributes":{"erscheinungsdatum":{"name":"Fecha de publicaci\u00f3n","value":"12.08.2022","position":0,"is_visible":1,"is_variation":0,"is_taxonomy":0,"checkout_visible":0}},"_nutrient_ids":[],"_upsell_ids":null,"pswc_subtitle":null,"_default_delivery_time":null,"_wp_desired_post_slug":null,"_isbn":null,"pageType":null,"isExternalUrl":null,"pageId":null,"externalUrl":null,"hideCookieBanner":null,"isTargetBlank":null,"isProviderCurrentWebsite":null,"isEmbeddingOnlyExternalResources":null,"legalBasis":null,"dataProcessingInCountries":null,"dataProcessingInCountriesSpecialTreatments":null,"technicalDefinitions":null,"googleConsentModeConsentTypes":null,"executePriority":null,"executeCodeOptInWhenNoTagManagerConsentIsGiven":null,"executeCodeOptOutWhenNoTagManagerConsentIsGiven":null,"deleteTechnicalDefinitionsAfterOptOut":null,"presetId":null,"presetVersion":null,"provider":null,"providerContactPhone":null,"providerContactEmail":null,"providerContactLink":null,"uniqueName":null,"providerPrivacyPolicyUrl":null,"providerLegalNoticeUrl":null,"codeOptIn":null,"codeOptOut":null,"codeOnPageLoad":null,"language_code":null,"shopengine_template__post_meta__type":null,"shopengine_template__post_meta":null,"shopengine_template__post_meta__edit_with":null,"origin":null,"_enabled":null,"_filters":null,"_layout":null,"_elementor_import_session_id":null,"_wp_trash_meta_status":null,"_wp_trash_meta_time":null,"_edit_lock":"1743238509:2","_elementor_floating_elements_type":null,"_elementor_edit_mode":null,"_elementor_template_type":null,"tc-thumb-fld":{"_thumb_id":5208,"_thumb_type":"thumb"},"_wp_page_template":"default","_elementor_version":null,"_elementor_pro_version":null,"_elementor_page_settings":null,"_elementor_data":null,"_elementor_conditions":null,"_elementor_popup_display_settings":null,"_edit_last":"2","_elementor_template_sub_type":null,"_elementor_controls_usage":null,"_elementor_screenshot":null,"_elementor_css":null,"_elementor_page_assets":[],"_elementor_element_cache":null,"_elementor_screenshot_failed":null,"_elementor_source":null,"_wp_old_date":null,"layout_key":"","post_slider_check_key":"0","_links":{"self":[{"href":"https:\/\/snoeck.de\/es\/wp-json\/wp\/v2\/product\/3793","targetHints":{"allow":["GET"]}}],"collection":[{"href":"https:\/\/snoeck.de\/es\/wp-json\/wp\/v2\/product"}],"about":[{"href":"https:\/\/snoeck.de\/es\/wp-json\/wp\/v2\/types\/product"}],"wp:featuredmedia":[{"embeddable":true,"href":"https:\/\/snoeck.de\/es\/wp-json\/wp\/v2\/media\/5208"}],"wp:attachment":[{"href":"https:\/\/snoeck.de\/es\/wp-json\/wp\/v2\/media?parent=3793"}],"wp:term":[{"taxonomy":"product_brand","embeddable":true,"href":"https:\/\/snoeck.de\/es\/wp-json\/wp\/v2\/product_brand?post=3793"},{"taxonomy":"product_cat","embeddable":true,"href":"https:\/\/snoeck.de\/es\/wp-json\/wp\/v2\/product_cat?post=3793"},{"taxonomy":"product_tag","embeddable":true,"href":"https:\/\/snoeck.de\/es\/wp-json\/wp\/v2\/product_tag?post=3793"}],"curies":[{"name":"wp","href":"https:\/\/api.w.org\/{rel}","templated":true}]}}