{"id":3794,"date":"2025-01-31T11:32:39","date_gmt":"2025-01-31T11:32:39","guid":{"rendered":"https:\/\/snoeck.process-vision.de\/shop\/jorinde-voigt-botanic-code\/"},"modified":"2026-04-08T16:46:07","modified_gmt":"2026-04-08T15:46:07","slug":"jorinde-voigt-botanic-code","status":"publish","type":"product","link":"https:\/\/snoeck.de\/es\/shop\/jorinde-voigt-botanic-code\/","title":{"rendered":"Jorinde Voigt: C\u00f3digo Bot\u00e1nico"},"content":{"rendered":"<h3>El concepto de trabajo<\/h3>\n<p>Un jard\u00edn bot\u00e1nico se caracteriza por la composici\u00f3n internacional de la vegetaci\u00f3n, la reproducci\u00f3n del mundo entero en miniatura, la categorizaci\u00f3n, conceptualizaci\u00f3n y denominaci\u00f3n, la investigaci\u00f3n y la preservaci\u00f3n de las especies. Para el proyecto \"C\u00f3digo bot\u00e1nico\", Jorinde Voigt pas\u00f3 un a\u00f1o (11\/2009-10\/2010) recorriendo los jardines bot\u00e1nicos de las ciudades que pudo visitar durante sus viajes. Hasta ahora, ha desarrollado \"C\u00f3digos bot\u00e1nicos\" para los jardines bot\u00e1nicos de S\u00eddney, Berl\u00edn, Gotinga, Ciudad de M\u00e9xico, Fr\u00e1ncfort del Meno, Colonia y Bonn, a los que seguir\u00e1n Roma, Nueva York y Par\u00eds. En esta obra, el elemento performativo de su dibujo se traslada al movimiento del paseo, el camino por el que se atraviesa el jard\u00edn. \u00c9ste tambi\u00e9n est\u00e1 sujeto a una decisi\u00f3n espont\u00e1nea. El paseo sigue la premisa de examinar la percepci\u00f3n en t\u00e9rminos de recepci\u00f3n de los colores. Los campos de color proporcionales creados mediante un algoritmo desarrollado a tal efecto se transfieren a varillas de aluminio de 3 metros de largo y grosor variable. El resultado de las visitas a los jardines bot\u00e1nicos es un conjunto de varillas de aluminio pintadas: un \"c\u00f3digo\" desarrollado algor\u00edtmicamente que tematiza el paseo y la percepci\u00f3n de los par\u00e1metros de color, proporci\u00f3n, rendimiento, estaci\u00f3n, norma e infinito, creando as\u00ed una nueva matriz de percepci\u00f3n.<\/p>","protected":false},"excerpt":{"rendered":"<p>Kienbaum Artists' Books 2011, editado por Jochen Kienbaum<br \/>\n48 p. con 35 ilustraciones en color<br \/>\nFormato 38 x 24 cm, tapa dura<\/p>","protected":false},"featured_media":5209,"template":"","meta":[],"product_brand":[],"product_cat":[95],"product_tag":[],"class_list":{"0":"post-3794","1":"product","2":"type-product","3":"status-publish","4":"has-post-thumbnail","6":"product_cat-vergriffen","8":"first","9":"outofstock","10":"taxable","11":"shipping-taxable","12":"product-type-simple"},"aioseo_notices":[],"_wp_attached_file":null,"_wp_attachment_metadata":null,"_wc_attachment_source":null,"_elementor_inline_svg":null,"_elementor_is_screenshot":null,"_elementor_source_image_hash":null,"_source_url":null,"_wp_attachment_context":null,"_menu_item_type":null,"_menu_item_menu_item_parent":null,"_menu_item_object_id":null,"_menu_item_object":null,"_menu_item_target":null,"_menu_item_classes":null,"_menu_item_xfn":null,"_menu_item_url":null,"__elementor_forms_snapshot":null,"_unit":"","_unit_base":"","_unit_product":"","_unit_price_auto":"no","_unit_price_regular":"","_unit_price":"","_unit_price_sale":"","_sale_price_label":"","_sale_price_regular_label":"","_manufacturer_slug":"","_mini_desc":"","_defect_description":"","_safety_instructions":"","_allergen_ids":[],"_warranty_attachment_id":"","_safety_attachment_ids":[],"_min_age":"","_ts_gtin":"","_ts_mpn":"","_delivery_time_countries":[],"_free_shipping":"no","_service":"no","_photovoltaic_system":"no","_used_good":"no","_defective_copy":"no","_wireless_electronic_device":"no","_device_contains_power_supply":"no","_device_charging_supports_usb_pd":"no","_device_charging_watt_min":"0","_device_charging_watt_max":"0","_is_food":"no","_differential_taxation":"no","_gzd_version":"3.18.7","_hs_code":"","_customs_description":"","_manufacture_country":"0","_is_non_returnable":"no","_shipping_length":"","_shipping_width":"","_shipping_height":"","_sku":"ISBN 978-3-940953-61-2","_global_unique_id":"978-3-940953-61-2","_regular_price":null,"total_sales":"0","_tax_status":"taxable","_tax_class":"","_manage_stock":"no","_backorders":"no","_sold_individually":"no","_weight":"1","_virtual":"no","_downloadable":"no","_download_limit":"-1","_download_expiry":"-1","_stock":"","_stock_status":"outofstock","_wc_average_rating":"0","_wc_review_count":"0","_product_version":"10.1.4","_price":"","shopengine_product_views_count":"3171","_thumbnail_id":"5209","_product_attributes":{"erscheinungsdatum":{"name":"Erscheinungsdatum","value":"07.12.2010","position":0,"is_visible":1,"is_variation":0,"is_taxonomy":0,"checkout_visible":0}},"_nutrient_ids":[],"_upsell_ids":null,"pswc_subtitle":null,"_default_delivery_time":"","_wp_desired_post_slug":null,"_isbn":null,"pageType":null,"isExternalUrl":null,"pageId":null,"externalUrl":null,"hideCookieBanner":null,"isTargetBlank":null,"isProviderCurrentWebsite":null,"isEmbeddingOnlyExternalResources":null,"legalBasis":null,"dataProcessingInCountries":null,"dataProcessingInCountriesSpecialTreatments":null,"technicalDefinitions":null,"googleConsentModeConsentTypes":null,"executePriority":null,"executeCodeOptInWhenNoTagManagerConsentIsGiven":null,"executeCodeOptOutWhenNoTagManagerConsentIsGiven":null,"deleteTechnicalDefinitionsAfterOptOut":null,"presetId":null,"presetVersion":null,"provider":null,"providerContactPhone":null,"providerContactEmail":null,"providerContactLink":null,"uniqueName":null,"providerPrivacyPolicyUrl":null,"providerLegalNoticeUrl":null,"codeOptIn":null,"codeOptOut":null,"codeOnPageLoad":null,"language_code":null,"shopengine_template__post_meta__type":null,"shopengine_template__post_meta":null,"shopengine_template__post_meta__edit_with":null,"origin":null,"_enabled":null,"_filters":null,"_layout":null,"_elementor_import_session_id":null,"_wp_trash_meta_status":null,"_wp_trash_meta_time":null,"_edit_lock":"1743600606:2","_elementor_floating_elements_type":null,"_elementor_edit_mode":null,"_elementor_template_type":null,"tc-thumb-fld":{"_thumb_id":5209,"_thumb_type":"thumb"},"_wp_page_template":"default","_elementor_version":null,"_elementor_pro_version":null,"_elementor_page_settings":null,"_elementor_data":null,"_elementor_conditions":null,"_elementor_popup_display_settings":null,"_edit_last":"2","_elementor_template_sub_type":null,"_elementor_controls_usage":null,"_elementor_screenshot":null,"_elementor_css":null,"_elementor_page_assets":[],"_elementor_element_cache":null,"_elementor_screenshot_failed":null,"_elementor_source":null,"_wp_old_date":null,"layout_key":"","post_slider_check_key":"0","_links":{"self":[{"href":"https:\/\/snoeck.de\/es\/wp-json\/wp\/v2\/product\/3794","targetHints":{"allow":["GET"]}}],"collection":[{"href":"https:\/\/snoeck.de\/es\/wp-json\/wp\/v2\/product"}],"about":[{"href":"https:\/\/snoeck.de\/es\/wp-json\/wp\/v2\/types\/product"}],"wp:featuredmedia":[{"embeddable":true,"href":"https:\/\/snoeck.de\/es\/wp-json\/wp\/v2\/media\/5209"}],"wp:attachment":[{"href":"https:\/\/snoeck.de\/es\/wp-json\/wp\/v2\/media?parent=3794"}],"wp:term":[{"taxonomy":"product_brand","embeddable":true,"href":"https:\/\/snoeck.de\/es\/wp-json\/wp\/v2\/product_brand?post=3794"},{"taxonomy":"product_cat","embeddable":true,"href":"https:\/\/snoeck.de\/es\/wp-json\/wp\/v2\/product_cat?post=3794"},{"taxonomy":"product_tag","embeddable":true,"href":"https:\/\/snoeck.de\/es\/wp-json\/wp\/v2\/product_tag?post=3794"}],"curies":[{"name":"wp","href":"https:\/\/api.w.org\/{rel}","templated":true}]}}