{"id":3796,"date":"2025-01-31T11:32:40","date_gmt":"2025-01-31T11:32:40","guid":{"rendered":"https:\/\/snoeck.process-vision.de\/shop\/caroline-von-grone-live-uebertragung\/"},"modified":"2025-10-08T16:20:31","modified_gmt":"2025-10-08T14:20:31","slug":"caroline-von-grone-live-uebertragung","status":"publish","type":"product","link":"https:\/\/snoeck.de\/es\/shop\/caroline-von-grone-live-uebertragung\/","title":{"rendered":"Caroline von Grone: retransmisi\u00f3n en DIRECTO"},"content":{"rendered":"<h3>La misi\u00f3n como concepto<\/h3>\n<p>\"Cuando paseo por el museo, puedo decir qu\u00e9 cuadro fue modelado y cu\u00e1l no\". - Caroline von Grone tiene un ojo agudo e infalible para las situaciones y los retratos. En 1991, fue alumna aventajada de Klaus Rinke en la Academia de Arte de D\u00fcsseldorf y, de forma bastante at\u00edpica para la \u00e9poca, se especializ\u00f3 en la pintura de retratos, ya fuera con modelos a los que hab\u00eda abordado en estaciones de metro, por ejemplo, o con personas que le hab\u00edan encargado un retrato. Uno de sus puntos fuertes es que \"no inventa\" observaciones. Esto va acompa\u00f1ado de una agudeza visual que proporciona al espectador un gran placer. Una y otra vez, los cuadros tambi\u00e9n ofrecen la imagen dentro de la imagen, como paredes de azulejos concebidas de forma abstracta, baldosas o interiores de lugares p\u00fablicos como cabinas telef\u00f3nicas o m\u00e1quinas expendedoras de billetes. Tambi\u00e9n ha pintado casas en repetidas ocasiones, por ejemplo casas de una urbanizaci\u00f3n del norte de Alemania antes de ser demolidas. Le interesaban especialmente esos estados finales, una especie de ant\u00edtesis de la fotograf\u00eda de los Becher, por ejemplo. Para Caroline von Grone, pintar en p\u00fablico siempre form\u00f3 parte de su pr\u00e1ctica, porque de otro modo \"no conseguir\u00eda la presencia de naturaleza muerta en el cuadro si intentara hacerlo a partir de una foto\".<\/p>\n<p>Exposici\u00f3n:<br \/>\nGaler\u00eda de la ciudad de Backnang, 13\/5 - 13\/8\/2023<\/p>","protected":false},"excerpt":{"rendered":"<p>Cat\u00e1logo de la exposici\u00f3n, Galer\u00eda de la Ciudad de Backnang, editado por Martin Schick<br \/>\nTextos (alem\u00e1n\/ingl\u00e9s) de Ina Jessen, Omar Kholeif, Wolfgang Ullrich y una entrevista con el artista realizada por Bettina Steinbr\u00fcgge.<br \/>\n320 p. con 265 ilustraciones en color<br \/>\nFormato 27,5 x 20 cm, tapa dura con gofrado bicolor<\/p>","protected":false},"featured_media":5211,"template":"","meta":[],"product_brand":[],"product_cat":[88,64,79],"product_tag":[],"class_list":{"0":"post-3796","1":"product","2":"type-product","3":"status-publish","4":"has-post-thumbnail","6":"product_cat-88","7":"product_cat-g","8":"product_cat-v","10":"first","11":"instock","12":"taxable","13":"shipping-taxable","14":"purchasable","15":"product-type-simple"},"aioseo_notices":[],"_wp_attached_file":null,"_wp_attachment_metadata":null,"_wc_attachment_source":null,"_elementor_inline_svg":null,"_elementor_is_screenshot":null,"_elementor_source_image_hash":null,"_source_url":null,"_wp_attachment_context":null,"_menu_item_type":null,"_menu_item_menu_item_parent":null,"_menu_item_object_id":null,"_menu_item_object":null,"_menu_item_target":null,"_menu_item_classes":null,"_menu_item_xfn":null,"_menu_item_url":null,"__elementor_forms_snapshot":null,"_unit":"","_unit_base":"","_unit_product":"","_unit_price_auto":"no","_unit_price_regular":"","_unit_price":"","_unit_price_sale":"","_sale_price_label":"","_sale_price_regular_label":"","_manufacturer_slug":"","_mini_desc":"","_defect_description":"","_safety_instructions":"","_allergen_ids":[],"_warranty_attachment_id":"","_safety_attachment_ids":[],"_min_age":"","_ts_gtin":"","_ts_mpn":"","_delivery_time_countries":[],"_free_shipping":"no","_service":"no","_photovoltaic_system":"no","_used_good":"no","_defective_copy":"no","_wireless_electronic_device":"no","_device_contains_power_supply":"no","_device_charging_supports_usb_pd":"no","_device_charging_watt_min":"0","_device_charging_watt_max":"0","_is_food":"no","_differential_taxation":"no","_gzd_version":"3.20.1","_hs_code":"","_customs_description":"","_manufacture_country":"0","_is_non_returnable":"no","_shipping_length":"","_shipping_width":"","_shipping_height":"","_sku":"ISBN 978-3-86442-427-4","_global_unique_id":"978-3-86442-427-4","_regular_price":"48","total_sales":"0","_tax_status":"taxable","_tax_class":"","_manage_stock":"no","_backorders":"no","_sold_individually":"no","_weight":"2","_virtual":"no","_downloadable":"no","_download_limit":"-1","_download_expiry":"-1","_stock":"","_stock_status":"instock","_wc_average_rating":"0","_wc_review_count":"0","_product_version":"10.1.0","_price":"48","shopengine_product_views_count":"2807","_thumbnail_id":"5211","_product_attributes":{"erscheinungsdatum":{"name":"Erscheinungsdatum","value":"19.07.2024","position":0,"is_visible":1,"is_variation":0,"is_taxonomy":0,"checkout_visible":0}},"_nutrient_ids":[],"_upsell_ids":null,"pswc_subtitle":null,"_default_delivery_time":null,"_wp_desired_post_slug":null,"_isbn":null,"pageType":null,"isExternalUrl":null,"pageId":null,"externalUrl":null,"hideCookieBanner":null,"isTargetBlank":null,"isProviderCurrentWebsite":null,"isEmbeddingOnlyExternalResources":null,"legalBasis":null,"dataProcessingInCountries":null,"dataProcessingInCountriesSpecialTreatments":null,"technicalDefinitions":null,"googleConsentModeConsentTypes":null,"executePriority":null,"executeCodeOptInWhenNoTagManagerConsentIsGiven":null,"executeCodeOptOutWhenNoTagManagerConsentIsGiven":null,"deleteTechnicalDefinitionsAfterOptOut":null,"presetId":null,"presetVersion":null,"provider":null,"providerContactPhone":null,"providerContactEmail":null,"providerContactLink":null,"uniqueName":null,"providerPrivacyPolicyUrl":null,"providerLegalNoticeUrl":null,"codeOptIn":null,"codeOptOut":null,"codeOnPageLoad":null,"language_code":null,"shopengine_template__post_meta__type":null,"shopengine_template__post_meta":null,"shopengine_template__post_meta__edit_with":null,"origin":null,"_enabled":null,"_filters":null,"_layout":null,"_elementor_import_session_id":null,"_wp_trash_meta_status":null,"_wp_trash_meta_time":null,"_edit_lock":"1759933235:2","_elementor_floating_elements_type":null,"_elementor_edit_mode":null,"_elementor_template_type":null,"tc-thumb-fld":{"_thumb_id":5211,"_thumb_type":"thumb"},"_wp_page_template":"default","_elementor_version":null,"_elementor_pro_version":null,"_elementor_page_settings":null,"_elementor_data":null,"_elementor_conditions":null,"_elementor_popup_display_settings":null,"_edit_last":"2","_elementor_template_sub_type":null,"_elementor_controls_usage":null,"_elementor_screenshot":null,"_elementor_css":null,"_elementor_page_assets":[],"_elementor_element_cache":null,"_elementor_screenshot_failed":null,"_elementor_source":null,"_wp_old_date":null,"layout_key":"","post_slider_check_key":"0","_links":{"self":[{"href":"https:\/\/snoeck.de\/es\/wp-json\/wp\/v2\/product\/3796","targetHints":{"allow":["GET"]}}],"collection":[{"href":"https:\/\/snoeck.de\/es\/wp-json\/wp\/v2\/product"}],"about":[{"href":"https:\/\/snoeck.de\/es\/wp-json\/wp\/v2\/types\/product"}],"wp:featuredmedia":[{"embeddable":true,"href":"https:\/\/snoeck.de\/es\/wp-json\/wp\/v2\/media\/5211"}],"wp:attachment":[{"href":"https:\/\/snoeck.de\/es\/wp-json\/wp\/v2\/media?parent=3796"}],"wp:term":[{"taxonomy":"product_brand","embeddable":true,"href":"https:\/\/snoeck.de\/es\/wp-json\/wp\/v2\/product_brand?post=3796"},{"taxonomy":"product_cat","embeddable":true,"href":"https:\/\/snoeck.de\/es\/wp-json\/wp\/v2\/product_cat?post=3796"},{"taxonomy":"product_tag","embeddable":true,"href":"https:\/\/snoeck.de\/es\/wp-json\/wp\/v2\/product_tag?post=3796"}],"curies":[{"name":"wp","href":"https:\/\/api.w.org\/{rel}","templated":true}]}}