{"id":3797,"date":"2025-01-31T11:32:40","date_gmt":"2025-01-31T11:32:40","guid":{"rendered":"https:\/\/snoeck.process-vision.de\/shop\/priska-von-martin\/"},"modified":"2025-03-29T08:42:07","modified_gmt":"2025-03-29T08:42:07","slug":"priska-von-martin","status":"publish","type":"product","link":"https:\/\/snoeck.de\/es\/shop\/priska-von-martin\/","title":{"rendered":"Priska de Martin"},"content":{"rendered":"<h3>La fuerza motriz de Priska von Martin era captar la condici\u00f3n humana como una entidad<\/h3>\n<p>Intent\u00f3 esbozar art\u00edsticamente lo que constituye la existencia humana, incluido el aislamiento, la disfuncionalidad, el dolor, pero tambi\u00e9n la armon\u00eda, la plenitud y la belleza. Plasm\u00f3 la esencia de la existencia humana en figuras de animales, as\u00ed como en cuerpos y torsos femeninos. Su arte se centraba en lo f\u00edsico, lo visiblemente f\u00edsico -lesiones, desplazamientos-, as\u00ed como en lo espiritual, lo invisible, lo intangible -sentimientos, instintos, estados-. \u00bfQui\u00e9n era Priska von Martin? \u00bfQu\u00e9 esperanzas ten\u00eda de donar su patrimonio a su ciudad natal de Friburgo, tan alejada de su lugar de trabajo en M\u00fanich, con la vaga esperanza de que (alg\u00fan d\u00eda) ser\u00eda reconocida por derecho propio? Si contaba con esta visi\u00f3n extranjera (desplazada en el tiempo), \u00bfpor qu\u00e9 apenas document\u00f3 su obra? \u00bfQu\u00e9 partes de su biograf\u00eda prefiri\u00f3 dejar en la oscuridad? \u00bfC\u00f3mo tratamos la informaci\u00f3n sobre esta artista, descrita por la mayor\u00eda de sus compa\u00f1eros como una persona discreta? \u00bfHasta qu\u00e9 punto podemos concluir de la falta de valoraciones sobre los acontecimientos pol\u00edticos, los contextos sociales y su entorno que no se implic\u00f3 en nada de esto?<\/p>\n<p>Exposiciones:<br \/>\nMuseo de Arte Contempor\u00e1neo\/Museos municipales de Friburgo, 4\/4 - 13\/9\/2020<br \/>\nGerhard-Marcks-Haus Bremen, 12\/9\/2020 - 21\/11\/2021<\/p>","protected":false},"excerpt":{"rendered":"<p>Cat\u00e1logo de la exposici\u00f3n, Museum f\u00fcr Neue Kunst\/St\u00e4dtische Museen Freiburg, Gerhard-Marcks-Haus Bremen, editado por Christine Litz, Arie Hartog<br \/>\nTextos (alem\u00e1n\/ingl\u00e9s) de Arie Hartog, Isabel Herda, Noura Persephone Johnson, Christine Litz, Mirjam Verhey y una biograf\u00eda comentada de Christiane Grathwohl-Scheffel.<br \/>\n280 p. con 400 ilustraciones en color<br \/>\nFormato 25,5 x 21 cm, folleto desplegable<\/p>","protected":false},"featured_media":5212,"template":"","meta":[],"product_brand":[],"product_cat":[84,70,79],"product_tag":[],"class_list":{"0":"post-3797","1":"product","2":"type-product","3":"status-publish","4":"has-post-thumbnail","6":"product_cat-84","7":"product_cat-m","8":"product_cat-v","10":"first","11":"instock","12":"taxable","13":"shipping-taxable","14":"purchasable","15":"product-type-simple"},"aioseo_notices":[],"_wp_attached_file":null,"_wp_attachment_metadata":null,"_wc_attachment_source":null,"_elementor_inline_svg":null,"_elementor_is_screenshot":null,"_elementor_source_image_hash":null,"_source_url":null,"_wp_attachment_context":null,"_menu_item_type":null,"_menu_item_menu_item_parent":null,"_menu_item_object_id":null,"_menu_item_object":null,"_menu_item_target":null,"_menu_item_classes":null,"_menu_item_xfn":null,"_menu_item_url":null,"__elementor_forms_snapshot":null,"_unit":"","_unit_base":"","_unit_product":"","_unit_price_auto":"no","_unit_price_regular":"","_unit_price":"","_unit_price_sale":"","_sale_price_label":"","_sale_price_regular_label":"","_manufacturer_slug":"","_mini_desc":"","_defect_description":"","_safety_instructions":"","_allergen_ids":[],"_warranty_attachment_id":"","_safety_attachment_ids":[],"_min_age":"","_ts_gtin":"","_ts_mpn":"","_delivery_time_countries":[],"_free_shipping":"no","_service":"no","_photovoltaic_system":"no","_used_good":"no","_defective_copy":"no","_wireless_electronic_device":"no","_device_contains_power_supply":"no","_device_charging_supports_usb_pd":"no","_device_charging_watt_min":"0","_device_charging_watt_max":"0","_is_food":"no","_differential_taxation":"no","_gzd_version":"3.18.7","_hs_code":"","_customs_description":"","_manufacture_country":"0","_is_non_returnable":"no","_shipping_length":"","_shipping_width":"","_shipping_height":"","_sku":"ISBN 978-3-86442-319-2","_global_unique_id":"978-3-86442-319-2","_regular_price":"39.8","total_sales":"0","_tax_status":"taxable","_tax_class":"","_manage_stock":"no","_backorders":"no","_sold_individually":"no","_weight":"1","_virtual":"no","_downloadable":"no","_download_limit":"-1","_download_expiry":"-1","_stock":"","_stock_status":"instock","_wc_average_rating":"0","_wc_review_count":"0","_product_version":"9.7.1","_price":"39.8","shopengine_product_views_count":"2430","_thumbnail_id":"5212","_product_attributes":{"erscheinungsdatum":{"name":"Erscheinungsdatum","value":"01.07.2020","position":0,"is_visible":1,"is_variation":0,"is_taxonomy":0,"checkout_visible":0}},"_nutrient_ids":[],"_upsell_ids":null,"pswc_subtitle":null,"_default_delivery_time":null,"_wp_desired_post_slug":null,"_isbn":null,"pageType":null,"isExternalUrl":null,"pageId":null,"externalUrl":null,"hideCookieBanner":null,"isTargetBlank":null,"isProviderCurrentWebsite":null,"isEmbeddingOnlyExternalResources":null,"legalBasis":null,"dataProcessingInCountries":null,"dataProcessingInCountriesSpecialTreatments":null,"technicalDefinitions":null,"googleConsentModeConsentTypes":null,"executePriority":null,"executeCodeOptInWhenNoTagManagerConsentIsGiven":null,"executeCodeOptOutWhenNoTagManagerConsentIsGiven":null,"deleteTechnicalDefinitionsAfterOptOut":null,"presetId":null,"presetVersion":null,"provider":null,"providerContactPhone":null,"providerContactEmail":null,"providerContactLink":null,"uniqueName":null,"providerPrivacyPolicyUrl":null,"providerLegalNoticeUrl":null,"codeOptIn":null,"codeOptOut":null,"codeOnPageLoad":null,"language_code":null,"shopengine_template__post_meta__type":null,"shopengine_template__post_meta":null,"shopengine_template__post_meta__edit_with":null,"origin":null,"_enabled":null,"_filters":null,"_layout":null,"_elementor_import_session_id":null,"_wp_trash_meta_status":null,"_wp_trash_meta_time":null,"_edit_lock":"1743237591:2","_elementor_floating_elements_type":null,"_elementor_edit_mode":null,"_elementor_template_type":null,"tc-thumb-fld":{"_thumb_id":5212,"_thumb_type":"thumb"},"_wp_page_template":"default","_elementor_version":null,"_elementor_pro_version":null,"_elementor_page_settings":null,"_elementor_data":null,"_elementor_conditions":null,"_elementor_popup_display_settings":null,"_edit_last":"2","_elementor_template_sub_type":null,"_elementor_controls_usage":null,"_elementor_screenshot":null,"_elementor_css":null,"_elementor_page_assets":[],"_elementor_element_cache":null,"_elementor_screenshot_failed":null,"_elementor_source":null,"_wp_old_date":null,"layout_key":"","post_slider_check_key":"0","_links":{"self":[{"href":"https:\/\/snoeck.de\/es\/wp-json\/wp\/v2\/product\/3797","targetHints":{"allow":["GET"]}}],"collection":[{"href":"https:\/\/snoeck.de\/es\/wp-json\/wp\/v2\/product"}],"about":[{"href":"https:\/\/snoeck.de\/es\/wp-json\/wp\/v2\/types\/product"}],"wp:featuredmedia":[{"embeddable":true,"href":"https:\/\/snoeck.de\/es\/wp-json\/wp\/v2\/media\/5212"}],"wp:attachment":[{"href":"https:\/\/snoeck.de\/es\/wp-json\/wp\/v2\/media?parent=3797"}],"wp:term":[{"taxonomy":"product_brand","embeddable":true,"href":"https:\/\/snoeck.de\/es\/wp-json\/wp\/v2\/product_brand?post=3797"},{"taxonomy":"product_cat","embeddable":true,"href":"https:\/\/snoeck.de\/es\/wp-json\/wp\/v2\/product_cat?post=3797"},{"taxonomy":"product_tag","embeddable":true,"href":"https:\/\/snoeck.de\/es\/wp-json\/wp\/v2\/product_tag?post=3797"}],"curies":[{"name":"wp","href":"https:\/\/api.w.org\/{rel}","templated":true}]}}