{"id":3798,"date":"2025-01-31T11:32:41","date_gmt":"2025-01-31T11:32:41","guid":{"rendered":"https:\/\/snoeck.process-vision.de\/shop\/vorbilder-nachbilder-die-fotografische-lehrsammlung-der-universitaet-der-kuenste-berlin-1850-1930\/"},"modified":"2026-04-08T15:21:26","modified_gmt":"2026-04-08T14:21:26","slug":"vorbilder-nachbilder-die-fotografische-lehrsammlung-der-universitaet-der-kuenste-berlin-1850-1930","status":"publish","type":"product","link":"https:\/\/snoeck.de\/es\/shop\/vorbilder-nachbilder-die-fotografische-lehrsammlung-der-universitaet-der-kuenste-berlin-1850-1930\/","title":{"rendered":"Role Models Afterimages. La colecci\u00f3n fotogr\u00e1fica did\u00e1ctica de la Universidad de las Artes de Berl\u00edn 1850-1930"},"content":{"rendered":"<h3>C\u00f3mo las fotos se convirtieron en arte<\/h3>\n<p>\"Modelos a partir de im\u00e1genes\": este par de t\u00e9rminos se refiere a las referencias entre im\u00e1genes, pero tambi\u00e9n a su producci\u00f3n, en la que se utilizan im\u00e1genes ya existentes. En las academias de arte y escuelas de artes aplicadas del siglo XIX y principios del XX, las fotograf\u00edas serv\u00edan de \"modelos\" y funcionaban como un tipo especial de imagen did\u00e1ctica. Los modelos fotogr\u00e1ficos eran una ayuda importante en la pr\u00e1ctica creativa de los artistas en ciernes y, en consecuencia, generaban \"im\u00e1genes posteriores\": pinturas, esculturas, dibujos y gr\u00e1ficos. El archivo de la Universidad de las Artes de Berl\u00edn conserva una colecci\u00f3n fotogr\u00e1fica did\u00e1ctica que se origin\u00f3 en sus instituciones predecesoras, la Academia de Bellas Artes de Berl\u00edn y la destacada Escuela de Artes y Oficios, y se remonta a la d\u00e9cada de 1850. Con unas 25.000 hojas fotogr\u00e1ficas individuales, a las que se a\u00f1aden legajos y \u00e1lbumes, esta colecci\u00f3n es \u00fanica en Alemania. Descuidada durante mucho tiempo, ha sido archivada y analizada cient\u00edficamente en los \u00faltimos a\u00f1os. Este libro y las exposiciones preparadas por el Museo de la Ciudad de M\u00fanich presentan la colecci\u00f3n por primera vez. Los variad\u00edsimos motivos pict\u00f3ricos incluyen reproducciones de arte, paisajes, estudios de la naturaleza con agua, nubes, \u00e1rboles, plantas, rocas, etc., arquitectura, bodegones con frutas, copas, etc., retratos, escenas de g\u00e9nero, cuadros vivientes, desnudos y estudios de animales, as\u00ed como representaciones de Oriente y de la historia. Los estudios de modelos -conocidos en Francia como \"\u00c9tudes d'apr\u00e8s nature\"- fueron creados por conocidos fot\u00f3grafos europeos y americanos, entre ellos Fratelli Alinari, Ottomar Ansch\u00fctz, Karl Blossfeldt, Adolphe Braun, Eug\u00e8ne Cuvelier, Georg Maria Eckert, Constantin Famin, Wilhelm von Gloeden, Albert Renger-Patzsch, Jakob August Lorent, Gustave le Gray, James Robertson, Henry Peach Robinson, Giorgio Sommer y Carleton Watkins.<\/p>\n<p>Exposiciones:<br \/>\nMuseo Municipal de M\u00fanich, Colecci\u00f3n de Fotograf\u00eda, 7\/2 - 26\/7\/2020<br \/>\nMuseo de Fotograf\u00eda de los Museos Nacionales de Berl\u00edn, 26\/11\/2020 - 5\/9\/2021<\/p>","protected":false},"excerpt":{"rendered":"<p>Cat\u00e1logo de la exposici\u00f3n, M\u00fcnchner Stadtmuseum, Sammlung Fotografie \/ Museum f\u00fcr Fotografie der Staatlichen Museen zu Berlin, editado por Ulrich Pohlmann, Dietmar Schenk y Anastasia Dittmann en colaboraci\u00f3n con Daria Bona, Sophie-Charlotte Opitz<br \/>\nTextos (alem\u00e1n\/ingl\u00e9s) de Ludger Derenthal, Monika Faber, Antje Kalcher, Mei-Hau Kunzi, Hubert Locher, Kristina Lowis, Paul Mellenthin, Sabina Mlodzianowski, Angela Nikolai, Helena Perez Gallardo, Dorothea Peters, Herbert Rott, Bernd Stiegler, Herta Wolf y los editores.<br \/>\n416 p. con 450 ilustraciones en color<br \/>\nFormato 28 x 24 cm, tapa dura<\/p>","protected":false},"featured_media":5213,"template":"","meta":[],"product_brand":[],"product_cat":[95],"product_tag":[],"class_list":{"0":"post-3798","1":"product","2":"type-product","3":"status-publish","4":"has-post-thumbnail","6":"product_cat-vergriffen","8":"first","9":"outofstock","10":"taxable","11":"shipping-taxable","12":"product-type-simple"},"aioseo_notices":[],"_wp_attached_file":null,"_wp_attachment_metadata":null,"_wc_attachment_source":null,"_elementor_inline_svg":null,"_elementor_is_screenshot":null,"_elementor_source_image_hash":null,"_source_url":null,"_wp_attachment_context":null,"_menu_item_type":null,"_menu_item_menu_item_parent":null,"_menu_item_object_id":null,"_menu_item_object":null,"_menu_item_target":null,"_menu_item_classes":null,"_menu_item_xfn":null,"_menu_item_url":null,"__elementor_forms_snapshot":null,"_unit":"","_unit_base":"","_unit_product":"","_unit_price_auto":"no","_unit_price_regular":"","_unit_price":"","_unit_price_sale":"","_sale_price_label":"","_sale_price_regular_label":"","_manufacturer_slug":"","_mini_desc":"","_defect_description":"","_safety_instructions":"","_allergen_ids":[],"_warranty_attachment_id":"","_safety_attachment_ids":[],"_min_age":"","_ts_gtin":"","_ts_mpn":"","_delivery_time_countries":[],"_free_shipping":"no","_service":"no","_photovoltaic_system":"no","_used_good":"no","_defective_copy":"no","_wireless_electronic_device":"no","_device_contains_power_supply":"no","_device_charging_supports_usb_pd":"no","_device_charging_watt_min":"0","_device_charging_watt_max":"0","_is_food":"no","_differential_taxation":"no","_gzd_version":"3.18.7","_hs_code":"","_customs_description":"","_manufacture_country":"0","_is_non_returnable":"no","_shipping_length":"","_shipping_width":"","_shipping_height":"","_sku":"ISBN 978-3-86442-305-5","_global_unique_id":"978-3-86442-305-5","_regular_price":null,"total_sales":"0","_tax_status":"taxable","_tax_class":"","_manage_stock":"no","_backorders":"no","_sold_individually":"no","_weight":"2","_virtual":"no","_downloadable":"no","_download_limit":"-1","_download_expiry":"-1","_stock":"","_stock_status":"outofstock","_wc_average_rating":"0","_wc_review_count":"0","_product_version":"10.1.4","_price":"","shopengine_product_views_count":"3286","_thumbnail_id":"5213","_product_attributes":{"erscheinungsdatum":{"name":"Fecha de publicaci\u00f3n","value":"01.02.2020","position":0,"is_visible":1,"is_variation":0,"is_taxonomy":0,"checkout_visible":0}},"_nutrient_ids":[],"_upsell_ids":null,"pswc_subtitle":null,"_default_delivery_time":null,"_wp_desired_post_slug":null,"_isbn":null,"pageType":null,"isExternalUrl":null,"pageId":null,"externalUrl":null,"hideCookieBanner":null,"isTargetBlank":null,"isProviderCurrentWebsite":null,"isEmbeddingOnlyExternalResources":null,"legalBasis":null,"dataProcessingInCountries":null,"dataProcessingInCountriesSpecialTreatments":null,"technicalDefinitions":null,"googleConsentModeConsentTypes":null,"executePriority":null,"executeCodeOptInWhenNoTagManagerConsentIsGiven":null,"executeCodeOptOutWhenNoTagManagerConsentIsGiven":null,"deleteTechnicalDefinitionsAfterOptOut":null,"presetId":null,"presetVersion":null,"provider":null,"providerContactPhone":null,"providerContactEmail":null,"providerContactLink":null,"uniqueName":null,"providerPrivacyPolicyUrl":null,"providerLegalNoticeUrl":null,"codeOptIn":null,"codeOptOut":null,"codeOnPageLoad":null,"language_code":null,"shopengine_template__post_meta__type":null,"shopengine_template__post_meta":null,"shopengine_template__post_meta__edit_with":null,"origin":null,"_enabled":null,"_filters":null,"_layout":null,"_elementor_import_session_id":null,"_wp_trash_meta_status":null,"_wp_trash_meta_time":null,"_edit_lock":"1743237472:2","_elementor_floating_elements_type":null,"_elementor_edit_mode":null,"_elementor_template_type":null,"tc-thumb-fld":{"_thumb_id":5213,"_thumb_type":"thumb"},"_wp_page_template":"default","_elementor_version":null,"_elementor_pro_version":null,"_elementor_page_settings":null,"_elementor_data":null,"_elementor_conditions":null,"_elementor_popup_display_settings":null,"_edit_last":"2","_elementor_template_sub_type":null,"_elementor_controls_usage":null,"_elementor_screenshot":null,"_elementor_css":null,"_elementor_page_assets":[],"_elementor_element_cache":null,"_elementor_screenshot_failed":null,"_elementor_source":null,"_wp_old_date":null,"layout_key":"","post_slider_check_key":"0","_links":{"self":[{"href":"https:\/\/snoeck.de\/es\/wp-json\/wp\/v2\/product\/3798","targetHints":{"allow":["GET"]}}],"collection":[{"href":"https:\/\/snoeck.de\/es\/wp-json\/wp\/v2\/product"}],"about":[{"href":"https:\/\/snoeck.de\/es\/wp-json\/wp\/v2\/types\/product"}],"wp:featuredmedia":[{"embeddable":true,"href":"https:\/\/snoeck.de\/es\/wp-json\/wp\/v2\/media\/5213"}],"wp:attachment":[{"href":"https:\/\/snoeck.de\/es\/wp-json\/wp\/v2\/media?parent=3798"}],"wp:term":[{"taxonomy":"product_brand","embeddable":true,"href":"https:\/\/snoeck.de\/es\/wp-json\/wp\/v2\/product_brand?post=3798"},{"taxonomy":"product_cat","embeddable":true,"href":"https:\/\/snoeck.de\/es\/wp-json\/wp\/v2\/product_cat?post=3798"},{"taxonomy":"product_tag","embeddable":true,"href":"https:\/\/snoeck.de\/es\/wp-json\/wp\/v2\/product_tag?post=3798"}],"curies":[{"name":"wp","href":"https:\/\/api.w.org\/{rel}","templated":true}]}}