{"id":3801,"date":"2025-01-31T11:32:43","date_gmt":"2025-01-31T11:32:43","guid":{"rendered":"https:\/\/snoeck.process-vision.de\/shop\/we-never-sleep\/"},"modified":"2026-04-08T15:22:36","modified_gmt":"2026-04-08T14:22:36","slug":"we-never-sleep","status":"publish","type":"product","link":"https:\/\/snoeck.de\/es\/shop\/we-never-sleep\/","title":{"rendered":"NUNCA DORMIMOS"},"content":{"rendered":"<h3>\u00bfPuede mantener en estricta confidencialidad su visita a la exposici\u00f3n?<\/h3>\n<p>El equipo de exposiciones del Schirn se hace esta pregunta, porque el fascinante poder del espionaje es siempre una fuente de inspiraci\u00f3n art\u00edstica, y por eso no es de extra\u00f1ar que numerosos artistas internacionales traten en sus obras las estrategias del secreto. Por muy glamurosos que se presenten los esp\u00edas en la cultura popular, la informaci\u00f3n que recogen en acciones encubiertas es socialmente explosiva. Mientras que en el pasado los individuos o los Estados eran espiados por los gobiernos nacionales, en tiempos de comunicaci\u00f3n digital los ciudadanos hacen p\u00fablicos los secretos de Estado, o los informantes denuncian el espionaje a la poblaci\u00f3n por parte de su propio gobierno. En sus obras, los artistas contempor\u00e1neos abordan aspectos del espionaje como la vigilancia, la paranoia, la amenaza y el camuflaje, la criptograf\u00eda, la manipulaci\u00f3n, la sangre fr\u00eda y la traici\u00f3n. Con una variedad de estrategias art\u00edsticas y objetos asombrosos, la \"edad de oro\" del espionaje durante la Guerra Fr\u00eda se hace tan visible como la actual negociaci\u00f3n del cribado medi\u00e1tico.<\/p>\n<p>Artistas en la exposici\u00f3n:<br \/>\nThomas Demand, Simon Denny, Stan Douglas, Charles y Ray Eames, Forensic Architecture, Rodney Graham, Eva Grubinger, Alfredo Jaar, Gabriel Lester, Metahaven, Trevor Paglen, Cornelia Schleime, Taryn Simon, Noam Toran, Suzanne Treister, Nomeda &amp; Gediminas Urbonas y otros.<\/p>\n<p>Exposici\u00f3n:<br \/>\nSchirn Kunsthalle Fr\u00e1ncfort, 24\/9\/2020 - 10\/1\/2021<\/p>","protected":false},"excerpt":{"rendered":"<p>Cat\u00e1logo de la exposici\u00f3n, Schirn Kunsthalle Frankfurt, editado por Cristina Ricupero, Alexandra Midal, Katharina Dohm<br \/>\nTextos (alem\u00e1n\/ingl\u00e9s) de J\u00f6rg Heiser, Jelena Martinovic, Cristina Ricupero, Noam Toran, Marina Otero Verzier, Wladimir Velminski<br \/>\n184 p. con 100 ilustraciones en color<br \/>\nFormato 27 x 20 cm, folleto desplegable<\/p>","protected":false},"featured_media":5216,"template":"","meta":[],"product_brand":[],"product_cat":[95],"product_tag":[],"class_list":{"0":"post-3801","1":"product","2":"type-product","3":"status-publish","4":"has-post-thumbnail","6":"product_cat-vergriffen","8":"first","9":"outofstock","10":"taxable","11":"shipping-taxable","12":"product-type-simple"},"aioseo_notices":[],"_wp_attached_file":null,"_wp_attachment_metadata":null,"_wc_attachment_source":null,"_elementor_inline_svg":null,"_elementor_is_screenshot":null,"_elementor_source_image_hash":null,"_source_url":null,"_wp_attachment_context":null,"_menu_item_type":null,"_menu_item_menu_item_parent":null,"_menu_item_object_id":null,"_menu_item_object":null,"_menu_item_target":null,"_menu_item_classes":null,"_menu_item_xfn":null,"_menu_item_url":null,"__elementor_forms_snapshot":null,"_unit":"","_unit_base":"","_unit_product":"","_unit_price_auto":"no","_unit_price_regular":"","_unit_price":"","_unit_price_sale":"","_sale_price_label":"","_sale_price_regular_label":"","_manufacturer_slug":"","_mini_desc":"","_defect_description":"","_safety_instructions":"","_allergen_ids":[],"_warranty_attachment_id":"","_safety_attachment_ids":[],"_min_age":"","_ts_gtin":"","_ts_mpn":"","_delivery_time_countries":[],"_free_shipping":"no","_service":"no","_photovoltaic_system":"no","_used_good":"no","_defective_copy":"no","_wireless_electronic_device":"no","_device_contains_power_supply":"no","_device_charging_supports_usb_pd":"no","_device_charging_watt_min":"0","_device_charging_watt_max":"0","_is_food":"no","_differential_taxation":"no","_gzd_version":"3.18.7","_hs_code":"","_customs_description":"","_manufacture_country":"0","_is_non_returnable":"no","_shipping_length":"","_shipping_width":"","_shipping_height":"","_sku":"ISBN 978-3-86442-318-5","_global_unique_id":"978-3-86442-318-5","_regular_price":null,"total_sales":"0","_tax_status":"taxable","_tax_class":"","_manage_stock":"no","_backorders":"no","_sold_individually":"no","_weight":"1","_virtual":"no","_downloadable":"no","_download_limit":"-1","_download_expiry":"-1","_stock":"","_stock_status":"outofstock","_wc_average_rating":"0","_wc_review_count":"0","_product_version":"10.1.4","_price":"","shopengine_product_views_count":"3272","_thumbnail_id":"5216","_product_attributes":{"erscheinungsdatum":{"name":"Fecha de publicaci\u00f3n","value":"23.09.2020","position":0,"is_visible":1,"is_variation":0,"is_taxonomy":0,"checkout_visible":0}},"_nutrient_ids":[],"_upsell_ids":null,"pswc_subtitle":null,"_default_delivery_time":null,"_wp_desired_post_slug":null,"_isbn":null,"pageType":null,"isExternalUrl":null,"pageId":null,"externalUrl":null,"hideCookieBanner":null,"isTargetBlank":null,"isProviderCurrentWebsite":null,"isEmbeddingOnlyExternalResources":null,"legalBasis":null,"dataProcessingInCountries":null,"dataProcessingInCountriesSpecialTreatments":null,"technicalDefinitions":null,"googleConsentModeConsentTypes":null,"executePriority":null,"executeCodeOptInWhenNoTagManagerConsentIsGiven":null,"executeCodeOptOutWhenNoTagManagerConsentIsGiven":null,"deleteTechnicalDefinitionsAfterOptOut":null,"presetId":null,"presetVersion":null,"provider":null,"providerContactPhone":null,"providerContactEmail":null,"providerContactLink":null,"uniqueName":null,"providerPrivacyPolicyUrl":null,"providerLegalNoticeUrl":null,"codeOptIn":null,"codeOptOut":null,"codeOnPageLoad":null,"language_code":null,"shopengine_template__post_meta__type":null,"shopengine_template__post_meta":null,"shopengine_template__post_meta__edit_with":null,"origin":null,"_enabled":null,"_filters":null,"_layout":null,"_elementor_import_session_id":null,"_wp_trash_meta_status":null,"_wp_trash_meta_time":null,"_edit_lock":"1743342635:2","_elementor_floating_elements_type":null,"_elementor_edit_mode":null,"_elementor_template_type":null,"tc-thumb-fld":{"_thumb_id":5216,"_thumb_type":"thumb"},"_wp_page_template":"default","_elementor_version":null,"_elementor_pro_version":null,"_elementor_page_settings":null,"_elementor_data":null,"_elementor_conditions":null,"_elementor_popup_display_settings":null,"_edit_last":"2","_elementor_template_sub_type":null,"_elementor_controls_usage":null,"_elementor_screenshot":null,"_elementor_css":null,"_elementor_page_assets":[],"_elementor_element_cache":null,"_elementor_screenshot_failed":null,"_elementor_source":null,"_wp_old_date":null,"layout_key":"","post_slider_check_key":"0","_links":{"self":[{"href":"https:\/\/snoeck.de\/es\/wp-json\/wp\/v2\/product\/3801","targetHints":{"allow":["GET"]}}],"collection":[{"href":"https:\/\/snoeck.de\/es\/wp-json\/wp\/v2\/product"}],"about":[{"href":"https:\/\/snoeck.de\/es\/wp-json\/wp\/v2\/types\/product"}],"wp:featuredmedia":[{"embeddable":true,"href":"https:\/\/snoeck.de\/es\/wp-json\/wp\/v2\/media\/5216"}],"wp:attachment":[{"href":"https:\/\/snoeck.de\/es\/wp-json\/wp\/v2\/media?parent=3801"}],"wp:term":[{"taxonomy":"product_brand","embeddable":true,"href":"https:\/\/snoeck.de\/es\/wp-json\/wp\/v2\/product_brand?post=3801"},{"taxonomy":"product_cat","embeddable":true,"href":"https:\/\/snoeck.de\/es\/wp-json\/wp\/v2\/product_cat?post=3801"},{"taxonomy":"product_tag","embeddable":true,"href":"https:\/\/snoeck.de\/es\/wp-json\/wp\/v2\/product_tag?post=3801"}],"curies":[{"name":"wp","href":"https:\/\/api.w.org\/{rel}","templated":true}]}}