{"id":3802,"date":"2025-01-31T11:32:43","date_gmt":"2025-01-31T11:32:43","guid":{"rendered":"https:\/\/snoeck.process-vision.de\/shop\/marcus-weber-krazy-dog-moon-kat\/"},"modified":"2025-03-29T08:31:41","modified_gmt":"2025-03-29T08:31:41","slug":"marcus-weber-krazy-dog-moon-kat","status":"publish","type":"product","link":"https:\/\/snoeck.de\/es\/shop\/marcus-weber-krazy-dog-moon-kat\/","title":{"rendered":"Marcus Weber: Perro Loco Moon Kat"},"content":{"rendered":"<h3>Desolado y rom\u00e1ntico<\/h3>\n<p>KRAZY DOG MOON KAT - este es el t\u00edtulo del libro que acompa\u00f1a a la exposici\u00f3n de Marcus Weber en la Villa Merkel de Esslingen, que por primera vez presenta una amplia selecci\u00f3n de pinturas del artista, nacido en Stuttgart en 1965 y residente en Berl\u00edn. Se trata de cuadros narrativos, ir\u00f3nicos, retratos de grupo alusivos y paisajes urbanos con reformulaciones grotescas de los \u00f3rdenes sociales y\/o con personajes individuales caricaturescamente exagerados. Hay destellos de sofisticaci\u00f3n pict\u00f3rica, de modo que algunas obras pueden leerse como capriccio, desoladas y rom\u00e1nticas al mismo tiempo. Y siempre resuenan los antepasados pict\u00f3ricos: el entusiasmo de Marcus Weber por artistas como James Ensor o Philip Guston es inconfundible. El resultado es una mezcla grotesca que desaf\u00eda cualquier jerarqu\u00eda y tiende puentes productivos hacia el \u00e1mbito de los c\u00f3mics de Georg Herriman, as\u00ed como hacia la historia del arte, ya que Weber es un pintor de g\u00e9nero en la mejor tradici\u00f3n de la pintura de cuadros sociales. Representa comunidades idiosincr\u00e1sicas -como hombres aislados en la barra de un bar, gente leyendo revistas de arte, tipos pasando el rato en muebles de dise\u00f1o o escenas de caf\u00e9 en las que se re\u00fanen personas enmascaradas-, pero, sobre todo, presta gran atenci\u00f3n a los detalles delicados, como tres bolas de helado o una porci\u00f3n de tarta llamada ola del Danubio. Como reacci\u00f3n sutil y de m\u00faltiples capas a las condiciones pol\u00edticas y sociales actuales, estas obras eclipsan f\u00e1cilmente la llamada nueva pintura de historia, que suele limitarse a pintar fotos de prensa. En consecuencia, con motivo de su primera exposici\u00f3n individual en Estados Unidos, el New York Times (2 de mayo de 2018) certific\u00f3 que el artista hab\u00eda emprendido un camino sorprendentemente actual imitando lo inevitable de la vida real.<\/p>\n<p>Exposici\u00f3n:<br \/>\nGaler\u00edas Villa Merkel de la ciudad de Esslingen, 24\/6 - 19\/8\/2018<\/p>","protected":false},"excerpt":{"rendered":"<p>Cat\u00e1logo de la exposici\u00f3n Villa Merkel Esslingen, editado por Andreas Baur<br \/>\nTextos (alem\u00e1n\/ingl\u00e9s) de Andreas Baur, Thomas Groetz, Esther Leslie<br \/>\n136 p. con 150 ilustraciones en color<br \/>\nFormato 28 x 21 cm, tapa blanda<\/p>","protected":false},"featured_media":5217,"template":"","meta":[],"product_brand":[],"product_cat":[110,80],"product_tag":[],"class_list":{"0":"post-3802","1":"product","2":"type-product","3":"status-publish","4":"has-post-thumbnail","6":"product_cat-110","7":"product_cat-w","9":"first","10":"instock","11":"taxable","12":"shipping-taxable","13":"purchasable","14":"product-type-simple"},"aioseo_notices":[],"_wp_attached_file":null,"_wp_attachment_metadata":null,"_wc_attachment_source":null,"_elementor_inline_svg":null,"_elementor_is_screenshot":null,"_elementor_source_image_hash":null,"_source_url":null,"_wp_attachment_context":null,"_menu_item_type":null,"_menu_item_menu_item_parent":null,"_menu_item_object_id":null,"_menu_item_object":null,"_menu_item_target":null,"_menu_item_classes":null,"_menu_item_xfn":null,"_menu_item_url":null,"__elementor_forms_snapshot":null,"_unit":"","_unit_base":"","_unit_product":"","_unit_price_auto":"no","_unit_price_regular":"","_unit_price":"","_unit_price_sale":"","_sale_price_label":"","_sale_price_regular_label":"","_manufacturer_slug":"","_mini_desc":"","_defect_description":"","_safety_instructions":"","_allergen_ids":[],"_warranty_attachment_id":"","_safety_attachment_ids":[],"_min_age":"","_ts_gtin":"","_ts_mpn":"","_delivery_time_countries":[],"_free_shipping":"no","_service":"no","_photovoltaic_system":"no","_used_good":"no","_defective_copy":"no","_wireless_electronic_device":"no","_device_contains_power_supply":"no","_device_charging_supports_usb_pd":"no","_device_charging_watt_min":"0","_device_charging_watt_max":"0","_is_food":"no","_differential_taxation":"no","_gzd_version":"3.18.7","_hs_code":"","_customs_description":"","_manufacture_country":"0","_is_non_returnable":"no","_shipping_length":"","_shipping_width":"","_shipping_height":"","_sku":"ISBN 978-3-86442-251-5","_global_unique_id":"978-3-86442-251-5","_regular_price":"29.8","total_sales":"0","_tax_status":"taxable","_tax_class":"","_manage_stock":"no","_backorders":"no","_sold_individually":"no","_weight":"1","_virtual":"no","_downloadable":"no","_download_limit":"-1","_download_expiry":"-1","_stock":"","_stock_status":"instock","_wc_average_rating":"0","_wc_review_count":"0","_product_version":"9.7.1","_price":"29.8","shopengine_product_views_count":"2912","_thumbnail_id":"5217","_product_attributes":{"erscheinungsdatum":{"name":"Fecha de publicaci\u00f3n","value":"23.02.2019","position":0,"is_visible":1,"is_variation":0,"is_taxonomy":0,"checkout_visible":0}},"_nutrient_ids":[],"_upsell_ids":null,"pswc_subtitle":null,"_default_delivery_time":null,"_wp_desired_post_slug":null,"_isbn":null,"pageType":null,"isExternalUrl":null,"pageId":null,"externalUrl":null,"hideCookieBanner":null,"isTargetBlank":null,"isProviderCurrentWebsite":null,"isEmbeddingOnlyExternalResources":null,"legalBasis":null,"dataProcessingInCountries":null,"dataProcessingInCountriesSpecialTreatments":null,"technicalDefinitions":null,"googleConsentModeConsentTypes":null,"executePriority":null,"executeCodeOptInWhenNoTagManagerConsentIsGiven":null,"executeCodeOptOutWhenNoTagManagerConsentIsGiven":null,"deleteTechnicalDefinitionsAfterOptOut":null,"presetId":null,"presetVersion":null,"provider":null,"providerContactPhone":null,"providerContactEmail":null,"providerContactLink":null,"uniqueName":null,"providerPrivacyPolicyUrl":null,"providerLegalNoticeUrl":null,"codeOptIn":null,"codeOptOut":null,"codeOnPageLoad":null,"language_code":null,"shopengine_template__post_meta__type":null,"shopengine_template__post_meta":null,"shopengine_template__post_meta__edit_with":null,"origin":null,"_enabled":null,"_filters":null,"_layout":null,"_elementor_import_session_id":null,"_wp_trash_meta_status":null,"_wp_trash_meta_time":null,"_edit_lock":"1743236964:2","_elementor_floating_elements_type":null,"_elementor_edit_mode":null,"_elementor_template_type":null,"tc-thumb-fld":{"_thumb_id":5217,"_thumb_type":"thumb"},"_wp_page_template":"default","_elementor_version":null,"_elementor_pro_version":null,"_elementor_page_settings":null,"_elementor_data":null,"_elementor_conditions":null,"_elementor_popup_display_settings":null,"_edit_last":"2","_elementor_template_sub_type":null,"_elementor_controls_usage":null,"_elementor_screenshot":null,"_elementor_css":null,"_elementor_page_assets":[],"_elementor_element_cache":null,"_elementor_screenshot_failed":null,"_elementor_source":null,"_wp_old_date":null,"layout_key":"","post_slider_check_key":"0","_links":{"self":[{"href":"https:\/\/snoeck.de\/es\/wp-json\/wp\/v2\/product\/3802","targetHints":{"allow":["GET"]}}],"collection":[{"href":"https:\/\/snoeck.de\/es\/wp-json\/wp\/v2\/product"}],"about":[{"href":"https:\/\/snoeck.de\/es\/wp-json\/wp\/v2\/types\/product"}],"wp:featuredmedia":[{"embeddable":true,"href":"https:\/\/snoeck.de\/es\/wp-json\/wp\/v2\/media\/5217"}],"wp:attachment":[{"href":"https:\/\/snoeck.de\/es\/wp-json\/wp\/v2\/media?parent=3802"}],"wp:term":[{"taxonomy":"product_brand","embeddable":true,"href":"https:\/\/snoeck.de\/es\/wp-json\/wp\/v2\/product_brand?post=3802"},{"taxonomy":"product_cat","embeddable":true,"href":"https:\/\/snoeck.de\/es\/wp-json\/wp\/v2\/product_cat?post=3802"},{"taxonomy":"product_tag","embeddable":true,"href":"https:\/\/snoeck.de\/es\/wp-json\/wp\/v2\/product_tag?post=3802"}],"curies":[{"name":"wp","href":"https:\/\/api.w.org\/{rel}","templated":true}]}}