{"id":3803,"date":"2025-01-31T11:32:44","date_gmt":"2025-01-31T11:32:44","guid":{"rendered":"https:\/\/snoeck.process-vision.de\/shop\/welt-aus-den-fugen\/"},"modified":"2025-03-30T13:51:54","modified_gmt":"2025-03-30T13:51:54","slug":"welt-aus-den-fugen","status":"publish","type":"product","link":"https:\/\/snoeck.de\/es\/shop\/welt-aus-den-fugen\/","title":{"rendered":"El mundo fuera de control"},"content":{"rendered":"<h3>Una vez m\u00e1s sobre la instalaci\u00f3n<\/h3>\n<p>Desde los a\u00f1os sesenta, la instalaci\u00f3n se ha convertido en un g\u00e9nero art\u00edstico esencial. Enfrenta al p\u00fablico a una gran cantidad de informaci\u00f3n y a multitud de acontecimientos simult\u00e1neos que desaf\u00edan constantemente la capacidad de asimilaci\u00f3n, una situaci\u00f3n omnipresente en la actual sociedad del conocimiento. Los g\u00e9neros art\u00edsticos cl\u00e1sicos apenas se utilizan ya en instalaciones espaciales; se escenifican principalmente con objetos cotidianos, ready-mades y nuevos medios. El p\u00fablico se encuentra en el centro de la obra, se abordan todos los sentidos, y el cine, el v\u00eddeo, la luz, el sonido y los olores en particular ampl\u00edan la experiencia est\u00e9tica habitual hasta convertirla en una experiencia hol\u00edstica. La densidad interior se produce continuamente organizando subjetivamente las numerosas impresiones y junt\u00e1ndolas seg\u00fan la situaci\u00f3n. El uso de nuevos medios digitales ha hecho a\u00fan m\u00e1s complejas las instalaciones. La clara separaci\u00f3n entre obra de arte y p\u00fablico se disuelve en favor de espacios multimedia en los que el mundo parece literalmente deshacerse en las costuras. La publicaci\u00f3n Welt aus den Fugen utiliza nueve amplias instalaciones de artistas contempor\u00e1neos internacionales de la generaci\u00f3n m\u00e1s joven para mostrar c\u00f3mo se abordan hoy en d\u00eda los temas del cambio clim\u00e1tico, la inteligencia artificial, la criptoevoluci\u00f3n, la ecolog\u00eda, las pol\u00edticas de identidad y la migraci\u00f3n. Con un glosario, el volumen tambi\u00e9n ofrece una visi\u00f3n de conjunto de la terminolog\u00eda clave.<\/p>\n<p>Artistas:dentro:<br \/>\nEd Atkins, Julian Charri\u00e8re, Simon Denny, Lizzie Fitch \/ Ryan Trecartin, Fabien Giraud &amp; Rapha\u00ebl Siboni, Anne Imhof, Pamela Rosenkranz, Sung Tieu, Raphaela Vogel<\/p>\n<p>Exposici\u00f3n:<br \/>\nMuseo de Arte de Winterthur, 21\/5 - 14\/8\/2022<\/p>\n<p>&nbsp;<\/p>","protected":false},"excerpt":{"rendered":"<p>Cat\u00e1logo de la exposici\u00f3n, Kunst Museum Winterthur, editado por Lynn Kost<br \/>\nTextos (alem\u00e1n\/ingl\u00e9s) de Simon Baier, Konrad Bitterli, Lynn Kost<br \/>\n160 p. con 60 ilustraciones en color a toda o doble p\u00e1gina<br \/>\nFormato 27 x 21 cm, tapa blanda con sobrecubierta<\/p>","protected":false},"featured_media":5218,"template":"","meta":[],"product_brand":[],"product_cat":[88,63,80],"product_tag":[],"class_list":{"0":"post-3803","1":"product","2":"type-product","3":"status-publish","4":"has-post-thumbnail","6":"product_cat-88","7":"product_cat-f","8":"product_cat-w","10":"first","11":"instock","12":"taxable","13":"shipping-taxable","14":"purchasable","15":"product-type-simple"},"aioseo_notices":[],"_wp_attached_file":null,"_wp_attachment_metadata":null,"_wc_attachment_source":null,"_elementor_inline_svg":null,"_elementor_is_screenshot":null,"_elementor_source_image_hash":null,"_source_url":null,"_wp_attachment_context":null,"_menu_item_type":null,"_menu_item_menu_item_parent":null,"_menu_item_object_id":null,"_menu_item_object":null,"_menu_item_target":null,"_menu_item_classes":null,"_menu_item_xfn":null,"_menu_item_url":null,"__elementor_forms_snapshot":null,"_unit":"","_unit_base":"","_unit_product":"","_unit_price_auto":"no","_unit_price_regular":"","_unit_price":"","_unit_price_sale":"","_sale_price_label":"","_sale_price_regular_label":"","_manufacturer_slug":"","_mini_desc":"","_defect_description":"","_safety_instructions":"","_allergen_ids":[],"_warranty_attachment_id":"","_safety_attachment_ids":[],"_min_age":"","_ts_gtin":"","_ts_mpn":"","_delivery_time_countries":[],"_free_shipping":"no","_service":"no","_photovoltaic_system":"no","_used_good":"no","_defective_copy":"no","_wireless_electronic_device":"no","_device_contains_power_supply":"no","_device_charging_supports_usb_pd":"no","_device_charging_watt_min":"0","_device_charging_watt_max":"0","_is_food":"no","_differential_taxation":"no","_gzd_version":"3.18.7","_hs_code":"","_customs_description":"","_manufacture_country":"0","_is_non_returnable":"no","_shipping_length":"","_shipping_width":"","_shipping_height":"","_sku":"ISBN 978-3-86442-392-5","_global_unique_id":"978-3-86442-392-5","_regular_price":"39.8","total_sales":"0","_tax_status":"taxable","_tax_class":"","_manage_stock":"no","_backorders":"no","_sold_individually":"no","_weight":"1","_virtual":"no","_downloadable":"no","_download_limit":"-1","_download_expiry":"-1","_stock":"","_stock_status":"instock","_wc_average_rating":"0","_wc_review_count":"0","_product_version":"9.7.1","_price":"39.8","shopengine_product_views_count":"7010","_thumbnail_id":"5218","_product_attributes":{"erscheinungsdatum":{"name":"Fecha de publicaci\u00f3n","value":"15.01.2024","position":0,"is_visible":1,"is_variation":0,"is_taxonomy":0,"checkout_visible":0}},"_nutrient_ids":[],"_upsell_ids":null,"pswc_subtitle":null,"_default_delivery_time":null,"_wp_desired_post_slug":null,"_isbn":null,"pageType":null,"isExternalUrl":null,"pageId":null,"externalUrl":null,"hideCookieBanner":null,"isTargetBlank":null,"isProviderCurrentWebsite":null,"isEmbeddingOnlyExternalResources":null,"legalBasis":null,"dataProcessingInCountries":null,"dataProcessingInCountriesSpecialTreatments":null,"technicalDefinitions":null,"googleConsentModeConsentTypes":null,"executePriority":null,"executeCodeOptInWhenNoTagManagerConsentIsGiven":null,"executeCodeOptOutWhenNoTagManagerConsentIsGiven":null,"deleteTechnicalDefinitionsAfterOptOut":null,"presetId":null,"presetVersion":null,"provider":null,"providerContactPhone":null,"providerContactEmail":null,"providerContactLink":null,"uniqueName":null,"providerPrivacyPolicyUrl":null,"providerLegalNoticeUrl":null,"codeOptIn":null,"codeOptOut":null,"codeOnPageLoad":null,"language_code":null,"shopengine_template__post_meta__type":null,"shopengine_template__post_meta":null,"shopengine_template__post_meta__edit_with":null,"origin":null,"_enabled":null,"_filters":null,"_layout":null,"_elementor_import_session_id":null,"_wp_trash_meta_status":null,"_wp_trash_meta_time":null,"_edit_lock":"1743342574:2","_elementor_floating_elements_type":null,"_elementor_edit_mode":null,"_elementor_template_type":null,"tc-thumb-fld":{"_thumb_id":5218,"_thumb_type":"thumb"},"_wp_page_template":"default","_elementor_version":null,"_elementor_pro_version":null,"_elementor_page_settings":null,"_elementor_data":null,"_elementor_conditions":null,"_elementor_popup_display_settings":null,"_edit_last":"2","_elementor_template_sub_type":null,"_elementor_controls_usage":null,"_elementor_screenshot":null,"_elementor_css":null,"_elementor_page_assets":[],"_elementor_element_cache":null,"_elementor_screenshot_failed":null,"_elementor_source":null,"_wp_old_date":null,"layout_key":"","post_slider_check_key":"0","_links":{"self":[{"href":"https:\/\/snoeck.de\/es\/wp-json\/wp\/v2\/product\/3803","targetHints":{"allow":["GET"]}}],"collection":[{"href":"https:\/\/snoeck.de\/es\/wp-json\/wp\/v2\/product"}],"about":[{"href":"https:\/\/snoeck.de\/es\/wp-json\/wp\/v2\/types\/product"}],"wp:featuredmedia":[{"embeddable":true,"href":"https:\/\/snoeck.de\/es\/wp-json\/wp\/v2\/media\/5218"}],"wp:attachment":[{"href":"https:\/\/snoeck.de\/es\/wp-json\/wp\/v2\/media?parent=3803"}],"wp:term":[{"taxonomy":"product_brand","embeddable":true,"href":"https:\/\/snoeck.de\/es\/wp-json\/wp\/v2\/product_brand?post=3803"},{"taxonomy":"product_cat","embeddable":true,"href":"https:\/\/snoeck.de\/es\/wp-json\/wp\/v2\/product_cat?post=3803"},{"taxonomy":"product_tag","embeddable":true,"href":"https:\/\/snoeck.de\/es\/wp-json\/wp\/v2\/product_tag?post=3803"}],"curies":[{"name":"wp","href":"https:\/\/api.w.org\/{rel}","templated":true}]}}