{"id":3804,"date":"2025-01-31T11:32:44","date_gmt":"2025-01-31T11:32:44","guid":{"rendered":"https:\/\/snoeck.process-vision.de\/shop\/welt-in-der-schwebe\/"},"modified":"2026-04-08T15:29:38","modified_gmt":"2026-04-08T14:29:38","slug":"welt-in-der-schwebe","status":"publish","type":"product","link":"https:\/\/snoeck.de\/es\/shop\/welt-in-der-schwebe\/","title":{"rendered":"Welt in der Schwebe \/ En el aire"},"content":{"rendered":"<h3>Cuando el aire toma forma<\/h3>\n<p>Mientras que antes d\u00e1bamos por sentado el aire en la vida cotidiana, en la actualidad aparece como elemento causante de problemas en el discurso pol\u00edtico y social: durante la crisis del coronavirus, llevamos mascarillas para proteger a los dem\u00e1s del aire que respiramos, los cient\u00edficos investigan el papel que desempe\u00f1an los aerosoles en la transmisi\u00f3n del virus Covid-19 y los activistas clim\u00e1ticos luchan por un aire limpio para salvar el mundo. La representaci\u00f3n del aire ha sido un reto art\u00edstico desde el Renacimiento a m\u00e1s tardar. El aire como material, por otra parte, es un fen\u00f3meno relativamente reciente en el arte. Desde el modernismo, los artistas se han esforzado por la apropiaci\u00f3n art\u00edstica del mundo, as\u00ed como por su disoluci\u00f3n de fronteras y su transformaci\u00f3n. Por tanto, parece l\u00f3gico que hayan recurrido al aire no s\u00f3lo como idea, sino tambi\u00e9n como material. El aire ya no s\u00f3lo se representa como viento, nubes, niebla, vapor, humo o aliento, sino que se utiliza conscientemente como medio. Desde entonces, el aire ha aparecido como medio de expresi\u00f3n y como tema en las artes visuales, aplicadas e interpretativas. La exposici\u00f3n y el libro que la acompa\u00f1a se centran en el aire como material art\u00edstico y como portador de formas e ideas en las artes visuales. Las obras expuestas, al igual que el material que todas comparten, son a veces expansivas, a veces m\u00ednimas o incluso invisibles, s\u00f3lidas y ef\u00edmeras, colocadas en interiores y exteriores. El arte se tormenta, respira, sopla, se hincha, se evapora, respira, susurra y flota.<\/p>\n<p>Artistas:dentro:<br \/>\nNina Canell, Charlotte Charbonnel, Judy Chicago, Christo y Jeanne-Claude, Andreas Gefeller, Stefani Glauber, Hans Hemmert, Edith Kollath, Lang\/Baumann, Piero Manzoni, Lyoudmila Milanova y Steffi Lindner, Yoko Ono, Otto Piene, Michael Pinsky, _____________, Arcangelo Sassolino, Rikuo Ueda, Ulay\/Marina Abramovi\u0107, Timm Ulrichs, Andy Warhol y Martin Werthmann.<\/p>\n<p>Exposici\u00f3n:<br \/>\nKunstmuseum Bonn, 24\/2 - 19\/6\/2022<\/p>","protected":false},"excerpt":{"rendered":"<p>Cat\u00e1logo de la exposici\u00f3n, Kunstmuseum Bonn, editado por Barbara J. Scheuermann<br \/>\nTextos (alem\u00e1n\/ingl\u00e9s) de Stephan Berg, Anna D\u00f6belin, Edith Kollath, Jan Philipp N\u00fchlen, Barbara J. Scheuermann<br \/>\n176 p. con 80 ilustraciones en color<br \/>\nFormato 30 x 22 cm, folleto<\/p>","protected":false},"featured_media":5219,"template":"","meta":[],"product_brand":[],"product_cat":[95],"product_tag":[],"class_list":{"0":"post-3804","1":"product","2":"type-product","3":"status-publish","4":"has-post-thumbnail","6":"product_cat-vergriffen","8":"first","9":"outofstock","10":"taxable","11":"shipping-taxable","12":"product-type-simple"},"aioseo_notices":[],"_wp_attached_file":null,"_wp_attachment_metadata":null,"_wc_attachment_source":null,"_elementor_inline_svg":null,"_elementor_is_screenshot":null,"_elementor_source_image_hash":null,"_source_url":null,"_wp_attachment_context":null,"_menu_item_type":null,"_menu_item_menu_item_parent":null,"_menu_item_object_id":null,"_menu_item_object":null,"_menu_item_target":null,"_menu_item_classes":null,"_menu_item_xfn":null,"_menu_item_url":null,"__elementor_forms_snapshot":null,"_unit":"","_unit_base":"","_unit_product":"","_unit_price_auto":"no","_unit_price_regular":"","_unit_price":"","_unit_price_sale":"","_sale_price_label":"","_sale_price_regular_label":"","_manufacturer_slug":"","_mini_desc":"","_defect_description":"","_safety_instructions":"","_allergen_ids":[],"_warranty_attachment_id":"","_safety_attachment_ids":[],"_min_age":"","_ts_gtin":"","_ts_mpn":"","_delivery_time_countries":[],"_free_shipping":"no","_service":"no","_photovoltaic_system":"no","_used_good":"no","_defective_copy":"no","_wireless_electronic_device":"no","_device_contains_power_supply":"no","_device_charging_supports_usb_pd":"no","_device_charging_watt_min":"0","_device_charging_watt_max":"0","_is_food":"no","_differential_taxation":"no","_gzd_version":"3.18.7","_hs_code":"","_customs_description":"","_manufacture_country":"0","_is_non_returnable":"no","_shipping_length":"","_shipping_width":"","_shipping_height":"","_sku":"ISBN 978-3-86442-381-9","_global_unique_id":"978-3-86442-381-9","_regular_price":null,"total_sales":"0","_tax_status":"taxable","_tax_class":"","_manage_stock":"no","_backorders":"no","_sold_individually":"no","_weight":"1","_virtual":"no","_downloadable":"no","_download_limit":"-1","_download_expiry":"-1","_stock":"","_stock_status":"outofstock","_wc_average_rating":"0","_wc_review_count":"0","_product_version":"10.1.4","_price":"","shopengine_product_views_count":"2950","_thumbnail_id":"5219","_product_attributes":{"erscheinungsdatum":{"name":"Fecha de publicaci\u00f3n","value":"18.02.2022","position":0,"is_visible":1,"is_variation":0,"is_taxonomy":0,"checkout_visible":0}},"_nutrient_ids":[],"_upsell_ids":null,"pswc_subtitle":null,"_default_delivery_time":null,"_wp_desired_post_slug":null,"_isbn":null,"pageType":null,"isExternalUrl":null,"pageId":null,"externalUrl":null,"hideCookieBanner":null,"isTargetBlank":null,"isProviderCurrentWebsite":null,"isEmbeddingOnlyExternalResources":null,"legalBasis":null,"dataProcessingInCountries":null,"dataProcessingInCountriesSpecialTreatments":null,"technicalDefinitions":null,"googleConsentModeConsentTypes":null,"executePriority":null,"executeCodeOptInWhenNoTagManagerConsentIsGiven":null,"executeCodeOptOutWhenNoTagManagerConsentIsGiven":null,"deleteTechnicalDefinitionsAfterOptOut":null,"presetId":null,"presetVersion":null,"provider":null,"providerContactPhone":null,"providerContactEmail":null,"providerContactLink":null,"uniqueName":null,"providerPrivacyPolicyUrl":null,"providerLegalNoticeUrl":null,"codeOptIn":null,"codeOptOut":null,"codeOnPageLoad":null,"language_code":null,"shopengine_template__post_meta__type":null,"shopengine_template__post_meta":null,"shopengine_template__post_meta__edit_with":null,"origin":null,"_enabled":null,"_filters":null,"_layout":null,"_elementor_import_session_id":null,"_wp_trash_meta_status":null,"_wp_trash_meta_time":null,"_edit_lock":"1743236510:2","_elementor_floating_elements_type":null,"_elementor_edit_mode":null,"_elementor_template_type":null,"tc-thumb-fld":{"_thumb_id":5219,"_thumb_type":"thumb"},"_wp_page_template":"default","_elementor_version":null,"_elementor_pro_version":null,"_elementor_page_settings":null,"_elementor_data":null,"_elementor_conditions":null,"_elementor_popup_display_settings":null,"_edit_last":"2","_elementor_template_sub_type":null,"_elementor_controls_usage":null,"_elementor_screenshot":null,"_elementor_css":null,"_elementor_page_assets":[],"_elementor_element_cache":null,"_elementor_screenshot_failed":null,"_elementor_source":null,"_wp_old_date":null,"layout_key":"","post_slider_check_key":"0","_links":{"self":[{"href":"https:\/\/snoeck.de\/es\/wp-json\/wp\/v2\/product\/3804","targetHints":{"allow":["GET"]}}],"collection":[{"href":"https:\/\/snoeck.de\/es\/wp-json\/wp\/v2\/product"}],"about":[{"href":"https:\/\/snoeck.de\/es\/wp-json\/wp\/v2\/types\/product"}],"wp:featuredmedia":[{"embeddable":true,"href":"https:\/\/snoeck.de\/es\/wp-json\/wp\/v2\/media\/5219"}],"wp:attachment":[{"href":"https:\/\/snoeck.de\/es\/wp-json\/wp\/v2\/media?parent=3804"}],"wp:term":[{"taxonomy":"product_brand","embeddable":true,"href":"https:\/\/snoeck.de\/es\/wp-json\/wp\/v2\/product_brand?post=3804"},{"taxonomy":"product_cat","embeddable":true,"href":"https:\/\/snoeck.de\/es\/wp-json\/wp\/v2\/product_cat?post=3804"},{"taxonomy":"product_tag","embeddable":true,"href":"https:\/\/snoeck.de\/es\/wp-json\/wp\/v2\/product_tag?post=3804"}],"curies":[{"name":"wp","href":"https:\/\/api.w.org\/{rel}","templated":true}]}}