{"id":3805,"date":"2025-01-31T11:32:45","date_gmt":"2025-01-31T11:32:45","guid":{"rendered":"https:\/\/snoeck.process-vision.de\/shop\/wermke-leinkauf\/"},"modified":"2025-03-29T08:14:10","modified_gmt":"2025-03-29T08:14:10","slug":"wermke-leinkauf","status":"publish","type":"product","link":"https:\/\/snoeck.de\/es\/shop\/wermke-leinkauf\/","title":{"rendered":"Wermke Leinkauf"},"content":{"rendered":"<h3>Un viaje de descubrimiento<\/h3>\n<p>Hoy en d\u00eda se considera bastante normal que dos artistas combinen su trabajo - hay muchos ejemplos famosos en los \u00faltimos 35 a\u00f1os. Pero es algo especial cuando dos personajes muy diferentes unen sus fuerzas, sobre todo cuando parece improbable debido a los diferentes lugares y campos de estudio. Pero Matthias Wermke y Mischa Leinkauf tienen algo en com\u00fan que contradice una carrera basada en un tablero de dibujo durante toda su vida: ambos se conocen desde su juventud en la escena de los pulverizadores de Berl\u00edn Este. Y aqu\u00ed estamos inmersos en un trasfondo salvaje y espectacular que caracteriza su trabajo de forma tan inimitable hoy en d\u00eda. Tomemos la siguiente pel\u00edcula de los dos j\u00f3venes artistas: un hombre cuelga con los brazos extendidos de alg\u00fan borde inferior - de un puente, una gr\u00faa o lo que sea. Y justo cuando uno quiere apostar cu\u00e1nto tiempo aguantar\u00e1, se levanta de nuevo... \u00a1o tal vez se deja caer! En la instalaci\u00f3n \"Decisiones\", se puede ver esta situaci\u00f3n una y otra vez en diez monitores desde diferentes perspectivas y en distintos lugares. De este modo, el espectador tiene al menos la oportunidad de acostumbrarse a lo ins\u00f3lito del acontecimiento. Y como la familiarizaci\u00f3n suele producirse muy r\u00e1pidamente, crea un inter\u00e9s totalmente inespec\u00edfico, por ejemplo en las acciones que se interrumpen repetidamente de forma imprevista, en las prohibiciones que se convierten en habituales, en las observaciones de acciones que parecen imposibles. Y as\u00ed, de repente, surgen nuevas posibilidades que normalmente s\u00f3lo est\u00e1n disponibles en un \"mundo al rev\u00e9s\". Como los propios Matthias Wermke y Mischa Leinkauf escriben en un esbozo del proyecto, se trata por tanto de un viaje de descubrimiento, de un acercamiento inusual al espacio p\u00fablico en el que lo familiar se convierte en desconocido. El espectador debe darse cuenta de forma sencilla y bastante espont\u00e1nea -en el sentido literal- de los espacios libres que los artistas han conquistado de forma muy art\u00edstica y bastante subversiva. Este libro es la primera publicaci\u00f3n individual del d\u00fao de artistas y re\u00fane todas las acciones que han realizado juntos hasta la fecha. En 2012, los dos artistas fueron galardonados con el Premio Columbus de Arte Contempor\u00e1neo.<\/p>\n<p>Exposici\u00f3n:<br \/>\nKunstverein Heilbronn, 20\/7-15\/9\/2013<\/p>","protected":false},"excerpt":{"rendered":"<p>Cat\u00e1logo de la exposici\u00f3n, Kunstverein Heilbronn<br \/>\nTextos (alem\u00e1n\/ingl\u00e9s) de Xander Karskens y Bettina Klein<br \/>\n136 p. con 82 ilustraciones en color<br \/>\nFormato 30 x 22 cm, tapa dura<\/p>","protected":false},"featured_media":5220,"template":"","meta":[],"product_brand":[],"product_cat":[101,69,80],"product_tag":[],"class_list":{"0":"post-3805","1":"product","2":"type-product","3":"status-publish","4":"has-post-thumbnail","6":"product_cat-101","7":"product_cat-l","8":"product_cat-w","10":"first","11":"instock","12":"taxable","13":"shipping-taxable","14":"purchasable","15":"product-type-simple"},"aioseo_notices":[],"_wp_attached_file":null,"_wp_attachment_metadata":null,"_wc_attachment_source":null,"_elementor_inline_svg":null,"_elementor_is_screenshot":null,"_elementor_source_image_hash":null,"_source_url":null,"_wp_attachment_context":null,"_menu_item_type":null,"_menu_item_menu_item_parent":null,"_menu_item_object_id":null,"_menu_item_object":null,"_menu_item_target":null,"_menu_item_classes":null,"_menu_item_xfn":null,"_menu_item_url":null,"__elementor_forms_snapshot":null,"_unit":"","_unit_base":"","_unit_product":"","_unit_price_auto":"no","_unit_price_regular":"","_unit_price":"","_unit_price_sale":"","_sale_price_label":"","_sale_price_regular_label":"","_manufacturer_slug":"","_mini_desc":"","_defect_description":"","_safety_instructions":"","_allergen_ids":[],"_warranty_attachment_id":"","_safety_attachment_ids":[],"_min_age":"","_ts_gtin":"","_ts_mpn":"","_delivery_time_countries":[],"_free_shipping":"no","_service":"no","_photovoltaic_system":"no","_used_good":"no","_defective_copy":"no","_wireless_electronic_device":"no","_device_contains_power_supply":"no","_device_charging_supports_usb_pd":"no","_device_charging_watt_min":"0","_device_charging_watt_max":"0","_is_food":"no","_differential_taxation":"no","_gzd_version":"3.18.7","_hs_code":"","_customs_description":"","_manufacture_country":"0","_is_non_returnable":"no","_shipping_length":"","_shipping_width":"","_shipping_height":"","_sku":"ISBN 978-3-86442-056-6","_global_unique_id":"978-3-86442-056-6","_regular_price":"29.8","total_sales":"0","_tax_status":"taxable","_tax_class":"","_manage_stock":"no","_backorders":"no","_sold_individually":"no","_weight":"1","_virtual":"no","_downloadable":"no","_download_limit":"-1","_download_expiry":"-1","_stock":"","_stock_status":"instock","_wc_average_rating":"0","_wc_review_count":"0","_product_version":"9.7.1","_price":"29.8","shopengine_product_views_count":"2883","_thumbnail_id":"5220","_product_attributes":{"erscheinungsdatum":{"name":"Fecha de publicaci\u00f3n","value":"25.02.2013","position":0,"is_visible":1,"is_variation":0,"is_taxonomy":0,"checkout_visible":0}},"_nutrient_ids":[],"_upsell_ids":null,"pswc_subtitle":null,"_default_delivery_time":null,"_wp_desired_post_slug":null,"_isbn":null,"pageType":null,"isExternalUrl":null,"pageId":null,"externalUrl":null,"hideCookieBanner":null,"isTargetBlank":null,"isProviderCurrentWebsite":null,"isEmbeddingOnlyExternalResources":null,"legalBasis":null,"dataProcessingInCountries":null,"dataProcessingInCountriesSpecialTreatments":null,"technicalDefinitions":null,"googleConsentModeConsentTypes":null,"executePriority":null,"executeCodeOptInWhenNoTagManagerConsentIsGiven":null,"executeCodeOptOutWhenNoTagManagerConsentIsGiven":null,"deleteTechnicalDefinitionsAfterOptOut":null,"presetId":null,"presetVersion":null,"provider":null,"providerContactPhone":null,"providerContactEmail":null,"providerContactLink":null,"uniqueName":null,"providerPrivacyPolicyUrl":null,"providerLegalNoticeUrl":null,"codeOptIn":null,"codeOptOut":null,"codeOnPageLoad":null,"language_code":null,"shopengine_template__post_meta__type":null,"shopengine_template__post_meta":null,"shopengine_template__post_meta__edit_with":null,"origin":null,"_enabled":null,"_filters":null,"_layout":null,"_elementor_import_session_id":null,"_wp_trash_meta_status":null,"_wp_trash_meta_time":null,"_edit_lock":"1743235937:2","_elementor_floating_elements_type":null,"_elementor_edit_mode":null,"_elementor_template_type":null,"tc-thumb-fld":{"_thumb_id":5220,"_thumb_type":"thumb"},"_wp_page_template":"default","_elementor_version":null,"_elementor_pro_version":null,"_elementor_page_settings":null,"_elementor_data":null,"_elementor_conditions":null,"_elementor_popup_display_settings":null,"_edit_last":"2","_elementor_template_sub_type":null,"_elementor_controls_usage":null,"_elementor_screenshot":null,"_elementor_css":null,"_elementor_page_assets":[],"_elementor_element_cache":null,"_elementor_screenshot_failed":null,"_elementor_source":null,"_wp_old_date":null,"layout_key":"","post_slider_check_key":"0","_links":{"self":[{"href":"https:\/\/snoeck.de\/es\/wp-json\/wp\/v2\/product\/3805","targetHints":{"allow":["GET"]}}],"collection":[{"href":"https:\/\/snoeck.de\/es\/wp-json\/wp\/v2\/product"}],"about":[{"href":"https:\/\/snoeck.de\/es\/wp-json\/wp\/v2\/types\/product"}],"wp:featuredmedia":[{"embeddable":true,"href":"https:\/\/snoeck.de\/es\/wp-json\/wp\/v2\/media\/5220"}],"wp:attachment":[{"href":"https:\/\/snoeck.de\/es\/wp-json\/wp\/v2\/media?parent=3805"}],"wp:term":[{"taxonomy":"product_brand","embeddable":true,"href":"https:\/\/snoeck.de\/es\/wp-json\/wp\/v2\/product_brand?post=3805"},{"taxonomy":"product_cat","embeddable":true,"href":"https:\/\/snoeck.de\/es\/wp-json\/wp\/v2\/product_cat?post=3805"},{"taxonomy":"product_tag","embeddable":true,"href":"https:\/\/snoeck.de\/es\/wp-json\/wp\/v2\/product_tag?post=3805"}],"curies":[{"name":"wp","href":"https:\/\/api.w.org\/{rel}","templated":true}]}}