{"id":3806,"date":"2025-01-31T11:32:45","date_gmt":"2025-01-31T11:32:45","guid":{"rendered":"https:\/\/snoeck.process-vision.de\/shop\/birgit-werres\/"},"modified":"2025-03-29T08:20:58","modified_gmt":"2025-03-29T08:20:58","slug":"birgit-werres","status":"publish","type":"product","link":"https:\/\/snoeck.de\/es\/shop\/birgit-werres\/","title":{"rendered":"Birgit Werres"},"content":{"rendered":"<h3>Birgit Werres puede hacer magia<\/h3>\n<p>Consigue transformar un simple alambre en una l\u00ednea curva en el espacio, uniendo un ovillo de correas tensoras en el din\u00e1mico y complejo juego de formas, colores y texturas de una red de algod\u00f3n. L\u00fadicas y austeras, sus obras despliegan una din\u00e1mica en el espacio que puede asociarse con la plenitud de movimiento del Barroco, as\u00ed como con una decisi\u00f3n minimalista de prescindir de todo lo innecesario y confiar en las posibilidades del material. Desde la d\u00e9cada de 1990, la artista recorre calles, obras, descampados industriales, f\u00e1bricas y plantas de producci\u00f3n en busca de materiales para sus esculturas y objetos murales. En el pasado, estos lugares eran un Eldorado para conseguir materiales. Hoy, en la era del reciclaje, a veces parecen pabellones de alta seguridad, como coment\u00f3 recientemente la artista en una conversaci\u00f3n. Ella misma recicla de un modo completamente distinto: metales, pl\u00e1sticos, envases, alambres y \"cosas\" entran en su trabajo en el estudio. Son reliquias parlantes de la producci\u00f3n, restos que llevan huellas de uso, tan minimalistas como bellos, y Birgit Werres los ensambla en objetos en la sala. Todo tiene una historia y tambi\u00e9n puede convertirse en algo nuevo en un lugar nuevo.<\/p>\n<p>Exposici\u00f3n:<br \/>\nKunstverein Heilbronn, 1\/2 - 28\/6\/2020<br \/>\nKunstverein Schw\u00e4bisch-Hall, 5\/7 -6\/9\/2020<br \/>\nM\u00e4rkisches Museum Witten, 17\/3 - 29\/8\/2021<br \/>\nLokremise St. Gallen, 5\/2 - 7\/8\/2022<\/p>","protected":false},"excerpt":{"rendered":"<p>Cat\u00e1logo de exposici\u00f3n, Kunstverein Heilbronn, Kunstverein Schw\u00e4bisch-Hall, M\u00e4rkisches Museum Witten<br \/>\nTextos (alem\u00e1n\/ingl\u00e9s) de Matthia L\u00f6bke, Dirk Steimann, entrevista con el artista por Christiane Meyer-Stoll<br \/>\n120 p. con 60 ilustraciones en color<br \/>\nFormato 27,5 x 21,5 cm, tapa blanda<\/p>","protected":false},"featured_media":5221,"template":"","meta":[],"product_brand":[],"product_cat":[84,80],"product_tag":[],"class_list":{"0":"post-3806","1":"product","2":"type-product","3":"status-publish","4":"has-post-thumbnail","6":"product_cat-84","7":"product_cat-w","9":"first","10":"instock","11":"taxable","12":"shipping-taxable","13":"purchasable","14":"product-type-simple"},"aioseo_notices":[],"_wp_attached_file":null,"_wp_attachment_metadata":null,"_wc_attachment_source":null,"_elementor_inline_svg":null,"_elementor_is_screenshot":null,"_elementor_source_image_hash":null,"_source_url":null,"_wp_attachment_context":null,"_menu_item_type":null,"_menu_item_menu_item_parent":null,"_menu_item_object_id":null,"_menu_item_object":null,"_menu_item_target":null,"_menu_item_classes":null,"_menu_item_xfn":null,"_menu_item_url":null,"__elementor_forms_snapshot":null,"_unit":"","_unit_base":"","_unit_product":"","_unit_price_auto":"no","_unit_price_regular":"","_unit_price":"","_unit_price_sale":"","_sale_price_label":"","_sale_price_regular_label":"","_manufacturer_slug":"","_mini_desc":"","_defect_description":"","_safety_instructions":"","_allergen_ids":[],"_warranty_attachment_id":"","_safety_attachment_ids":[],"_min_age":"","_ts_gtin":"","_ts_mpn":"","_delivery_time_countries":[],"_free_shipping":"no","_service":"no","_photovoltaic_system":"no","_used_good":"no","_defective_copy":"no","_wireless_electronic_device":"no","_device_contains_power_supply":"no","_device_charging_supports_usb_pd":"no","_device_charging_watt_min":"0","_device_charging_watt_max":"0","_is_food":"no","_differential_taxation":"no","_gzd_version":"3.18.7","_hs_code":"","_customs_description":"","_manufacture_country":"0","_is_non_returnable":"no","_shipping_length":"","_shipping_width":"","_shipping_height":"","_sku":"ISBN 978-3-86442-341-3","_global_unique_id":"978-3-86442-341-3","_regular_price":"29.8","total_sales":"0","_tax_status":"taxable","_tax_class":"","_manage_stock":"no","_backorders":"no","_sold_individually":"no","_weight":"1","_virtual":"no","_downloadable":"no","_download_limit":"-1","_download_expiry":"-1","_stock":"","_stock_status":"instock","_wc_average_rating":"0","_wc_review_count":"0","_product_version":"9.7.1","_price":"29.8","shopengine_product_views_count":"3087","_thumbnail_id":"5221","_product_attributes":{"erscheinungsdatum":{"name":"Fecha de publicaci\u00f3n","value":"24.01.2020","position":0,"is_visible":1,"is_variation":0,"is_taxonomy":0,"checkout_visible":0}},"_nutrient_ids":[],"_upsell_ids":null,"pswc_subtitle":null,"_default_delivery_time":null,"_wp_desired_post_slug":null,"_isbn":null,"pageType":null,"isExternalUrl":null,"pageId":null,"externalUrl":null,"hideCookieBanner":null,"isTargetBlank":null,"isProviderCurrentWebsite":null,"isEmbeddingOnlyExternalResources":null,"legalBasis":null,"dataProcessingInCountries":null,"dataProcessingInCountriesSpecialTreatments":null,"technicalDefinitions":null,"googleConsentModeConsentTypes":null,"executePriority":null,"executeCodeOptInWhenNoTagManagerConsentIsGiven":null,"executeCodeOptOutWhenNoTagManagerConsentIsGiven":null,"deleteTechnicalDefinitionsAfterOptOut":null,"presetId":null,"presetVersion":null,"provider":null,"providerContactPhone":null,"providerContactEmail":null,"providerContactLink":null,"uniqueName":null,"providerPrivacyPolicyUrl":null,"providerLegalNoticeUrl":null,"codeOptIn":null,"codeOptOut":null,"codeOnPageLoad":null,"language_code":null,"shopengine_template__post_meta__type":null,"shopengine_template__post_meta":null,"shopengine_template__post_meta__edit_with":null,"origin":null,"_enabled":null,"_filters":null,"_layout":null,"_elementor_import_session_id":null,"_wp_trash_meta_status":null,"_wp_trash_meta_time":null,"_edit_lock":"1743236319:2","_elementor_floating_elements_type":null,"_elementor_edit_mode":null,"_elementor_template_type":null,"tc-thumb-fld":{"_thumb_id":5221,"_thumb_type":"thumb"},"_wp_page_template":"default","_elementor_version":null,"_elementor_pro_version":null,"_elementor_page_settings":null,"_elementor_data":null,"_elementor_conditions":null,"_elementor_popup_display_settings":null,"_edit_last":"2","_elementor_template_sub_type":null,"_elementor_controls_usage":null,"_elementor_screenshot":null,"_elementor_css":null,"_elementor_page_assets":[],"_elementor_element_cache":null,"_elementor_screenshot_failed":null,"_elementor_source":null,"_wp_old_date":null,"layout_key":"","post_slider_check_key":"0","_links":{"self":[{"href":"https:\/\/snoeck.de\/es\/wp-json\/wp\/v2\/product\/3806","targetHints":{"allow":["GET"]}}],"collection":[{"href":"https:\/\/snoeck.de\/es\/wp-json\/wp\/v2\/product"}],"about":[{"href":"https:\/\/snoeck.de\/es\/wp-json\/wp\/v2\/types\/product"}],"wp:featuredmedia":[{"embeddable":true,"href":"https:\/\/snoeck.de\/es\/wp-json\/wp\/v2\/media\/5221"}],"wp:attachment":[{"href":"https:\/\/snoeck.de\/es\/wp-json\/wp\/v2\/media?parent=3806"}],"wp:term":[{"taxonomy":"product_brand","embeddable":true,"href":"https:\/\/snoeck.de\/es\/wp-json\/wp\/v2\/product_brand?post=3806"},{"taxonomy":"product_cat","embeddable":true,"href":"https:\/\/snoeck.de\/es\/wp-json\/wp\/v2\/product_cat?post=3806"},{"taxonomy":"product_tag","embeddable":true,"href":"https:\/\/snoeck.de\/es\/wp-json\/wp\/v2\/product_tag?post=3806"}],"curies":[{"name":"wp","href":"https:\/\/api.w.org\/{rel}","templated":true}]}}