{"id":3808,"date":"2025-01-31T11:32:46","date_gmt":"2025-01-31T11:32:46","guid":{"rendered":"https:\/\/snoeck.process-vision.de\/shop\/thilo-westermann-souvenir-de-baden-baden\/"},"modified":"2025-03-29T08:12:13","modified_gmt":"2025-03-29T08:12:13","slug":"thilo-westermann-souvenir-de-baden-baden","status":"publish","type":"product","link":"https:\/\/snoeck.de\/es\/shop\/thilo-westermann-souvenir-de-baden-baden\/","title":{"rendered":"Thilo Westermann: Recuerdo de Baden-Baden"},"content":{"rendered":"<h3>Escribir, puntear, exponer y el montaje del tiempo: la encuesta po\u00e9tica de Thilo Westermann entre la naturaleza, la exploraci\u00f3n cient\u00edfica y la historia<\/h3>\n<p>\"Souvenir de Baden-Baden\", de Thilo Westermann, permite conocer las cartas que el artista e historiador del arte escribe desde 2018 a la hija adoptiva de Napole\u00f3n y antigua Gran Duquesa de Baden, St\u00e9phanie de Beauharnais (1789-1860). Como si se tratara de una coleccionista de arte viva, le escribe sobre su obra. Las cartas manuscritas van mucho m\u00e1s all\u00e1 de hablar de su propia obra: tratan de acontecimientos pol\u00edticos y sociales de los \u00faltimos a\u00f1os y a veces adoptan la forma de tratados de estudios culturales, por ejemplo sobre el trasfondo colonial del jard\u00edn del palacio de Malmaison, cerca de Par\u00eds, o las consecuencias de la pol\u00edtica expansionista de Napole\u00f3n. Los medios propios de Westermann son las pinturas sobre vidrio invertido y los fotomontajes. Con su \"Correspondance avec St\u00e9phanie\", presenta ahora una obra tan precisa como perspicaz, en la que reflexiona cr\u00edticamente sobre la historia y el presente. Contribuciones textuales de estudiosos de renombre como Markus A. Castor (Deutsches Forum f\u00fcr Kunstgeschichte, Par\u00eds) introducen la obra de Westermann; Dominique de Font-R\u00e9aulx (Louvre, Par\u00eds) examina la interfaz entre pintura y fotograf\u00eda; Magali Nachtergael (Universit\u00e9 Bordeaux-Montaigne) y Anne Reverseau (UCLouvain) investigan la relevancia de la palabra escrita entre el arte visual y la literatura; Harriet Zilch (Kunsthalle N\u00fcrnberg) concluye pregunt\u00e1ndose qu\u00e9 significar\u00eda si pudi\u00e9ramos pensar la historia de forma circular en lugar de lineal y, de este modo, seguir ampliando nuestra imagen del pasado. Las ilustraciones a toda p\u00e1gina y las reproducciones de las cartas manuscritas subrayan el aspecto bibli\u00f3filo de este proyecto, en el que tambi\u00e9n se publican por primera vez cartas in\u00e9ditas de la propia St\u00e9phanie de Beauharnais.<\/p>\n<p>Exposici\u00f3n: Thilo Westermann et l'art de dessiner sous verre<br \/>\nVitromus\u00e9e Romont, Suiza: 6\/3 - 25\/9\/2022<\/p>","protected":false},"excerpt":{"rendered":"<p>Editado por Markus A. Castor y Heike Kronenwett<br \/>\nTextos (alem\u00e1n\/franc\u00e9s) de Markus A. Castor, Dominique de Font-R\u00e9aulx, Magali Nachtergael, Anne Reverseau y Harriet Zilch<br \/>\n336 p. con 160 ilustraciones en color<br \/>\nFormato 24 x 18 cm, tapa blanda con sobrecubierta<\/p>","protected":false},"featured_media":5223,"template":"","meta":[],"product_brand":[],"product_cat":[84,80],"product_tag":[],"class_list":{"0":"post-3808","1":"product","2":"type-product","3":"status-publish","4":"has-post-thumbnail","6":"product_cat-84","7":"product_cat-w","9":"first","10":"instock","11":"taxable","12":"shipping-taxable","13":"purchasable","14":"product-type-simple"},"aioseo_notices":[],"_wp_attached_file":null,"_wp_attachment_metadata":null,"_wc_attachment_source":null,"_elementor_inline_svg":null,"_elementor_is_screenshot":null,"_elementor_source_image_hash":null,"_source_url":null,"_wp_attachment_context":null,"_menu_item_type":null,"_menu_item_menu_item_parent":null,"_menu_item_object_id":null,"_menu_item_object":null,"_menu_item_target":null,"_menu_item_classes":null,"_menu_item_xfn":null,"_menu_item_url":null,"__elementor_forms_snapshot":null,"_unit":"","_unit_base":"","_unit_product":"","_unit_price_auto":"no","_unit_price_regular":"","_unit_price":"","_unit_price_sale":"","_sale_price_label":"","_sale_price_regular_label":"","_manufacturer_slug":"","_mini_desc":"","_defect_description":"","_safety_instructions":"","_allergen_ids":[],"_warranty_attachment_id":"","_safety_attachment_ids":[],"_min_age":"","_ts_gtin":"","_ts_mpn":"","_delivery_time_countries":[],"_free_shipping":"no","_service":"no","_photovoltaic_system":"no","_used_good":"no","_defective_copy":"no","_wireless_electronic_device":"no","_device_contains_power_supply":"no","_device_charging_supports_usb_pd":"no","_device_charging_watt_min":"0","_device_charging_watt_max":"0","_is_food":"no","_differential_taxation":"no","_gzd_version":"3.18.7","_hs_code":"","_customs_description":"","_manufacture_country":"0","_is_non_returnable":"no","_shipping_length":"","_shipping_width":"","_shipping_height":"","_sku":"ISBN 978-3-86442-379-6","_global_unique_id":"978-3-86442-379-6","_regular_price":"39.8","total_sales":"0","_tax_status":"taxable","_tax_class":"","_manage_stock":"no","_backorders":"no","_sold_individually":"no","_weight":"2","_virtual":"no","_downloadable":"no","_download_limit":"-1","_download_expiry":"-1","_stock":"","_stock_status":"instock","_wc_average_rating":"0","_wc_review_count":"0","_product_version":"9.7.1","_price":"39.8","shopengine_product_views_count":"2491","_thumbnail_id":"5223","_product_attributes":{"erscheinungsdatum":{"name":"Erscheinungsdatum","value":"01.04.2020","position":0,"is_visible":1,"is_variation":0,"is_taxonomy":0,"checkout_visible":0}},"_nutrient_ids":[],"_upsell_ids":null,"pswc_subtitle":null,"_default_delivery_time":null,"_wp_desired_post_slug":null,"_isbn":null,"pageType":null,"isExternalUrl":null,"pageId":null,"externalUrl":null,"hideCookieBanner":null,"isTargetBlank":null,"isProviderCurrentWebsite":null,"isEmbeddingOnlyExternalResources":null,"legalBasis":null,"dataProcessingInCountries":null,"dataProcessingInCountriesSpecialTreatments":null,"technicalDefinitions":null,"googleConsentModeConsentTypes":null,"executePriority":null,"executeCodeOptInWhenNoTagManagerConsentIsGiven":null,"executeCodeOptOutWhenNoTagManagerConsentIsGiven":null,"deleteTechnicalDefinitionsAfterOptOut":null,"presetId":null,"presetVersion":null,"provider":null,"providerContactPhone":null,"providerContactEmail":null,"providerContactLink":null,"uniqueName":null,"providerPrivacyPolicyUrl":null,"providerLegalNoticeUrl":null,"codeOptIn":null,"codeOptOut":null,"codeOnPageLoad":null,"language_code":null,"shopengine_template__post_meta__type":null,"shopengine_template__post_meta":null,"shopengine_template__post_meta__edit_with":null,"origin":null,"_enabled":null,"_filters":null,"_layout":null,"_elementor_import_session_id":null,"_wp_trash_meta_status":null,"_wp_trash_meta_time":null,"_edit_lock":"1743235795:2","_elementor_floating_elements_type":null,"_elementor_edit_mode":null,"_elementor_template_type":null,"tc-thumb-fld":{"_thumb_id":5223,"_thumb_type":"thumb"},"_wp_page_template":"default","_elementor_version":null,"_elementor_pro_version":null,"_elementor_page_settings":null,"_elementor_data":null,"_elementor_conditions":null,"_elementor_popup_display_settings":null,"_edit_last":"2","_elementor_template_sub_type":null,"_elementor_controls_usage":null,"_elementor_screenshot":null,"_elementor_css":null,"_elementor_page_assets":[],"_elementor_element_cache":null,"_elementor_screenshot_failed":null,"_elementor_source":null,"_wp_old_date":null,"layout_key":"","post_slider_check_key":"0","_links":{"self":[{"href":"https:\/\/snoeck.de\/es\/wp-json\/wp\/v2\/product\/3808","targetHints":{"allow":["GET"]}}],"collection":[{"href":"https:\/\/snoeck.de\/es\/wp-json\/wp\/v2\/product"}],"about":[{"href":"https:\/\/snoeck.de\/es\/wp-json\/wp\/v2\/types\/product"}],"wp:featuredmedia":[{"embeddable":true,"href":"https:\/\/snoeck.de\/es\/wp-json\/wp\/v2\/media\/5223"}],"wp:attachment":[{"href":"https:\/\/snoeck.de\/es\/wp-json\/wp\/v2\/media?parent=3808"}],"wp:term":[{"taxonomy":"product_brand","embeddable":true,"href":"https:\/\/snoeck.de\/es\/wp-json\/wp\/v2\/product_brand?post=3808"},{"taxonomy":"product_cat","embeddable":true,"href":"https:\/\/snoeck.de\/es\/wp-json\/wp\/v2\/product_cat?post=3808"},{"taxonomy":"product_tag","embeddable":true,"href":"https:\/\/snoeck.de\/es\/wp-json\/wp\/v2\/product_tag?post=3808"}],"curies":[{"name":"wp","href":"https:\/\/api.w.org\/{rel}","templated":true}]}}