{"id":3809,"date":"2025-01-31T11:32:47","date_gmt":"2025-01-31T11:32:47","guid":{"rendered":"https:\/\/snoeck.process-vision.de\/shop\/andrea-winkler\/"},"modified":"2026-04-08T15:04:12","modified_gmt":"2026-04-08T14:04:12","slug":"andrea-winkler","status":"publish","type":"product","link":"https:\/\/snoeck.de\/es\/shop\/andrea-winkler\/","title":{"rendered":"Andrea Winkler"},"content":{"rendered":"<h3>Escenograf\u00edas de un mundo cotidiano cada vez m\u00e1s inestable<\/h3>\n<p>Las escenas del crimen est\u00e1n acordonadas por la polic\u00eda, los dispositivos de seguridad bloquean las escenas de accidentes, las consolas de barrera gu\u00edan a los visitantes por los museos... Todos estos dispositivos suelen estar pensados para impedir que nos acerquemos a cosas, lugares o bienes valiosos. Andrea Winkler escenifica reapariciones alienadas de estas piezas que sugieren orden y seguridad en un mundo cotidiano cada vez m\u00e1s inestable. Transforma estas barreras con gran precisi\u00f3n en collages tridimensionales, complejos y accesibles, que siempre transforman la arquitectura circundante y el resto de la situaci\u00f3n expositiva en un escenario precario y cuestionable. Tambi\u00e9n coloca junto a las barreras objetos aparentemente marginales que interact\u00faan con el espacio y sus fuerzas, desencadenando fuertes emociones y evocando desviaciones del mundo cotidiano. El hecho de que las propias constelaciones de motivos representen desviaciones de la norma o accidentes, respectivamente, intensifica la estrategia de la artista. Andrea Winkler construye un \"doble v\u00ednculo\": por un lado, las situaciones aparecen como una mera imagen o modelo mim\u00e9tico de la realidad, que como arte carece de toda funci\u00f3n real; por otro, las obras remiten a un sistema est\u00e9tico real que conforma un lugar con regulaciones sociales reales. A trav\u00e9s de los textos y del intenso y a veces humor\u00edstico di\u00e1logo con la artista, este libro arroja luz sobre su obra est\u00e9ticamente perturbadora, inquietante en su caos.<\/p>\n<p>Exposici\u00f3n:<br \/>\nGaler\u00eda en la Torre, Berl\u00edn, 17\/3 - 30\/4\/2017<\/p>","protected":false},"excerpt":{"rendered":"<p>Textos (alem\u00e1n\/ingl\u00e9s) de Kathrin Busch, Christian Egger y una conversaci\u00f3n entre Jan Verwoert y Andrea Winkler.<br \/>\n128 p. con 112 ilustraciones en color<br \/>\nFormato 25 x 16 cm, folleto desplegable<\/p>","protected":false},"featured_media":5224,"template":"","meta":[],"product_brand":[],"product_cat":[95],"product_tag":[],"class_list":{"0":"post-3809","1":"product","2":"type-product","3":"status-publish","4":"has-post-thumbnail","6":"product_cat-vergriffen","8":"first","9":"outofstock","10":"taxable","11":"shipping-taxable","12":"product-type-simple"},"aioseo_notices":[],"_wp_attached_file":null,"_wp_attachment_metadata":null,"_wc_attachment_source":null,"_elementor_inline_svg":null,"_elementor_is_screenshot":null,"_elementor_source_image_hash":null,"_source_url":null,"_wp_attachment_context":null,"_menu_item_type":null,"_menu_item_menu_item_parent":null,"_menu_item_object_id":null,"_menu_item_object":null,"_menu_item_target":null,"_menu_item_classes":null,"_menu_item_xfn":null,"_menu_item_url":null,"__elementor_forms_snapshot":null,"_unit":"","_unit_base":"","_unit_product":"","_unit_price_auto":"no","_unit_price_regular":"","_unit_price":"","_unit_price_sale":"","_sale_price_label":"","_sale_price_regular_label":"","_manufacturer_slug":"","_mini_desc":"","_defect_description":"","_safety_instructions":"","_allergen_ids":[],"_warranty_attachment_id":"","_safety_attachment_ids":[],"_min_age":"","_ts_gtin":"","_ts_mpn":"","_delivery_time_countries":[],"_free_shipping":"no","_service":"no","_photovoltaic_system":"no","_used_good":"no","_defective_copy":"no","_wireless_electronic_device":"no","_device_contains_power_supply":"no","_device_charging_supports_usb_pd":"no","_device_charging_watt_min":"0","_device_charging_watt_max":"0","_is_food":"no","_differential_taxation":"no","_gzd_version":"3.18.7","_hs_code":"","_customs_description":"","_manufacture_country":"0","_is_non_returnable":"no","_shipping_length":"","_shipping_width":"","_shipping_height":"","_sku":"ISBN 978-3-86442-135-8","_global_unique_id":"978-3-86442-135-8","_regular_price":null,"total_sales":"0","_tax_status":"taxable","_tax_class":"","_manage_stock":"no","_backorders":"no","_sold_individually":"no","_weight":"1","_virtual":"no","_downloadable":"no","_download_limit":"-1","_download_expiry":"-1","_stock":"","_stock_status":"outofstock","_wc_average_rating":"0","_wc_review_count":"0","_product_version":"10.1.4","_price":"","shopengine_product_views_count":"3865","_thumbnail_id":"5224","_product_attributes":{"erscheinungsdatum":{"name":"Fecha de publicaci\u00f3n","value":"13.03.2017","position":0,"is_visible":1,"is_variation":0,"is_taxonomy":0,"checkout_visible":0}},"_nutrient_ids":[],"_upsell_ids":null,"pswc_subtitle":null,"_default_delivery_time":null,"_wp_desired_post_slug":null,"_isbn":null,"pageType":null,"isExternalUrl":null,"pageId":null,"externalUrl":null,"hideCookieBanner":null,"isTargetBlank":null,"isProviderCurrentWebsite":null,"isEmbeddingOnlyExternalResources":null,"legalBasis":null,"dataProcessingInCountries":null,"dataProcessingInCountriesSpecialTreatments":null,"technicalDefinitions":null,"googleConsentModeConsentTypes":null,"executePriority":null,"executeCodeOptInWhenNoTagManagerConsentIsGiven":null,"executeCodeOptOutWhenNoTagManagerConsentIsGiven":null,"deleteTechnicalDefinitionsAfterOptOut":null,"presetId":null,"presetVersion":null,"provider":null,"providerContactPhone":null,"providerContactEmail":null,"providerContactLink":null,"uniqueName":null,"providerPrivacyPolicyUrl":null,"providerLegalNoticeUrl":null,"codeOptIn":null,"codeOptOut":null,"codeOnPageLoad":null,"language_code":null,"shopengine_template__post_meta__type":null,"shopengine_template__post_meta":null,"shopengine_template__post_meta__edit_with":null,"origin":null,"_enabled":null,"_filters":null,"_layout":null,"_elementor_import_session_id":null,"_wp_trash_meta_status":null,"_wp_trash_meta_time":null,"_edit_lock":"1755081207:1","_elementor_floating_elements_type":null,"_elementor_edit_mode":null,"_elementor_template_type":null,"tc-thumb-fld":{"_thumb_id":5224,"_thumb_type":"thumb"},"_wp_page_template":"default","_elementor_version":null,"_elementor_pro_version":null,"_elementor_page_settings":null,"_elementor_data":null,"_elementor_conditions":null,"_elementor_popup_display_settings":null,"_edit_last":"2","_elementor_template_sub_type":null,"_elementor_controls_usage":null,"_elementor_screenshot":null,"_elementor_css":null,"_elementor_page_assets":[],"_elementor_element_cache":null,"_elementor_screenshot_failed":null,"_elementor_source":null,"_wp_old_date":null,"layout_key":"","post_slider_check_key":"0","_links":{"self":[{"href":"https:\/\/snoeck.de\/es\/wp-json\/wp\/v2\/product\/3809","targetHints":{"allow":["GET"]}}],"collection":[{"href":"https:\/\/snoeck.de\/es\/wp-json\/wp\/v2\/product"}],"about":[{"href":"https:\/\/snoeck.de\/es\/wp-json\/wp\/v2\/types\/product"}],"wp:featuredmedia":[{"embeddable":true,"href":"https:\/\/snoeck.de\/es\/wp-json\/wp\/v2\/media\/5224"}],"wp:attachment":[{"href":"https:\/\/snoeck.de\/es\/wp-json\/wp\/v2\/media?parent=3809"}],"wp:term":[{"taxonomy":"product_brand","embeddable":true,"href":"https:\/\/snoeck.de\/es\/wp-json\/wp\/v2\/product_brand?post=3809"},{"taxonomy":"product_cat","embeddable":true,"href":"https:\/\/snoeck.de\/es\/wp-json\/wp\/v2\/product_cat?post=3809"},{"taxonomy":"product_tag","embeddable":true,"href":"https:\/\/snoeck.de\/es\/wp-json\/wp\/v2\/product_tag?post=3809"}],"curies":[{"name":"wp","href":"https:\/\/api.w.org\/{rel}","templated":true}]}}