{"id":3811,"date":"2025-01-31T11:32:48","date_gmt":"2025-01-31T11:32:48","guid":{"rendered":"https:\/\/snoeck.process-vision.de\/shop\/gerhard-winkler-fische-und-cephalopoden\/"},"modified":"2025-03-29T08:04:11","modified_gmt":"2025-03-29T08:04:11","slug":"gerhard-winkler-fische-und-cephalopoden","status":"publish","type":"product","link":"https:\/\/snoeck.de\/es\/shop\/gerhard-winkler-fische-und-cephalopoden\/","title":{"rendered":"Gerhard Winkler: Peces y cefal\u00f3podos"},"content":{"rendered":"<h3>Un libro lleno de criaturas marinas<\/h3>\n<p>La historia se cuenta de forma casi tan sencilla como los motivos concretos que se exponen en este libro. Hace unos 30 a\u00f1os, Gerhard Winkler tuvo un momento crucial que se convertir\u00eda en una experiencia fundamental. Durante un paseo por el mercado de Lisboa, el artista ya no pudo apartar la vista de la belleza del pescado que all\u00ed se ofrec\u00eda: sardinas, lucios, atunes, calamares y muchas otras especies, todas en abundancia, algunas almacenadas en hielo, otras alineadas por tipos en puestos met\u00e1licos. Los clientes deb\u00edan sentirse atra\u00eddos por la est\u00e9tica de la exposici\u00f3n, y lo consigui\u00f3. Pero hab\u00eda m\u00e1s. Se fij\u00f3 m\u00e1s detenidamente y descubri\u00f3 por s\u00ed mismo la belleza y la individualidad de los peces. Winkler utiliza principalmente pel\u00edcula en blanco y negro, cuyos negativos sirven de base para sus impresiones baritadas hechas a mano, que luego se colorean a mano con tintes prote\u00ednicos para igualar el aspecto real de los animales. Gerhard Winkler enriquece la fotograf\u00eda contempor\u00e1nea con este m\u00e9todo art\u00edstico individual, que retoma procedimientos hist\u00f3ricamente probados - el tipo de coloraci\u00f3n se remonta tambi\u00e9n a m\u00e9todos de postprocesado fotogr\u00e1fico del siglo XIX. Cada uno de sus peces y cefal\u00f3podos se presenta con tal maestr\u00eda y acentuada individualidad que todos parecen encantadores, enigm\u00e1ticos e indisimulados.<\/p>\n<p>Exposici\u00f3n:<br \/>\nColecci\u00f3n fotogr\u00e1fica\/SK Stiftung Kultur, Colonia<br \/>\n3\/9\/2021 - 16\/1\/2022<\/p>","protected":false},"excerpt":{"rendered":"<p>Cat\u00e1logo de la exposici\u00f3n, publicado por Die Photographische Sammlung \/ SK Stiftung Kultur<br \/>\nTexto (alem\u00e1n\/ingl\u00e9s) de Gabriele Conrath-Scholl y conversaci\u00f3n entre Gabriele Conrath-Scholl y Gerhard Winkler<br \/>\n144 p. con 220 ilustraciones en color y un pliegue de altar<br \/>\nFormato 28 x 22,5 cm, tapa dura<\/p>","protected":false},"featured_media":5226,"template":"","meta":[],"product_brand":[],"product_cat":[85,80],"product_tag":[],"class_list":{"0":"post-3811","1":"product","2":"type-product","3":"status-publish","4":"has-post-thumbnail","6":"product_cat-85","7":"product_cat-w","9":"first","10":"instock","11":"taxable","12":"shipping-taxable","13":"purchasable","14":"product-type-simple"},"aioseo_notices":[],"_wp_attached_file":null,"_wp_attachment_metadata":null,"_wc_attachment_source":null,"_elementor_inline_svg":null,"_elementor_is_screenshot":null,"_elementor_source_image_hash":null,"_source_url":null,"_wp_attachment_context":null,"_menu_item_type":null,"_menu_item_menu_item_parent":null,"_menu_item_object_id":null,"_menu_item_object":null,"_menu_item_target":null,"_menu_item_classes":null,"_menu_item_xfn":null,"_menu_item_url":null,"__elementor_forms_snapshot":null,"_unit":"","_unit_base":"","_unit_product":"","_unit_price_auto":"no","_unit_price_regular":"","_unit_price":"","_unit_price_sale":"","_sale_price_label":"","_sale_price_regular_label":"","_manufacturer_slug":"","_mini_desc":"","_defect_description":"","_safety_instructions":"","_allergen_ids":[],"_warranty_attachment_id":"","_safety_attachment_ids":[],"_min_age":"","_ts_gtin":"","_ts_mpn":"","_delivery_time_countries":[],"_free_shipping":"no","_service":"no","_photovoltaic_system":"no","_used_good":"no","_defective_copy":"no","_wireless_electronic_device":"no","_device_contains_power_supply":"no","_device_charging_supports_usb_pd":"no","_device_charging_watt_min":"0","_device_charging_watt_max":"0","_is_food":"no","_differential_taxation":"no","_gzd_version":"3.18.7","_hs_code":"","_customs_description":"","_manufacture_country":"0","_is_non_returnable":"no","_shipping_length":"","_shipping_width":"","_shipping_height":"","_sku":"ISBN 978-3-86442-358-1","_global_unique_id":"978-3-86442-358-1","_regular_price":"36","total_sales":"0","_tax_status":"taxable","_tax_class":"","_manage_stock":"no","_backorders":"no","_sold_individually":"no","_weight":"1","_virtual":"no","_downloadable":"no","_download_limit":"-1","_download_expiry":"-1","_stock":"","_stock_status":"instock","_wc_average_rating":"0","_wc_review_count":"0","_product_version":"9.7.1","_price":"36","shopengine_product_views_count":"2442","_thumbnail_id":"5226","_product_attributes":{"erscheinungsdatum":{"name":"Erscheinungsdatum","value":"03.09.2021","position":0,"is_visible":1,"is_variation":0,"is_taxonomy":0,"checkout_visible":0}},"_nutrient_ids":[],"_upsell_ids":null,"pswc_subtitle":null,"_default_delivery_time":null,"_wp_desired_post_slug":null,"_isbn":null,"pageType":null,"isExternalUrl":null,"pageId":null,"externalUrl":null,"hideCookieBanner":null,"isTargetBlank":null,"isProviderCurrentWebsite":null,"isEmbeddingOnlyExternalResources":null,"legalBasis":null,"dataProcessingInCountries":null,"dataProcessingInCountriesSpecialTreatments":null,"technicalDefinitions":null,"googleConsentModeConsentTypes":null,"executePriority":null,"executeCodeOptInWhenNoTagManagerConsentIsGiven":null,"executeCodeOptOutWhenNoTagManagerConsentIsGiven":null,"deleteTechnicalDefinitionsAfterOptOut":null,"presetId":null,"presetVersion":null,"provider":null,"providerContactPhone":null,"providerContactEmail":null,"providerContactLink":null,"uniqueName":null,"providerPrivacyPolicyUrl":null,"providerLegalNoticeUrl":null,"codeOptIn":null,"codeOptOut":null,"codeOnPageLoad":null,"language_code":null,"shopengine_template__post_meta__type":null,"shopengine_template__post_meta":null,"shopengine_template__post_meta__edit_with":null,"origin":null,"_enabled":null,"_filters":null,"_layout":null,"_elementor_import_session_id":null,"_wp_trash_meta_status":null,"_wp_trash_meta_time":null,"_edit_lock":"1743235312:2","_elementor_floating_elements_type":null,"_elementor_edit_mode":null,"_elementor_template_type":null,"tc-thumb-fld":{"_thumb_id":5226,"_thumb_type":"thumb"},"_wp_page_template":"default","_elementor_version":null,"_elementor_pro_version":null,"_elementor_page_settings":null,"_elementor_data":null,"_elementor_conditions":null,"_elementor_popup_display_settings":null,"_edit_last":"2","_elementor_template_sub_type":null,"_elementor_controls_usage":null,"_elementor_screenshot":null,"_elementor_css":null,"_elementor_page_assets":[],"_elementor_element_cache":null,"_elementor_screenshot_failed":null,"_elementor_source":null,"_wp_old_date":null,"layout_key":"","post_slider_check_key":"0","_links":{"self":[{"href":"https:\/\/snoeck.de\/es\/wp-json\/wp\/v2\/product\/3811","targetHints":{"allow":["GET"]}}],"collection":[{"href":"https:\/\/snoeck.de\/es\/wp-json\/wp\/v2\/product"}],"about":[{"href":"https:\/\/snoeck.de\/es\/wp-json\/wp\/v2\/types\/product"}],"wp:featuredmedia":[{"embeddable":true,"href":"https:\/\/snoeck.de\/es\/wp-json\/wp\/v2\/media\/5226"}],"wp:attachment":[{"href":"https:\/\/snoeck.de\/es\/wp-json\/wp\/v2\/media?parent=3811"}],"wp:term":[{"taxonomy":"product_brand","embeddable":true,"href":"https:\/\/snoeck.de\/es\/wp-json\/wp\/v2\/product_brand?post=3811"},{"taxonomy":"product_cat","embeddable":true,"href":"https:\/\/snoeck.de\/es\/wp-json\/wp\/v2\/product_cat?post=3811"},{"taxonomy":"product_tag","embeddable":true,"href":"https:\/\/snoeck.de\/es\/wp-json\/wp\/v2\/product_tag?post=3811"}],"curies":[{"name":"wp","href":"https:\/\/api.w.org\/{rel}","templated":true}]}}