{"id":3812,"date":"2025-01-31T11:32:48","date_gmt":"2025-01-31T11:32:48","guid":{"rendered":"https:\/\/snoeck.process-vision.de\/shop\/georg-winter-deutscher-holzschnitt-nach-68\/"},"modified":"2026-04-08T14:25:53","modified_gmt":"2026-04-08T13:25:53","slug":"georg-winter-deutscher-holzschnitt-nach-68","status":"publish","type":"product","link":"https:\/\/snoeck.de\/es\/shop\/georg-winter-deutscher-holzschnitt-nach-68\/","title":{"rendered":"Georg Winter: xilograf\u00eda alemana despu\u00e9s del 68"},"content":{"rendered":"<h3>La verdadera xilograf\u00eda alemana<\/h3>\n<p>El museo no es el terreno preferido por Georg Winter para sus obras art\u00edsticas, y una situaci\u00f3n expositiva en gran medida cl\u00e1sica, con obras sobre papel en las paredes, no es el formato habitual en el que el artista suele hacer sentir su presencia. Laboratorios temporales, proyectos de investigaci\u00f3n interdisciplinarios o performances autoorganizadas son normalmente los campos de actividad con los que Georg Winter trabaja en el espacio p\u00fablico y con los que su obra est\u00e1 directamente asociada. Georg Winter tambi\u00e9n fue profesor de Arte y Espacio P\u00fablico en la Academia de Bellas Artes de N\u00faremberg de 2003 a 2007, y desde entonces es catedr\u00e1tico de Escultura y Arte P\u00fablico en la Universidad de Bellas Artes de Saarland, en Saarbr\u00fccken. Sin embargo, el hecho de que para casi todos sus proyectos se realicen impresionantes xilograf\u00edas y que \u00e9stas a menudo formen tambi\u00e9n parte de la obra de instalaci\u00f3n suele pasarse por alto a la vista de las diversas actividades de Georg Winter. De hecho, ha trabajado ininterrumpidamente en este medio desde sus comienzos y ha creado as\u00ed un corpus que suma varios centenares de motivos a lo largo de las \u00faltimas d\u00e9cadas, de los que esta publicaci\u00f3n muestra por primera vez una secci\u00f3n transversal, al igual que el St\u00e4dtisches Kunstmuseum Spendhaus de Reutlingen ha aportado a la exposici\u00f3n una selecci\u00f3n ejemplar de ellos. Las obras de Georg Winter tienen poco en com\u00fan con la conocida est\u00e9tica xilogr\u00e1fica y no se basan en las cualidades sensuales o h\u00e1pticas de la aplicaci\u00f3n de un color empastado ni en el papel de alta calidad como soporte de impresi\u00f3n. Georg Winter siempre imprime sus motivos de forma totalmente homog\u00e9nea en negro y sobre papel transparente. Como resultado, a veces parecen diagramas en los que se colocan unos junto a otros los distintos dispositivos t\u00e9cnicos y se explica c\u00f3mo se utilizan en un proyecto. Este tono sistem\u00e1ticamente pr\u00e1ctico remite a una tradici\u00f3n de impresi\u00f3n tipogr\u00e1fica en el modernismo de los a\u00f1os veinte que apenas est\u00e1 presente hoy en d\u00eda, como la que promovieron estil\u00edsticamente los Progresistas de Colonia o el Museo de Sociedad y Econom\u00eda de Viena de Otto Neurath, por ejemplo. As\u00ed, el t\u00edtulo del libro, \"Xilograf\u00edas alemanas despu\u00e9s del 68\", fue elegido naturalmente por el artista, que trabaja en red a escala internacional y se desplaza entre Hungr\u00eda y Alemania, como una distinci\u00f3n ir\u00f3nica de las xilograf\u00edas que recientemente han vuelto a popularizarse.<\/p>\n<p>Exposici\u00f3n:<br \/>\nMuseo Municipal de Arte Spendhaus, Reutlingen, 12\/7 - 6\/10\/2013<\/p>","protected":false},"excerpt":{"rendered":"<p>Cat\u00e1logo de la exposici\u00f3n, St\u00e4dtisches Kunstmuseum Spendhaus Reutlingen, editado por Herbert Eichhorn<br \/>\nTextos (alem\u00e1n\/ingl\u00e9s) de Uwe Degreif, Karsten M\u00fcller<br \/>\n112 p. con 100 ilustraciones en b\/n<br \/>\nFormato 29,7 x 21 cm, tapa blanda<\/p>","protected":false},"featured_media":5227,"template":"","meta":[],"product_brand":[],"product_cat":[95],"product_tag":[],"class_list":{"0":"post-3812","1":"product","2":"type-product","3":"status-publish","4":"has-post-thumbnail","6":"product_cat-vergriffen","8":"first","9":"outofstock","10":"taxable","11":"shipping-taxable","12":"product-type-simple"},"aioseo_notices":[],"_wp_attached_file":null,"_wp_attachment_metadata":null,"_wc_attachment_source":null,"_elementor_inline_svg":null,"_elementor_is_screenshot":null,"_elementor_source_image_hash":null,"_source_url":null,"_wp_attachment_context":null,"_menu_item_type":null,"_menu_item_menu_item_parent":null,"_menu_item_object_id":null,"_menu_item_object":null,"_menu_item_target":null,"_menu_item_classes":null,"_menu_item_xfn":null,"_menu_item_url":null,"__elementor_forms_snapshot":null,"_unit":"","_unit_base":"","_unit_product":"","_unit_price_auto":"no","_unit_price_regular":"","_unit_price":"","_unit_price_sale":"","_sale_price_label":"","_sale_price_regular_label":"","_manufacturer_slug":"","_mini_desc":"","_defect_description":"","_safety_instructions":"","_allergen_ids":[],"_warranty_attachment_id":"","_safety_attachment_ids":[],"_min_age":"","_ts_gtin":"","_ts_mpn":"","_delivery_time_countries":[],"_free_shipping":"no","_service":"no","_photovoltaic_system":"no","_used_good":"no","_defective_copy":"no","_wireless_electronic_device":"no","_device_contains_power_supply":"no","_device_charging_supports_usb_pd":"no","_device_charging_watt_min":"0","_device_charging_watt_max":"0","_is_food":"no","_differential_taxation":"no","_gzd_version":"3.18.7","_hs_code":"","_customs_description":"","_manufacture_country":"0","_is_non_returnable":"no","_shipping_length":"","_shipping_width":"","_shipping_height":"","_sku":"ISBN 978-3-86442-059-7","_global_unique_id":"978-3-86442-059-7","_regular_price":null,"total_sales":"1","_tax_status":"taxable","_tax_class":"","_manage_stock":"no","_backorders":"no","_sold_individually":"no","_weight":"1","_virtual":"no","_downloadable":"no","_download_limit":"-1","_download_expiry":"-1","_stock":"","_stock_status":"outofstock","_wc_average_rating":"0","_wc_review_count":"0","_product_version":"10.1.4","_price":"","shopengine_product_views_count":"2658","_thumbnail_id":"5227","_product_attributes":{"erscheinungsdatum":{"name":"Fecha de publicaci\u00f3n","value":"15.09.2013","position":0,"is_visible":1,"is_variation":0,"is_taxonomy":0,"checkout_visible":0}},"_nutrient_ids":[],"_upsell_ids":null,"pswc_subtitle":null,"_default_delivery_time":null,"_wp_desired_post_slug":null,"_isbn":null,"pageType":null,"isExternalUrl":null,"pageId":null,"externalUrl":null,"hideCookieBanner":null,"isTargetBlank":null,"isProviderCurrentWebsite":null,"isEmbeddingOnlyExternalResources":null,"legalBasis":null,"dataProcessingInCountries":null,"dataProcessingInCountriesSpecialTreatments":null,"technicalDefinitions":null,"googleConsentModeConsentTypes":null,"executePriority":null,"executeCodeOptInWhenNoTagManagerConsentIsGiven":null,"executeCodeOptOutWhenNoTagManagerConsentIsGiven":null,"deleteTechnicalDefinitionsAfterOptOut":null,"presetId":null,"presetVersion":null,"provider":null,"providerContactPhone":null,"providerContactEmail":null,"providerContactLink":null,"uniqueName":null,"providerPrivacyPolicyUrl":null,"providerLegalNoticeUrl":null,"codeOptIn":null,"codeOptOut":null,"codeOnPageLoad":null,"language_code":null,"shopengine_template__post_meta__type":null,"shopengine_template__post_meta":null,"shopengine_template__post_meta__edit_with":null,"origin":null,"_enabled":null,"_filters":null,"_layout":null,"_elementor_import_session_id":null,"_wp_trash_meta_status":null,"_wp_trash_meta_time":null,"_edit_lock":"1743235214:2","_elementor_floating_elements_type":null,"_elementor_edit_mode":null,"_elementor_template_type":null,"tc-thumb-fld":{"_thumb_id":5227,"_thumb_type":"thumb"},"_wp_page_template":"default","_elementor_version":null,"_elementor_pro_version":null,"_elementor_page_settings":null,"_elementor_data":null,"_elementor_conditions":null,"_elementor_popup_display_settings":null,"_edit_last":"2","_elementor_template_sub_type":null,"_elementor_controls_usage":null,"_elementor_screenshot":null,"_elementor_css":null,"_elementor_page_assets":[],"_elementor_element_cache":null,"_elementor_screenshot_failed":null,"_elementor_source":null,"_wp_old_date":null,"layout_key":"","post_slider_check_key":"0","_links":{"self":[{"href":"https:\/\/snoeck.de\/es\/wp-json\/wp\/v2\/product\/3812","targetHints":{"allow":["GET"]}}],"collection":[{"href":"https:\/\/snoeck.de\/es\/wp-json\/wp\/v2\/product"}],"about":[{"href":"https:\/\/snoeck.de\/es\/wp-json\/wp\/v2\/types\/product"}],"wp:featuredmedia":[{"embeddable":true,"href":"https:\/\/snoeck.de\/es\/wp-json\/wp\/v2\/media\/5227"}],"wp:attachment":[{"href":"https:\/\/snoeck.de\/es\/wp-json\/wp\/v2\/media?parent=3812"}],"wp:term":[{"taxonomy":"product_brand","embeddable":true,"href":"https:\/\/snoeck.de\/es\/wp-json\/wp\/v2\/product_brand?post=3812"},{"taxonomy":"product_cat","embeddable":true,"href":"https:\/\/snoeck.de\/es\/wp-json\/wp\/v2\/product_cat?post=3812"},{"taxonomy":"product_tag","embeddable":true,"href":"https:\/\/snoeck.de\/es\/wp-json\/wp\/v2\/product_tag?post=3812"}],"curies":[{"name":"wp","href":"https:\/\/api.w.org\/{rel}","templated":true}]}}