{"id":3813,"date":"2025-01-31T11:32:49","date_gmt":"2025-01-31T11:32:49","guid":{"rendered":"https:\/\/snoeck.process-vision.de\/shop\/georg-winter-psychotektonik\/"},"modified":"2026-04-08T14:18:59","modified_gmt":"2026-04-08T13:18:59","slug":"georg-winter-psychotektonik","status":"publish","type":"product","link":"https:\/\/snoeck.de\/es\/shop\/georg-winter-psychotektonik\/","title":{"rendered":"Georg Winter: Psicotect\u00f3nica"},"content":{"rendered":"<h3>La forma es el contenido en pocas palabras<\/h3>\n<p>Esto es lo que escribi\u00f3 una vez Theodor W. Adorno, y Georg Winter aprovech\u00f3 esta frase en el verano de 2012 para presentar el XI Premio Hans Molfenter de la ciudad de Stuttgart y montar una exposici\u00f3n con varios espacios de acci\u00f3n como EPSY (= Epicentre for Psychomotricity, Performance, Interaction) en el Kunstmuseum Stuttgart. Desde la d\u00e9cada de 1990, Georg Winter ha creado una compleja red de diferentes grupos performativos, que ha iniciado e instruido en repetidas ocasiones de forma temporal y que se nutre de su trabajo en otros dos puntos focales y que le identifican acertadamente como artista de medios tradicionales. Por un lado, se trata de las impresiones \u00fanicas en madera en la fase previa a los modelos UCS (= Ukiyo Camera System) y, por otro, de los modelos UCS que \u00e9l mismo produce como m\u00f3dulos de madera lacada en negro y que, en \u00faltima instancia, suelen representar el equipo de trabajo para los rodajes, los lugares de trabajo o las situaciones de oficina. Georg Winter pretende crear una nueva configuraci\u00f3n de disciplinas, combinando el dibujo, la impresi\u00f3n en madera y la escultura en una actuaci\u00f3n rigurosamente estructurada. Cuando Kasper K\u00f6nig destaca la creaci\u00f3n de la pel\u00edcula ideal en la mente como un acontecimiento especial en su discurso elogioso para Georg Winter, esto define el cine como un proceso puramente intelectual -porque no requiere un resultado materializado, como una pel\u00edcula \"real\"-, lo que s\u00f3lo hace que las reliquias f\u00edsicas (los m\u00f3dulos de la UCS) brillen a\u00fan m\u00e1s. Este libro, cuidadosamente compilado con el artista, es el primero que intenta ofrecer una visi\u00f3n general de los aspectos centrales de la polifac\u00e9tica obra de Georg Winter.<\/p>","protected":false},"excerpt":{"rendered":"<p>Cat\u00e1logo de la exposici\u00f3n, Kunstmuseum Stuttgart, editado por Ulrike Groos<br \/>\nTextos (alem\u00e1n\/ingl\u00e9s) de Julia Bulk, Ulrike Groos, Sabine Maria Schmidt<br \/>\n144 p. con 250 ilustraciones en color<br \/>\nFormato 29,7 x 21 cm, folleto desplegable con p\u00f3ster insertado<\/p>","protected":false},"featured_media":5228,"template":"","meta":[],"product_brand":[],"product_cat":[95],"product_tag":[],"class_list":{"0":"post-3813","1":"product","2":"type-product","3":"status-publish","4":"has-post-thumbnail","6":"product_cat-vergriffen","8":"first","9":"outofstock","10":"taxable","11":"shipping-taxable","12":"product-type-simple"},"aioseo_notices":[],"_wp_attached_file":null,"_wp_attachment_metadata":null,"_wc_attachment_source":null,"_elementor_inline_svg":null,"_elementor_is_screenshot":null,"_elementor_source_image_hash":null,"_source_url":null,"_wp_attachment_context":null,"_menu_item_type":null,"_menu_item_menu_item_parent":null,"_menu_item_object_id":null,"_menu_item_object":null,"_menu_item_target":null,"_menu_item_classes":null,"_menu_item_xfn":null,"_menu_item_url":null,"__elementor_forms_snapshot":null,"_unit":"","_unit_base":"","_unit_product":"","_unit_price_auto":"no","_unit_price_regular":"","_unit_price":"","_unit_price_sale":"","_sale_price_label":"","_sale_price_regular_label":"","_manufacturer_slug":"","_mini_desc":"","_defect_description":"","_safety_instructions":"","_allergen_ids":[],"_warranty_attachment_id":"","_safety_attachment_ids":[],"_min_age":"","_ts_gtin":"","_ts_mpn":"","_delivery_time_countries":[],"_free_shipping":"no","_service":"no","_photovoltaic_system":"no","_used_good":"no","_defective_copy":"no","_wireless_electronic_device":"no","_device_contains_power_supply":"no","_device_charging_supports_usb_pd":"no","_device_charging_watt_min":"0","_device_charging_watt_max":"0","_is_food":"no","_differential_taxation":"no","_gzd_version":"3.18.7","_hs_code":"","_customs_description":"","_manufacture_country":"0","_is_non_returnable":"no","_shipping_length":"","_shipping_width":"","_shipping_height":"","_sku":"ISBN 978-3-86442-019-1","_global_unique_id":"978-3-86442-019-1","_regular_price":null,"total_sales":"0","_tax_status":"taxable","_tax_class":"","_manage_stock":"no","_backorders":"no","_sold_individually":"no","_weight":"2","_virtual":"no","_downloadable":"no","_download_limit":"-1","_download_expiry":"-1","_stock":"","_stock_status":"outofstock","_wc_average_rating":"0","_wc_review_count":"0","_product_version":"10.1.4","_price":"","shopengine_product_views_count":"2923","_thumbnail_id":"5228","_product_attributes":{"erscheinungsdatum":{"name":"Fecha de publicaci\u00f3n","value":"10.09.2013","position":0,"is_visible":1,"is_variation":0,"is_taxonomy":0,"checkout_visible":0}},"_nutrient_ids":[],"_upsell_ids":null,"pswc_subtitle":null,"_default_delivery_time":null,"_wp_desired_post_slug":null,"_isbn":null,"pageType":null,"isExternalUrl":null,"pageId":null,"externalUrl":null,"hideCookieBanner":null,"isTargetBlank":null,"isProviderCurrentWebsite":null,"isEmbeddingOnlyExternalResources":null,"legalBasis":null,"dataProcessingInCountries":null,"dataProcessingInCountriesSpecialTreatments":null,"technicalDefinitions":null,"googleConsentModeConsentTypes":null,"executePriority":null,"executeCodeOptInWhenNoTagManagerConsentIsGiven":null,"executeCodeOptOutWhenNoTagManagerConsentIsGiven":null,"deleteTechnicalDefinitionsAfterOptOut":null,"presetId":null,"presetVersion":null,"provider":null,"providerContactPhone":null,"providerContactEmail":null,"providerContactLink":null,"uniqueName":null,"providerPrivacyPolicyUrl":null,"providerLegalNoticeUrl":null,"codeOptIn":null,"codeOptOut":null,"codeOnPageLoad":null,"language_code":null,"shopengine_template__post_meta__type":null,"shopengine_template__post_meta":null,"shopengine_template__post_meta__edit_with":null,"origin":null,"_enabled":null,"_filters":null,"_layout":null,"_elementor_import_session_id":null,"_wp_trash_meta_status":null,"_wp_trash_meta_time":null,"_edit_lock":"1743342509:2","_elementor_floating_elements_type":null,"_elementor_edit_mode":null,"_elementor_template_type":null,"tc-thumb-fld":{"_thumb_id":5228,"_thumb_type":"thumb"},"_wp_page_template":"default","_elementor_version":null,"_elementor_pro_version":null,"_elementor_page_settings":null,"_elementor_data":null,"_elementor_conditions":null,"_elementor_popup_display_settings":null,"_edit_last":"2","_elementor_template_sub_type":null,"_elementor_controls_usage":null,"_elementor_screenshot":null,"_elementor_css":null,"_elementor_page_assets":[],"_elementor_element_cache":null,"_elementor_screenshot_failed":null,"_elementor_source":null,"_wp_old_date":null,"layout_key":"","post_slider_check_key":"0","_links":{"self":[{"href":"https:\/\/snoeck.de\/es\/wp-json\/wp\/v2\/product\/3813","targetHints":{"allow":["GET"]}}],"collection":[{"href":"https:\/\/snoeck.de\/es\/wp-json\/wp\/v2\/product"}],"about":[{"href":"https:\/\/snoeck.de\/es\/wp-json\/wp\/v2\/types\/product"}],"wp:featuredmedia":[{"embeddable":true,"href":"https:\/\/snoeck.de\/es\/wp-json\/wp\/v2\/media\/5228"}],"wp:attachment":[{"href":"https:\/\/snoeck.de\/es\/wp-json\/wp\/v2\/media?parent=3813"}],"wp:term":[{"taxonomy":"product_brand","embeddable":true,"href":"https:\/\/snoeck.de\/es\/wp-json\/wp\/v2\/product_brand?post=3813"},{"taxonomy":"product_cat","embeddable":true,"href":"https:\/\/snoeck.de\/es\/wp-json\/wp\/v2\/product_cat?post=3813"},{"taxonomy":"product_tag","embeddable":true,"href":"https:\/\/snoeck.de\/es\/wp-json\/wp\/v2\/product_tag?post=3813"}],"curies":[{"name":"wp","href":"https:\/\/api.w.org\/{rel}","templated":true}]}}