{"id":3815,"date":"2025-01-31T11:32:50","date_gmt":"2025-01-31T11:32:50","guid":{"rendered":"https:\/\/snoeck.process-vision.de\/shop\/wozu-bilder\/"},"modified":"2026-04-08T14:57:15","modified_gmt":"2026-04-08T13:57:15","slug":"wozu-bilder","status":"publish","type":"product","link":"https:\/\/snoeck.de\/es\/shop\/wozu-bilder\/","title":{"rendered":"\u00bfPor qu\u00e9 fotos?"},"content":{"rendered":"<h3>Una nueva mirada a la historia de la fotograf\u00eda<\/h3>\n<p>Este libro sobre la exposici\u00f3n de la Villa Merkel de Esslingen es una novedad; por primera vez, intenta dejar atr\u00e1s el enfoque tradicional y centrarse en el respectivo contexto funcional utilizando fotograf\u00edas hist\u00f3ricas tomadas antes de 1920. En los \u00faltimos a\u00f1os, no ha habido ninguna presentaci\u00f3n seria de la fotograf\u00eda sin hacer referencia a su car\u00e1cter documental y al \"As\u00ed era\" de Roland Barthes. De hecho, se ha construido un car\u00e1cter documental incluso para el arte, donde las im\u00e1genes hace tiempo que son digitales o est\u00e1n sujetas a manipulaci\u00f3n por diversos programas de imagen. No s\u00f3lo aqu\u00ed se ha puesto de manifiesto que la funci\u00f3n documental de la imagen se inscribe en \u00e1mbitos de aplicaci\u00f3n muy heterog\u00e9neos y a menudo sorprendentes: una fotograf\u00eda, por ejemplo, puede servir para recordar a alguien o para que la polic\u00eda lo busque. Especialmente ahora, cuando el desarrollo de la fotograf\u00eda contempor\u00e1nea parece haberse estancado, parece obvio cotejar simplemente las im\u00e1genes seg\u00fan el uso que se les haya dado. Para ello, los modos de utilizaci\u00f3n deben, por supuesto, describirse con precisi\u00f3n hist\u00f3rica y sin predominio de una perspectiva originaria del presente, y analizarse y ordenarse tipol\u00f3gicamente. Este voluminoso volumen hace exactamente esto y muestra los objetivos a veces extra\u00f1os, desconcertantes e incluso curiosos que se han perseguido con la fotograf\u00eda a lo largo de la historia. Un ejemplo de las diversas y cambiantes relaciones que pueden crearse a trav\u00e9s de la fotograf\u00eda es la fotograf\u00eda de animales. Durante mucho tiempo, las fotograf\u00edas de \u00e9xitos reproductivos desempe\u00f1aron un papel especial. Un animal mayoritariamente macho - semental, toro o gamo - se presentaba en una pose lateral delante de una tela blanca para que sus caracter\u00edsticas raciales fueran especialmente legibles de perfil. Los animales premiados deb\u00edan convertirse en im\u00e1genes para que sirvieran de modelo a los criadores posteriores. El volumen ofrece numerosos ejemplos del mundo de la naturaleza, del mundo del hombre y del mundo de los artefactos para esta adquisici\u00f3n de conocimientos y se convierte as\u00ed en un viaje de descubrimiento en el que el mundo de la fotograf\u00eda parece surgir de nuevo.<\/p>\n<p>Exposiciones:<br \/>\nVilla Merkel, Esslingen, 15\/12\/2013 - 16\/2\/2014<br \/>\nMuseo de Arte de Jena, 13\/12\/2014 - 1\/3\/2015<\/p>","protected":false},"excerpt":{"rendered":"<p>Cat\u00e1logo de la exposici\u00f3n Villa Merkel Exxlingen, editado por Andreas Baur, Bernd Stiegler, Felix Th\u00fcrlemann<br \/>\nTextos (alem\u00e1n) Proyecto de seminario Universidad de Constanza bajo la direcci\u00f3n de Bernd Stiegler y Felix Th\u00fcrlemann<br \/>\n304 p. con 250 ilustraciones en color<br \/>\nFormato 25 x 23,5 cm, tapa dura<\/p>","protected":false},"featured_media":5230,"template":"","meta":[],"product_brand":[],"product_cat":[95],"product_tag":[],"class_list":{"0":"post-3815","1":"product","2":"type-product","3":"status-publish","4":"has-post-thumbnail","6":"product_cat-vergriffen","8":"first","9":"outofstock","10":"taxable","11":"shipping-taxable","12":"product-type-simple"},"aioseo_notices":[],"_wp_attached_file":null,"_wp_attachment_metadata":null,"_wc_attachment_source":null,"_elementor_inline_svg":null,"_elementor_is_screenshot":null,"_elementor_source_image_hash":null,"_source_url":null,"_wp_attachment_context":null,"_menu_item_type":null,"_menu_item_menu_item_parent":null,"_menu_item_object_id":null,"_menu_item_object":null,"_menu_item_target":null,"_menu_item_classes":null,"_menu_item_xfn":null,"_menu_item_url":null,"__elementor_forms_snapshot":null,"_unit":"","_unit_base":"","_unit_product":"","_unit_price_auto":"no","_unit_price_regular":"","_unit_price":"","_unit_price_sale":"","_sale_price_label":"","_sale_price_regular_label":"","_manufacturer_slug":"","_mini_desc":"","_defect_description":"","_safety_instructions":"","_allergen_ids":[],"_warranty_attachment_id":"","_safety_attachment_ids":[],"_min_age":"","_ts_gtin":"","_ts_mpn":"","_delivery_time_countries":[],"_free_shipping":"no","_service":"no","_photovoltaic_system":"no","_used_good":"no","_defective_copy":"no","_wireless_electronic_device":"no","_device_contains_power_supply":"no","_device_charging_supports_usb_pd":"no","_device_charging_watt_min":"0","_device_charging_watt_max":"0","_is_food":"no","_differential_taxation":"no","_gzd_version":"3.18.7","_hs_code":"","_customs_description":"","_manufacture_country":"0","_is_non_returnable":"no","_shipping_length":"","_shipping_width":"","_shipping_height":"","_sku":"ISBN 978-3-86442-076-4","_global_unique_id":"978-3-86442-076-4","_regular_price":null,"total_sales":"0","_tax_status":"taxable","_tax_class":"","_manage_stock":"no","_backorders":"no","_sold_individually":"no","_weight":"2","_virtual":"no","_downloadable":"no","_download_limit":"-1","_download_expiry":"-1","_stock":"","_stock_status":"outofstock","_wc_average_rating":"0","_wc_review_count":"0","_product_version":"10.1.4","_price":"","shopengine_product_views_count":"2644","_thumbnail_id":"5230","_product_attributes":{"erscheinungsdatum":{"name":"Fecha de publicaci\u00f3n","value":"15.02.2013","position":0,"is_visible":1,"is_variation":0,"is_taxonomy":0,"checkout_visible":0}},"_nutrient_ids":[],"_upsell_ids":null,"pswc_subtitle":null,"_default_delivery_time":"","_wp_desired_post_slug":null,"_isbn":null,"pageType":null,"isExternalUrl":null,"pageId":null,"externalUrl":null,"hideCookieBanner":null,"isTargetBlank":null,"isProviderCurrentWebsite":null,"isEmbeddingOnlyExternalResources":null,"legalBasis":null,"dataProcessingInCountries":null,"dataProcessingInCountriesSpecialTreatments":null,"technicalDefinitions":null,"googleConsentModeConsentTypes":null,"executePriority":null,"executeCodeOptInWhenNoTagManagerConsentIsGiven":null,"executeCodeOptOutWhenNoTagManagerConsentIsGiven":null,"deleteTechnicalDefinitionsAfterOptOut":null,"presetId":null,"presetVersion":null,"provider":null,"providerContactPhone":null,"providerContactEmail":null,"providerContactLink":null,"uniqueName":null,"providerPrivacyPolicyUrl":null,"providerLegalNoticeUrl":null,"codeOptIn":null,"codeOptOut":null,"codeOnPageLoad":null,"language_code":null,"shopengine_template__post_meta__type":null,"shopengine_template__post_meta":null,"shopengine_template__post_meta__edit_with":null,"origin":null,"_enabled":null,"_filters":null,"_layout":null,"_elementor_import_session_id":null,"_wp_trash_meta_status":null,"_wp_trash_meta_time":null,"_edit_lock":"1743234965:2","_elementor_floating_elements_type":null,"_elementor_edit_mode":null,"_elementor_template_type":null,"tc-thumb-fld":{"_thumb_id":5230,"_thumb_type":"thumb"},"_wp_page_template":"default","_elementor_version":null,"_elementor_pro_version":null,"_elementor_page_settings":null,"_elementor_data":null,"_elementor_conditions":null,"_elementor_popup_display_settings":null,"_edit_last":"2","_elementor_template_sub_type":null,"_elementor_controls_usage":null,"_elementor_screenshot":null,"_elementor_css":null,"_elementor_page_assets":[],"_elementor_element_cache":null,"_elementor_screenshot_failed":null,"_elementor_source":null,"_wp_old_date":null,"layout_key":"","post_slider_check_key":"0","_links":{"self":[{"href":"https:\/\/snoeck.de\/es\/wp-json\/wp\/v2\/product\/3815","targetHints":{"allow":["GET"]}}],"collection":[{"href":"https:\/\/snoeck.de\/es\/wp-json\/wp\/v2\/product"}],"about":[{"href":"https:\/\/snoeck.de\/es\/wp-json\/wp\/v2\/types\/product"}],"wp:featuredmedia":[{"embeddable":true,"href":"https:\/\/snoeck.de\/es\/wp-json\/wp\/v2\/media\/5230"}],"wp:attachment":[{"href":"https:\/\/snoeck.de\/es\/wp-json\/wp\/v2\/media?parent=3815"}],"wp:term":[{"taxonomy":"product_brand","embeddable":true,"href":"https:\/\/snoeck.de\/es\/wp-json\/wp\/v2\/product_brand?post=3815"},{"taxonomy":"product_cat","embeddable":true,"href":"https:\/\/snoeck.de\/es\/wp-json\/wp\/v2\/product_cat?post=3815"},{"taxonomy":"product_tag","embeddable":true,"href":"https:\/\/snoeck.de\/es\/wp-json\/wp\/v2\/product_tag?post=3815"}],"curies":[{"name":"wp","href":"https:\/\/api.w.org\/{rel}","templated":true}]}}