{"id":3817,"date":"2025-01-31T11:32:51","date_gmt":"2025-01-31T11:32:51","guid":{"rendered":"https:\/\/snoeck.process-vision.de\/shop\/michel-wuerthle-le-cinema-de-la-vie\/"},"modified":"2025-03-29T07:48:49","modified_gmt":"2025-03-29T07:48:49","slug":"michel-wuerthle-le-cinema-de-la-vie","status":"publish","type":"product","link":"https:\/\/snoeck.de\/es\/shop\/michel-wuerthle-le-cinema-de-la-vie\/","title":{"rendered":"Michel W\u00fcrthle: el cine de la vida"},"content":{"rendered":"<h3>Los grandes de Hollywood<\/h3>\n<p>En 1972, Michel W\u00fcrthle abri\u00f3 el restaurante EXIL en Kreuzberg junto con sus amigos Ingrid y Oswald Wiener. No s\u00e9 por qu\u00e9 el EXIL se convirti\u00f3 r\u00e1pidamente en el restaurante m\u00e1s importante de la escena berlinesa, quiz\u00e1 simplemente porque muchos artistas exiliados recibieron aqu\u00ed una acogida especial. Artistas, actores y directores alemanes y extranjeros se reun\u00edan all\u00ed a orillas del Canal Landwehr sin que nadie les preguntara por sus or\u00edgenes o papeles; all\u00ed se produjo la transformaci\u00f3n de una escena local, casi provinciana, en una escena internacional. EXIL se convirti\u00f3 as\u00ed en uno de los lugares m\u00e1s interesantes y animados de la ciudad, lo que permiti\u00f3 a Berl\u00edn recuperar su reputaci\u00f3n de ciudad cosmopolita para noct\u00e1mbulos abierta a todos.<br \/>\nEl c\u00edrculo de artistas que socializaban all\u00ed inclu\u00eda a Joseph Beuys, Dieter Roth, G\u00fcnter Brus, Walter Pichler, Richard Hamilton, Eduardo Paolozzi, Georg Baselitz, Markus L\u00fcpertz, Maria Lassnig y Martin Kippenberger, por nombrar s\u00f3lo algunos de los cientos de dibujos que W\u00fcrthle cre\u00f3 a lo largo de 25 a\u00f1os. Cultiv\u00f3 una especie de relaci\u00f3n profesional con ellos -la mayor\u00eda eran amigos- porque, obviamente, no pod\u00eda permitirse el lujo de limitarse a comer y beber con ellos todo el tiempo. W\u00fcrthle dirig\u00eda el negocio y se aseguraba de que todo funcionara a la perfecci\u00f3n, combinando el negocio con ese ambiente especial que buscaban. No hay que olvidar que la hosteler\u00eda es una de las profesiones m\u00e1s extenuantes, realmente agotadoras. Esto no impidi\u00f3 que W\u00fcrthle observara a sus invitados y se contagiara de la magia de esta clientela fuera de lo com\u00fan, que -parad\u00f3jicamente- encontr\u00f3 en EXIL su tierra prometida.<br \/>\nEl negocio florece. En 1979, W\u00fcrthle vende el EXIL para hacerse cargo del PARIS BAR, m\u00e1s c\u00e9ntrico, junto con Reinald Nohal, que r\u00e1pidamente se convierte en el lugar m\u00edtico que sigue siendo hoy. La personalidad de Michel W\u00fcrthle act\u00faa como un im\u00e1n. Los mejores artistas siguen intercambiando bebidas y comidas por obras que r\u00e1pidamente cubren las paredes del suelo al techo. Uno va all\u00ed para ver esta nueva cueva de Alibaba, para admirar este caf\u00e9 que combina el principio de la Colombe d'Or de Saint-Paul de Vence o del Kronenhalle de Z\u00farich con la burla y la autoiron\u00eda del movimiento punk que arrasa el planeta. El aire punk nunca se evaporar\u00e1 del todo del PARIS BAR, una persistencia que resulta desconcertante, pero que probablemente se encuentre en la personalidad de Michel W\u00fcrthle. No es s\u00f3lo un propietario profesional de piel y pelo, es tambi\u00e9n - detr\u00e1s de la m\u00e1scara de modestia, de la sonrisa genuinamente avergonzada - un artista.<\/p>\n<p>Exposici\u00f3n:<br \/>\nCFA Contemporary Fine Arts, Berl\u00edn, 8 - 22\/9\/2018<\/p>","protected":false},"excerpt":{"rendered":"<p>Cat\u00e1logo de la exposici\u00f3n, Contemporary Fine Arts CFA Berl\u00edn<br \/>\nCompilado por Fabrice Hergott<br \/>\nTexto (franc\u00e9s\/alem\u00e1n\/ingl\u00e9s) de Fabrice Hergott<br \/>\n120 p\u00e1ginas con 104 ilustraciones en blanco y negro y 16 en color<br \/>\nFormato 25 x 18 cm, tapa blanda<\/p>","protected":false},"featured_media":5232,"template":"","meta":[],"product_brand":[],"product_cat":[111,80],"product_tag":[],"class_list":{"0":"post-3817","1":"product","2":"type-product","3":"status-publish","4":"has-post-thumbnail","6":"product_cat-111","7":"product_cat-w","9":"first","10":"instock","11":"taxable","12":"shipping-taxable","13":"purchasable","14":"product-type-simple"},"aioseo_notices":[],"_wp_attached_file":null,"_wp_attachment_metadata":null,"_wc_attachment_source":null,"_elementor_inline_svg":null,"_elementor_is_screenshot":null,"_elementor_source_image_hash":null,"_source_url":null,"_wp_attachment_context":null,"_menu_item_type":null,"_menu_item_menu_item_parent":null,"_menu_item_object_id":null,"_menu_item_object":null,"_menu_item_target":null,"_menu_item_classes":null,"_menu_item_xfn":null,"_menu_item_url":null,"__elementor_forms_snapshot":null,"_unit":"","_unit_base":"","_unit_product":"","_unit_price_auto":"no","_unit_price_regular":"","_unit_price":"","_unit_price_sale":"","_sale_price_label":"","_sale_price_regular_label":"","_manufacturer_slug":"","_mini_desc":"","_defect_description":"","_safety_instructions":"","_allergen_ids":[],"_warranty_attachment_id":"","_safety_attachment_ids":[],"_min_age":"","_ts_gtin":"","_ts_mpn":"","_delivery_time_countries":[],"_free_shipping":"no","_service":"no","_photovoltaic_system":"no","_used_good":"no","_defective_copy":"no","_wireless_electronic_device":"no","_device_contains_power_supply":"no","_device_charging_supports_usb_pd":"no","_device_charging_watt_min":"0","_device_charging_watt_max":"0","_is_food":"no","_differential_taxation":"no","_gzd_version":"3.18.7","_hs_code":"","_customs_description":"","_manufacture_country":"0","_is_non_returnable":"no","_shipping_length":"","_shipping_width":"","_shipping_height":"","_sku":"ISBN 978-3-86442-270-6","_global_unique_id":"978-3-86442-270-6","_regular_price":"20","total_sales":"0","_tax_status":"taxable","_tax_class":"","_manage_stock":"no","_backorders":"no","_sold_individually":"no","_weight":"1","_virtual":"no","_downloadable":"no","_download_limit":"-1","_download_expiry":"-1","_stock":"","_stock_status":"instock","_wc_average_rating":"0","_wc_review_count":"0","_product_version":"9.7.1","_price":"20","shopengine_product_views_count":"2714","_thumbnail_id":"5232","_product_attributes":{"erscheinungsdatum":{"name":"Fecha de publicaci\u00f3n","value":"05.09.2018","position":0,"is_visible":1,"is_variation":0,"is_taxonomy":0,"checkout_visible":0}},"_nutrient_ids":[],"_upsell_ids":null,"pswc_subtitle":null,"_default_delivery_time":null,"_wp_desired_post_slug":null,"_isbn":null,"pageType":null,"isExternalUrl":null,"pageId":null,"externalUrl":null,"hideCookieBanner":null,"isTargetBlank":null,"isProviderCurrentWebsite":null,"isEmbeddingOnlyExternalResources":null,"legalBasis":null,"dataProcessingInCountries":null,"dataProcessingInCountriesSpecialTreatments":null,"technicalDefinitions":null,"googleConsentModeConsentTypes":null,"executePriority":null,"executeCodeOptInWhenNoTagManagerConsentIsGiven":null,"executeCodeOptOutWhenNoTagManagerConsentIsGiven":null,"deleteTechnicalDefinitionsAfterOptOut":null,"presetId":null,"presetVersion":null,"provider":null,"providerContactPhone":null,"providerContactEmail":null,"providerContactLink":null,"uniqueName":null,"providerPrivacyPolicyUrl":null,"providerLegalNoticeUrl":null,"codeOptIn":null,"codeOptOut":null,"codeOnPageLoad":null,"language_code":null,"shopengine_template__post_meta__type":null,"shopengine_template__post_meta":null,"shopengine_template__post_meta__edit_with":null,"origin":null,"_enabled":null,"_filters":null,"_layout":null,"_elementor_import_session_id":null,"_wp_trash_meta_status":null,"_wp_trash_meta_time":null,"_edit_lock":"1743234421:2","_elementor_floating_elements_type":null,"_elementor_edit_mode":null,"_elementor_template_type":null,"tc-thumb-fld":{"_thumb_id":5232,"_thumb_type":"thumb"},"_wp_page_template":"default","_elementor_version":null,"_elementor_pro_version":null,"_elementor_page_settings":null,"_elementor_data":null,"_elementor_conditions":null,"_elementor_popup_display_settings":null,"_edit_last":"2","_elementor_template_sub_type":null,"_elementor_controls_usage":null,"_elementor_screenshot":null,"_elementor_css":null,"_elementor_page_assets":[],"_elementor_element_cache":null,"_elementor_screenshot_failed":null,"_elementor_source":null,"_wp_old_date":null,"layout_key":"","post_slider_check_key":"0","_links":{"self":[{"href":"https:\/\/snoeck.de\/es\/wp-json\/wp\/v2\/product\/3817","targetHints":{"allow":["GET"]}}],"collection":[{"href":"https:\/\/snoeck.de\/es\/wp-json\/wp\/v2\/product"}],"about":[{"href":"https:\/\/snoeck.de\/es\/wp-json\/wp\/v2\/types\/product"}],"wp:featuredmedia":[{"embeddable":true,"href":"https:\/\/snoeck.de\/es\/wp-json\/wp\/v2\/media\/5232"}],"wp:attachment":[{"href":"https:\/\/snoeck.de\/es\/wp-json\/wp\/v2\/media?parent=3817"}],"wp:term":[{"taxonomy":"product_brand","embeddable":true,"href":"https:\/\/snoeck.de\/es\/wp-json\/wp\/v2\/product_brand?post=3817"},{"taxonomy":"product_cat","embeddable":true,"href":"https:\/\/snoeck.de\/es\/wp-json\/wp\/v2\/product_cat?post=3817"},{"taxonomy":"product_tag","embeddable":true,"href":"https:\/\/snoeck.de\/es\/wp-json\/wp\/v2\/product_tag?post=3817"}],"curies":[{"name":"wp","href":"https:\/\/api.w.org\/{rel}","templated":true}]}}