{"id":3819,"date":"2025-01-31T11:32:52","date_gmt":"2025-01-31T11:32:52","guid":{"rendered":"https:\/\/snoeck.process-vision.de\/shop\/sharon-yaari-the-romantic-trail-and-the-conrecte-house\/"},"modified":"2026-04-08T15:23:11","modified_gmt":"2026-04-08T14:23:11","slug":"sharon-yaari-the-romantic-trail-and-the-conrecte-house","status":"publish","type":"product","link":"https:\/\/snoeck.de\/es\/shop\/sharon-yaari-the-romantic-trail-and-the-conrecte-house\/","title":{"rendered":"Sharon Ya'ari: La Ruta Rom\u00e1ntica y la Casa Conrecte"},"content":{"rendered":"<h3>\u00bfQu\u00e9 rupturas y fisuras surgen cuando chocan la visi\u00f3n social y la vida cotidiana?<\/h3>\n<p>\u00bfC\u00f3mo contin\u00faan las influencias formales e idealistas en una realidad vital diferente? La fot\u00f3grafa israel\u00ed Sharon Ya'ari explora estas cuestiones en su exposici\u00f3n desarrollada para Haus Esters, que es tambi\u00e9n su primera individual en Alemania. Construidas por Ludwig Mies van der Rohe a finales de la d\u00e9cada de 1920, Haus Esters y Haus Lange figuran entre los iconos de la arquitectura moderna en Alemania, a los que pueden vincularse las ideas de una sociedad abierta y orientada al futuro. Desde que las antiguas casas privadas se utilizan como lugares de exposici\u00f3n de arte contempor\u00e1neo, han inspirado repetidamente a artistas a explorar su especial atm\u00f3sfera y arquitectura. Sharon Ya'ari se basa en esta tradici\u00f3n de obras site-specific desarrollando para Haus Esters nuevas obras y series basadas en la realidad de su propia vida. El punto de partida de su b\u00fasqueda fotogr\u00e1fica de huellas es la conexi\u00f3n entre las ideas del modernismo europeo de entreguerras y el intento de continuarlas en el joven Estado de Israel. Rastrea el legado del lenguaje formal modernista en su tierra natal. No le interesa la perspectiva de la fotograf\u00eda arquitect\u00f3nica, sino lo marginal, las reliquias de la vida cotidiana, las fr\u00e1giles relaciones entre las personas y los elementos de su entorno. Las utop\u00edas de la modernidad se solapan con la historia de sus rupturas y la realidad conflictiva de la vida cotidiana actual. La b\u00fasqueda de las huellas de las grandes visiones de la modernidad se convierte as\u00ed, por as\u00ed decirlo, en un espejo de las condiciones de la existencia humana.<\/p>\n<p>Exposiciones:<br \/>\nHaus Esters\/Kunstmuseen Krefeld, 8\/3\/2020 - 21\/3\/2021<br \/>\nOldenburger Kunstverein, 23\/4 - 11\/7\/2021<br \/>\nKunstverein Heilbronn, 23\/7 - 27\/9\/2021<\/p>","protected":false},"excerpt":{"rendered":"<p>Cat\u00e1logo de la exposici\u00f3n Kunstmuseen Krefeld \/ Haus Esters, editado por Magdalena Holzhey<br \/>\nTextos (alem\u00e1n\/ingl\u00e9s) de Markus Heinzelmann, Magdalena Holzhey, Matthia L\u00f6bke<br \/>\n172 pp. con 93 ilustraciones en color y 30 tr\u00edpticos<br \/>\nFormato 27 x 21 cm, folleto desplegable<\/p>","protected":false},"featured_media":5234,"template":"","meta":[],"product_brand":[],"product_cat":[95],"product_tag":[],"class_list":{"0":"post-3819","1":"product","2":"type-product","3":"status-publish","4":"has-post-thumbnail","6":"product_cat-vergriffen","8":"first","9":"outofstock","10":"taxable","11":"shipping-taxable","12":"product-type-simple"},"aioseo_notices":[],"_wp_attached_file":null,"_wp_attachment_metadata":null,"_wc_attachment_source":null,"_elementor_inline_svg":null,"_elementor_is_screenshot":null,"_elementor_source_image_hash":null,"_source_url":null,"_wp_attachment_context":null,"_menu_item_type":null,"_menu_item_menu_item_parent":null,"_menu_item_object_id":null,"_menu_item_object":null,"_menu_item_target":null,"_menu_item_classes":null,"_menu_item_xfn":null,"_menu_item_url":null,"__elementor_forms_snapshot":null,"_unit":"","_unit_base":"","_unit_product":"","_unit_price_auto":"no","_unit_price_regular":"","_unit_price":"","_unit_price_sale":"","_sale_price_label":"","_sale_price_regular_label":"","_manufacturer_slug":"","_mini_desc":"","_defect_description":"","_safety_instructions":"","_allergen_ids":[],"_warranty_attachment_id":"","_safety_attachment_ids":[],"_min_age":"","_ts_gtin":"","_ts_mpn":"","_delivery_time_countries":[],"_free_shipping":"no","_service":"no","_photovoltaic_system":"no","_used_good":"no","_defective_copy":"no","_wireless_electronic_device":"no","_device_contains_power_supply":"no","_device_charging_supports_usb_pd":"no","_device_charging_watt_min":"0","_device_charging_watt_max":"0","_is_food":"no","_differential_taxation":"no","_gzd_version":"3.18.7","_hs_code":"","_customs_description":"","_manufacture_country":"0","_is_non_returnable":"no","_shipping_length":"","_shipping_width":"","_shipping_height":"","_sku":"ISBN 978-3-86442-321-5","_global_unique_id":"978-3-86442-321-5","_regular_price":null,"total_sales":"0","_tax_status":"taxable","_tax_class":"","_manage_stock":"no","_backorders":"no","_sold_individually":"no","_weight":"1","_virtual":"no","_downloadable":"no","_download_limit":"-1","_download_expiry":"-1","_stock":"","_stock_status":"outofstock","_wc_average_rating":"0","_wc_review_count":"0","_product_version":"10.1.4","_price":"","shopengine_product_views_count":"2605","_thumbnail_id":"5234","_product_attributes":{"erscheinungsdatum":{"name":"Fecha de publicaci\u00f3n","value":"02.11.2020","position":0,"is_visible":1,"is_variation":0,"is_taxonomy":0,"checkout_visible":0}},"_nutrient_ids":[],"_upsell_ids":null,"pswc_subtitle":null,"_default_delivery_time":null,"_wp_desired_post_slug":null,"_isbn":null,"pageType":null,"isExternalUrl":null,"pageId":null,"externalUrl":null,"hideCookieBanner":null,"isTargetBlank":null,"isProviderCurrentWebsite":null,"isEmbeddingOnlyExternalResources":null,"legalBasis":null,"dataProcessingInCountries":null,"dataProcessingInCountriesSpecialTreatments":null,"technicalDefinitions":null,"googleConsentModeConsentTypes":null,"executePriority":null,"executeCodeOptInWhenNoTagManagerConsentIsGiven":null,"executeCodeOptOutWhenNoTagManagerConsentIsGiven":null,"deleteTechnicalDefinitionsAfterOptOut":null,"presetId":null,"presetVersion":null,"provider":null,"providerContactPhone":null,"providerContactEmail":null,"providerContactLink":null,"uniqueName":null,"providerPrivacyPolicyUrl":null,"providerLegalNoticeUrl":null,"codeOptIn":null,"codeOptOut":null,"codeOnPageLoad":null,"language_code":null,"shopengine_template__post_meta__type":null,"shopengine_template__post_meta":null,"shopengine_template__post_meta__edit_with":null,"origin":null,"_enabled":null,"_filters":null,"_layout":null,"_elementor_import_session_id":null,"_wp_trash_meta_status":null,"_wp_trash_meta_time":null,"_edit_lock":"1743234138:2","_elementor_floating_elements_type":null,"_elementor_edit_mode":null,"_elementor_template_type":null,"tc-thumb-fld":{"_thumb_id":5234,"_thumb_type":"thumb"},"_wp_page_template":"default","_elementor_version":null,"_elementor_pro_version":null,"_elementor_page_settings":null,"_elementor_data":null,"_elementor_conditions":null,"_elementor_popup_display_settings":null,"_edit_last":"2","_elementor_template_sub_type":null,"_elementor_controls_usage":null,"_elementor_screenshot":null,"_elementor_css":null,"_elementor_page_assets":[],"_elementor_element_cache":null,"_elementor_screenshot_failed":null,"_elementor_source":null,"_wp_old_date":null,"layout_key":"","post_slider_check_key":"0","_links":{"self":[{"href":"https:\/\/snoeck.de\/es\/wp-json\/wp\/v2\/product\/3819","targetHints":{"allow":["GET"]}}],"collection":[{"href":"https:\/\/snoeck.de\/es\/wp-json\/wp\/v2\/product"}],"about":[{"href":"https:\/\/snoeck.de\/es\/wp-json\/wp\/v2\/types\/product"}],"wp:featuredmedia":[{"embeddable":true,"href":"https:\/\/snoeck.de\/es\/wp-json\/wp\/v2\/media\/5234"}],"wp:attachment":[{"href":"https:\/\/snoeck.de\/es\/wp-json\/wp\/v2\/media?parent=3819"}],"wp:term":[{"taxonomy":"product_brand","embeddable":true,"href":"https:\/\/snoeck.de\/es\/wp-json\/wp\/v2\/product_brand?post=3819"},{"taxonomy":"product_cat","embeddable":true,"href":"https:\/\/snoeck.de\/es\/wp-json\/wp\/v2\/product_cat?post=3819"},{"taxonomy":"product_tag","embeddable":true,"href":"https:\/\/snoeck.de\/es\/wp-json\/wp\/v2\/product_tag?post=3819"}],"curies":[{"name":"wp","href":"https:\/\/api.w.org\/{rel}","templated":true}]}}