{"id":3820,"date":"2025-01-31T11:32:53","date_gmt":"2025-01-31T11:32:53","guid":{"rendered":"https:\/\/snoeck.process-vision.de\/shop\/remy-zaugg-der-besondere-ort\/"},"modified":"2025-04-01T09:33:45","modified_gmt":"2025-04-01T09:33:45","slug":"remy-zaugg-der-besondere-ort","status":"publish","type":"product","link":"https:\/\/snoeck.de\/es\/shop\/remy-zaugg-der-besondere-ort\/","title":{"rendered":"R\u00e9my Zaugg: Der besondere Ort \/ El lugar particular"},"content":{"rendered":"<h3>PERO YO \/ EL MUNDO \/ TE VEO<\/h3>\n<p>R\u00e9my Zaugg (1943-2005) fue un artista de relevancia internacional que vivi\u00f3 y trabaj\u00f3 en Basilea y Mulhouse. A su entender, era pintor, pero no se limitaba a la producci\u00f3n de cuadros. M\u00e1s bien, a partir de su pr\u00e1ctica pict\u00f3rica gener\u00f3 supuestos generales para una comprensi\u00f3n procesual de su obra, con la que se centr\u00f3 en contextos espaciales, arquitect\u00f3nicos y urbanos de una forma nueva e inusual. En consecuencia, el ser humano que percibe como miembro de la sociedad siempre estuvo en el centro de sus consideraciones: todos sus supuestos est\u00e9ticos conduc\u00edan a la idea emancipadora del sujeto \"en devenir\". Adem\u00e1s de su extensa obra pict\u00f3rica y escrita, sus actividades y proyectos para y en el espacio p\u00fablico son, por tanto, esenciales para comprender la especial posici\u00f3n art\u00edstica de R\u00e9my Zaugg. Este libro est\u00e1 dedicado a este conjunto de temas socialmente relevantes, documentando todos los proyectos realizados y no realizados del artista a este respecto y centr\u00e1ndose en particular en los siguientes aspectos clave de su obra: arquitectura de museos (especialmente su colaboraci\u00f3n con Herzog &amp; de Meuron), exposiciones con obras de otros artistas, arte en el espacio p\u00fablico y su preocupaci\u00f3n por la metodolog\u00eda art\u00edstica, la cooperaci\u00f3n y el concepto de la obra, combinando teor\u00eda y pr\u00e1ctica. El artista fue amigo de Herzog &amp; de Meuron y tambi\u00e9n trabaj\u00f3 con ellos en temas de urbanismo. Jacques Herzog concluye la entrevista informativa de Gerhard Mack a los dos arquitectos, refiri\u00e9ndose al espacio que ambos han adquirido a R\u00e9my Zaugg para su colecci\u00f3n de arte: \"Es sencillamente agradable que est\u00e9 cerca de nosotros y que siga estando presente cuando nosotros mismos ya no estemos. En este sentido, tambi\u00e9n es un homenaje: un lugar donde R\u00e9my est\u00e1 presente. Al mismo tiempo, la sala, con toda su compleja historia, tambi\u00e9n hace referencia a nosotros y es como una especie de llave de nuestro propio trabajo.\"<\/p>","protected":false},"excerpt":{"rendered":"<p>Para la Asociaci\u00f3n de Amigos de R\u00e9my Zaugg, editado por Eva Schmidt<br \/>\nTextos (alem\u00e1n\/ingl\u00e9s) de Simon Baur, Dorothea Braun y Conradin Weder, Mathilde de Croix, Corinne Diserens, Christoph Doswald, Roman Kurzmeyer, Gerhad Mack, Hans Rudolf Reust, Jean-Christoph Royoux, Hinrich Sachs, Eva Schmidt, Nicole Seeberger, conversaciones con Jacques Herzog y Pierre de Meuron por Gerhard Mack, con Adrian Schiess por Ulrich Loock, con Jean-Damien Colling por Franck Gautherot<br \/>\n480 p. con 420 ilustraciones en color.<br \/>\nFormato 29,5 x 23 cm, tapa blanda<\/p>","protected":false},"featured_media":5235,"template":"","meta":[],"product_brand":[],"product_cat":[86,83],"product_tag":[],"class_list":{"0":"post-3820","1":"product","2":"type-product","3":"status-publish","4":"has-post-thumbnail","6":"product_cat-86","7":"product_cat-z","9":"first","10":"instock","11":"taxable","12":"shipping-taxable","13":"purchasable","14":"product-type-simple"},"aioseo_notices":[],"_wp_attached_file":null,"_wp_attachment_metadata":null,"_wc_attachment_source":null,"_elementor_inline_svg":null,"_elementor_is_screenshot":null,"_elementor_source_image_hash":null,"_source_url":null,"_wp_attachment_context":null,"_menu_item_type":null,"_menu_item_menu_item_parent":null,"_menu_item_object_id":null,"_menu_item_object":null,"_menu_item_target":null,"_menu_item_classes":null,"_menu_item_xfn":null,"_menu_item_url":null,"__elementor_forms_snapshot":null,"_unit":"","_unit_base":"","_unit_product":"","_unit_price_auto":"no","_unit_price_regular":"","_unit_price":"","_unit_price_sale":"","_sale_price_label":"","_sale_price_regular_label":"","_manufacturer_slug":"","_mini_desc":"","_defect_description":"","_safety_instructions":"","_allergen_ids":[],"_warranty_attachment_id":"","_safety_attachment_ids":[],"_min_age":"","_ts_gtin":"","_ts_mpn":"","_delivery_time_countries":[],"_free_shipping":"no","_service":"no","_photovoltaic_system":"no","_used_good":"no","_defective_copy":"no","_wireless_electronic_device":"no","_device_contains_power_supply":"no","_device_charging_supports_usb_pd":"no","_device_charging_watt_min":"0","_device_charging_watt_max":"0","_is_food":"no","_differential_taxation":"no","_gzd_version":"3.18.7","_hs_code":"","_customs_description":"","_manufacture_country":"0","_is_non_returnable":"no","_shipping_length":"","_shipping_width":"","_shipping_height":"","_sku":"ISBN 978-3-86442-367-3","_global_unique_id":"978-3-86442-367-3","_regular_price":"78","total_sales":"0","_tax_status":"taxable","_tax_class":"","_manage_stock":"no","_backorders":"no","_sold_individually":"no","_weight":"2","_virtual":"no","_downloadable":"no","_download_limit":"-1","_download_expiry":"-1","_stock":"","_stock_status":"instock","_wc_average_rating":"0","_wc_review_count":"0","_product_version":"9.7.1","_price":"78","shopengine_product_views_count":"2669","_thumbnail_id":"5235","_product_attributes":{"erscheinungsdatum":{"name":"Fecha de publicaci\u00f3n","value":"03.11.2022","position":0,"is_visible":1,"is_variation":0,"is_taxonomy":0,"checkout_visible":0}},"_nutrient_ids":[],"_upsell_ids":null,"pswc_subtitle":null,"_default_delivery_time":null,"_wp_desired_post_slug":null,"_isbn":null,"pageType":null,"isExternalUrl":null,"pageId":null,"externalUrl":null,"hideCookieBanner":null,"isTargetBlank":null,"isProviderCurrentWebsite":null,"isEmbeddingOnlyExternalResources":null,"legalBasis":null,"dataProcessingInCountries":null,"dataProcessingInCountriesSpecialTreatments":null,"technicalDefinitions":null,"googleConsentModeConsentTypes":null,"executePriority":null,"executeCodeOptInWhenNoTagManagerConsentIsGiven":null,"executeCodeOptOutWhenNoTagManagerConsentIsGiven":null,"deleteTechnicalDefinitionsAfterOptOut":null,"presetId":null,"presetVersion":null,"provider":null,"providerContactPhone":null,"providerContactEmail":null,"providerContactLink":null,"uniqueName":null,"providerPrivacyPolicyUrl":null,"providerLegalNoticeUrl":null,"codeOptIn":null,"codeOptOut":null,"codeOnPageLoad":null,"language_code":null,"shopengine_template__post_meta__type":null,"shopengine_template__post_meta":null,"shopengine_template__post_meta__edit_with":null,"origin":null,"_enabled":null,"_filters":null,"_layout":null,"_elementor_import_session_id":null,"_wp_trash_meta_status":null,"_wp_trash_meta_time":null,"_edit_lock":"1743501609:1","_elementor_floating_elements_type":null,"_elementor_edit_mode":null,"_elementor_template_type":null,"tc-thumb-fld":{"_thumb_id":5235,"_thumb_type":"thumb"},"_wp_page_template":"default","_elementor_version":null,"_elementor_pro_version":null,"_elementor_page_settings":null,"_elementor_data":null,"_elementor_conditions":null,"_elementor_popup_display_settings":null,"_edit_last":"1","_elementor_template_sub_type":null,"_elementor_controls_usage":null,"_elementor_screenshot":null,"_elementor_css":null,"_elementor_page_assets":[],"_elementor_element_cache":null,"_elementor_screenshot_failed":null,"_elementor_source":null,"_wp_old_date":null,"layout_key":"","post_slider_check_key":"0","_links":{"self":[{"href":"https:\/\/snoeck.de\/es\/wp-json\/wp\/v2\/product\/3820","targetHints":{"allow":["GET"]}}],"collection":[{"href":"https:\/\/snoeck.de\/es\/wp-json\/wp\/v2\/product"}],"about":[{"href":"https:\/\/snoeck.de\/es\/wp-json\/wp\/v2\/types\/product"}],"wp:featuredmedia":[{"embeddable":true,"href":"https:\/\/snoeck.de\/es\/wp-json\/wp\/v2\/media\/5235"}],"wp:attachment":[{"href":"https:\/\/snoeck.de\/es\/wp-json\/wp\/v2\/media?parent=3820"}],"wp:term":[{"taxonomy":"product_brand","embeddable":true,"href":"https:\/\/snoeck.de\/es\/wp-json\/wp\/v2\/product_brand?post=3820"},{"taxonomy":"product_cat","embeddable":true,"href":"https:\/\/snoeck.de\/es\/wp-json\/wp\/v2\/product_cat?post=3820"},{"taxonomy":"product_tag","embeddable":true,"href":"https:\/\/snoeck.de\/es\/wp-json\/wp\/v2\/product_tag?post=3820"}],"curies":[{"name":"wp","href":"https:\/\/api.w.org\/{rel}","templated":true}]}}