{"id":3821,"date":"2025-01-31T11:32:54","date_gmt":"2025-01-31T11:32:54","guid":{"rendered":"https:\/\/snoeck.process-vision.de\/shop\/remy-zaugg-die-frage-der-wahrnehmung\/"},"modified":"2025-03-29T07:38:03","modified_gmt":"2025-03-29T07:38:03","slug":"remy-zaugg-die-frage-der-wahrnehmung","status":"publish","type":"product","link":"https:\/\/snoeck.de\/es\/shop\/remy-zaugg-die-frage-der-wahrnehmung\/","title":{"rendered":"R\u00e9my Zaugg: La cuesti\u00f3n de la percepci\u00f3n"},"content":{"rendered":"<h3>Obras clave \/ textos clave<\/h3>\n<p>La obra del artista suizo R\u00e9my Zaugg (1943-2005) siempre ha impresionado por su enfoque indisciplinar y su fundamento te\u00f3rico en la pr\u00e1ctica art\u00edstica, por lo que la pintura siempre ha seguido siendo el punto central para Zaugg. Su posici\u00f3n art\u00edstica sigue siendo tan singular porque, ante todo, plante\u00f3 la cuesti\u00f3n existencial de la percepci\u00f3n. Sin la percepci\u00f3n tanto del artista como del espectador y sin una confrontaci\u00f3n constante con sus condiciones siempre cambiantes, no puede haber obra art\u00edstica. S\u00f3lo puede estar orientada al proceso y rendirse a los fen\u00f3menos, por lo que no puede reducirse al objeto. Por ello, R\u00e9my Zaugg siempre ha considerado la pintura (desde los a\u00f1os sesenta) como una especie de investigaci\u00f3n b\u00e1sica para proyectos aplicados, ya sea en arquitectura o urbanismo. Sus textos sobre arquitectura de museos y exposiciones (de los a\u00f1os ochenta y noventa) pueden considerarse textos clave de la exploraci\u00f3n art\u00edstica, en los que se formulan con ret\u00f3rica sugerente intuiciones asombrosamente sencillas.<br \/>\nEl volumen retrospectivo que ahora se proyecta se publica con motivo del d\u00e9cimo aniversario de la muerte del artista, y actualmente no existe en el mercado ninguna publicaci\u00f3n sobre su obra pl\u00e1stica. Este libro tambi\u00e9n contiene una peque\u00f1a muestra de la inusual obra ensay\u00edstica del artista.<\/p>\n<p>Exposiciones:<br \/>\nMuseo de Arte Contempor\u00e1neo de Siegen, 1\/11\/2015 - 6\/3\/2016<br \/>\nMuseo Nacional Centro de Arte Reina Sof\u00eda Madrid, 7\/4 - 28\/8\/2016<\/p>","protected":false},"excerpt":{"rendered":"<p>Cat\u00e1logo de la exposici\u00f3n Museum f\u00fcr Gegenwartskunst Siegen \/ Museo Nacional Centro de Arte Reina Sof\u00eda Madrid, editado por Eva Schmidt y Javier Hontoria<br \/>\nTextos (alem\u00e1n) de Mathilde de Croix, Javier Hontoria, Eva Schmidt y textos de R\u00e9my Zaugg<br \/>\n240 p. con 295 ilustraciones en color<br \/>\nFormato 24 x 17 cm, folleto desplegable<\/p>","protected":false},"featured_media":5236,"template":"","meta":[],"product_brand":[],"product_cat":[102,83],"product_tag":[],"class_list":{"0":"post-3821","1":"product","2":"type-product","3":"status-publish","4":"has-post-thumbnail","6":"product_cat-102","7":"product_cat-z","9":"first","10":"instock","11":"taxable","12":"shipping-taxable","13":"purchasable","14":"product-type-simple"},"aioseo_notices":[],"_wp_attached_file":null,"_wp_attachment_metadata":null,"_wc_attachment_source":null,"_elementor_inline_svg":null,"_elementor_is_screenshot":null,"_elementor_source_image_hash":null,"_source_url":null,"_wp_attachment_context":null,"_menu_item_type":null,"_menu_item_menu_item_parent":null,"_menu_item_object_id":null,"_menu_item_object":null,"_menu_item_target":null,"_menu_item_classes":null,"_menu_item_xfn":null,"_menu_item_url":null,"__elementor_forms_snapshot":null,"_unit":"","_unit_base":"","_unit_product":"","_unit_price_auto":"no","_unit_price_regular":"","_unit_price":"","_unit_price_sale":"","_sale_price_label":"","_sale_price_regular_label":"","_manufacturer_slug":"","_mini_desc":"","_defect_description":"","_safety_instructions":"","_allergen_ids":[],"_warranty_attachment_id":"","_safety_attachment_ids":[],"_min_age":"","_ts_gtin":"","_ts_mpn":"","_delivery_time_countries":[],"_free_shipping":"no","_service":"no","_photovoltaic_system":"no","_used_good":"no","_defective_copy":"no","_wireless_electronic_device":"no","_device_contains_power_supply":"no","_device_charging_supports_usb_pd":"no","_device_charging_watt_min":"0","_device_charging_watt_max":"0","_is_food":"no","_differential_taxation":"no","_gzd_version":"3.18.7","_hs_code":"","_customs_description":"","_manufacture_country":"0","_is_non_returnable":"no","_shipping_length":"","_shipping_width":"","_shipping_height":"","_sku":"ISBN 978-3-86442-141-9","_global_unique_id":"978-3-86442-141-9","_regular_price":"39.8","total_sales":"0","_tax_status":"taxable","_tax_class":"","_manage_stock":"no","_backorders":"no","_sold_individually":"no","_weight":"1","_virtual":"no","_downloadable":"no","_download_limit":"-1","_download_expiry":"-1","_stock":"","_stock_status":"instock","_wc_average_rating":"0","_wc_review_count":"0","_product_version":"9.7.1","_price":"39.8","shopengine_product_views_count":"2452","_thumbnail_id":"5236","_product_attributes":{"erscheinungsdatum":{"name":"Fecha de publicaci\u00f3n","value":"30.01.2015","position":0,"is_visible":1,"is_variation":0,"is_taxonomy":0,"checkout_visible":0}},"_nutrient_ids":[],"_upsell_ids":null,"pswc_subtitle":null,"_default_delivery_time":null,"_wp_desired_post_slug":null,"_isbn":null,"pageType":null,"isExternalUrl":null,"pageId":null,"externalUrl":null,"hideCookieBanner":null,"isTargetBlank":null,"isProviderCurrentWebsite":null,"isEmbeddingOnlyExternalResources":null,"legalBasis":null,"dataProcessingInCountries":null,"dataProcessingInCountriesSpecialTreatments":null,"technicalDefinitions":null,"googleConsentModeConsentTypes":null,"executePriority":null,"executeCodeOptInWhenNoTagManagerConsentIsGiven":null,"executeCodeOptOutWhenNoTagManagerConsentIsGiven":null,"deleteTechnicalDefinitionsAfterOptOut":null,"presetId":null,"presetVersion":null,"provider":null,"providerContactPhone":null,"providerContactEmail":null,"providerContactLink":null,"uniqueName":null,"providerPrivacyPolicyUrl":null,"providerLegalNoticeUrl":null,"codeOptIn":null,"codeOptOut":null,"codeOnPageLoad":null,"language_code":null,"shopengine_template__post_meta__type":null,"shopengine_template__post_meta":null,"shopengine_template__post_meta__edit_with":null,"origin":null,"_enabled":null,"_filters":null,"_layout":null,"_elementor_import_session_id":null,"_wp_trash_meta_status":null,"_wp_trash_meta_time":null,"_edit_lock":"1743233745:2","_elementor_floating_elements_type":null,"_elementor_edit_mode":null,"_elementor_template_type":null,"tc-thumb-fld":{"_thumb_id":5236,"_thumb_type":"thumb"},"_wp_page_template":"default","_elementor_version":null,"_elementor_pro_version":null,"_elementor_page_settings":null,"_elementor_data":null,"_elementor_conditions":null,"_elementor_popup_display_settings":null,"_edit_last":"2","_elementor_template_sub_type":null,"_elementor_controls_usage":null,"_elementor_screenshot":null,"_elementor_css":null,"_elementor_page_assets":[],"_elementor_element_cache":null,"_elementor_screenshot_failed":null,"_elementor_source":null,"_wp_old_date":null,"layout_key":"","post_slider_check_key":"0","_links":{"self":[{"href":"https:\/\/snoeck.de\/es\/wp-json\/wp\/v2\/product\/3821","targetHints":{"allow":["GET"]}}],"collection":[{"href":"https:\/\/snoeck.de\/es\/wp-json\/wp\/v2\/product"}],"about":[{"href":"https:\/\/snoeck.de\/es\/wp-json\/wp\/v2\/types\/product"}],"wp:featuredmedia":[{"embeddable":true,"href":"https:\/\/snoeck.de\/es\/wp-json\/wp\/v2\/media\/5236"}],"wp:attachment":[{"href":"https:\/\/snoeck.de\/es\/wp-json\/wp\/v2\/media?parent=3821"}],"wp:term":[{"taxonomy":"product_brand","embeddable":true,"href":"https:\/\/snoeck.de\/es\/wp-json\/wp\/v2\/product_brand?post=3821"},{"taxonomy":"product_cat","embeddable":true,"href":"https:\/\/snoeck.de\/es\/wp-json\/wp\/v2\/product_cat?post=3821"},{"taxonomy":"product_tag","embeddable":true,"href":"https:\/\/snoeck.de\/es\/wp-json\/wp\/v2\/product_tag?post=3821"}],"curies":[{"name":"wp","href":"https:\/\/api.w.org\/{rel}","templated":true}]}}