{"id":3822,"date":"2025-01-31T11:32:55","date_gmt":"2025-01-31T11:32:55","guid":{"rendered":"https:\/\/snoeck.process-vision.de\/shop\/remy-zaugg-gesammelte-schriften\/"},"modified":"2025-03-29T07:32:09","modified_gmt":"2025-03-29T07:32:09","slug":"remy-zaugg-gesammelte-schriften","status":"publish","type":"product","link":"https:\/\/snoeck.de\/es\/shop\/remy-zaugg-gesammelte-schriften\/","title":{"rendered":"R\u00e9my Zaugg: colecci\u00f3n de escritos"},"content":{"rendered":"<h3>R\u00e9my Zaugg Pintor<\/h3>\n<p>R\u00e9my Zaugg (1943-2005), nacido en Courgenay, en el Jura suizo, vivi\u00f3 y trabaj\u00f3 en Basilea y Mulhouse. Como a \u00e9l mismo le gustaba subrayar, era ante todo pintor. Sin embargo, cuestiones fundamentales sobre la justificaci\u00f3n est\u00e9tica y \u00e9tica de la percepci\u00f3n -en relaci\u00f3n con los cuadros, m\u00e1s tarde museos y exposiciones, la arquitectura y la ciudad- le motivaron a escribir desde muy pronto. Su primer gran proyecto fue la traducci\u00f3n cartogr\u00e1fica de una reproducci\u00f3n de un cuadro de C\u00e9zanne, que emprendi\u00f3 siendo a\u00fan estudiante en la d\u00e9cada de 1960. Fue una forma inusual de traducir percepciones pict\u00f3ricas sin\u00f3pticas y observaciones moment\u00e1neas en conceptos y notaciones, y lo hizo en repetidos intentos. Le siguieron varias cooperaciones para proyectos y textos conjuntos con el etn\u00f3logo Jacques Hainard. Tras la gran exposici\u00f3n individual en el Kunstmuseum de Basilea en 1972, R\u00e9my Zaugg reconoci\u00f3 una gran incomprensi\u00f3n por parte del p\u00fablico. A continuaci\u00f3n se retir\u00f3 y comenz\u00f3 a trabajar en el extenso manuscrito in\u00e9dito de 500 p\u00e1ginas \"Du m\u00eame \u00e0 l'incertain\" (1972-76; vol. 2: \"Vom Selben zum Ungewissen\"), un apasionante examen de los supuestos impl\u00edcitos del grabado convencional y el objetivo de deconstruirlos; la publicaci\u00f3n \"Die List der Unschuld\", un exhaustivo an\u00e1lisis de las \"Seis cajas de acero\" de Donald Judd en el contexto del Kunstmuseum de Basilea, estuvo entonces estrechamente vinculada a este texto. Desde entonces, Zaugg ha reflexionado continuamente por escrito sobre sus propios proyectos pict\u00f3ricos, as\u00ed como sobre su actitud art\u00edstica y su pr\u00e1ctica laboral. En la d\u00e9cada de 1980, se a\u00f1adieron cuestiones sobre el arte en el espacio p\u00fablico y la arquitectura de museos; en la d\u00e9cada de 1990, diversas colaboraciones con los arquitectos Herzog &amp; de Meuron le ofrecieron la oportunidad de relacionarse con la arquitectura tanto por escrito como oralmente. Para ello, el compromiso de Zaugg con sus hom\u00f3logos siempre desempe\u00f1\u00f3 un papel esencial: ya fuera con las obras de otros artistas (C\u00e9zanne, Judd, Giacometti), en su trabajo de comisariado para el artista Balthasar Burkhard, en sus conversaciones con el escritor y dibujante Pierre Klossowski, el comisario Jean-Christophe Ammann y el coleccionista ginebrino Jean-Paul Jungo. La forma de las conversaciones, por ejemplo con Herzog &amp; de Meuron, jugaba con el cambio de papeles: Zaugg era entrevistado por ellos a la manera tradicional, pero buscaba el di\u00e1logo y el encuentro con las personas con las que tambi\u00e9n realizaba proyectos conjuntos. Adem\u00e1s, Zaugg eligi\u00f3 repetidamente la forma epistolar para situar sus reflexiones en situaciones comunicativas (a los directores de museo Edy de Wilde, Suzanne Pag\u00e9 o Dominique Bozo, al galerista Claes Nordenhake y otros). Sea cual sea la forma textual elegida por R\u00e9my Zaugg, las cuestiones de la pintura, su funci\u00f3n proped\u00e9utica en la configuraci\u00f3n del mundo -en busca de la existencia desprejuiciada del hombre- siguieron siendo su tema definitorio.<\/p>\n<p>Exposiciones:<br \/>\nMuseo de Arte Contempor\u00e1neo de Siegen, 1\/11\/2015-6\/3\/2016<br \/>\nMuseo Nacional Centro de Arte Reina Sof\u00eda, Madrid, 7\/4-28\/8\/2016<\/p>","protected":false},"excerpt":{"rendered":"<p>Textos, cartas, conferencias, conversaciones, editado por Eva Schmidt, Museum f\u00fcr Gegenwartskunst, Siegen<br \/>\n10 vol\u00famenes con un total de 3.344 p\u00e1ginas, 274 ilustraciones en color y 629 en blanco y negro.<br \/>\nCada volumen est\u00e1 explicado detalladamente por el editor; el volumen 10 contiene tambi\u00e9n una cronolog\u00eda completa de las obras, as\u00ed como un cat\u00e1logo completo de exposiciones y bibliograf\u00eda.<br \/>\nFormato 24 x 17 cm, 10 vol\u00famenes en folleto en caja robusta<\/p>","protected":false},"featured_media":5237,"template":"","meta":[],"product_brand":[],"product_cat":[108,83],"product_tag":[],"class_list":{"0":"post-3822","1":"product","2":"type-product","3":"status-publish","4":"has-post-thumbnail","6":"product_cat-108","7":"product_cat-z","9":"first","10":"instock","11":"taxable","12":"shipping-taxable","13":"purchasable","14":"product-type-simple"},"aioseo_notices":[],"_wp_attached_file":null,"_wp_attachment_metadata":null,"_wc_attachment_source":null,"_elementor_inline_svg":null,"_elementor_is_screenshot":null,"_elementor_source_image_hash":null,"_source_url":null,"_wp_attachment_context":null,"_menu_item_type":null,"_menu_item_menu_item_parent":null,"_menu_item_object_id":null,"_menu_item_object":null,"_menu_item_target":null,"_menu_item_classes":null,"_menu_item_xfn":null,"_menu_item_url":null,"__elementor_forms_snapshot":null,"_unit":"","_unit_base":"","_unit_product":"","_unit_price_auto":"no","_unit_price_regular":"","_unit_price":"","_unit_price_sale":"","_sale_price_label":"","_sale_price_regular_label":"","_manufacturer_slug":"","_mini_desc":"","_defect_description":"","_safety_instructions":"","_allergen_ids":[],"_warranty_attachment_id":"","_safety_attachment_ids":[],"_min_age":"","_ts_gtin":"","_ts_mpn":"","_delivery_time_countries":[],"_free_shipping":"no","_service":"no","_photovoltaic_system":"no","_used_good":"no","_defective_copy":"no","_wireless_electronic_device":"no","_device_contains_power_supply":"no","_device_charging_supports_usb_pd":"no","_device_charging_watt_min":"0","_device_charging_watt_max":"0","_is_food":"no","_differential_taxation":"no","_gzd_version":"3.18.7","_hs_code":"","_customs_description":"","_manufacture_country":"0","_is_non_returnable":"no","_shipping_length":"","_shipping_width":"","_shipping_height":"","_sku":"ISBN 978-3-86442-170-9","_global_unique_id":"978-3-86442-170-9","_regular_price":"148","total_sales":"0","_tax_status":"taxable","_tax_class":"","_manage_stock":"no","_backorders":"no","_sold_individually":"no","_weight":"4","_virtual":"no","_downloadable":"no","_download_limit":"-1","_download_expiry":"-1","_stock":"","_stock_status":"instock","_wc_average_rating":"0","_wc_review_count":"0","_product_version":"9.7.1","_price":"148","shopengine_product_views_count":"2818","_thumbnail_id":"5237","_product_attributes":{"erscheinungsdatum":{"name":"Fecha de publicaci\u00f3n","value":"15.09.2016","position":0,"is_visible":1,"is_variation":0,"is_taxonomy":0,"checkout_visible":0}},"_nutrient_ids":[],"_upsell_ids":null,"pswc_subtitle":null,"_default_delivery_time":null,"_wp_desired_post_slug":null,"_isbn":null,"pageType":null,"isExternalUrl":null,"pageId":null,"externalUrl":null,"hideCookieBanner":null,"isTargetBlank":null,"isProviderCurrentWebsite":null,"isEmbeddingOnlyExternalResources":null,"legalBasis":null,"dataProcessingInCountries":null,"dataProcessingInCountriesSpecialTreatments":null,"technicalDefinitions":null,"googleConsentModeConsentTypes":null,"executePriority":null,"executeCodeOptInWhenNoTagManagerConsentIsGiven":null,"executeCodeOptOutWhenNoTagManagerConsentIsGiven":null,"deleteTechnicalDefinitionsAfterOptOut":null,"presetId":null,"presetVersion":null,"provider":null,"providerContactPhone":null,"providerContactEmail":null,"providerContactLink":null,"uniqueName":null,"providerPrivacyPolicyUrl":null,"providerLegalNoticeUrl":null,"codeOptIn":null,"codeOptOut":null,"codeOnPageLoad":null,"language_code":null,"shopengine_template__post_meta__type":null,"shopengine_template__post_meta":null,"shopengine_template__post_meta__edit_with":null,"origin":null,"_enabled":null,"_filters":null,"_layout":null,"_elementor_import_session_id":null,"_wp_trash_meta_status":null,"_wp_trash_meta_time":null,"_edit_lock":"1743233393:2","_elementor_floating_elements_type":null,"_elementor_edit_mode":null,"_elementor_template_type":null,"tc-thumb-fld":{"_thumb_id":5237,"_thumb_type":"thumb"},"_wp_page_template":"default","_elementor_version":null,"_elementor_pro_version":null,"_elementor_page_settings":null,"_elementor_data":null,"_elementor_conditions":null,"_elementor_popup_display_settings":null,"_edit_last":"2","_elementor_template_sub_type":null,"_elementor_controls_usage":null,"_elementor_screenshot":null,"_elementor_css":null,"_elementor_page_assets":[],"_elementor_element_cache":null,"_elementor_screenshot_failed":null,"_elementor_source":null,"_wp_old_date":null,"layout_key":"","post_slider_check_key":"0","_links":{"self":[{"href":"https:\/\/snoeck.de\/es\/wp-json\/wp\/v2\/product\/3822","targetHints":{"allow":["GET"]}}],"collection":[{"href":"https:\/\/snoeck.de\/es\/wp-json\/wp\/v2\/product"}],"about":[{"href":"https:\/\/snoeck.de\/es\/wp-json\/wp\/v2\/types\/product"}],"wp:featuredmedia":[{"embeddable":true,"href":"https:\/\/snoeck.de\/es\/wp-json\/wp\/v2\/media\/5237"}],"wp:attachment":[{"href":"https:\/\/snoeck.de\/es\/wp-json\/wp\/v2\/media?parent=3822"}],"wp:term":[{"taxonomy":"product_brand","embeddable":true,"href":"https:\/\/snoeck.de\/es\/wp-json\/wp\/v2\/product_brand?post=3822"},{"taxonomy":"product_cat","embeddable":true,"href":"https:\/\/snoeck.de\/es\/wp-json\/wp\/v2\/product_cat?post=3822"},{"taxonomy":"product_tag","embeddable":true,"href":"https:\/\/snoeck.de\/es\/wp-json\/wp\/v2\/product_tag?post=3822"}],"curies":[{"name":"wp","href":"https:\/\/api.w.org\/{rel}","templated":true}]}}