{"id":3827,"date":"2025-01-31T11:32:58","date_gmt":"2025-01-31T11:32:58","guid":{"rendered":"https:\/\/snoeck.process-vision.de\/shop\/ralf-ziervogel-as-if\/"},"modified":"2025-03-30T13:54:33","modified_gmt":"2025-03-30T13:54:33","slug":"ralf-ziervogel-as-if","status":"publish","type":"product","link":"https:\/\/snoeck.de\/es\/shop\/ralf-ziervogel-as-if\/","title":{"rendered":"Ralf Ziervogel: Como si"},"content":{"rendered":"<h3>COMO SI<\/h3>\n<p>Los sensacionales motivos de Ralf Ziervogel (*1975) recorren longitudes de papel de hasta diez metros: sin ning\u00fan dibujo previo, crea dibujos a tinta que muestran figuras del tama\u00f1o de la palma de la mano en situaciones f\u00edsicas extremas: est\u00e1n atadas, entrelazadas y anudadas. Los delicados y complejos dibujos est\u00e1n dedicados principalmente a cuerpos humanos que se hunden en la monocrom\u00eda o se funden en tejidos ornamentales. En la obra de Ralf Ziervogel, los cuerpos humanos se convierten en seres h\u00edbridos y febriles que sufren todas las metamorfosis imaginables del ser, superando los l\u00edmites de la existencia f\u00edsica. Desde 2014, ha estado trabajando en un ciclo de impresi\u00f3n en el que utiliza una t\u00e9cnica de gouache negro para dar forma a impresiones fragmentarias en hojas de papel de hasta cinco metros de tama\u00f1o y crear cuerpos din\u00e1micos completamente nuevos. Cada movimiento, cada presi\u00f3n y difuminado sobre el papel va acompa\u00f1ado de sus propios textos manuscritos, que extiende sobre las impresiones negras como una gran tela de ara\u00f1a, creando as\u00ed un segundo nivel. Sus nuevas obras parecen m\u00e1s abstractas que las sensacionales obras con las que caus\u00f3 furor hace 10 a\u00f1os; tambi\u00e9n parecen dirigirse hacia un lenguaje formal minimalista, a trav\u00e9s del cual el artista formula un par de opuestos que no estaba en los inicios de su obra: Movimiento y quietud. Ralf Ziervogel, cuya obra se ha expuesto con gran \u00e9xito en la Bienal de Arte y Arquitectura de Venecia, la Kunsthalle Wien, el Museo de Arte Moderno de Nueva York y el Museo de Arte Moderno de Fort Worth\/Texas, la Kunsthalle D\u00fcsseldorf, la Fundaci\u00f3n Deste de Atenas, la maison rouge de Par\u00eds y la Pinakothek der Moderne de M\u00fanich, se presenta ahora en tres plantas con m\u00e1s de 200 obras de la Deichtorhallen Hamburg en la Colecci\u00f3n Falckenberg de Hamburgo-Harburgo. El libro puede describirse como la presentaci\u00f3n m\u00e1s completa hasta la fecha de la obra de este genial dibujante.<\/p>\n<p>Exposici\u00f3n:<br \/>\nDeichtorhallen Hamburg \/ Colecci\u00f3n Falckenberg Hamburgo-Harburgo, 29\/9\/2018 - 27\/1\/2019<br \/>\n(prorrogado hasta el 17 de marzo de 2019)<\/p>","protected":false},"excerpt":{"rendered":"<p>Cat\u00e1logo de la exposici\u00f3n Deichtorhallen Hamburg \/ Colecci\u00f3n Falckenberg, editado por Dirk Luckow<br \/>\nTextos (alem\u00e1n\/ingl\u00e9s) de Ren\u00e9 Dorn, Harald Falckenberg, Dirk Luckow y textos del artista<br \/>\n184 p. con 140 ilustraciones en color<br \/>\nFormato 32,5 x 26,5 cm, tapa dura<\/p>","protected":false},"featured_media":5242,"template":"","meta":[],"product_brand":[],"product_cat":[111,83],"product_tag":[],"class_list":{"0":"post-3827","1":"product","2":"type-product","3":"status-publish","4":"has-post-thumbnail","6":"product_cat-111","7":"product_cat-z","9":"first","10":"instock","11":"taxable","12":"shipping-taxable","13":"purchasable","14":"product-type-simple"},"aioseo_notices":[],"_wp_attached_file":null,"_wp_attachment_metadata":null,"_wc_attachment_source":null,"_elementor_inline_svg":null,"_elementor_is_screenshot":null,"_elementor_source_image_hash":null,"_source_url":null,"_wp_attachment_context":null,"_menu_item_type":null,"_menu_item_menu_item_parent":null,"_menu_item_object_id":null,"_menu_item_object":null,"_menu_item_target":null,"_menu_item_classes":null,"_menu_item_xfn":null,"_menu_item_url":null,"__elementor_forms_snapshot":null,"_unit":"","_unit_base":"","_unit_product":"","_unit_price_auto":"no","_unit_price_regular":"","_unit_price":"","_unit_price_sale":"","_sale_price_label":"","_sale_price_regular_label":"","_manufacturer_slug":"","_mini_desc":"","_defect_description":"","_safety_instructions":"","_allergen_ids":[],"_warranty_attachment_id":"","_safety_attachment_ids":[],"_min_age":"","_ts_gtin":"","_ts_mpn":"","_delivery_time_countries":[],"_free_shipping":"no","_service":"no","_photovoltaic_system":"no","_used_good":"no","_defective_copy":"no","_wireless_electronic_device":"no","_device_contains_power_supply":"no","_device_charging_supports_usb_pd":"no","_device_charging_watt_min":"0","_device_charging_watt_max":"0","_is_food":"no","_differential_taxation":"no","_gzd_version":"3.18.7","_hs_code":"","_customs_description":"","_manufacture_country":"0","_is_non_returnable":"no","_shipping_length":"","_shipping_width":"","_shipping_height":"","_sku":"ISBN 978-3-86442-254-6","_global_unique_id":"978-3-86442-254-6","_regular_price":"48","total_sales":"0","_tax_status":"taxable","_tax_class":"","_manage_stock":"no","_backorders":"no","_sold_individually":"no","_weight":"2","_virtual":"no","_downloadable":"no","_download_limit":"-1","_download_expiry":"-1","_stock":"","_stock_status":"instock","_wc_average_rating":"0","_wc_review_count":"0","_product_version":"9.7.1","_price":"48","shopengine_product_views_count":"2811","_thumbnail_id":"5242","_product_attributes":{"erscheinungsdatum":{"name":"Fecha de publicaci\u00f3n","value":"27.09.2018","position":0,"is_visible":1,"is_variation":0,"is_taxonomy":0,"checkout_visible":0}},"_nutrient_ids":[],"_upsell_ids":null,"pswc_subtitle":null,"_default_delivery_time":null,"_wp_desired_post_slug":null,"_isbn":null,"pageType":null,"isExternalUrl":null,"pageId":null,"externalUrl":null,"hideCookieBanner":null,"isTargetBlank":null,"isProviderCurrentWebsite":null,"isEmbeddingOnlyExternalResources":null,"legalBasis":null,"dataProcessingInCountries":null,"dataProcessingInCountriesSpecialTreatments":null,"technicalDefinitions":null,"googleConsentModeConsentTypes":null,"executePriority":null,"executeCodeOptInWhenNoTagManagerConsentIsGiven":null,"executeCodeOptOutWhenNoTagManagerConsentIsGiven":null,"deleteTechnicalDefinitionsAfterOptOut":null,"presetId":null,"presetVersion":null,"provider":null,"providerContactPhone":null,"providerContactEmail":null,"providerContactLink":null,"uniqueName":null,"providerPrivacyPolicyUrl":null,"providerLegalNoticeUrl":null,"codeOptIn":null,"codeOptOut":null,"codeOnPageLoad":null,"language_code":null,"shopengine_template__post_meta__type":null,"shopengine_template__post_meta":null,"shopengine_template__post_meta__edit_with":null,"origin":null,"_enabled":null,"_filters":null,"_layout":null,"_elementor_import_session_id":null,"_wp_trash_meta_status":null,"_wp_trash_meta_time":null,"_edit_lock":"1743342734:2","_elementor_floating_elements_type":null,"_elementor_edit_mode":null,"_elementor_template_type":null,"tc-thumb-fld":{"_thumb_id":5242,"_thumb_type":"thumb"},"_wp_page_template":"default","_elementor_version":null,"_elementor_pro_version":null,"_elementor_page_settings":null,"_elementor_data":null,"_elementor_conditions":null,"_elementor_popup_display_settings":null,"_edit_last":"2","_elementor_template_sub_type":null,"_elementor_controls_usage":null,"_elementor_screenshot":null,"_elementor_css":null,"_elementor_page_assets":[],"_elementor_element_cache":null,"_elementor_screenshot_failed":null,"_elementor_source":null,"_wp_old_date":null,"layout_key":"","post_slider_check_key":"0","_links":{"self":[{"href":"https:\/\/snoeck.de\/es\/wp-json\/wp\/v2\/product\/3827","targetHints":{"allow":["GET"]}}],"collection":[{"href":"https:\/\/snoeck.de\/es\/wp-json\/wp\/v2\/product"}],"about":[{"href":"https:\/\/snoeck.de\/es\/wp-json\/wp\/v2\/types\/product"}],"wp:featuredmedia":[{"embeddable":true,"href":"https:\/\/snoeck.de\/es\/wp-json\/wp\/v2\/media\/5242"}],"wp:attachment":[{"href":"https:\/\/snoeck.de\/es\/wp-json\/wp\/v2\/media?parent=3827"}],"wp:term":[{"taxonomy":"product_brand","embeddable":true,"href":"https:\/\/snoeck.de\/es\/wp-json\/wp\/v2\/product_brand?post=3827"},{"taxonomy":"product_cat","embeddable":true,"href":"https:\/\/snoeck.de\/es\/wp-json\/wp\/v2\/product_cat?post=3827"},{"taxonomy":"product_tag","embeddable":true,"href":"https:\/\/snoeck.de\/es\/wp-json\/wp\/v2\/product_tag?post=3827"}],"curies":[{"name":"wp","href":"https:\/\/api.w.org\/{rel}","templated":true}]}}