{"id":3828,"date":"2025-01-31T11:32:58","date_gmt":"2025-01-31T11:32:58","guid":{"rendered":"https:\/\/snoeck.process-vision.de\/shop\/ralf-ziervogel-immobilie\/"},"modified":"2025-03-29T07:13:10","modified_gmt":"2025-03-29T07:13:10","slug":"ralf-ziervogel-immobilie","status":"publish","type":"product","link":"https:\/\/snoeck.de\/es\/shop\/ralf-ziervogel-immobilie\/","title":{"rendered":"Ralf Ziervogel: Inmobiliario"},"content":{"rendered":"<h3>El gran desastre<\/h3>\n<p>Ahora se anuncia una obra de cierta importancia: Ralf Ziervogel, nacido en Clausthal-Zellerfeld en 1975, alumno de m\u00e1ster de Lothar Baumgarten en Berl\u00edn, obtuvo varias becas (2003 y 2005 en Nueva York), as\u00ed como la beca Karl Schmidt-Rottluff en 2006. Expone regularmente en galer\u00edas desde 2001 y ha participado en varias exposiciones colectivas internacionales. Ya est\u00e1 representado con obras en las colecciones del MoMA, la Fundaci\u00f3n Deste Dakis Joannou de Atenas, la Colecci\u00f3n Olbricht de Essen y la Colecci\u00f3n Falckenberg de Hamburgo-Harburgo. Su obra gr\u00e1fica m\u00e1s espectacular, titulada \"Real Estate\" de 2004, es ahora tambi\u00e9n la base de las xerograf\u00edas de este libro ins\u00f3lito, que se tomaron directamente del dibujo original de 6,65 x 3,50 metros en tinta negra y luego se xerografiaron siguiendo las instrucciones del artista. Si se observan de cerca, se aprecia inmediatamente la magnitud del tormento infernal que impregna estas representaciones. Una vez que el espectador se ha recuperado de la conmoci\u00f3n inicial, su mirada recorre r\u00e1pidamente las p\u00e1ginas sobre las que se extiende, hoja a hoja, esta serie interminable. Sin embargo, en estos dibujos t\u00e9cnicamente extraordinarios y brillantes, no estamos ante una gran narraci\u00f3n, sino ante la representaci\u00f3n de una serie infinita que retoma el tema de Eros y T\u00e1natos, pero que tambi\u00e9n sugiere los temas y los dise\u00f1os de varios modelos, ya sean Aubrey Beardsley o Hieronymus Bosch, Egon Schiele o Robert Crumb. Ralf Ziervogel los recoge tanto visual como t\u00e9cnicamente para hacerlos aparecer en su cosmos c\u00f3mico y disparatado, arrancando miembros, copulando o destruyendo el brazo del tocadiscos. Sus representaciones atraen la mirada y el espectador intenta siempre en vano encontrar la resoluci\u00f3n a este gran desastre, a esta comedie humaine.<\/p>","protected":false},"excerpt":{"rendered":"<p>Con dedicatoria de Ralf Ziervogel<br \/>\n1064 p. con 511 dibujos lineales en blanco y negro de secciones de cuadros individuales<br \/>\nFormato 20 x 20 cm, folleto con una impresi\u00f3n en offset en blanco y negro del motivo completo, firmada y suelta.<\/p>","protected":false},"featured_media":5243,"template":"","meta":[],"product_brand":[],"product_cat":[109,90,83],"product_tag":[],"class_list":{"0":"post-3828","1":"product","2":"type-product","3":"status-publish","4":"has-post-thumbnail","6":"product_cat-109","7":"product_cat-rare-books","8":"product_cat-z","10":"first","11":"instock","12":"taxable","13":"shipping-taxable","14":"purchasable","15":"product-type-simple"},"aioseo_notices":[],"_wp_attached_file":null,"_wp_attachment_metadata":null,"_wc_attachment_source":null,"_elementor_inline_svg":null,"_elementor_is_screenshot":null,"_elementor_source_image_hash":null,"_source_url":null,"_wp_attachment_context":null,"_menu_item_type":null,"_menu_item_menu_item_parent":null,"_menu_item_object_id":null,"_menu_item_object":null,"_menu_item_target":null,"_menu_item_classes":null,"_menu_item_xfn":null,"_menu_item_url":null,"__elementor_forms_snapshot":null,"_unit":"","_unit_base":"","_unit_product":"","_unit_price_auto":"no","_unit_price_regular":"","_unit_price":"","_unit_price_sale":"","_sale_price_label":"","_sale_price_regular_label":"","_manufacturer_slug":"","_mini_desc":"","_defect_description":"","_safety_instructions":"","_allergen_ids":[],"_warranty_attachment_id":"","_safety_attachment_ids":[],"_min_age":"","_ts_gtin":"","_ts_mpn":"","_delivery_time_countries":[],"_free_shipping":"no","_service":"no","_photovoltaic_system":"no","_used_good":"no","_defective_copy":"no","_wireless_electronic_device":"no","_device_contains_power_supply":"no","_device_charging_supports_usb_pd":"no","_device_charging_watt_min":"0","_device_charging_watt_max":"0","_is_food":"no","_differential_taxation":"no","_gzd_version":"3.18.7","_hs_code":"","_customs_description":"","_manufacture_country":"0","_is_non_returnable":"no","_shipping_length":"","_shipping_width":"","_shipping_height":"","_sku":"ISBN 978-3-936859-57-7","_global_unique_id":"978-3-936859-57-7","_regular_price":"148","total_sales":"0","_tax_status":"taxable","_tax_class":"","_manage_stock":"no","_backorders":"no","_sold_individually":"no","_weight":"2","_virtual":"no","_downloadable":"no","_download_limit":"-1","_download_expiry":"-1","_stock":"","_stock_status":"instock","_wc_average_rating":"0","_wc_review_count":"0","_product_version":"9.7.1","_price":"148","shopengine_product_views_count":"2578","_thumbnail_id":"5243","_product_attributes":{"erscheinungsdatum":{"name":"Fecha de publicaci\u00f3n","value":"01.11.2006","position":0,"is_visible":1,"is_variation":0,"is_taxonomy":0,"checkout_visible":0}},"_nutrient_ids":[],"_upsell_ids":null,"pswc_subtitle":null,"_default_delivery_time":"","_wp_desired_post_slug":null,"_isbn":null,"pageType":null,"isExternalUrl":null,"pageId":null,"externalUrl":null,"hideCookieBanner":null,"isTargetBlank":null,"isProviderCurrentWebsite":null,"isEmbeddingOnlyExternalResources":null,"legalBasis":null,"dataProcessingInCountries":null,"dataProcessingInCountriesSpecialTreatments":null,"technicalDefinitions":null,"googleConsentModeConsentTypes":null,"executePriority":null,"executeCodeOptInWhenNoTagManagerConsentIsGiven":null,"executeCodeOptOutWhenNoTagManagerConsentIsGiven":null,"deleteTechnicalDefinitionsAfterOptOut":null,"presetId":null,"presetVersion":null,"provider":null,"providerContactPhone":null,"providerContactEmail":null,"providerContactLink":null,"uniqueName":null,"providerPrivacyPolicyUrl":null,"providerLegalNoticeUrl":null,"codeOptIn":null,"codeOptOut":null,"codeOnPageLoad":null,"language_code":null,"shopengine_template__post_meta__type":null,"shopengine_template__post_meta":null,"shopengine_template__post_meta__edit_with":null,"origin":null,"_enabled":null,"_filters":null,"_layout":null,"_elementor_import_session_id":null,"_wp_trash_meta_status":null,"_wp_trash_meta_time":null,"_edit_lock":"1743232304:2","_elementor_floating_elements_type":null,"_elementor_edit_mode":null,"_elementor_template_type":null,"tc-thumb-fld":{"_thumb_id":5243,"_thumb_type":"thumb"},"_wp_page_template":"default","_elementor_version":null,"_elementor_pro_version":null,"_elementor_page_settings":null,"_elementor_data":null,"_elementor_conditions":null,"_elementor_popup_display_settings":null,"_edit_last":"2","_elementor_template_sub_type":null,"_elementor_controls_usage":null,"_elementor_screenshot":null,"_elementor_css":null,"_elementor_page_assets":[],"_elementor_element_cache":null,"_elementor_screenshot_failed":null,"_elementor_source":null,"_wp_old_date":null,"layout_key":"","post_slider_check_key":"0","_links":{"self":[{"href":"https:\/\/snoeck.de\/es\/wp-json\/wp\/v2\/product\/3828","targetHints":{"allow":["GET"]}}],"collection":[{"href":"https:\/\/snoeck.de\/es\/wp-json\/wp\/v2\/product"}],"about":[{"href":"https:\/\/snoeck.de\/es\/wp-json\/wp\/v2\/types\/product"}],"wp:featuredmedia":[{"embeddable":true,"href":"https:\/\/snoeck.de\/es\/wp-json\/wp\/v2\/media\/5243"}],"wp:attachment":[{"href":"https:\/\/snoeck.de\/es\/wp-json\/wp\/v2\/media?parent=3828"}],"wp:term":[{"taxonomy":"product_brand","embeddable":true,"href":"https:\/\/snoeck.de\/es\/wp-json\/wp\/v2\/product_brand?post=3828"},{"taxonomy":"product_cat","embeddable":true,"href":"https:\/\/snoeck.de\/es\/wp-json\/wp\/v2\/product_cat?post=3828"},{"taxonomy":"product_tag","embeddable":true,"href":"https:\/\/snoeck.de\/es\/wp-json\/wp\/v2\/product_tag?post=3828"}],"curies":[{"name":"wp","href":"https:\/\/api.w.org\/{rel}","templated":true}]}}