{"id":3829,"date":"2025-01-31T11:32:59","date_gmt":"2025-01-31T11:32:59","guid":{"rendered":"https:\/\/snoeck.process-vision.de\/shop\/peter-zimmermann-swipe\/"},"modified":"2025-04-02T13:31:04","modified_gmt":"2025-04-02T13:31:04","slug":"peter-zimmermann-swipe","status":"publish","type":"product","link":"https:\/\/snoeck.de\/es\/shop\/peter-zimmermann-swipe\/","title":{"rendered":"Peter Zimmermann: Pasar el dedo"},"content":{"rendered":"<h3>Pocas veces un estudio de las fuentes ha sido tan divertido<\/h3>\n<p>La obra de Peter Zimmermann es variada. A finales de la d\u00e9cada de 1980, dominaron las denominadas pinturas de cubiertas de libros: el artista de Colonia pint\u00f3 t\u00edtulos de atlas, libros de arte, gu\u00edas de viaje y diccionarios con epoxi sobre lienzo. Luego, en sus objetos de cart\u00f3n, trabaj\u00f3 con distorsiones espaciales de texto e imagen, tematizando los bucles y sus interacciones. A esto le sigui\u00f3 la exitosa serie de lienzos coloridos y brillantes con pintura de formas abstractas puras, en los que el artista primero alienaba plantillas digitales, fotos, fotogramas de pel\u00edculas o diagramas mediante algoritmos gr\u00e1ficos y luego los aplicaba en numerosas capas transparentes de resina epoxi. Desde 2014, fiel a este enfoque, Peter Zimmermann ha vuelto cada vez m\u00e1s a la pintura al \u00f3leo y ha creado mares ondulantes llenos de tent\u00e1culos ba\u00f1ados en colores vibrantes. Para el nuevo volumen 2023 de Kienbaum Artists' Books titulado \"swipe\", el artista ha rebuscado ahora en su colecci\u00f3n y ha condensado tanto sus fuentes como sus obras en un popurr\u00ed salvaje. Las analog\u00edas que surgen son indicios de un profundo examen de la relaci\u00f3n entre original e imagen y del concepto de superficie. Pocas veces, sin embargo, un estudio autodid\u00e1ctico de las fuentes ha sido tan divertido.<\/p>","protected":false},"excerpt":{"rendered":"<p>Kienbaum Artists' Books 2023, editado por Jochen y Laura Kienbaum<br \/>\n112 p. con 140 ilustraciones en color<br \/>\nFormato 29 x 20 cm, tapa dura<\/p>","protected":false},"featured_media":5244,"template":"","meta":[],"product_brand":[],"product_cat":[87,68,83],"product_tag":[],"class_list":{"0":"post-3829","1":"product","2":"type-product","3":"status-publish","4":"has-post-thumbnail","6":"product_cat-87","7":"product_cat-k","8":"product_cat-z","10":"first","11":"instock","12":"taxable","13":"shipping-taxable","14":"purchasable","15":"product-type-simple"},"aioseo_notices":[],"_wp_attached_file":null,"_wp_attachment_metadata":null,"_wc_attachment_source":null,"_elementor_inline_svg":null,"_elementor_is_screenshot":null,"_elementor_source_image_hash":null,"_source_url":null,"_wp_attachment_context":null,"_menu_item_type":null,"_menu_item_menu_item_parent":null,"_menu_item_object_id":null,"_menu_item_object":null,"_menu_item_target":null,"_menu_item_classes":null,"_menu_item_xfn":null,"_menu_item_url":null,"__elementor_forms_snapshot":null,"_unit":"","_unit_base":"","_unit_product":"","_unit_price_auto":"no","_unit_price_regular":"","_unit_price":"","_unit_price_sale":"","_sale_price_label":"","_sale_price_regular_label":"","_manufacturer_slug":"","_mini_desc":"","_defect_description":"","_safety_instructions":"","_allergen_ids":[],"_warranty_attachment_id":"","_safety_attachment_ids":[],"_min_age":"","_ts_gtin":"","_ts_mpn":"","_delivery_time_countries":[],"_free_shipping":"no","_service":"no","_photovoltaic_system":"no","_used_good":"no","_defective_copy":"no","_wireless_electronic_device":"no","_device_contains_power_supply":"no","_device_charging_supports_usb_pd":"no","_device_charging_watt_min":"0","_device_charging_watt_max":"0","_is_food":"no","_differential_taxation":"no","_gzd_version":"3.18.7","_hs_code":"","_customs_description":"","_manufacture_country":"0","_is_non_returnable":"no","_shipping_length":"","_shipping_width":"","_shipping_height":"","_sku":"ISBN 978-3-86442-410-6","_global_unique_id":"978-3-86442-410-6","_regular_price":"39.8","total_sales":"0","_tax_status":"taxable","_tax_class":"","_manage_stock":"no","_backorders":"no","_sold_individually":"no","_weight":"1","_virtual":"no","_downloadable":"no","_download_limit":"-1","_download_expiry":"-1","_stock":"","_stock_status":"instock","_wc_average_rating":"0","_wc_review_count":"0","_product_version":"9.7.1","_price":"39.8","shopengine_product_views_count":"2618","_thumbnail_id":"5244","_product_attributes":{"erscheinungsdatum":{"name":"Erscheinungsdatum","value":"01.02.2023","position":0,"is_visible":1,"is_variation":0,"is_taxonomy":0,"checkout_visible":0}},"_nutrient_ids":[],"_upsell_ids":null,"pswc_subtitle":null,"_default_delivery_time":null,"_wp_desired_post_slug":null,"_isbn":null,"pageType":null,"isExternalUrl":null,"pageId":null,"externalUrl":null,"hideCookieBanner":null,"isTargetBlank":null,"isProviderCurrentWebsite":null,"isEmbeddingOnlyExternalResources":null,"legalBasis":null,"dataProcessingInCountries":null,"dataProcessingInCountriesSpecialTreatments":null,"technicalDefinitions":null,"googleConsentModeConsentTypes":null,"executePriority":null,"executeCodeOptInWhenNoTagManagerConsentIsGiven":null,"executeCodeOptOutWhenNoTagManagerConsentIsGiven":null,"deleteTechnicalDefinitionsAfterOptOut":null,"presetId":null,"presetVersion":null,"provider":null,"providerContactPhone":null,"providerContactEmail":null,"providerContactLink":null,"uniqueName":null,"providerPrivacyPolicyUrl":null,"providerLegalNoticeUrl":null,"codeOptIn":null,"codeOptOut":null,"codeOnPageLoad":null,"language_code":null,"shopengine_template__post_meta__type":null,"shopengine_template__post_meta":null,"shopengine_template__post_meta__edit_with":null,"origin":null,"_enabled":null,"_filters":null,"_layout":null,"_elementor_import_session_id":null,"_wp_trash_meta_status":null,"_wp_trash_meta_time":null,"_edit_lock":"1743600525:2","_elementor_floating_elements_type":null,"_elementor_edit_mode":null,"_elementor_template_type":null,"tc-thumb-fld":{"_thumb_id":5244,"_thumb_type":"thumb"},"_wp_page_template":"default","_elementor_version":null,"_elementor_pro_version":null,"_elementor_page_settings":null,"_elementor_data":null,"_elementor_conditions":null,"_elementor_popup_display_settings":null,"_edit_last":"2","_elementor_template_sub_type":null,"_elementor_controls_usage":null,"_elementor_screenshot":null,"_elementor_css":null,"_elementor_page_assets":[],"_elementor_element_cache":null,"_elementor_screenshot_failed":null,"_elementor_source":null,"_wp_old_date":null,"layout_key":"","post_slider_check_key":"0","_links":{"self":[{"href":"https:\/\/snoeck.de\/es\/wp-json\/wp\/v2\/product\/3829","targetHints":{"allow":["GET"]}}],"collection":[{"href":"https:\/\/snoeck.de\/es\/wp-json\/wp\/v2\/product"}],"about":[{"href":"https:\/\/snoeck.de\/es\/wp-json\/wp\/v2\/types\/product"}],"wp:featuredmedia":[{"embeddable":true,"href":"https:\/\/snoeck.de\/es\/wp-json\/wp\/v2\/media\/5244"}],"wp:attachment":[{"href":"https:\/\/snoeck.de\/es\/wp-json\/wp\/v2\/media?parent=3829"}],"wp:term":[{"taxonomy":"product_brand","embeddable":true,"href":"https:\/\/snoeck.de\/es\/wp-json\/wp\/v2\/product_brand?post=3829"},{"taxonomy":"product_cat","embeddable":true,"href":"https:\/\/snoeck.de\/es\/wp-json\/wp\/v2\/product_cat?post=3829"},{"taxonomy":"product_tag","embeddable":true,"href":"https:\/\/snoeck.de\/es\/wp-json\/wp\/v2\/product_tag?post=3829"}],"curies":[{"name":"wp","href":"https:\/\/api.w.org\/{rel}","templated":true}]}}