{"id":3830,"date":"2025-01-31T11:32:59","date_gmt":"2025-01-31T11:32:59","guid":{"rendered":"https:\/\/snoeck.process-vision.de\/shop\/beat-zoderer-um-5-ecken-herum\/"},"modified":"2025-04-02T13:30:05","modified_gmt":"2025-04-02T13:30:05","slug":"beat-zoderer-um-5-ecken-herum","status":"publish","type":"product","link":"https:\/\/snoeck.de\/es\/shop\/beat-zoderer-um-5-ecken-herum\/","title":{"rendered":"Beat Zoderer: Alrededor de 5 esquinas"},"content":{"rendered":"<h3>Op de Eck<\/h3>\n<p>Para Beat Zoderer, su obra es una reacci\u00f3n a los decorados de las obras cl\u00e1sicas de Max Bill, por ejemplo, pero tambi\u00e9n a las formas cotidianas encontradas o a los objetos cotidianos. Aunque esta edici\u00f3n de artista para Jochen Kienbaum, planificada con precisi\u00f3n, contin\u00faa la herencia constructivista en la que sin duda se sit\u00faa, tambi\u00e9n la hace estallar por su ambivalencia en cuanto a contenido y est\u00e9tica. En contraste con el modernismo cl\u00e1sico, la obra de Beat Zoderer no se basa en una premisa hist\u00f3rico-filos\u00f3fica, sino que se mueve entre el mundo cotidiano y el arte con su enfoque cr\u00edtico del arte, conectando as\u00ed con las ideas ir\u00f3nicas del posmodernismo. La serie m\u00e1s reciente de pent\u00e1gonos, que se desplazan y se mezclan entre s\u00ed, se corresponde con uno de los poemas de Klaus Merz que la acompa\u00f1an, que tambi\u00e9n puede leerse como lema de la (significativa) obra de Beat Zoderer sobre el modernismo: \"Hay una voz \/ que reconozco \/ incluso antes de que \/ me llame\".<\/p>","protected":false},"excerpt":{"rendered":"<p>Kienbaum Artists' Books 2017, editado por Jochen Kienbaum<br \/>\n5 poemas (alem\u00e1n) de Klaus Merz<br \/>\n68 p., papeles transparentes sueltos e impresos en color<br \/>\nFormato 19,5 x 14,75 cm, sujeto con cord\u00f3n anudado en el pliegue, introducido en una caja de cart\u00f3n de tapa deslizante con etiqueta de t\u00edtulo impresa y perforada<\/p>","protected":false},"featured_media":5245,"template":"","meta":[],"product_brand":[],"product_cat":[112,68,83],"product_tag":[],"class_list":{"0":"post-3830","1":"product","2":"type-product","3":"status-publish","4":"has-post-thumbnail","6":"product_cat-112","7":"product_cat-k","8":"product_cat-z","10":"first","11":"instock","12":"taxable","13":"shipping-taxable","14":"purchasable","15":"product-type-simple"},"aioseo_notices":[],"_wp_attached_file":null,"_wp_attachment_metadata":null,"_wc_attachment_source":null,"_elementor_inline_svg":null,"_elementor_is_screenshot":null,"_elementor_source_image_hash":null,"_source_url":null,"_wp_attachment_context":null,"_menu_item_type":null,"_menu_item_menu_item_parent":null,"_menu_item_object_id":null,"_menu_item_object":null,"_menu_item_target":null,"_menu_item_classes":null,"_menu_item_xfn":null,"_menu_item_url":null,"__elementor_forms_snapshot":null,"_unit":"","_unit_base":"","_unit_product":"","_unit_price_auto":"no","_unit_price_regular":"","_unit_price":"","_unit_price_sale":"","_sale_price_label":"","_sale_price_regular_label":"","_manufacturer_slug":"","_mini_desc":"","_defect_description":"","_safety_instructions":"","_allergen_ids":[],"_warranty_attachment_id":"","_safety_attachment_ids":[],"_min_age":"","_ts_gtin":"","_ts_mpn":"","_delivery_time_countries":[],"_free_shipping":"no","_service":"no","_photovoltaic_system":"no","_used_good":"no","_defective_copy":"no","_wireless_electronic_device":"no","_device_contains_power_supply":"no","_device_charging_supports_usb_pd":"no","_device_charging_watt_min":"0","_device_charging_watt_max":"0","_is_food":"no","_differential_taxation":"no","_gzd_version":"3.18.7","_hs_code":"","_customs_description":"","_manufacture_country":"0","_is_non_returnable":"no","_shipping_length":"","_shipping_width":"","_shipping_height":"","_sku":"ISBN 978-3-86442-197-6","_global_unique_id":"978-3-86442-197-6","_regular_price":"48","total_sales":"0","_tax_status":"taxable","_tax_class":"","_manage_stock":"no","_backorders":"no","_sold_individually":"no","_weight":"1","_virtual":"no","_downloadable":"no","_download_limit":"-1","_download_expiry":"-1","_stock":"","_stock_status":"instock","_wc_average_rating":"0","_wc_review_count":"0","_product_version":"9.7.1","_price":"48","shopengine_product_views_count":"2851","_thumbnail_id":"5245","_product_attributes":{"erscheinungsdatum":{"name":"Fecha de publicaci\u00f3n","value":"03.01.2017","position":0,"is_visible":1,"is_variation":0,"is_taxonomy":0,"checkout_visible":0}},"_nutrient_ids":[],"_upsell_ids":null,"pswc_subtitle":null,"_default_delivery_time":null,"_wp_desired_post_slug":null,"_isbn":null,"pageType":null,"isExternalUrl":null,"pageId":null,"externalUrl":null,"hideCookieBanner":null,"isTargetBlank":null,"isProviderCurrentWebsite":null,"isEmbeddingOnlyExternalResources":null,"legalBasis":null,"dataProcessingInCountries":null,"dataProcessingInCountriesSpecialTreatments":null,"technicalDefinitions":null,"googleConsentModeConsentTypes":null,"executePriority":null,"executeCodeOptInWhenNoTagManagerConsentIsGiven":null,"executeCodeOptOutWhenNoTagManagerConsentIsGiven":null,"deleteTechnicalDefinitionsAfterOptOut":null,"presetId":null,"presetVersion":null,"provider":null,"providerContactPhone":null,"providerContactEmail":null,"providerContactLink":null,"uniqueName":null,"providerPrivacyPolicyUrl":null,"providerLegalNoticeUrl":null,"codeOptIn":null,"codeOptOut":null,"codeOnPageLoad":null,"language_code":null,"shopengine_template__post_meta__type":null,"shopengine_template__post_meta":null,"shopengine_template__post_meta__edit_with":null,"origin":null,"_enabled":null,"_filters":null,"_layout":null,"_elementor_import_session_id":null,"_wp_trash_meta_status":null,"_wp_trash_meta_time":null,"_edit_lock":"1743600484:2","_elementor_floating_elements_type":null,"_elementor_edit_mode":null,"_elementor_template_type":null,"tc-thumb-fld":{"_thumb_id":5245,"_thumb_type":"thumb"},"_wp_page_template":"default","_elementor_version":null,"_elementor_pro_version":null,"_elementor_page_settings":null,"_elementor_data":null,"_elementor_conditions":null,"_elementor_popup_display_settings":null,"_edit_last":"2","_elementor_template_sub_type":null,"_elementor_controls_usage":null,"_elementor_screenshot":null,"_elementor_css":null,"_elementor_page_assets":[],"_elementor_element_cache":null,"_elementor_screenshot_failed":null,"_elementor_source":null,"_wp_old_date":null,"layout_key":"","post_slider_check_key":"0","_links":{"self":[{"href":"https:\/\/snoeck.de\/es\/wp-json\/wp\/v2\/product\/3830","targetHints":{"allow":["GET"]}}],"collection":[{"href":"https:\/\/snoeck.de\/es\/wp-json\/wp\/v2\/product"}],"about":[{"href":"https:\/\/snoeck.de\/es\/wp-json\/wp\/v2\/types\/product"}],"wp:featuredmedia":[{"embeddable":true,"href":"https:\/\/snoeck.de\/es\/wp-json\/wp\/v2\/media\/5245"}],"wp:attachment":[{"href":"https:\/\/snoeck.de\/es\/wp-json\/wp\/v2\/media?parent=3830"}],"wp:term":[{"taxonomy":"product_brand","embeddable":true,"href":"https:\/\/snoeck.de\/es\/wp-json\/wp\/v2\/product_brand?post=3830"},{"taxonomy":"product_cat","embeddable":true,"href":"https:\/\/snoeck.de\/es\/wp-json\/wp\/v2\/product_cat?post=3830"},{"taxonomy":"product_tag","embeddable":true,"href":"https:\/\/snoeck.de\/es\/wp-json\/wp\/v2\/product_tag?post=3830"}],"curies":[{"name":"wp","href":"https:\/\/api.w.org\/{rel}","templated":true}]}}