{"id":5265,"date":"2025-03-14T07:25:59","date_gmt":"2025-03-14T07:25:59","guid":{"rendered":"https:\/\/snoeck.process-vision.de\/?post_type=product&#038;p=5265"},"modified":"2025-03-29T06:47:49","modified_gmt":"2025-03-29T06:47:49","slug":"in-sight","status":"publish","type":"product","link":"https:\/\/snoeck.de\/es\/shop\/in-sight\/","title":{"rendered":"IN.SIGHT - La donaci\u00f3n Schr\u00f6der"},"content":{"rendered":"<h3>Alexander Schr\u00f6der = coleccionista apasionado<\/h3>\n<p>El cat\u00e1logo de \"IN.SIGHT - The Schr\u00f6der Donation\" publica de forma exhaustiva las 60 obras de m\u00e1s de 20 artistas que Alexander Schr\u00f6der ha donado recientemente a la Hamburger Kunsthalle. Esta donaci\u00f3n se considera una de las m\u00e1s extensas de la historia de la Galerie der Gegenwart. Alexander Schr\u00f6der (*1968) creci\u00f3 en Hamburgo y fund\u00f3 la Galer\u00eda NEU de Berl\u00edn en 1994. Las obras de su colecci\u00f3n ofrecen una excelente panor\u00e1mica de las posiciones art\u00edsticas desde la d\u00e9cada de 1970 hasta nuestros d\u00edas. Al hacerlo, exponen perspectivas y cuestionan espec\u00edficamente las normas existentes en relaci\u00f3n con los espacios sociales, la arquitectura, las instituciones, el g\u00e9nero, la identidad, la sexualidad, la migraci\u00f3n, la naci\u00f3n-estado y el racismo. Llama especialmente la atenci\u00f3n que Alexander Schr\u00f6der haya dirigido su mirada mucho m\u00e1s all\u00e1 de los artistas representados en NEU, hacia el arte contempor\u00e1neo y siga una pasi\u00f3n de relevancia social.<\/p>\n<p>Artistas: Juliette Blightman, Tom Burr, Marc Camille Chaimowicz, Alan Charlton, Anne Collier, Cosey Fanni Tutti, Isa Genzken, F\u00e9lix Gonz\u00e1lez-Torres, Georg Herold, Samson Kambalu, Klara Lid\u00e9n, Lucy McKenzie, Cady Noland, Ima-Abasi Okon, Henrik Olesen, Paulina Olowska, Manfred Pernice, Josephine Pryde, Martin Kippenberger, Martha Rosler, Cameron Rowland, Elfie Semotan, Andreas Slominski, Akeem Smith, Sung Tieu, Philippe Thomas, Danh Vo<\/p>\n<p>Exposici\u00f3n:<br \/>\nHamburger Kunsthalle, Hamburgo, 22\/11\/2024 - 6\/4\/2025<\/p>","protected":false},"excerpt":{"rendered":"<p>Cat\u00e1logo de la exposici\u00f3n Hamburger Kunsthalle, editado por Brigitte K\u00f6lle y Alexander Schr\u00f6der<br \/>\nTextos (alem\u00e1n\/ingl\u00e9s) de Hans-Christian Dany, Dominic Eichler, Corinne Diserens, Julia Kersting, Sung Tieu y una conversaci\u00f3n entre Alexander Schr\u00f6der y Brigitte K\u00f6lle.<br \/>\n192 p. con 120 ilustraciones en color<br \/>\nFormato 25 x 20 cm, folleto desplegable<\/p>","protected":false},"featured_media":5266,"template":"","meta":[],"product_brand":[],"product_cat":[89,66,76],"product_tag":[],"class_list":{"0":"post-5265","1":"product","2":"type-product","3":"status-publish","4":"has-post-thumbnail","6":"product_cat-89","7":"product_cat-i","8":"product_cat-s","10":"first","11":"instock","12":"taxable","13":"shipping-taxable","14":"purchasable","15":"product-type-simple"},"aioseo_notices":[],"_wp_attached_file":null,"_wp_attachment_metadata":null,"_wc_attachment_source":null,"_elementor_inline_svg":null,"_elementor_is_screenshot":null,"_elementor_source_image_hash":null,"_source_url":null,"_wp_attachment_context":null,"_menu_item_type":null,"_menu_item_menu_item_parent":null,"_menu_item_object_id":null,"_menu_item_object":null,"_menu_item_target":null,"_menu_item_classes":null,"_menu_item_xfn":null,"_menu_item_url":null,"__elementor_forms_snapshot":null,"_unit":"","_unit_base":"","_unit_product":"","_unit_price_auto":"no","_unit_price_regular":"","_unit_price":"","_unit_price_sale":"","_sale_price_label":"","_sale_price_regular_label":"","_manufacturer_slug":"","_mini_desc":"","_defect_description":"","_safety_instructions":"","_allergen_ids":[],"_warranty_attachment_id":"","_safety_attachment_ids":[],"_min_age":"","_ts_gtin":"","_ts_mpn":"","_delivery_time_countries":[],"_free_shipping":"no","_service":"no","_photovoltaic_system":"no","_used_good":"no","_defective_copy":"no","_wireless_electronic_device":"no","_device_contains_power_supply":"no","_device_charging_supports_usb_pd":"no","_device_charging_watt_min":"0","_device_charging_watt_max":"0","_is_food":"no","_differential_taxation":"no","_gzd_version":"3.18.7","_hs_code":"","_customs_description":"","_manufacture_country":"0","_is_non_returnable":"no","_shipping_length":"","_shipping_width":"","_shipping_height":"","_sku":"ISBN 978-3-86442-455-7","_global_unique_id":"978-3-86442-455-7","_regular_price":"39.80","total_sales":"0","_tax_status":"taxable","_tax_class":"","_manage_stock":"no","_backorders":"no","_sold_individually":"no","_weight":"1","_virtual":"no","_downloadable":"no","_download_limit":"-1","_download_expiry":"-1","_stock":"","_stock_status":"instock","_wc_average_rating":"0","_wc_review_count":"0","_product_version":"9.7.1","_price":"39.80","shopengine_product_views_count":"5519","_thumbnail_id":"5266","_product_attributes":null,"_nutrient_ids":null,"_upsell_ids":null,"pswc_subtitle":"","_default_delivery_time":null,"_wp_desired_post_slug":null,"_isbn":null,"pageType":null,"isExternalUrl":null,"pageId":null,"externalUrl":null,"hideCookieBanner":null,"isTargetBlank":null,"isProviderCurrentWebsite":null,"isEmbeddingOnlyExternalResources":null,"legalBasis":null,"dataProcessingInCountries":null,"dataProcessingInCountriesSpecialTreatments":null,"technicalDefinitions":null,"googleConsentModeConsentTypes":null,"executePriority":null,"executeCodeOptInWhenNoTagManagerConsentIsGiven":null,"executeCodeOptOutWhenNoTagManagerConsentIsGiven":null,"deleteTechnicalDefinitionsAfterOptOut":null,"presetId":null,"presetVersion":null,"provider":null,"providerContactPhone":null,"providerContactEmail":null,"providerContactLink":null,"uniqueName":null,"providerPrivacyPolicyUrl":null,"providerLegalNoticeUrl":null,"codeOptIn":null,"codeOptOut":null,"codeOnPageLoad":null,"language_code":null,"shopengine_template__post_meta__type":null,"shopengine_template__post_meta":null,"shopengine_template__post_meta__edit_with":null,"origin":null,"_enabled":null,"_filters":null,"_layout":null,"_elementor_import_session_id":null,"_wp_trash_meta_status":null,"_wp_trash_meta_time":null,"_edit_lock":"1746715851:2","_elementor_floating_elements_type":null,"_elementor_edit_mode":null,"_elementor_template_type":null,"tc-thumb-fld":{"_thumb_id":5266,"_thumb_type":"thumb"},"_wp_page_template":"default","_elementor_version":null,"_elementor_pro_version":null,"_elementor_page_settings":null,"_elementor_data":null,"_elementor_conditions":null,"_elementor_popup_display_settings":null,"_edit_last":"2","_elementor_template_sub_type":null,"_elementor_controls_usage":null,"_elementor_screenshot":null,"_elementor_css":null,"_elementor_page_assets":[],"_elementor_element_cache":null,"_elementor_screenshot_failed":null,"_elementor_source":null,"_wp_old_date":null,"layout_key":"","post_slider_check_key":"0","_links":{"self":[{"href":"https:\/\/snoeck.de\/es\/wp-json\/wp\/v2\/product\/5265","targetHints":{"allow":["GET"]}}],"collection":[{"href":"https:\/\/snoeck.de\/es\/wp-json\/wp\/v2\/product"}],"about":[{"href":"https:\/\/snoeck.de\/es\/wp-json\/wp\/v2\/types\/product"}],"wp:featuredmedia":[{"embeddable":true,"href":"https:\/\/snoeck.de\/es\/wp-json\/wp\/v2\/media\/5266"}],"wp:attachment":[{"href":"https:\/\/snoeck.de\/es\/wp-json\/wp\/v2\/media?parent=5265"}],"wp:term":[{"taxonomy":"product_brand","embeddable":true,"href":"https:\/\/snoeck.de\/es\/wp-json\/wp\/v2\/product_brand?post=5265"},{"taxonomy":"product_cat","embeddable":true,"href":"https:\/\/snoeck.de\/es\/wp-json\/wp\/v2\/product_cat?post=5265"},{"taxonomy":"product_tag","embeddable":true,"href":"https:\/\/snoeck.de\/es\/wp-json\/wp\/v2\/product_tag?post=5265"}],"curies":[{"name":"wp","href":"https:\/\/api.w.org\/{rel}","templated":true}]}}