{"id":5268,"date":"2025-03-14T07:31:21","date_gmt":"2025-03-14T07:31:21","guid":{"rendered":"https:\/\/snoeck.process-vision.de\/?post_type=product&#038;p=5268"},"modified":"2025-09-22T10:11:29","modified_gmt":"2025-09-22T08:11:29","slug":"cy-twombly-reiner-speck-fragments-of-an-adoration","status":"publish","type":"product","link":"https:\/\/snoeck.de\/es\/shop\/cy-twombly-reiner-speck-fragments-of-an-adoration\/","title":{"rendered":"Cy Twombly - Reiner Speck. Fragmentos de una adoraci\u00f3n"},"content":{"rendered":"<h3>Ricas interfaces intelectuales y est\u00e9ticas entre artista y coleccionista<\/h3>\n<p>El Dr. Reiner Speck es un m\u00e9dico de renombre y uno de los bibli\u00f3filos m\u00e1s importantes de nuestro tiempo. A lo largo de m\u00e1s de seis d\u00e9cadas, ha reunido una colecci\u00f3n sin parang\u00f3n de literatura antigua, que incluye colecciones mundialmente famosas del poeta y erudito renacentista Petrarca y del escritor franc\u00e9s Marcel Proust. Sin embargo, la pasi\u00f3n de Speck por el coleccionismo va m\u00e1s all\u00e1 de los libros. Desde finales de la d\u00e9cada de 1960, se ha dedicado intensamente al arte contempor\u00e1neo a trav\u00e9s de la adquisici\u00f3n de libros de artistas. Destaca su extensa colecci\u00f3n de obras sobre papel del artista estadounidense Cy Twombly (1928-2011). Esta colecci\u00f3n de dibujos de los a\u00f1os 50 a principios de los 80, grabados, m\u00faltiples, fotograf\u00edas y libros de artista refleja el intenso compromiso intelectual de d\u00e9cadas con la obra de Twombly. La relaci\u00f3n entre el Dr. Speck y Twombly comenz\u00f3 hacia 1970, cuando ambos se conocieron frente al Palacio Farnesio de Roma. Speck hab\u00eda viajado a Roma especialmente para conocer al artista y pedirle que le firmara un dibujo de 1957 que hab\u00eda adquirido dos a\u00f1os antes en Colonia. Este encuentro marc\u00f3 el comienzo de una profunda amistad basada en el respeto mutuo y una pasi\u00f3n compartida por el arte y la literatura. Con el paso de los a\u00f1os, su di\u00e1logo se desarroll\u00f3 mucho m\u00e1s all\u00e1 de la t\u00edpica relaci\u00f3n artista-coleccionista y se enriqueci\u00f3 con las numerosas visitas de Speck con su familia a la residencia de Twombly en Italia. El libro se centra en la colecci\u00f3n de Speck de obras sobre papel de Twombly y las sit\u00faa en su contexto literario, describiendo las m\u00faltiples intersecciones intelectuales y est\u00e9ticas entre el artista y su coleccionista. Al centrarse en las obras de esta colecci\u00f3n, ofrece una rara oportunidad de descubrir la profunda conexi\u00f3n entre la pr\u00e1ctica art\u00edstica de Twombly y el compromiso literario de Speck.<\/p>\n<p>Exposici\u00f3n:<br \/>\nMaison d'Art, Los \u00c1ngeles, 11\/2 - 24\/5\/2025<\/p>","protected":false},"excerpt":{"rendered":"<p>Cat\u00e1logo de la exposici\u00f3n Maison d'art, editado por Donald Ryan, Sabine Schiffer<br \/>\nTextos (ingl\u00e9s) de Donald Ryan, Sabine Schiffer, Reiner Speck<br \/>\n136 p., 240 ilustraciones en color<br \/>\nFormato 29 x 21 cm, folleto<\/p>","protected":false},"featured_media":5269,"template":"","meta":[],"product_brand":[],"product_cat":[89,76,77,95],"product_tag":[],"class_list":{"0":"post-5268","1":"product","2":"type-product","3":"status-publish","4":"has-post-thumbnail","6":"product_cat-89","7":"product_cat-s","8":"product_cat-t","9":"product_cat-vergriffen","11":"first","12":"outofstock","13":"taxable","14":"shipping-taxable","15":"product-type-simple"},"aioseo_notices":[],"_wp_attached_file":null,"_wp_attachment_metadata":null,"_wc_attachment_source":null,"_elementor_inline_svg":null,"_elementor_is_screenshot":null,"_elementor_source_image_hash":null,"_source_url":null,"_wp_attachment_context":null,"_menu_item_type":null,"_menu_item_menu_item_parent":null,"_menu_item_object_id":null,"_menu_item_object":null,"_menu_item_target":null,"_menu_item_classes":null,"_menu_item_xfn":null,"_menu_item_url":null,"__elementor_forms_snapshot":null,"_unit":"","_unit_base":"","_unit_product":"","_unit_price_auto":"no","_unit_price_regular":"","_unit_price":"","_unit_price_sale":"","_sale_price_label":"","_sale_price_regular_label":"","_manufacturer_slug":"","_mini_desc":"","_defect_description":"","_safety_instructions":"","_allergen_ids":[],"_warranty_attachment_id":"","_safety_attachment_ids":[],"_min_age":"","_ts_gtin":"","_ts_mpn":"","_delivery_time_countries":[],"_free_shipping":"no","_service":"no","_photovoltaic_system":"no","_used_good":"no","_defective_copy":"no","_wireless_electronic_device":"no","_device_contains_power_supply":"no","_device_charging_supports_usb_pd":"no","_device_charging_watt_min":"0","_device_charging_watt_max":"0","_is_food":"no","_differential_taxation":"no","_gzd_version":"3.19.10","_hs_code":"","_customs_description":"","_manufacture_country":"0","_is_non_returnable":"no","_shipping_length":"","_shipping_width":"","_shipping_height":"","_sku":"ISBN 978-3-86442-460-1","_global_unique_id":"978-3-86442-460-1","_regular_price":null,"total_sales":"0","_tax_status":"taxable","_tax_class":"","_manage_stock":"no","_backorders":"no","_sold_individually":"no","_weight":"2","_virtual":"no","_downloadable":"no","_download_limit":"-1","_download_expiry":"-1","_stock":"","_stock_status":"outofstock","_wc_average_rating":"0","_wc_review_count":"0","_product_version":"10.1.0","_price":"","shopengine_product_views_count":"3607","_thumbnail_id":"5269","_product_attributes":{"subtitel":{"name":"Subt\u00edtulo","value":"Subtitel-Wert","position":0,"is_visible":1,"is_variation":0,"is_taxonomy":0,"checkout_visible":0}},"_nutrient_ids":null,"_upsell_ids":null,"pswc_subtitle":"","_default_delivery_time":null,"_wp_desired_post_slug":null,"_isbn":null,"pageType":null,"isExternalUrl":null,"pageId":null,"externalUrl":null,"hideCookieBanner":null,"isTargetBlank":null,"isProviderCurrentWebsite":null,"isEmbeddingOnlyExternalResources":null,"legalBasis":null,"dataProcessingInCountries":null,"dataProcessingInCountriesSpecialTreatments":null,"technicalDefinitions":null,"googleConsentModeConsentTypes":null,"executePriority":null,"executeCodeOptInWhenNoTagManagerConsentIsGiven":null,"executeCodeOptOutWhenNoTagManagerConsentIsGiven":null,"deleteTechnicalDefinitionsAfterOptOut":null,"presetId":null,"presetVersion":null,"provider":null,"providerContactPhone":null,"providerContactEmail":null,"providerContactLink":null,"uniqueName":null,"providerPrivacyPolicyUrl":null,"providerLegalNoticeUrl":null,"codeOptIn":null,"codeOptOut":null,"codeOnPageLoad":null,"language_code":null,"shopengine_template__post_meta__type":null,"shopengine_template__post_meta":null,"shopengine_template__post_meta__edit_with":null,"origin":null,"_enabled":null,"_filters":null,"_layout":null,"_elementor_import_session_id":null,"_wp_trash_meta_status":null,"_wp_trash_meta_time":null,"_edit_lock":"1758528597:1","_elementor_floating_elements_type":null,"_elementor_edit_mode":null,"_elementor_template_type":null,"tc-thumb-fld":{"_thumb_id":5269,"_thumb_type":"thumb"},"_wp_page_template":"default","_elementor_version":null,"_elementor_pro_version":null,"_elementor_page_settings":null,"_elementor_data":null,"_elementor_conditions":null,"_elementor_popup_display_settings":null,"_edit_last":"1","_elementor_template_sub_type":null,"_elementor_controls_usage":null,"_elementor_screenshot":null,"_elementor_css":null,"_elementor_page_assets":[],"_elementor_element_cache":null,"_elementor_screenshot_failed":null,"_elementor_source":null,"_wp_old_date":null,"layout_key":"","post_slider_check_key":"0","_links":{"self":[{"href":"https:\/\/snoeck.de\/es\/wp-json\/wp\/v2\/product\/5268","targetHints":{"allow":["GET"]}}],"collection":[{"href":"https:\/\/snoeck.de\/es\/wp-json\/wp\/v2\/product"}],"about":[{"href":"https:\/\/snoeck.de\/es\/wp-json\/wp\/v2\/types\/product"}],"wp:featuredmedia":[{"embeddable":true,"href":"https:\/\/snoeck.de\/es\/wp-json\/wp\/v2\/media\/5269"}],"wp:attachment":[{"href":"https:\/\/snoeck.de\/es\/wp-json\/wp\/v2\/media?parent=5268"}],"wp:term":[{"taxonomy":"product_brand","embeddable":true,"href":"https:\/\/snoeck.de\/es\/wp-json\/wp\/v2\/product_brand?post=5268"},{"taxonomy":"product_cat","embeddable":true,"href":"https:\/\/snoeck.de\/es\/wp-json\/wp\/v2\/product_cat?post=5268"},{"taxonomy":"product_tag","embeddable":true,"href":"https:\/\/snoeck.de\/es\/wp-json\/wp\/v2\/product_tag?post=5268"}],"curies":[{"name":"wp","href":"https:\/\/api.w.org\/{rel}","templated":true}]}}