{"id":5377,"date":"2025-03-21T10:57:26","date_gmt":"2025-03-21T10:57:26","guid":{"rendered":"https:\/\/snoeck.process-vision.de\/?post_type=product&#038;p=5377"},"modified":"2025-03-29T06:42:53","modified_gmt":"2025-03-29T06:42:53","slug":"bettina-scholz-ost-west-und-das-suedliche-orakel","status":"publish","type":"product","link":"https:\/\/snoeck.de\/es\/shop\/bettina-scholz-ost-west-und-das-suedliche-orakel\/","title":{"rendered":"Bettina Scholz: Este\/Oeste y el or\u00e1culo del Sur"},"content":{"rendered":"<h3>\u00bfFantas\u00eda?<\/h3>\n<p>Bettina Scholz pinta cuadros que parecen vertidos alqu\u00edmicos de color, por lo que a muchos espectadores les gusta ver en ellos mundos apocal\u00edpticos, como escribe Max Dax, que invit\u00f3 a la artista al Deichtorhallen para \"HYPER!\" en verano de 2019. Esta asociaci\u00f3n no es sorprendente, ya que sus cuadros vibrantemente luminosos, que pinta sobre y detr\u00e1s del cristal, se crean en una exploraci\u00f3n del arte sacro eclesi\u00e1stico, la iluminaci\u00f3n g\u00f3tica de libros o el mundo visual y musical de los formatos contempor\u00e1neos de fantas\u00eda y ciencia ficci\u00f3n. Sin embargo, tambi\u00e9n hay referencias concretas a pel\u00edculas como \"Blade Runner\" de Ridley Scott, las pel\u00edculas de \"Dune\" basadas en el \"Planeta Desierto\" del escritor estadounidense Frank Herbert, las pel\u00edculas \"Solaris\" o \"Stalker\" del director ruso Andrej Tarkowsky y su m\u00fasica cinematogr\u00e1fica de Edvard Artemiev o el sonido del sello tecno Underground Resistance. Las pinturas de Bettina Scholz, que realiza no s\u00f3lo sobre vidrio acr\u00edlico sino tambi\u00e9n sobre madera o lienzo, as\u00ed como sus dibujos, objetos e instalaciones, reflejan no en \u00faltimo t\u00e9rmino las influencias visuales de su infancia en la antigua RDA. All\u00ed naci\u00f3 su amor por los libros de cuentos de hadas, el estilo Art Nouveau de la Edad de Oro de la Ilustraci\u00f3n, las ediciones de libros ilustrados de Europa del Este ricamente decoradas o la edici\u00f3n impresa a todo color del cl\u00e1sico de Michael Ende \"Momo\", introducida de contrabando en el pa\u00eds y decorada con dibujos. Para Bettina Scholz, los productos de la imaginaci\u00f3n tienen una enorme influencia en lo que llamamos realidad: \"Para m\u00ed, lo fant\u00e1stico, lo inventado, no tiene nada que ver con escapar del mundo o trivializarlo en un contexto art\u00edstico; al contrario, puede estimular el pensamiento independiente e incluso desarrollar un potencial rebelde\". Con el encierro de los a\u00f1os 2020, tambi\u00e9n inici\u00f3 una serie de cuadernos de bocetos, que ahora contienen unos 500 dibujos y collages; aqu\u00ed se presentan por primera vez extractos de ellos. La monograf\u00eda muestra im\u00e1genes y vistas de exposiciones de los \u00faltimos diez a\u00f1os y va acompa\u00f1ada de ensayos experimentales y autobiogr\u00e1ficos que aportan datos sobre la creaci\u00f3n de los dibujos y la imaginaci\u00f3n de la artista.<\/p>\n<p>Exposici\u00f3n:<br \/>\nKunstverein Heilbronn, 1\/2 - 4\/5\/2025<\/p>","protected":false},"excerpt":{"rendered":"<p>Cat\u00e1logo de la exposici\u00f3n Kunstverein Heilbronn, editado por Max Dax y Matthia L\u00f6bke<br \/>\nTexto (alem\u00e1n\/ingl\u00e9s) de Bettina Scholz, pr\u00f3logo de Max Dax y Matthia L\u00f6bke<br \/>\n160 p. con 120 ilustraciones en color<br \/>\nFormato 29,7 x 23 cm, r\u00fastica<\/p>","protected":false},"featured_media":5397,"template":"","meta":[],"product_brand":[],"product_cat":[89,76],"product_tag":[],"class_list":{"0":"post-5377","1":"product","2":"type-product","3":"status-publish","4":"has-post-thumbnail","6":"product_cat-89","7":"product_cat-s","9":"first","10":"instock","11":"taxable","12":"shipping-taxable","13":"purchasable","14":"product-type-simple"},"aioseo_notices":[],"_wp_attached_file":null,"_wp_attachment_metadata":null,"_wc_attachment_source":null,"_elementor_inline_svg":null,"_elementor_is_screenshot":null,"_elementor_source_image_hash":null,"_source_url":null,"_wp_attachment_context":null,"_menu_item_type":null,"_menu_item_menu_item_parent":null,"_menu_item_object_id":null,"_menu_item_object":null,"_menu_item_target":null,"_menu_item_classes":null,"_menu_item_xfn":null,"_menu_item_url":null,"__elementor_forms_snapshot":null,"_unit":"","_unit_base":"","_unit_product":"","_unit_price_auto":"no","_unit_price_regular":"","_unit_price":"","_unit_price_sale":"","_sale_price_label":"","_sale_price_regular_label":"","_manufacturer_slug":"","_mini_desc":"","_defect_description":"","_safety_instructions":"","_allergen_ids":[],"_warranty_attachment_id":"","_safety_attachment_ids":[],"_min_age":"","_ts_gtin":"","_ts_mpn":"","_delivery_time_countries":[],"_free_shipping":"no","_service":"no","_photovoltaic_system":"no","_used_good":"no","_defective_copy":"no","_wireless_electronic_device":"no","_device_contains_power_supply":"no","_device_charging_supports_usb_pd":"no","_device_charging_watt_min":"0","_device_charging_watt_max":"0","_is_food":"no","_differential_taxation":"no","_gzd_version":"3.18.7","_hs_code":"","_customs_description":"","_manufacture_country":"0","_is_non_returnable":"no","_shipping_length":"","_shipping_width":"","_shipping_height":"","_sku":"ISBN 978-3-86442-445-8","_global_unique_id":"978-3-86442-445-8","_regular_price":"39.80","total_sales":"8","_tax_status":"taxable","_tax_class":"","_manage_stock":"no","_backorders":"no","_sold_individually":"no","_weight":"1","_virtual":"no","_downloadable":"no","_download_limit":"-1","_download_expiry":"-1","_stock":"","_stock_status":"instock","_wc_average_rating":"0","_wc_review_count":"0","_product_version":"9.7.1","_price":"39.80","shopengine_product_views_count":"4229","_thumbnail_id":"5397","_product_attributes":null,"_nutrient_ids":null,"_upsell_ids":null,"pswc_subtitle":"Kat. Kunstverein Heilbronn","_default_delivery_time":"","_wp_desired_post_slug":null,"_isbn":null,"pageType":null,"isExternalUrl":null,"pageId":null,"externalUrl":null,"hideCookieBanner":null,"isTargetBlank":null,"isProviderCurrentWebsite":null,"isEmbeddingOnlyExternalResources":null,"legalBasis":null,"dataProcessingInCountries":null,"dataProcessingInCountriesSpecialTreatments":null,"technicalDefinitions":null,"googleConsentModeConsentTypes":null,"executePriority":null,"executeCodeOptInWhenNoTagManagerConsentIsGiven":null,"executeCodeOptOutWhenNoTagManagerConsentIsGiven":null,"deleteTechnicalDefinitionsAfterOptOut":null,"presetId":null,"presetVersion":null,"provider":null,"providerContactPhone":null,"providerContactEmail":null,"providerContactLink":null,"uniqueName":null,"providerPrivacyPolicyUrl":null,"providerLegalNoticeUrl":null,"codeOptIn":null,"codeOptOut":null,"codeOnPageLoad":null,"language_code":null,"shopengine_template__post_meta__type":null,"shopengine_template__post_meta":null,"shopengine_template__post_meta__edit_with":null,"origin":null,"_enabled":null,"_filters":null,"_layout":null,"_elementor_import_session_id":null,"_wp_trash_meta_status":null,"_wp_trash_meta_time":null,"_edit_lock":"1744792664:1","_elementor_floating_elements_type":null,"_elementor_edit_mode":null,"_elementor_template_type":null,"tc-thumb-fld":{"_thumb_id":5397,"_thumb_type":"thumb"},"_wp_page_template":"default","_elementor_version":null,"_elementor_pro_version":null,"_elementor_page_settings":null,"_elementor_data":null,"_elementor_conditions":null,"_elementor_popup_display_settings":null,"_edit_last":"2","_elementor_template_sub_type":null,"_elementor_controls_usage":null,"_elementor_screenshot":null,"_elementor_css":null,"_elementor_page_assets":[],"_elementor_element_cache":null,"_elementor_screenshot_failed":null,"_elementor_source":null,"_wp_old_date":null,"layout_key":"","post_slider_check_key":"0","_links":{"self":[{"href":"https:\/\/snoeck.de\/es\/wp-json\/wp\/v2\/product\/5377","targetHints":{"allow":["GET"]}}],"collection":[{"href":"https:\/\/snoeck.de\/es\/wp-json\/wp\/v2\/product"}],"about":[{"href":"https:\/\/snoeck.de\/es\/wp-json\/wp\/v2\/types\/product"}],"wp:featuredmedia":[{"embeddable":true,"href":"https:\/\/snoeck.de\/es\/wp-json\/wp\/v2\/media\/5397"}],"wp:attachment":[{"href":"https:\/\/snoeck.de\/es\/wp-json\/wp\/v2\/media?parent=5377"}],"wp:term":[{"taxonomy":"product_brand","embeddable":true,"href":"https:\/\/snoeck.de\/es\/wp-json\/wp\/v2\/product_brand?post=5377"},{"taxonomy":"product_cat","embeddable":true,"href":"https:\/\/snoeck.de\/es\/wp-json\/wp\/v2\/product_cat?post=5377"},{"taxonomy":"product_tag","embeddable":true,"href":"https:\/\/snoeck.de\/es\/wp-json\/wp\/v2\/product_tag?post=5377"}],"curies":[{"name":"wp","href":"https:\/\/api.w.org\/{rel}","templated":true}]}}