{"id":5379,"date":"2025-03-21T10:58:42","date_gmt":"2025-03-21T10:58:42","guid":{"rendered":"https:\/\/snoeck.process-vision.de\/?post_type=product&#038;p=5379"},"modified":"2025-09-22T10:12:48","modified_gmt":"2025-09-22T08:12:48","slug":"grethe-juergens","status":"publish","type":"product","link":"https:\/\/snoeck.de\/es\/shop\/grethe-juergens\/","title":{"rendered":"Grethe J\u00fcrgens"},"content":{"rendered":"<h3>Oportunidad \u00fanica<\/h3>\n<p>La amplia retrospectiva de Grethe J\u00fcrgens en el Museo Sprengel de Hannover arroja luz sobre una importante representante de la Nueva Objetividad de los a\u00f1os veinte. Por primera vez se expone parte de su patrimonio, compuesto por m\u00e1s de 370 obras de diversas fases creativas. En la exposici\u00f3n retrospectiva y el cat\u00e1logo se mostrar\u00e1n unas 150 obras con motivo del 2025 aniversario de la Nueva Objetividad, complementadas con la primera publicaci\u00f3n de numerosos documentos. Se trata de una oportunidad \u00fanica para descubrir a la artista Grethe J\u00fcrgens en toda su obra, que desgraciadamente ha quedado rezagada durante mucho tiempo con respecto a otros representantes de la Nueva Objetividad. Con contribuciones de varios autores, el cat\u00e1logo ofrece una visi\u00f3n de su obra y de su vida y rinde homenaje a su importancia art\u00edstica. Nacida en Osnabr\u00fcck en 1899, Grethe J\u00fcrgens comenz\u00f3 a estudiar artes gr\u00e1ficas en Hannover, donde conoci\u00f3 a artistas que m\u00e1s tarde ser\u00edan conocidos como los protagonistas de la \"Nueva Objetividad en Hannover\". Al principio se dedic\u00f3 a retratos de personajes y paisajes urbanos, y m\u00e1s tarde estableci\u00f3 su t\u00edpico lenguaje visual con representaciones objetivas y distanciadas de trabajadores y grupos marginados, que se caracterizaba por un realismo sobrio y una visi\u00f3n casi fr\u00eda y carente de emoci\u00f3n de los motivos. Sus obras est\u00e1n libres de acusaciones y prejuicios, pero muestran con atenci\u00f3n las tensiones sociales y los retos de la vida de los pobres. J\u00fcrgens dio el salto art\u00edstico con sus primeras exposiciones en 1928, tras lo cual particip\u00f3 regularmente en exposiciones en Hannover y sus obras fueron adquiridas por colecciones p\u00fablicas. Tras la llegada de los nazis al poder, tuvo que inscribirse en la C\u00e1mara de Bellas Artes del Reich, pero no era miembro del NSDAP, por lo que se libr\u00f3 de la confiscaci\u00f3n. Sin embargo, se adapt\u00f3 a las nuevas condiciones, se decant\u00f3 por los paisajes y las plantas y caracteriz\u00f3 su estilo de \"pintura de maleza\" con motivos naturales inofensivos. Sus \"pinturas de escombros\" de la Hannover destruida son \u00fanicas por su impresionante representaci\u00f3n de las ruinas y los inicios de la renovaci\u00f3n. Estas obras reflejan tanto el horror de la guerra como las esperanzas de la reconstrucci\u00f3n. A partir de la d\u00e9cada de 1950, recuper\u00f3 su reputaci\u00f3n y fue cada vez m\u00e1s reconocida como artista de la Nueva Objetividad. Sin embargo, J\u00fcrgens se decant\u00f3 por el arte abstracto y cre\u00f3 series como las \"Composiciones lineales\" y los \"Caleidoscopios\". Su amor por la experimentaci\u00f3n la acompa\u00f1\u00f3 hasta la vejez, aunque cada vez oscilaba m\u00e1s entre la abstracci\u00f3n y los motivos figurativos.<\/p>\n<p>Exposici\u00f3n:<br \/>\nMuseo Sprengel de Hannover, 22\/2 - 15\/6\/2025<\/p>","protected":false},"excerpt":{"rendered":"<p>Cat\u00e1logo de la exposici\u00f3n Sprengel Museum Hannover, editado por Karin Orchard<br \/>\nTextos (alem\u00e1n) de Karin Orchard, Carina Plath, Paula Schwerdtfeger, Maren Waike-Koormann<br \/>\n180 p. con 200 ilustraciones en color<br \/>\nFormato 26 x 24 cm, tapa dura<\/p>","protected":false},"featured_media":5396,"template":"","meta":[],"product_brand":[],"product_cat":[89,67,95],"product_tag":[],"class_list":{"0":"post-5379","1":"product","2":"type-product","3":"status-publish","4":"has-post-thumbnail","6":"product_cat-89","7":"product_cat-j","8":"product_cat-vergriffen","10":"first","11":"outofstock","12":"taxable","13":"shipping-taxable","14":"product-type-simple"},"aioseo_notices":[],"_wp_attached_file":null,"_wp_attachment_metadata":null,"_wc_attachment_source":null,"_elementor_inline_svg":null,"_elementor_is_screenshot":null,"_elementor_source_image_hash":null,"_source_url":null,"_wp_attachment_context":null,"_menu_item_type":null,"_menu_item_menu_item_parent":null,"_menu_item_object_id":null,"_menu_item_object":null,"_menu_item_target":null,"_menu_item_classes":null,"_menu_item_xfn":null,"_menu_item_url":null,"__elementor_forms_snapshot":null,"_unit":"","_unit_base":"","_unit_product":"","_unit_price_auto":"no","_unit_price_regular":"","_unit_price":"","_unit_price_sale":"","_sale_price_label":"","_sale_price_regular_label":"","_manufacturer_slug":"","_mini_desc":"","_defect_description":"","_safety_instructions":"","_allergen_ids":[],"_warranty_attachment_id":"","_safety_attachment_ids":[],"_min_age":"","_ts_gtin":"","_ts_mpn":"","_delivery_time_countries":[],"_free_shipping":"no","_service":"no","_photovoltaic_system":"no","_used_good":"no","_defective_copy":"no","_wireless_electronic_device":"no","_device_contains_power_supply":"no","_device_charging_supports_usb_pd":"no","_device_charging_watt_min":"0","_device_charging_watt_max":"0","_is_food":"no","_differential_taxation":"no","_gzd_version":"3.19.10","_hs_code":"","_customs_description":"","_manufacture_country":"0","_is_non_returnable":"no","_shipping_length":"","_shipping_width":"","_shipping_height":"","_sku":"ISBN 978-3-86442-457-1","_global_unique_id":"978-3-86442-457-1","_regular_price":null,"total_sales":"0","_tax_status":"taxable","_tax_class":"","_manage_stock":"no","_backorders":"no","_sold_individually":"no","_weight":"1","_virtual":"no","_downloadable":"no","_download_limit":"-1","_download_expiry":"-1","_stock":"","_stock_status":"outofstock","_wc_average_rating":"0","_wc_review_count":"0","_product_version":"10.1.0","_price":"","shopengine_product_views_count":"4165","_thumbnail_id":"5396","_product_attributes":null,"_nutrient_ids":null,"_upsell_ids":null,"pswc_subtitle":"Kat. Sprengel Museum Hannover","_default_delivery_time":"","_wp_desired_post_slug":null,"_isbn":null,"pageType":null,"isExternalUrl":null,"pageId":null,"externalUrl":null,"hideCookieBanner":null,"isTargetBlank":null,"isProviderCurrentWebsite":null,"isEmbeddingOnlyExternalResources":null,"legalBasis":null,"dataProcessingInCountries":null,"dataProcessingInCountriesSpecialTreatments":null,"technicalDefinitions":null,"googleConsentModeConsentTypes":null,"executePriority":null,"executeCodeOptInWhenNoTagManagerConsentIsGiven":null,"executeCodeOptOutWhenNoTagManagerConsentIsGiven":null,"deleteTechnicalDefinitionsAfterOptOut":null,"presetId":null,"presetVersion":null,"provider":null,"providerContactPhone":null,"providerContactEmail":null,"providerContactLink":null,"uniqueName":null,"providerPrivacyPolicyUrl":null,"providerLegalNoticeUrl":null,"codeOptIn":null,"codeOptOut":null,"codeOnPageLoad":null,"language_code":null,"shopengine_template__post_meta__type":null,"shopengine_template__post_meta":null,"shopengine_template__post_meta__edit_with":null,"origin":null,"_enabled":null,"_filters":null,"_layout":null,"_elementor_import_session_id":null,"_wp_trash_meta_status":null,"_wp_trash_meta_time":null,"_edit_lock":"1765206067:2","_elementor_floating_elements_type":null,"_elementor_edit_mode":null,"_elementor_template_type":null,"tc-thumb-fld":{"_thumb_id":5396,"_thumb_type":"thumb"},"_wp_page_template":"default","_elementor_version":null,"_elementor_pro_version":null,"_elementor_page_settings":null,"_elementor_data":null,"_elementor_conditions":null,"_elementor_popup_display_settings":null,"_edit_last":"1","_elementor_template_sub_type":null,"_elementor_controls_usage":null,"_elementor_screenshot":null,"_elementor_css":null,"_elementor_page_assets":[],"_elementor_element_cache":null,"_elementor_screenshot_failed":null,"_elementor_source":null,"_wp_old_date":null,"layout_key":"","post_slider_check_key":"0","_links":{"self":[{"href":"https:\/\/snoeck.de\/es\/wp-json\/wp\/v2\/product\/5379","targetHints":{"allow":["GET"]}}],"collection":[{"href":"https:\/\/snoeck.de\/es\/wp-json\/wp\/v2\/product"}],"about":[{"href":"https:\/\/snoeck.de\/es\/wp-json\/wp\/v2\/types\/product"}],"wp:featuredmedia":[{"embeddable":true,"href":"https:\/\/snoeck.de\/es\/wp-json\/wp\/v2\/media\/5396"}],"wp:attachment":[{"href":"https:\/\/snoeck.de\/es\/wp-json\/wp\/v2\/media?parent=5379"}],"wp:term":[{"taxonomy":"product_brand","embeddable":true,"href":"https:\/\/snoeck.de\/es\/wp-json\/wp\/v2\/product_brand?post=5379"},{"taxonomy":"product_cat","embeddable":true,"href":"https:\/\/snoeck.de\/es\/wp-json\/wp\/v2\/product_cat?post=5379"},{"taxonomy":"product_tag","embeddable":true,"href":"https:\/\/snoeck.de\/es\/wp-json\/wp\/v2\/product_tag?post=5379"}],"curies":[{"name":"wp","href":"https:\/\/api.w.org\/{rel}","templated":true}]}}